{"id":571,"date":"2024-07-18T15:56:32","date_gmt":"2024-07-18T07:56:32","guid":{"rendered":"https:\/\/ruiqigo.com\/?post_type=product&#038;p=571"},"modified":"2024-11-15T17:00:29","modified_gmt":"2024-11-15T09:00:29","slug":"marula-facial-oil","status":"publish","type":"product","link":"https:\/\/www.ruiqigo.com\/nb\/product\/marula-facial-oil","title":{"rendered":"Marula ansiktsolje"},"content":{"rendered":"<h2 class=\"wp-block-heading\">Vanlige formler for produksjon av Marula ansiktsolje<\/h2>\n\n\n\n<p>Burr&#039;s Hard Walnut Seed Oil er rik p\u00e5 antioksidanter og essensielle fettsyrer. Denne oljen gir huden dyp n\u00e6ring og forbedrer dens elastisitet og fuktighetsgivende evne. Jojobafr\u00f8olje: Jojobafr\u00f8olje er en utmerket fuktighetskrem som raskt trenger inn i huden for \u00e5 redusere t\u00f8rrhet og ruhet, samtidig som den regulerer hudens oljebalanse. Som en ledende produsent av Marula-ansiktsolje vet vi at entaerytritolester fungerer som en mild emulgator som bidrar til \u00e5 bevare fuktigheten og forbedre hudens barrierefunksjon.<\/p>\n\n\n\n<h2 class=\"wp-block-heading\">Marula ansiktsolje - aktuelle scenarier<\/h2>\n\n\n\n<p>Marula ansiktsolje passer til flere aspekter av hudpleierutinen din. Enten om morgenen etter rens eller om kvelden etter at du har fjernet sminke, gir den huden langvarig fuktighet. Den er ogs\u00e5 egnet for bruk i t\u00f8rre \u00e5rstider eller lange perioder i klimaanlegg for \u00e5 beskytte huden mot de negative effektene av det ytre milj\u00f8et.<\/p>\n\n\n\n<h2 class=\"wp-block-heading\">Hvem passer Marula ansiktsolje for<\/h2>\n\n\n\n<p>Denne ansiktsoljen passer for alle hudtyper, spesielt t\u00f8rr, dehydrert eller sensitiv hud. Marula ansiktsolje er ideell for forbrukere som ser etter naturlige ingredienser og effektive fuktighetsgivende effekter. Den er spesielt egnet for de som trenger \u00e5 forbedre t\u00f8rr, ru eller moden hud.<\/p>\n\n\n\n<h2 class=\"wp-block-heading\">Produksjonsprosess for marula-ansiktsolje<\/h2>\n\n\n\n<p>I produksjonen av Marula ansiktsolje bruker vi avansert kaldpresseteknologi for \u00e5 utvinne Burr Hard Walnut Seed Oil og Jojoba Seed Oil for \u00e5 bevare deres naturlige n\u00e6ringsstoffer. Ved \u00e5 kontrollere emulgeringsprosessen og produksjonsbetingelsene n\u00f8yaktig, sikrer vi at ansiktsoljene er stabile og hudvennlige. I tillegg bruker vi aseptisk fyllingsteknologi for \u00e5 sikre renheten og sikkerheten til produktene v\u00e5re. Som en profesjonell produsent av Marula ansiktsolje f\u00f8lger hele produksjonsprosessen strenge kvalitetskontrollstandarder for \u00e5 sikre at hver flaske ansiktsolje gir b\u00e5de effektiv fuktighet og sk\u00e5nsom pleie.<\/p>","protected":false},"excerpt":{"rendered":"Marula facial oil manufacturing common formulas Burr&#8217;s Hard Walnut Seed Oil is rich in antioxidants and essential fatty acids, this oil deeply nourishes the skin and improves its elasticity and moisturizing ability. Jojoba Seed Oil: An excellent moisturizer, Jojoba Seed Oil quickly penetrates the skin to reduce dryness and roughness while regulating the skin&#8217;s oil [&hellip;]","protected":false},"featured_media":572,"menu_order":0,"template":"","meta":[],"product-tag":[],"products":[62],"class_list":["post-571","product","type-product","status-publish","has-post-thumbnail","hentry","products-facial-oil"],"acf":[],"_links":{"self":[{"href":"https:\/\/www.ruiqigo.com\/nb\/wp-json\/wp\/v2\/product\/571","targetHints":{"allow":["GET"]}}],"collection":[{"href":"https:\/\/www.ruiqigo.com\/nb\/wp-json\/wp\/v2\/product"}],"about":[{"href":"https:\/\/www.ruiqigo.com\/nb\/wp-json\/wp\/v2\/types\/product"}],"version-history":[{"count":0,"href":"https:\/\/www.ruiqigo.com\/nb\/wp-json\/wp\/v2\/product\/571\/revisions"}],"wp:featuredmedia":[{"embeddable":true,"href":"https:\/\/www.ruiqigo.com\/nb\/wp-json\/wp\/v2\/media\/572"}],"wp:attachment":[{"href":"https:\/\/www.ruiqigo.com\/nb\/wp-json\/wp\/v2\/media?parent=571"}],"wp:term":[{"taxonomy":"product-tag","embeddable":true,"href":"https:\/\/www.ruiqigo.com\/nb\/wp-json\/wp\/v2\/product-tag?post=571"},{"taxonomy":"products","embeddable":true,"href":"https:\/\/www.ruiqigo.com\/nb\/wp-json\/wp\/v2\/products?post=571"}],"curies":[{"name":"wp","href":"https:\/\/api.w.org\/{rel}","templated":true}]}}