{"id":576,"date":"2024-07-18T16:27:29","date_gmt":"2024-07-18T08:27:29","guid":{"rendered":"https:\/\/ruiqigo.com\/?post_type=product&#038;p=576"},"modified":"2024-11-15T16:59:41","modified_gmt":"2024-11-15T08:59:41","slug":"coconut-facial-oil","status":"publish","type":"product","link":"https:\/\/www.ruiqigo.com\/nb\/product\/coconut-facial-oil","title":{"rendered":"Kokos ansiktsolje"},"content":{"rendered":"<h2 class=\"wp-block-heading\">Vanlige formler for produksjon av kokosn\u00f8ttolje for ansiktet<\/h2>\n\n\n\n<p>Kokosolje, utvunnet fra den tropiske kokosfrukten, er rik p\u00e5 en rekke vitaminer og mineraler, har en god fuktighetsgivende og gjenopprettende effekt, kan gi huden dyp n\u00e6ring og forbedre hudens barrierefunksjon. Jojobafr\u00f8olje, utvunnet fra jojobaplanten, har en molekyl\u00e6r struktur som ligner p\u00e5 menneskelig talg, absorberes lett av huden og regulerer hudens vann-olje-balanse effektivt for \u00e5 lindre t\u00f8rrhet og ruhet. Som en ledende produsent av kokosn\u00f8ttolje for ansiktet har pentaerytritoltetramer, en naturlig olje av h\u00f8y kvalitet, gode fuktighetsgivende egenskaper, kan holde p\u00e5 hudens fuktighet og forhindre vanntap.<\/p>\n\n\n\n<h2 class=\"wp-block-heading\">Anvendbare scenarier for kokosn\u00f8ttolje til ansiktet<\/h2>\n\n\n\n<p>Kokosolje for ansiktet passer til en rekke ulike form\u00e5l, som daglig hudpleie og spesialpleie. P\u00e5f\u00f8r kokosolje for ansiktet om morgenen etter at du har v\u00e5knet for \u00e5 gi huden energi og en god start p\u00e5 dagen. Bruk den om kvelden f\u00f8r du legger deg for \u00e5 hjelpe huden med \u00e5 reparere skadede celler og forbedre hudens selvhelbredende evne. I tillegg gir kokosolje ekstra n\u00e6ring til huden i den t\u00f8rre og kalde \u00e5rstiden, og forhindrer t\u00f8rrhet og sprukkenhet.<\/p>\n\n\n\n<h2 class=\"wp-block-heading\">Hvem er kokosolje for ansiktet egnet for<\/h2>\n\n\n\n<p>Kokosolje for ansiktet passer for alle hudtyper, spesielt t\u00f8rr, dehydrert og sensitiv hud. Kokosolje for ansiktet er et ideelt hudpleievalg for forbrukere som \u00f8nsker naturlig hudpleie og hudpleie. Den er trygg \u00e5 bruke av gravide og ammende kvinner og barn.<\/p>\n\n\n\n<h2 class=\"wp-block-heading\">Produksjonsprosess for kokosolje til ansiktet<\/h2>\n\n\n\n<p>For \u00e5 sikre kvaliteten p\u00e5 kokosolje for ansiktet bruker vi en unik kaldpresseprosess som maksimerer retensjonen av de aktive ingrediensene i kokosolje, jojobafr\u00f8olje og tetrapentaerytritol. Under produksjonsprosessen f\u00f8lger vi strengt standardene for aseptisk og ikke-forurensende drift for \u00e5 sikre sikkerheten og effektiviteten til produktene v\u00e5re. I tillegg, som en profesjonell produsent av kokosolje for ansiktet, bruker vi avansert molekyl\u00e6r destillasjonsteknologi for \u00e5 fjerne urenheter, noe som gj\u00f8r produktet renere og lettere for huden \u00e5 absorbere. Gjennom en rekke delikate produksjonsprosesser gir vi deg denne naturlige, sk\u00e5nsomme og effektive kokosoljen for ansiktet.<\/p>","protected":false},"excerpt":{"rendered":"Coconut facial oil manufacturing common formulas Coconut oil, derived from the tropical coconut fruit, is rich in a variety of vitamins and minerals, has a good moisturizing and restorative effect, can deeply nourish the skin, enhance the skin barrier function. Jojoba seed oil, extracted from the jojoba plant, its molecular structure is similar to human [&hellip;]","protected":false},"featured_media":577,"menu_order":0,"template":"","meta":[],"product-tag":[],"products":[62],"class_list":["post-576","product","type-product","status-publish","has-post-thumbnail","hentry","products-facial-oil"],"acf":[],"_links":{"self":[{"href":"https:\/\/www.ruiqigo.com\/nb\/wp-json\/wp\/v2\/product\/576","targetHints":{"allow":["GET"]}}],"collection":[{"href":"https:\/\/www.ruiqigo.com\/nb\/wp-json\/wp\/v2\/product"}],"about":[{"href":"https:\/\/www.ruiqigo.com\/nb\/wp-json\/wp\/v2\/types\/product"}],"version-history":[{"count":0,"href":"https:\/\/www.ruiqigo.com\/nb\/wp-json\/wp\/v2\/product\/576\/revisions"}],"wp:featuredmedia":[{"embeddable":true,"href":"https:\/\/www.ruiqigo.com\/nb\/wp-json\/wp\/v2\/media\/577"}],"wp:attachment":[{"href":"https:\/\/www.ruiqigo.com\/nb\/wp-json\/wp\/v2\/media?parent=576"}],"wp:term":[{"taxonomy":"product-tag","embeddable":true,"href":"https:\/\/www.ruiqigo.com\/nb\/wp-json\/wp\/v2\/product-tag?post=576"},{"taxonomy":"products","embeddable":true,"href":"https:\/\/www.ruiqigo.com\/nb\/wp-json\/wp\/v2\/products?post=576"}],"curies":[{"name":"wp","href":"https:\/\/api.w.org\/{rel}","templated":true}]}}