{"id":581,"date":"2024-07-19T09:37:08","date_gmt":"2024-07-19T01:37:08","guid":{"rendered":"https:\/\/ruiqigo.com\/?post_type=product&#038;p=581"},"modified":"2024-11-15T16:59:03","modified_gmt":"2024-11-15T08:59:03","slug":"vitamin-e-facial-oil","status":"publish","type":"product","link":"https:\/\/www.ruiqigo.com\/nb\/product\/vitamin-e-facial-oil","title":{"rendered":"Vitamin E ansiktsolje"},"content":{"rendered":"<h2 class=\"wp-block-heading\">Vanlige formler for produksjon av vitamin E-ansiktsolje<\/h2>\n\n\n\n<p>Vitamin E, kjent som \u00abanti-aldringsvitaminet\u00bb, er en kraftig antioksidant som n\u00f8ytraliserer frie radikaler, beskytter huden mot milj\u00f8p\u00e5virkninger og bremser aldringsprosessen. Vitamin E fremmer ogs\u00e5 blodsirkulasjonen og forbedrer hudens evne til \u00e5 reparere seg selv. Som en ledende produsent av vitamin E-ansiktsolje vet vi at jojobafr\u00f8olje, en naturlig planteolje fra jojobaplanten, har en molekyl\u00e6r struktur som ligner p\u00e5 menneskelig talg, som lett absorberes av huden og kan gi huden n\u00e6ring i dybden, opprettholde hudens vann-oljebalanse og redusere t\u00f8rrhet og fine linjer.<\/p>\n\n\n\n<h2 class=\"wp-block-heading\">Anvendbare scenarier for ansiktsolje med vitamin E<\/h2>\n\n\n\n<p>Vitamin E-ansiktsolje passer for en rekke hudpleiescenarioer, enten det er til daglig pleie eller spesielle behandlinger. Bruk den om morgenen for \u00e5 gi huden den n\u00e6ringen og beskyttelsen den trenger gjennom dagen; bruk den om kvelden for \u00e5 hjelpe huden med \u00e5 reparere seg selv om natten og forbedre dens regenerative kapasitet. I den t\u00f8rre \u00e5rstiden eller i rom med klimaanlegg lindrer vitamin E-ansiktsolje effektivt t\u00f8rr hud og holder den fuktet.<\/p>\n\n\n\n<h2 class=\"wp-block-heading\">Hvem er vitamin E-ansiktsolje egnet for<\/h2>\n\n\n\n<p>Vitamin E-ansiktsolje passer for alle hudtyper, spesielt for moden hud, t\u00f8rr hud og forbrukere som trenger antialdringspleie. For folk som ofte er oppe sent, lever et stressende liv og har d\u00e5rlige hudtilstander, kan vitamin E-ansiktsolje gi n\u00f8dvendig n\u00e6ring og reparasjon for \u00e5 forbedre hudtilstanden.<\/p>\n\n\n\n<h2 class=\"wp-block-heading\">Produksjonsprosess for ansiktsolje med vitamin E<\/h2>\n\n\n\n<p>Som en ledende produsent av vitamin E-ansiktsolje bruker vi en unik lavtemperatur-kaldpresseteknologi for \u00e5 sikre produktkvaliteten til vitamin E-ansiktsoljen. Dette maksimerer retensjonen av de aktive ingrediensene i vitamin E og jojobafr\u00f8olje under produksjonsprosessen. Under produksjonsprosessen kontrollerer vi temperatur og trykk strengt for \u00e5 unng\u00e5 at h\u00f8y temperatur \u00f8delegger de aktive ingrediensene. Samtidig f\u00f8lger vi aseptiske produksjonsstandarder for \u00e5 sikre renheten og sikkerheten til produktene v\u00e5re.<\/p>\n\n\n\n<p><\/p>","protected":false},"excerpt":{"rendered":"Vitamin E facial oil manufacturing common formulas Vitamin E, known as the \u201canti-aging vitamin\u201d, is a powerful antioxidant that neutralizes free radicals, protects the skin from environmental aggressions and slows down the aging process. Vitamin E also promotes blood circulation and enhances the skin&#8217;s ability to repair itself. As a leading Vitamin E facial oil [&hellip;]","protected":false},"featured_media":583,"menu_order":0,"template":"","meta":[],"product-tag":[],"products":[62],"class_list":["post-581","product","type-product","status-publish","has-post-thumbnail","hentry","products-facial-oil"],"acf":[],"_links":{"self":[{"href":"https:\/\/www.ruiqigo.com\/nb\/wp-json\/wp\/v2\/product\/581","targetHints":{"allow":["GET"]}}],"collection":[{"href":"https:\/\/www.ruiqigo.com\/nb\/wp-json\/wp\/v2\/product"}],"about":[{"href":"https:\/\/www.ruiqigo.com\/nb\/wp-json\/wp\/v2\/types\/product"}],"version-history":[{"count":0,"href":"https:\/\/www.ruiqigo.com\/nb\/wp-json\/wp\/v2\/product\/581\/revisions"}],"wp:featuredmedia":[{"embeddable":true,"href":"https:\/\/www.ruiqigo.com\/nb\/wp-json\/wp\/v2\/media\/583"}],"wp:attachment":[{"href":"https:\/\/www.ruiqigo.com\/nb\/wp-json\/wp\/v2\/media?parent=581"}],"wp:term":[{"taxonomy":"product-tag","embeddable":true,"href":"https:\/\/www.ruiqigo.com\/nb\/wp-json\/wp\/v2\/product-tag?post=581"},{"taxonomy":"products","embeddable":true,"href":"https:\/\/www.ruiqigo.com\/nb\/wp-json\/wp\/v2\/products?post=581"}],"curies":[{"name":"wp","href":"https:\/\/api.w.org\/{rel}","templated":true}]}}