{"id":591,"date":"2024-07-23T17:48:12","date_gmt":"2024-07-23T09:48:12","guid":{"rendered":"https:\/\/ruiqigo.com\/?post_type=product&#038;p=591"},"modified":"2024-10-31T17:03:51","modified_gmt":"2024-10-31T09:03:51","slug":"hydroxyapatite-toothpaste","status":"publish","type":"product","link":"https:\/\/www.ruiqigo.com\/nb\/product\/hydroxyapatite-toothpaste","title":{"rendered":"Hydroksyapatitt tannkrem"},"content":{"rendered":"<h2 class=\"wp-block-heading\">Vanlige formler for produksjon av hydroksyapatitt-tannkrem<\/h2>\n\n\n\n<p><strong>Hydroksyapatitt<\/strong>, kjerneingrediensen i hydroksyapatitt-tannkrem, er et biologisk aktivt mineral som effektivt kan forbedre hardheten til tannemaljen og forbedre tennenes motstand mot syre- og alkalikorrosjon. Som en ledende produsent av hydroksyapatitt-tannkrem forst\u00e5r vi betydningen av denne ingrediensen for \u00e5 fremme munnhelse. Hydroksyapatitt styrker ikke bare emaljen, men har ogs\u00e5 utmerkede adsorpsjonsegenskaper, slik at den kan trenge dypt inn i tannhullene for \u00e5 fjerne plakk og forhindre periodontale sykdommer.<\/p>\n\n\n\n<p>Kombinert med hydrert silika danner hydroksyapatitt et delikat skum som sk\u00e5nsomt renser tennene samtidig som det pleier b\u00e5de tennene og det sensitive bl\u00f8tvevet i munnhulen. Formuleringene v\u00e5re sikrer optimal effektivitet ved \u00e5 bruke hydroksyapatitt av h\u00f8y kvalitet, noe som gj\u00f8r at produktene v\u00e5re skiller seg ut p\u00e5 markedet.<\/p>\n\n\n\n<p>Som en p\u00e5litelig produsent av hydroksyapatitt-tannkrem er vi forpliktet til \u00e5 utvikle innovative og effektive formler som fremmer tannhelse og hygiene. Enten det er til daglig bruk eller for spesifikke tannproblemer, gir v\u00e5re hydroksyapatitt-tannkremprodukter eksepsjonelle rensende og beskyttende egenskaper.<\/p>\n\n\n\n<p><\/p>\n\n\n\n<h2 class=\"wp-block-heading\">Gjeldende scenarier for hydroksyapatitt-tannkrem<\/h2>\n\n\n\n<p>Hydroksyapatitt-tannkrem er egnet for daglig munnpleie, og kan effektivt forhindre tannslitasje, bl\u00f8dende tannkj\u00f8tt, periodontitt og andre munnproblemer. <\/p>\n\n\n\n<p>Etter \u00e5 ha v\u00e5knet om morgenen, etter m\u00e5ltider, f\u00f8r du legger deg, kan du bruke dette produktet til munnrens. <\/p>\n\n\n\n<p>Samtidig bruker produktet naturlig plantesmak, egnet for kontor, skole, familie og andre scener, slik at du kan holde pusten frisk og et selvsikkert smil n\u00e5r som helst og hvor som helst.<\/p>\n\n\n\n<p><\/p>\n\n\n\n<h2 class=\"wp-block-heading\">Hvem er hydroksyapatitt-tannkrem egnet for<\/h2>\n\n\n\n<p>Hydroksyapatitt-tannkrem er egnet for folk i alle aldre, spesielt f\u00f8lgende personkategorier: <\/p>\n\n\n\n<p>1. personer som er plaget av munnproblemer, som tannf\u00f8lsomhet, bl\u00f8dende tannkj\u00f8tt, vond lukt i munnen osv.; <\/p>\n\n\n\n<p>2. r\u00f8ykere, kaffeelskere, behovet for \u00e5 ta ekstra godt vare p\u00e5 mengdens tenner; <\/p>\n\n\n\n<p>3. barn og ungdom, forebygging av tannr\u00e5te, og fra barndommen av \u00e5 danne gode tannvaner; <\/p>\n\n\n\n<p>4. Folk som elsker skj\u00f8nnheten i jakten p\u00e5 helse, frisk pust, viser et selvsikkert smil.<\/p>\n\n\n\n<p><\/p>\n\n\n\n<h2 class=\"wp-block-heading\">Produksjonsprosess for hydroksyapatitt-tannkrem<\/h2>\n\n\n\n<p>For \u00e5 sikre kvaliteten p\u00e5 hydroksyapatitt-tannkrem, bruker vi f\u00f8lgende spesielle produksjonsprosess: <\/p>\n\n\n\n<p>1. streng screening av r\u00e5varer for \u00e5 sikre h\u00f8y renhet og aktivitet av hydroksyapatitt; <\/p>\n\n\n\n<p>2. presis proporsjonering, slik at de aktive ingrediensene spiller rollene sine fullt ut; <\/p>\n\n\n\n<p>3. h\u00f8yhastighetsblanding, slik at hydroksyapatitt og hydrert silika smelter sammen for \u00e5 forbedre rengj\u00f8ringseffekten; <\/p>\n\n\n\n<p>4. aseptisk fylling, for \u00e5 sikre at produktet er trygt og hygienisk; <\/p>\n\n\n\n<p>Hele kvalitetskontrollprosessen sikrer at hver tannkrem oppfyller den nasjonale standarden.<\/p>","protected":false},"excerpt":{"rendered":"Hydroxyapatite Toothpaste Manufacturing Common Formulas Hydroxyapatite, the core ingredient of Hydroxyapatite Toothpaste, is a biologically active mineral that can effectively enhance the hardness of tooth enamel and improve the resistance of teeth to acid and alkali corrosion. As a leading Hydroxyapatite Toothpaste manufacturer, we understand the significance of this ingredient in promoting oral health. Hydroxyapatite [&hellip;]","protected":false},"featured_media":596,"menu_order":0,"template":"","meta":[],"product-tag":[],"products":[71],"class_list":["post-591","product","type-product","status-publish","has-post-thumbnail","hentry","products-toothpaste"],"acf":[],"_links":{"self":[{"href":"https:\/\/www.ruiqigo.com\/nb\/wp-json\/wp\/v2\/product\/591","targetHints":{"allow":["GET"]}}],"collection":[{"href":"https:\/\/www.ruiqigo.com\/nb\/wp-json\/wp\/v2\/product"}],"about":[{"href":"https:\/\/www.ruiqigo.com\/nb\/wp-json\/wp\/v2\/types\/product"}],"version-history":[{"count":0,"href":"https:\/\/www.ruiqigo.com\/nb\/wp-json\/wp\/v2\/product\/591\/revisions"}],"wp:featuredmedia":[{"embeddable":true,"href":"https:\/\/www.ruiqigo.com\/nb\/wp-json\/wp\/v2\/media\/596"}],"wp:attachment":[{"href":"https:\/\/www.ruiqigo.com\/nb\/wp-json\/wp\/v2\/media?parent=591"}],"wp:term":[{"taxonomy":"product-tag","embeddable":true,"href":"https:\/\/www.ruiqigo.com\/nb\/wp-json\/wp\/v2\/product-tag?post=591"},{"taxonomy":"products","embeddable":true,"href":"https:\/\/www.ruiqigo.com\/nb\/wp-json\/wp\/v2\/products?post=591"}],"curies":[{"name":"wp","href":"https:\/\/api.w.org\/{rel}","templated":true}]}}