{"id":593,"date":"2024-07-25T20:39:10","date_gmt":"2024-07-25T12:39:10","guid":{"rendered":"https:\/\/ruiqigo.com\/?post_type=product&#038;p=593"},"modified":"2024-11-01T14:19:50","modified_gmt":"2024-11-01T06:19:50","slug":"peppermint-breath-spray","status":"publish","type":"product","link":"https:\/\/www.ruiqigo.com\/nb\/product\/peppermint-breath-spray","title":{"rendered":"Peppermynte pustespray"},"content":{"rendered":"<h2 class=\"wp-block-heading\">Vanlige formler for produksjon av peppermyntepustespray<\/h2>\n\n\n\n<p>Kjerneingrediensene i Peppermint Breath Spray, PEG-40 hydrogenert ricinusolje og peppermynteolje, har en unik og forfriskende aroma. Disse ingrediensene kan effektivt hemme bakterieveksten i munnen og forebygge sykdommer i munnen. PEG-40 hydrogenert ricinusolje har en mild sm\u00f8rende effekt, som kan bidra til \u00e5 redusere matrester i munnen, og peppermynteolje har en sterk antibakteriell effekt, som bidrar til \u00e5 forbedre munnmilj\u00f8et.<\/p>\n\n\n\n<h2 class=\"wp-block-heading\">Gjeldende scenarier for peppermyntepustespray<\/h2>\n\n\n\n<p>Peppermyntepustespray er egnet for en rekke ulike situasjoner, spesielt for f\u00f8lgende anledninger: <\/p>\n\n\n\n<p>1. Bruk etter m\u00e5ltider, rengj\u00f8r effektivt matrester for \u00e5 opprettholde frisk pust; <\/p>\n\n\n\n<p>2. etter \u00e5 ha v\u00e6rt oppe hele natten, r\u00f8yking, for \u00e5 redusere lukten i munnen, for \u00e5 ta vare p\u00e5 tennenes helse; <\/p>\n\n\n\n<p>3. spesielle anledninger, som bryllup, intervjuer osv., for \u00e5 holde pusten frisk; <\/p>\n\n\n\n<p>4. etter behandling av munnsykdommer, for \u00e5 hjelpe til med \u00e5 rense munnhulen.<\/p>\n\n\n\n<h2 class=\"wp-block-heading\">Hvem er peppermynte \u00e5ndespray egnet for<\/h2>\n\n\n\n<p>Peppermyntepustespray passer for et bredt spekter av mennesker, spesielt anbefalt for f\u00f8lgende forbrukere: <\/p>\n\n\n\n<p>1. personer som plages av lukt i munnen, som r\u00f8ykere og folk som ofte er oppe sent p\u00e5 kvelden; <\/p>\n\n\n\n<p>2. personer som har sensitive tenner og trenger en sk\u00e5nsom rengj\u00f8ring; <\/p>\n\n\n\n<p>3. diabetespasienter som har h\u00f8y risiko for periodontal sykdom og trenger \u00e5 v\u00e6re spesielt oppmerksomme p\u00e5 munnhygiene; <\/p>\n\n\n\n<p>4. Forbrukere som liker \u00e5 pr\u00f8ve nye munnpleieprodukter kan nyte fordelene med Peppermint Breath Spray. Peppermint Breath Spray gir munnhelse.<\/p>\n\n\n\n<h2 class=\"wp-block-heading\">Produksjonsprosess for peppermyntepustespray<\/h2>\n\n\n\n<p>Som en profesjonell produsent av peppermynte-\u00e5ndespray, bruker vi f\u00f8lgende spesielle produksjonsprosess: <\/p>\n\n\n\n<p>1. R\u00e5materialene til PEG-40 hydrogenert ricinusolje og peppermynteolje skal unders\u00f8kes n\u00f8ye for \u00e5 sikre renhet og kvalitet; <\/p>\n\n\n\n<p>2. Kontroller mengden tilsatte r\u00e5varer n\u00f8yaktig for \u00e5 sikre at produktet er trygt og effektivt; <\/p>\n\n\n\n<p>3. Ta i bruk lavtemperaturblandingsteknologi for \u00e5 frigj\u00f8re r\u00e5materialenes aktivitet fullt ut; <\/p>\n\n\n\n<p>4. Aseptisk fylling for \u00e5 sikre at produktet er trygt og hygienisk; <\/p>\n\n\n\n<p>5. Full kvalitetskontroll for \u00e5 sikre at hver flaske med peppermyntepustespray oppfyller nasjonale standarder. <\/p>\n\n\n\n<p>Gjennom prosessen ovenfor, som en ledende produsent av peppermynte-\u00e5ndespray, kan vi tilby deg et produkt av h\u00f8y kvalitet og p\u00e5litelig munnpleie.<\/p>\n\n\n\n<p><\/p>","protected":false},"excerpt":{"rendered":"Peppermint breath spray manufacturing common formulas Peppermint Breath Spray&#8217;s core ingredients, PEG-40 Hydrogenated Castor Oil and Peppermint Oil, have a unique and refreshing aroma. These ingredients can effectively inhibit the growth of bacteria in the mouth and prevent oral diseases. PEG-40 Hydrogenated Castor Oil has a mild lubricating effect, which can help to reduce food [&hellip;]","protected":false},"featured_media":709,"menu_order":0,"template":"","meta":[],"product-tag":[],"products":[73],"class_list":["post-593","product","type-product","status-publish","has-post-thumbnail","hentry","products-breath-spray"],"acf":[],"_links":{"self":[{"href":"https:\/\/www.ruiqigo.com\/nb\/wp-json\/wp\/v2\/product\/593","targetHints":{"allow":["GET"]}}],"collection":[{"href":"https:\/\/www.ruiqigo.com\/nb\/wp-json\/wp\/v2\/product"}],"about":[{"href":"https:\/\/www.ruiqigo.com\/nb\/wp-json\/wp\/v2\/types\/product"}],"version-history":[{"count":0,"href":"https:\/\/www.ruiqigo.com\/nb\/wp-json\/wp\/v2\/product\/593\/revisions"}],"wp:featuredmedia":[{"embeddable":true,"href":"https:\/\/www.ruiqigo.com\/nb\/wp-json\/wp\/v2\/media\/709"}],"wp:attachment":[{"href":"https:\/\/www.ruiqigo.com\/nb\/wp-json\/wp\/v2\/media?parent=593"}],"wp:term":[{"taxonomy":"product-tag","embeddable":true,"href":"https:\/\/www.ruiqigo.com\/nb\/wp-json\/wp\/v2\/product-tag?post=593"},{"taxonomy":"products","embeddable":true,"href":"https:\/\/www.ruiqigo.com\/nb\/wp-json\/wp\/v2\/products?post=593"}],"curies":[{"name":"wp","href":"https:\/\/api.w.org\/{rel}","templated":true}]}}