{"id":594,"date":"2024-07-24T16:45:46","date_gmt":"2024-07-24T08:45:46","guid":{"rendered":"https:\/\/ruiqigo.com\/?post_type=product&#038;p=594"},"modified":"2024-11-01T10:33:46","modified_gmt":"2024-11-01T02:33:46","slug":"xylitol-toothpaste","status":"publish","type":"product","link":"https:\/\/www.ruiqigo.com\/nb\/product\/xylitol-toothpaste","title":{"rendered":"Xylitol-tannkrem"},"content":{"rendered":"<h2 class=\"wp-block-heading\">Vanlige formler for produksjon av xylitol-tannkrem<\/h2>\n\n\n\n<p>Xylitol, kjerneingrediensen i Xylitol-tannkrem, er et naturlig s\u00f8tningsmiddel med hullhemmende egenskaper. Xylitol kan hemme veksten av kariesfremkallende bakterier i munnhulen og redusere dannelsen av plakk, og dermed redusere forekomsten av tannr\u00e5te. Samtidig kan xylitol ogs\u00e5 gi en frisk smak, forbedre munnmilj\u00f8et og ta vare p\u00e5 tannhelsen.<\/p>\n\n\n\n<h2 class=\"wp-block-heading\">Gjeldende scenarier for xylitol-tannkrem<\/h2>\n\n\n\n<p>Xylitol-tannkrem er egnet for daglig munnpleie, spesielt i f\u00f8lgende tilfeller: etter \u00e5 ha v\u00e5knet om morgenen, bidrar den til \u00e5 fjerne lukt i munnen og gjenopprette frisk pust; etter m\u00e5ltider renser den effektivt matrester og beskytter tennene; f\u00f8r du legger deg, gir den full beskyttelse for tennene om natten og forhindrer hull i tennene om natten.<\/p>\n\n\n\n<h2 class=\"wp-block-heading\">Hvem er Xylitol-tannkrem egnet for<\/h2>\n\n\n\n<p>Xylitol-tannkrem passer for et bredt spekter av mennesker, spesielt anbefalt for f\u00f8lgende forbrukere: <\/p>\n\n\n\n<p>1. barn, ungdom og voksne, for \u00e5 forebygge tannr\u00e5te og opprettholde munnhelsen; <\/p>\n\n\n\n<p>2. Diabetespasienter m\u00e5, p\u00e5 grunn av h\u00f8y risiko for periodontal sykdom, v\u00e6re spesielt oppmerksomme p\u00e5 munnhelsetjenesten; <\/p>\n\n\n\n<p>3. sensitivitet i munnen, m\u00e5 rengj\u00f8res forsiktig; <\/p>\n\n\n\n<p>4. Som forbrukere av s\u00f8t tannkrem, kan xylitol-tannkrem ikke bare tilfredsstille smaken, men ogs\u00e5 beskytte tennene.<\/p>\n\n\n\n<h2 class=\"wp-block-heading\">Produksjonsprosess for xylitol-tannkrem<\/h2>\n\n\n\n<p>Som en p\u00e5litelig produsent av Xylitol-tannkrem, bruker vi f\u00f8lgende spesielle produksjonsprosess: <\/p>\n\n\n\n<p>1. Streng screening av xylitolr\u00e5varer for \u00e5 sikre renhet og kvalitet; <\/p>\n\n\n\n<p>2. presis kontroll av mengden tilsatt xylitol for \u00e5 sikre at produktet er trygt og effektivt; <\/p>\n\n\n\n<p>3. bruk av lavtemperaturmalingsteknologi for \u00e5 frigj\u00f8re xylitols aktivitet fullt ut; <\/p>\n\n\n\n<p>4. aseptisk fylling for \u00e5 sikre at produktet er trygt og hygienisk; <\/p>\n\n\n\n<p>5. Som en p\u00e5litelig produsent av Xylitol-tannkrem, gjennomg\u00e5r vi hele kvalitetskontrollprosessen for \u00e5 sikre at hver tannkrem oppfyller nasjonale standarder.<\/p>","protected":false},"excerpt":{"rendered":"Xylitol toothpaste manufacturing common formulas Xylitol, the core ingredient of Xylitol toothpaste, is a natural sweetener with anti-cavity properties. Xylitol can inhibit the growth of caries-causing bacteria in the oral cavity and reduce the formation of plaque, thus reducing the incidence of tooth decay. At the same time, xylitol can also provide a fresh taste, [&hellip;]","protected":false},"featured_media":616,"menu_order":0,"template":"","meta":[],"product-tag":[],"products":[71],"class_list":["post-594","product","type-product","status-publish","has-post-thumbnail","hentry","products-toothpaste"],"acf":[],"_links":{"self":[{"href":"https:\/\/www.ruiqigo.com\/nb\/wp-json\/wp\/v2\/product\/594","targetHints":{"allow":["GET"]}}],"collection":[{"href":"https:\/\/www.ruiqigo.com\/nb\/wp-json\/wp\/v2\/product"}],"about":[{"href":"https:\/\/www.ruiqigo.com\/nb\/wp-json\/wp\/v2\/types\/product"}],"version-history":[{"count":0,"href":"https:\/\/www.ruiqigo.com\/nb\/wp-json\/wp\/v2\/product\/594\/revisions"}],"wp:featuredmedia":[{"embeddable":true,"href":"https:\/\/www.ruiqigo.com\/nb\/wp-json\/wp\/v2\/media\/616"}],"wp:attachment":[{"href":"https:\/\/www.ruiqigo.com\/nb\/wp-json\/wp\/v2\/media?parent=594"}],"wp:term":[{"taxonomy":"product-tag","embeddable":true,"href":"https:\/\/www.ruiqigo.com\/nb\/wp-json\/wp\/v2\/product-tag?post=594"},{"taxonomy":"products","embeddable":true,"href":"https:\/\/www.ruiqigo.com\/nb\/wp-json\/wp\/v2\/products?post=594"}],"curies":[{"name":"wp","href":"https:\/\/api.w.org\/{rel}","templated":true}]}}