{"id":595,"date":"2024-07-24T16:23:41","date_gmt":"2024-07-24T08:23:41","guid":{"rendered":"https:\/\/ruiqigo.com\/?post_type=product&#038;p=595"},"modified":"2024-11-01T10:38:32","modified_gmt":"2024-11-01T02:38:32","slug":"fluoride-free-toothpaste","status":"publish","type":"product","link":"https:\/\/www.ruiqigo.com\/nb\/product\/fluoride-free-toothpaste","title":{"rendered":"Fluorfri tannkrem"},"content":{"rendered":"<h2 class=\"wp-block-heading\">Vanlige formler for produksjon av fluorfri tannkrem<\/h2>\n\n\n\n<p>Kalsiumfosfat, kjerneingrediensen i fluorfri tannkrem, har en god rengj\u00f8ringseffekt, kan effektivt fjerne plakk og forhindre tannstein. Glyserin har en fuktighetsgivende funksjon, som kan danne en beskyttende film under tannpuss og redusere tannf\u00f8lsomhet. Produktet inneholder ikke fluor, noe som forhindrer allergier og tannfluorose som kan v\u00e6re for\u00e5rsaket av fluor, slik at forbrukerne kan nyte rengj\u00f8ringen uten \u00e5 bekymre seg for overdrevent fluorinntak.<\/p>\n\n\n\n<h2 class=\"wp-block-heading\">Fluorfri tannkrem \u2013 aktuelle scenarier<\/h2>\n\n\n\n<p>Fluorfri tannkrem er egnet for daglig munnhygiene og kan brukes om morgenen etter \u00e5 ha v\u00e5knet, etter m\u00e5ltider, f\u00f8r leggetid og andre tider. Produktet er mildt og ikke-irriterende, egnet for hjemmet, kontoret, skolen og andre situasjoner. Enten du er opptatt p\u00e5 jobb eller nyter fritiden, kan fluorfri tannkrem gi deg frisk pust og beskytte munnhelsen din.<\/p>\n\n\n\n<h2 class=\"wp-block-heading\">Hvem er fluorfri tannkrem egnet for<\/h2>\n\n\n\n<p>Fluorfri tannkrem er egnet for et bredt spekter av mennesker, spesielt f\u00f8lgende forbrukerkategorier: <\/p>\n\n\n\n<p>1. personer som er allergiske mot fluor; <\/p>\n\n\n\n<p>2. barn og ungdom, for \u00e5 unng\u00e5 overdrevent fluorinntak som p\u00e5virker vekst og utvikling; <\/p>\n\n\n\n<p>3. gravide kvinner, \u00e5 v\u00e6re oppmerksomme p\u00e5 munnhelsen under graviditet; <\/p>\n\n\n\n<p>4. milj\u00f8vernere, i jakten p\u00e5 fluorfrie og ufarlige munnpleieprodukter. Fluorfri tannkrem, slik at alle forbrukere kan nyte en sunn tannpleieopplevelse.<\/p>\n\n\n\n<h2 class=\"wp-block-heading\">Produksjonsprosess for fluorfri tannkrem<\/h2>\n\n\n\n<p>Som en profesjonell produsent av fluorfri tannkrem, bruker vi f\u00f8lgende spesielle produksjonsprosess: <\/p>\n\n\n\n<p>1. streng screening av r\u00e5varer for \u00e5 sikre renheten og kvaliteten p\u00e5 kalsiumfosfat og andre ingredienser; <\/p>\n\n\n\n<p>2. presis proporsjonering, slik at de aktive ingrediensene spiller sin rolle fullt ut for \u00e5 oppn\u00e5 best mulig rengj\u00f8ringseffekt; <\/p>\n\n\n\n<p>3. h\u00f8yhastighetsblanding, slik at r\u00e5materialene blandes fullstendig for \u00e5 forbedre tannkremens stabilitet; <\/p>\n\n\n\n<p>4. aseptisk fylling, for \u00e5 sikre at produktet er trygt og hygienisk; <\/p>\n\n\n\n<p>5. hele kvalitetskontrollprosessen for \u00e5 sikre at hver tannkrem oppfyller nasjonale standarder. Som en profesjonell produsent av fluorfri tannkrem oppfyller hver tannkrem de nasjonale standardene.<\/p>","protected":false},"excerpt":{"rendered":"Fluoride free Toothpaste manufacturing common formulas Calcium phosphate, the core ingredient of fluoride-free toothpaste, has a good cleaning effect, can effectively remove plaque and prevent tartar. Glycerin has a moisturizing function, which can form a protective film during brushing and reduce tooth sensitivity. The product does not contain fluorine, which avoids allergies and dental fluorosis [&hellip;]","protected":false},"featured_media":601,"menu_order":0,"template":"","meta":[],"product-tag":[],"products":[71],"class_list":["post-595","product","type-product","status-publish","has-post-thumbnail","hentry","products-toothpaste"],"acf":[],"_links":{"self":[{"href":"https:\/\/www.ruiqigo.com\/nb\/wp-json\/wp\/v2\/product\/595","targetHints":{"allow":["GET"]}}],"collection":[{"href":"https:\/\/www.ruiqigo.com\/nb\/wp-json\/wp\/v2\/product"}],"about":[{"href":"https:\/\/www.ruiqigo.com\/nb\/wp-json\/wp\/v2\/types\/product"}],"version-history":[{"count":0,"href":"https:\/\/www.ruiqigo.com\/nb\/wp-json\/wp\/v2\/product\/595\/revisions"}],"wp:featuredmedia":[{"embeddable":true,"href":"https:\/\/www.ruiqigo.com\/nb\/wp-json\/wp\/v2\/media\/601"}],"wp:attachment":[{"href":"https:\/\/www.ruiqigo.com\/nb\/wp-json\/wp\/v2\/media?parent=595"}],"wp:term":[{"taxonomy":"product-tag","embeddable":true,"href":"https:\/\/www.ruiqigo.com\/nb\/wp-json\/wp\/v2\/product-tag?post=595"},{"taxonomy":"products","embeddable":true,"href":"https:\/\/www.ruiqigo.com\/nb\/wp-json\/wp\/v2\/products?post=595"}],"curies":[{"name":"wp","href":"https:\/\/api.w.org\/{rel}","templated":true}]}}