{"id":606,"date":"2024-07-24T16:29:40","date_gmt":"2024-07-24T08:29:40","guid":{"rendered":"https:\/\/ruiqigo.com\/?post_type=product&#038;p=606"},"modified":"2024-11-01T10:36:30","modified_gmt":"2024-11-01T02:36:30","slug":"charcoal-toothpaste","status":"publish","type":"product","link":"https:\/\/www.ruiqigo.com\/nb\/product\/charcoal-toothpaste","title":{"rendered":"Trekull tannkrem"},"content":{"rendered":"<h2 class=\"wp-block-heading\">Vanlige formler for produksjon av kulltannkrem<\/h2>\n\n\n\n<p>Kjerneingrediensen i kulltannkrem er naturlig kull, hvis por\u00f8se struktur gir produktet utmerket adsorpsjonsevne, som effektivt kan absorbere pigmenter, urenheter og lukt i munnen. Polyetylenglykol-400 har en god sm\u00f8rende effekt, noe som gj\u00f8r tannkremen lettere \u00e5 sm\u00f8re ut ved tannpuss og forbedrer rengj\u00f8ringseffekten. Glyserin har en fuktighetsgivende funksjon og kan danne en beskyttende film under tannpuss for \u00e5 forhindre tannf\u00f8lsomhet og t\u00f8rrhet i munnen.<\/p>\n\n\n\n<h2 class=\"wp-block-heading\">Gjeldende scenarier for kulltannkrem<\/h2>\n\n\n\n<p>Kulltannkrem er egnet for daglig munnpleie, spesielt i f\u00f8lgende scenarier: etter \u00e5 ha v\u00e5knet om morgenen, hjelper den med \u00e5 fjerne lukt i munnen og gjenopprette frisk pust; etter m\u00e5ltider renser den effektivt matrester og beskytter tennene; etter \u00e5 ha v\u00e6rt oppe sent, r\u00f8ykt og drukket, forbedrer den raskt munnmilj\u00f8et og reduserer ubehag i munnen.<\/p>\n\n\n\n<h2 class=\"wp-block-heading\">Hvem er kulltannkrem egnet for<\/h2>\n\n\n\n<p>Kulltannkrem passer for et bredt spekter av mennesker, spesielt anbefalt for f\u00f8lgende forbrukere: <\/p>\n\n\n\n<p>1. personer som er plaget av d\u00e5rlig \u00e5nde, som r\u00f8ykere og folk som ofte er oppe sent; <\/p>\n\n\n\n<p>2. personer med pigmentflekker i tennene, som trenger dyp rengj\u00f8ring; <\/p>\n\n\n\n<p>3. barn og ten\u00e5ringer, for \u00e5 dyrke gode vaner for munnhygiene; <\/p>\n\n\n\n<p>4. milj\u00f8vernere, jakten p\u00e5 naturlige, ufarlige munnpleieprodukter.<\/p>\n\n\n\n<h2 class=\"wp-block-heading\">Produksjonsprosess for trekulltannkrem<\/h2>\n\n\n\n<p>Som en verdig produsent av kulltannkrem, bruker vi f\u00f8lgende spesielle produksjonsprosess: <\/p>\n\n\n\n<p>1. streng screening av naturlig trekull for \u00e5 sikre dets renhet og adsorpsjonsegenskaper; <\/p>\n\n\n\n<p>2. presis proporsjonering, slik at de aktive ingrediensene spiller sin rolle fullt ut for \u00e5 oppn\u00e5 best mulig rengj\u00f8ringseffekt; <\/p>\n\n\n\n<p>3. Lavtemperaturfreseteknologi for \u00e5 frigj\u00f8re trekullets adsorpsjonskapasitet fullt ut; <\/p>\n\n\n\n<p>4. aseptisk fylling, for \u00e5 sikre at produktet er trygt og hygienisk; <\/p>\n\n\n\n<p>5. Som en ledende produsent av kulltannkrem, gjennomg\u00e5r vi hele kvalitetskontrollprosessen for \u00e5 sikre at hver tannkrem oppfyller nasjonale standarder. Overholder nasjonale standarder.<\/p>","protected":false},"excerpt":{"rendered":"Charcoal toothpaste manufacturing common formulas The core ingredient of charcoal toothpaste is natural charcoal, whose porous structure gives the product excellent adsorption ability, which can effectively adsorb pigments, impurities and odors in the mouth. Polyethylene Glycol-400 has a good lubricating effect, which makes the toothpaste easier to spread when brushing and enhances the cleaning effect. [&hellip;]","protected":false},"featured_media":607,"menu_order":0,"template":"","meta":[],"product-tag":[],"products":[71],"class_list":["post-606","product","type-product","status-publish","has-post-thumbnail","hentry","products-toothpaste"],"acf":[],"_links":{"self":[{"href":"https:\/\/www.ruiqigo.com\/nb\/wp-json\/wp\/v2\/product\/606","targetHints":{"allow":["GET"]}}],"collection":[{"href":"https:\/\/www.ruiqigo.com\/nb\/wp-json\/wp\/v2\/product"}],"about":[{"href":"https:\/\/www.ruiqigo.com\/nb\/wp-json\/wp\/v2\/types\/product"}],"version-history":[{"count":0,"href":"https:\/\/www.ruiqigo.com\/nb\/wp-json\/wp\/v2\/product\/606\/revisions"}],"wp:featuredmedia":[{"embeddable":true,"href":"https:\/\/www.ruiqigo.com\/nb\/wp-json\/wp\/v2\/media\/607"}],"wp:attachment":[{"href":"https:\/\/www.ruiqigo.com\/nb\/wp-json\/wp\/v2\/media?parent=606"}],"wp:term":[{"taxonomy":"product-tag","embeddable":true,"href":"https:\/\/www.ruiqigo.com\/nb\/wp-json\/wp\/v2\/product-tag?post=606"},{"taxonomy":"products","embeddable":true,"href":"https:\/\/www.ruiqigo.com\/nb\/wp-json\/wp\/v2\/products?post=606"}],"curies":[{"name":"wp","href":"https:\/\/api.w.org\/{rel}","templated":true}]}}