{"id":625,"date":"2024-07-24T17:02:08","date_gmt":"2024-07-24T09:02:08","guid":{"rendered":"https:\/\/ruiqigo.com\/?post_type=product&#038;p=625"},"modified":"2024-11-01T10:33:26","modified_gmt":"2024-11-01T02:33:26","slug":"mint-toothpaste","status":"publish","type":"product","link":"https:\/\/www.ruiqigo.com\/nb\/product\/mint-toothpaste","title":{"rendered":"Mint-tannkrem"},"content":{"rendered":"<h2 class=\"wp-block-heading\">Vanlige formler for produksjon av mint-tannkrem<\/h2>\n\n\n\n<p>Mentol, kjerneingrediensen i Mint Tannkrem, er en naturlig forbindelse utvunnet fra mynteplanten, som har en unik kj\u00f8lende f\u00f8lelse og aroma. Mentol stimulerer munnslimhinnen og fremmer blodsirkulasjonen, noe som bidrar til \u00e5 lindre betennelse og smerter i munnen. I tillegg har mentol en bakteriedrepende effekt, som effektivt kan redusere bakterier i munnen og forhindre periodontal sykdom og tannr\u00e5te.<\/p>\n\n\n\n<h2 class=\"wp-block-heading\">Mint tannkrem som gjelder scenarier<\/h2>\n\n\n\n<p>Mint-tannkrem passer for en rekke tilfeller, spesielt for f\u00f8lgende anledninger: etter \u00e5 ha v\u00e5knet om morgenen, hjelper den med \u00e5 fjerne lukt i munnen og gi den en forfriskende f\u00f8lelse; etter m\u00e5ltider renser den effektivt matrester og holder pusten frisk; n\u00e5r du er sliten etter jobb eller studier, kan tannpuss gi deg en friskere f\u00f8lelse og lindre tretthet; etter \u00e5 ha v\u00e6rt oppe sent eller r\u00f8ykt, kan den redusere d\u00e5rlig smak i munnen og ta vare p\u00e5 munnhelsen.<\/p>\n\n\n\n<h2 class=\"wp-block-heading\">Hvem er Mint-tannkrem egnet for<\/h2>\n\n\n\n<p>Mint-tannkrem passer for et bredt spekter av mennesker, spesielt anbefalt for f\u00f8lgende forbrukere: <\/p>\n\n\n\n<p>1. folk som \u00f8nsker \u00e5 holde pusten frisk; <\/p>\n\n\n\n<p>2. personer som plages av d\u00e5rlig \u00e5nde, som r\u00f8ykere, folk som ofte er oppe sent; <\/p>\n\n\n\n<p>3. folk som trenger \u00e5 friske opp sinnet, for eksempel kontorarbeidere, studenter; <\/p>\n\n\n\n<p>4. folk som foretrekker mintsmak for \u00e5 nyte en kj\u00f8lig og komfortabel pusseopplevelse.<\/p>\n\n\n\n<h2 class=\"wp-block-heading\">Produksjonsprosess for myntetannkrem<\/h2>\n\n\n\n<p>Som en p\u00e5litelig produsent av Mint-tannkrem, bruker vi f\u00f8lgende spesielle produksjonsprosess:<\/p>\n\n\n\n<p>1) R\u00e5varene til mentol skal screenes n\u00f8ye for \u00e5 sikre renhet og kvalitet; <\/p>\n\n\n\n<p>2) Kontroller mengden mentol som tilsettes n\u00f8yaktig for \u00e5 sikre produktets kj\u00f8lighet og moderate aroma; <\/p>\n\n\n\n<p>3) Bruk lavtemperaturfreseteknologi for \u00e5 frigj\u00f8re mentolens aktivitet fullt ut; <\/p>\n\n\n\n<p>4) Aseptisk fylling for \u00e5 sikre at produktet er trygt og hygienisk; <\/p>\n\n\n\n<p>5) Full kvalitetskontroll for \u00e5 sikre at hver tannkrem oppfyller nasjonale standarder. nasjonal standard.<\/p>","protected":false},"excerpt":{"rendered":"Mint toothpaste manufacturing common formulas Menthol, the core ingredient of Mint Toothpaste, is a natural compound extracted from the mint plant, which has a unique cooling sensation and aroma. Menthol stimulates the oral mucosa and promotes blood circulation, helping to relieve oral inflammation and pain. In addition, menthol has a bactericidal effect, which can effectively [&hellip;]","protected":false},"featured_media":626,"menu_order":0,"template":"","meta":[],"product-tag":[],"products":[71],"class_list":["post-625","product","type-product","status-publish","has-post-thumbnail","hentry","products-toothpaste"],"acf":[],"_links":{"self":[{"href":"https:\/\/www.ruiqigo.com\/nb\/wp-json\/wp\/v2\/product\/625","targetHints":{"allow":["GET"]}}],"collection":[{"href":"https:\/\/www.ruiqigo.com\/nb\/wp-json\/wp\/v2\/product"}],"about":[{"href":"https:\/\/www.ruiqigo.com\/nb\/wp-json\/wp\/v2\/types\/product"}],"version-history":[{"count":0,"href":"https:\/\/www.ruiqigo.com\/nb\/wp-json\/wp\/v2\/product\/625\/revisions"}],"wp:featuredmedia":[{"embeddable":true,"href":"https:\/\/www.ruiqigo.com\/nb\/wp-json\/wp\/v2\/media\/626"}],"wp:attachment":[{"href":"https:\/\/www.ruiqigo.com\/nb\/wp-json\/wp\/v2\/media?parent=625"}],"wp:term":[{"taxonomy":"product-tag","embeddable":true,"href":"https:\/\/www.ruiqigo.com\/nb\/wp-json\/wp\/v2\/product-tag?post=625"},{"taxonomy":"products","embeddable":true,"href":"https:\/\/www.ruiqigo.com\/nb\/wp-json\/wp\/v2\/products?post=625"}],"curies":[{"name":"wp","href":"https:\/\/api.w.org\/{rel}","templated":true}]}}