{"id":630,"date":"2024-07-24T17:29:38","date_gmt":"2024-07-24T09:29:38","guid":{"rendered":"https:\/\/ruiqigo.com\/?post_type=product&#038;p=630"},"modified":"2024-11-01T10:33:12","modified_gmt":"2024-11-01T02:33:12","slug":"tea-tree-oil-toothpaste","status":"publish","type":"product","link":"https:\/\/www.ruiqigo.com\/nb\/product\/tea-tree-oil-toothpaste","title":{"rendered":"Tannkrem med tea tree-olje"},"content":{"rendered":"<h2 class=\"wp-block-heading\">Vanlige formler for produksjon av tea tree-olje-tannkrem<\/h2>\n\n\n\n<p>Kjerneingrediensen i tea tree-oljetannkrem, Camellia Sinensis-fr\u00f8ekstrakt, er en naturlig olje utvunnet fra Camellia Sinensis-fr\u00f8, som har betennelsesdempende og antibakterielle effekter. Olje-te-fr\u00f8ekstrakt kan effektivt hemme veksten av skadelige bakterier i munnhulen, redusere dannelsen av plakk, og dermed redusere forekomsten av tannr\u00e5te. I tillegg har olje-te-fr\u00f8ekstrakt ogs\u00e5 en naturlig duft, kan effektivt fjerne lukt i munnen og forbedre munnmilj\u00f8et.<\/p>\n\n\n\n<h2 class=\"wp-block-heading\">Tea tree-olje tannkrem \u2013 aktuelle scenarier<\/h2>\n\n\n\n<p>Tannkrem med tea tree-olje er egnet for en rekke tilfeller, spesielt f\u00f8lgende anledninger: etter \u00e5 ha v\u00e5knet om morgenen, for \u00e5 fjerne lukt i munnen og gjenopprette frisk pust; etter m\u00e5ltider, for effektivt \u00e5 rense matrester og beskytte tennene; etter \u00e5 ha v\u00e6rt oppe hele natten og r\u00f8ykt, for \u00e5 lindre lukt i munnen og ta vare p\u00e5 tannhelsen.<\/p>\n\n\n\n<h2 class=\"wp-block-heading\">Hvem er tea tree-olje-tannkrem egnet for?<\/h2>\n\n\n\n<p>Tannkrem med tea tree-olje passer for et bredt spekter av mennesker, spesielt anbefalt for f\u00f8lgende forbrukere: <\/p>\n\n\n\n<p>1. Folk som er plaget av lukt i munnen, som r\u00f8ykere, er ofte oppe sent i forsamlingen; <\/p>\n\n\n\n<p>2. Personer med sensitive tenner m\u00e5 forsiktig rengj\u00f8re mengden; <\/p>\n\n\n\n<p>3. Diabetespasienter m\u00e5, p\u00e5 grunn av h\u00f8y risiko for periodontal sykdom, v\u00e6re spesielt oppmerksomme p\u00e5 munnhygiene; <\/p>\n\n\n\n<p>4. liker \u00e5 pr\u00f8ve en ny type munnpleieprodukter for forbrukere, for \u00e5 nyte den munnhelsen som tea tree-olje gir.<\/p>\n\n\n\n<h2 class=\"wp-block-heading\">Produksjonsprosess for tannkrem med tea tree-olje<\/h2>\n\n\n\n<p>Som en kvalitativ produsent av tea tree-olje-tannkrem bruker vi f\u00f8lgende spesielle produksjonsprosess: <\/p>\n\n\n\n<p>1. streng screening av r\u00e5materialer fra Camellia sinensis-fr\u00f8ekstrakt for \u00e5 sikre renhet og kvalitet; <\/p>\n\n\n\n<p>2. presis kontroll av mengden tilsatt Camellia sinensis-fr\u00f8ekstrakt for \u00e5 sikre at produktet er trygt og effektivt; <\/p>\n\n\n\n<p>3. Lavtemperaturfreseteknologi brukes til \u00e5 frigj\u00f8re aktiviteten til Camellia sinensis-fr\u00f8ekstraktet fullt ut; <\/p>\n\n\n\n<p>4. aseptisk fylling for \u00e5 sikre at produktet er trygt og hygienisk;<\/p>\n\n\n\n<p>5. hele prosessen med kvalitetskontroll for \u00e5 sikre at hver tannkrem oppfyller nasjonale standarder. Som en kvalitativ produsent av tea tree-olje-tannkrem oppfyller hver tannkrem de nasjonale standardene.<\/p>","protected":false},"excerpt":{"rendered":"Tea tree oil toothpaste manufacturing common formulas The core ingredient of Tea Tree Oil Toothpaste, Camellia Sinensis Seed Extract, is a natural oil extracted from Camellia Sinensis seeds, which has anti-inflammatory and antibacterial effects. Oil tea seed extract can effectively inhibit the growth of harmful bacteria in the oral cavity, reduce the formation of plaque, [&hellip;]","protected":false},"featured_media":631,"menu_order":0,"template":"","meta":[],"product-tag":[],"products":[71],"class_list":["post-630","product","type-product","status-publish","has-post-thumbnail","hentry","products-toothpaste"],"acf":[],"_links":{"self":[{"href":"https:\/\/www.ruiqigo.com\/nb\/wp-json\/wp\/v2\/product\/630","targetHints":{"allow":["GET"]}}],"collection":[{"href":"https:\/\/www.ruiqigo.com\/nb\/wp-json\/wp\/v2\/product"}],"about":[{"href":"https:\/\/www.ruiqigo.com\/nb\/wp-json\/wp\/v2\/types\/product"}],"version-history":[{"count":0,"href":"https:\/\/www.ruiqigo.com\/nb\/wp-json\/wp\/v2\/product\/630\/revisions"}],"wp:featuredmedia":[{"embeddable":true,"href":"https:\/\/www.ruiqigo.com\/nb\/wp-json\/wp\/v2\/media\/631"}],"wp:attachment":[{"href":"https:\/\/www.ruiqigo.com\/nb\/wp-json\/wp\/v2\/media?parent=630"}],"wp:term":[{"taxonomy":"product-tag","embeddable":true,"href":"https:\/\/www.ruiqigo.com\/nb\/wp-json\/wp\/v2\/product-tag?post=630"},{"taxonomy":"products","embeddable":true,"href":"https:\/\/www.ruiqigo.com\/nb\/wp-json\/wp\/v2\/products?post=630"}],"curies":[{"name":"wp","href":"https:\/\/api.w.org\/{rel}","templated":true}]}}