{"id":635,"date":"2024-07-25T15:47:07","date_gmt":"2024-07-25T07:47:07","guid":{"rendered":"https:\/\/ruiqigo.com\/?post_type=product&#038;p=635"},"modified":"2025-09-03T15:22:48","modified_gmt":"2025-09-03T07:22:48","slug":"fluoride-mouthwash","status":"publish","type":"product","link":"https:\/\/www.ruiqigo.com\/nb\/product\/fluoride-mouthwash","title":{"rendered":"Fluor munnskyll"},"content":{"rendered":"<h2 class=\"wp-block-heading\">Vanlige formler<\/h2>\n\n\n\n<p><strong>Natriummonofluorofosfat<\/strong>, kjerneingrediensen i fluoridmunnskyll, er en type fluor som er mye brukt i munnpleieprodukter, og som effektivt kan forbedre tannemaljens syrebeskyttende evne og redusere forekomsten av tannr\u00e5te. 0,02% fluorinnhold er i tr\u00e5d med nasjonale og internasjonale standarder, noe som kan spille en rolle i fluorid, men ogs\u00e5 for \u00e5 sikre sikkerheten ved bruk. I tillegg kan natriummonofluorofosfat ogs\u00e5 fremme tannremineralisering og reparere tidlig tannr\u00e5te.<\/p>\n\n\n\n<h2 class=\"wp-block-heading\">Gjeldende scenarier<\/h2>\n\n\n\n<p>Fluormunnskyll er egnet for en rekke situasjoner, spesielt for f\u00f8lgende anledninger: <\/p>\n\n\n\n<p>1. etter m\u00e5ltider, effektiv rengj\u00f8ring av matrester og beskyttelse av tenner; <\/p>\n\n\n\n<p>2. etter \u00e5 ha v\u00e6rt oppe hele natten og r\u00f8ykt, for \u00e5 redusere den d\u00e5rlige smaken i munnen og ta vare p\u00e5 tennenes helse; <\/p>\n\n\n\n<p>3. ved spesielle anledninger, som bryllup, intervjuer osv., for \u00e5 holde pusten frisk; <\/p>\n\n\n\n<p>4. etter behandling av munnsykdommer, for \u00e5 hjelpe til med \u00e5 rense munnhulen.<\/p>\n\n\n\n<h2 class=\"wp-block-heading\">Hvem er fluormunnskyll for<\/h2>\n\n\n\n<p>Fluormunnskyll er egnet for et bredt spekter av mennesker, spesielt anbefalt for f\u00f8lgende forbrukere: <\/p>\n\n\n\n<p>1. barn, ungdom og voksne for \u00e5 forebygge tannr\u00e5te og opprettholde munnhelsen; <\/p>\n\n\n\n<p>2. personer med sensitive tenner som trenger \u00e5 forbedre emaljens hardhet; <\/p>\n\n\n\n<p>3. diabetespasienter som har h\u00f8y risiko for periodontal sykdom og trenger \u00e5 vie spesiell oppmerksomhet til munnhelsetjenesten; <\/p>\n\n\n\n<p>4. Forbrukere som liker \u00e5 pr\u00f8ve nye munnhelseprodukter for \u00e5 nyte fordelene med fluormunnskyll. Munnhelsen som fluormunnskyll gir.<\/p>\n\n\n\n<h2 class=\"wp-block-heading\">Produksjonsprosess<\/h2>\n\n\n\n<p>For \u00e5 sikre kvaliteten p\u00e5 fluormunnskyll, bruker vi f\u00f8lgende spesielle produksjonsprosess: <\/p>\n\n\n\n<p>1. Streng screening av r\u00e5varer av natriummonofluorofosfat for \u00e5 sikre renhet og kvalitet; <\/p>\n\n\n\n<p>2. presis kontroll av mengden tilsatt natriummonofluorofosfat for \u00e5 sikre produktets sikkerhet og effektivitet; <\/p>\n\n\n\n<p>3. Lavtemperaturblandingsteknologi brukes til \u00e5 frigj\u00f8re aktiviteten til natriummonofluorofosfat i st\u00f8rst mulig grad; <\/p>\n\n\n\n<p>4. aseptisk fylling, for \u00e5 sikre at produktet er trygt og hygienisk; <\/p>\n\n\n\n<p>5. Full kvalitetskontroll for \u00e5 sikre at hver flaske med fluormunnskyll er trygg og hygienisk. Kvalitetskontroll for \u00e5 sikre at hver flaske med fluormunnskyll oppfyller den nasjonale standarden. <\/p>\n\n\n\n<p>Gjennom prosessen ovenfor gir vi deg et munnpleieprodukt av h\u00f8y kvalitet og med god p\u00e5litelighet.<\/p>","protected":false},"excerpt":{"rendered":"Common Formulas Sodium Monofluorophosphate, the core ingredient of Fluoride Mouthwash, is a kind of fluoride widely used in oral care products, which can effectively enhance the anti-acid ability of tooth enamel and reduce the incidence of tooth decay.0.02% fluorine content is in line with national and international standards, which can play a role in the [&hellip;]","protected":false},"featured_media":667,"menu_order":0,"template":"","meta":[],"product-tag":[201,206,207,208,212,213,214,216],"products":[72],"class_list":["post-635","product","type-product","status-publish","has-post-thumbnail","hentry","product-tag-mouthwash-manufacturer","product-tag-mouthwash-companies","product-tag-mouthwash-factory","product-tag-mouthwash-suppliers","product-tag-mouthwash-contract-manufacturer","product-tag-antiseptic-mouthwashes-manufacturer","product-tag-mouthwash-manufacturers-usa","product-tag-private-label-mouthwash-manufacturers","products-mouthwash"],"acf":[],"_links":{"self":[{"href":"https:\/\/www.ruiqigo.com\/nb\/wp-json\/wp\/v2\/product\/635","targetHints":{"allow":["GET"]}}],"collection":[{"href":"https:\/\/www.ruiqigo.com\/nb\/wp-json\/wp\/v2\/product"}],"about":[{"href":"https:\/\/www.ruiqigo.com\/nb\/wp-json\/wp\/v2\/types\/product"}],"version-history":[{"count":0,"href":"https:\/\/www.ruiqigo.com\/nb\/wp-json\/wp\/v2\/product\/635\/revisions"}],"wp:featuredmedia":[{"embeddable":true,"href":"https:\/\/www.ruiqigo.com\/nb\/wp-json\/wp\/v2\/media\/667"}],"wp:attachment":[{"href":"https:\/\/www.ruiqigo.com\/nb\/wp-json\/wp\/v2\/media?parent=635"}],"wp:term":[{"taxonomy":"product-tag","embeddable":true,"href":"https:\/\/www.ruiqigo.com\/nb\/wp-json\/wp\/v2\/product-tag?post=635"},{"taxonomy":"products","embeddable":true,"href":"https:\/\/www.ruiqigo.com\/nb\/wp-json\/wp\/v2\/products?post=635"}],"curies":[{"name":"wp","href":"https:\/\/api.w.org\/{rel}","templated":true}]}}