{"id":636,"date":"2024-07-24T18:01:18","date_gmt":"2024-07-24T10:01:18","guid":{"rendered":"https:\/\/ruiqigo.com\/?post_type=product&#038;p=636"},"modified":"2024-11-01T14:21:18","modified_gmt":"2024-11-01T06:21:18","slug":"floss-with-stick","status":"publish","type":"product","link":"https:\/\/www.ruiqigo.com\/nb\/product\/floss-with-stick","title":{"rendered":"Tanntr\u00e5d med pinne"},"content":{"rendered":"<h2 class=\"wp-block-heading\">Vanlige formler for produksjon av tanntr\u00e5d med pinne<\/h2>\n\n\n\n<p>Den aktive ingrediensen i tanntr\u00e5d med pinne, UHMWPE-fiber, har h\u00f8y styrke og h\u00f8y friksjon, som kan trenge dypt inn i tennenes sprekker og effektivt fjerne matrester og plakk. Pinnen er laget av HIPS n\u00e6ringsmiddelgodkjent plast, med et ergonomisk h\u00e5ndtak, noe som gj\u00f8r den behagelig \u00e5 holde og sparer energi. Som en ledende produsent av tanntr\u00e5d med pinne, kan den tilsatte mynte-\/fruktfaktoren friske opp pusten og fjerne matrester.<\/p>\n\n\n\n<h2 class=\"wp-block-heading\">Tandtr\u00e5d med pinne \u2013 aktuelle scenarier<\/h2>\n\n\n\n<p>Tanntr\u00e5d med pinne passer for en rekke situasjoner, spesielt for f\u00f8lgende anledninger: <\/p>\n\n\n\n<p>1. Fjern effektivt matrester etter m\u00e5ltider, hold pusten frisk; <\/p>\n\n\n\n<p>2. under kjeveortopedi, ekstra rengj\u00f8ringsgap; <\/p>\n\n\n\n<p>3. spesielle anledninger, som bryllup, jobbintervjuer osv., for \u00e5 holde pusten frisk; <\/p>\n\n\n\n<p>4. Etter behandling av oral sykdom, ekstra rengj\u00f8ringsgap.<\/p>\n\n\n\n<h2 class=\"wp-block-heading\">Hvem passer tanntr\u00e5d med pinne for<\/h2>\n\n\n\n<p>Tanntr\u00e5d med pinne passer for et bredt spekter av mennesker, spesielt anbefalt for f\u00f8lgende forbrukere: <\/p>\n\n\n\n<p>1. personer med h\u00f8y bevissthet om munnhygiene; <\/p>\n\n\n\n<p>2. personer med spesielle behov som kjeveortopedi og tannimplantater; <\/p>\n\n\n\n<p>3. personer som trenger \u00e5 holde pusten frisk ved spesielle anledninger; <\/p>\n\n\n\n<p>4. personer som trenger \u00e5 pusse tennene etter behandling av orale sykdommer.<\/p>\n\n\n\n<h2 class=\"wp-block-heading\">Produksjonsprosess for tanntr\u00e5d med pinne<\/h2>\n\n\n\n<p>Som en profesjonell produsent av tanntr\u00e5d med pinne, bruker vi f\u00f8lgende spesielle produksjonsprosess: <\/p>\n\n\n\n<p>1. Streng screening av UHMWPE ultrah\u00f8ymolekylvekts polyetylenfiberr\u00e5varer for \u00e5 sikre renhet og kvalitet; <\/p>\n\n\n\n<p>2. N\u00f8yaktig kontroll av vevingsprosessen for flosstr\u00e5d for \u00e5 sikre at produktet ikke stopper og ikke faller fra hverandre; <\/p>\n\n\n\n<p>3. Bruk av HIPS-plast av n\u00e6ringsmiddelkvalitet for \u00e5 sikre Sticks sikkerhet; <\/p>\n\n\n\n<p>4. Aseptisk fylling for \u00e5 sikre at produktet er trygt og hygienisk; <\/p>\n\n\n\n<p>5. Full kvalitetskontroll for \u00e5 sikre at hver tanntr\u00e5d med pinne oppfyller den nasjonale standarden.<\/p>","protected":false},"excerpt":{"rendered":"Floss with stick manufacturing common formulas The active ingredient in Floss with Stick, UHMWPE fiber, has the characteristics of high strength and high friction, which can penetrate deep into the crevices of the teeth and effectively remove food residues and plaque.Stick is made of HIPS food-grade plastic, with an ergonomic handle, which makes it comfortable [&hellip;]","protected":false},"featured_media":637,"menu_order":0,"template":"","meta":[],"product-tag":[],"products":[74],"class_list":["post-636","product","type-product","status-publish","has-post-thumbnail","hentry","products-floss-stick"],"acf":[],"_links":{"self":[{"href":"https:\/\/www.ruiqigo.com\/nb\/wp-json\/wp\/v2\/product\/636","targetHints":{"allow":["GET"]}}],"collection":[{"href":"https:\/\/www.ruiqigo.com\/nb\/wp-json\/wp\/v2\/product"}],"about":[{"href":"https:\/\/www.ruiqigo.com\/nb\/wp-json\/wp\/v2\/types\/product"}],"version-history":[{"count":0,"href":"https:\/\/www.ruiqigo.com\/nb\/wp-json\/wp\/v2\/product\/636\/revisions"}],"wp:featuredmedia":[{"embeddable":true,"href":"https:\/\/www.ruiqigo.com\/nb\/wp-json\/wp\/v2\/media\/637"}],"wp:attachment":[{"href":"https:\/\/www.ruiqigo.com\/nb\/wp-json\/wp\/v2\/media?parent=636"}],"wp:term":[{"taxonomy":"product-tag","embeddable":true,"href":"https:\/\/www.ruiqigo.com\/nb\/wp-json\/wp\/v2\/product-tag?post=636"},{"taxonomy":"products","embeddable":true,"href":"https:\/\/www.ruiqigo.com\/nb\/wp-json\/wp\/v2\/products?post=636"}],"curies":[{"name":"wp","href":"https:\/\/api.w.org\/{rel}","templated":true}]}}