{"id":641,"date":"2024-07-24T18:09:35","date_gmt":"2024-07-24T10:09:35","guid":{"rendered":"https:\/\/ruiqigo.com\/?post_type=product&#038;p=641"},"modified":"2024-11-01T14:23:37","modified_gmt":"2024-11-01T06:23:37","slug":"biodegradable-floss-sticks","status":"publish","type":"product","link":"https:\/\/www.ruiqigo.com\/nb\/product\/biodegradable-floss-sticks","title":{"rendered":"Biologisk nedbrytbar tanntr\u00e5dstift"},"content":{"rendered":"<h2 class=\"wp-block-heading\">Vanlige formler for produksjon av biologisk nedbrytbare tanntr\u00e5dpinner<\/h2>\n\n\n\n<p>Den aktive ingrediensen i de biologisk nedbrytbare tanntr\u00e5dstiftene, UHMWPE-fiber, har h\u00f8y styrke og h\u00f8ye friksjonsegenskaper, som kan trenge dypt inn i tennenes sprekker og effektivt fjerne matrester og plakk. PLA-nedbrytbar maisstivelse er laget i stiften, og h\u00e5ndtaket er ergonomisk designet for \u00e5 gj\u00f8re den behagelig \u00e5 holde og spare krefter i bruk. Den tilsatte mynte-\/fruktfaktoren kan friske opp pusten og fjerne matrester.<\/p>\n\n\n\n<h2 class=\"wp-block-heading\">Anvendbare scenarier for biologisk nedbrytbar tanntr\u00e5d<\/h2>\n\n\n\n<p>Biologisk nedbrytbare tanntr\u00e5dpinner kan brukes i en rekke tilfeller, spesielt i f\u00f8lgende tilfeller: <\/p>\n\n\n\n<p>1. etter m\u00e5ltider, for effektivt \u00e5 fjerne matrester og holde pusten frisk; <\/p>\n\n\n\n<p>2. under kjeveortopedisk behandling, for \u00e5 hjelpe til med \u00e5 rense mellomrommet; <\/p>\n\n\n\n<p>3. spesielle anledninger, som bryllup, intervjuer osv., for \u00e5 holde pusten frisk; <\/p>\n\n\n\n<p>4. etter behandling av oral sykdom, for \u00e5 hjelpe til med \u00e5 rense gapet.<\/p>\n\n\n\n<h2 class=\"wp-block-heading\">Hvem er biologisk nedbrytbar tanntr\u00e5d egnet for?<\/h2>\n\n\n\n<p>Biologisk nedbrytbare tanntr\u00e5dpinner passer for et bredt spekter av mennesker, spesielt anbefalt for f\u00f8lgende forbrukere: <\/p>\n\n\n\n<p>1. personer med h\u00f8y bevissthet om munnhygiene; <\/p>\n\n\n\n<p>2. spesielle personer som kjeveortopedi og tannimplantater; <\/p>\n\n\n\n<p>3. personer som trenger \u00e5 holde pusten frisk ved spesielle anledninger; <\/p>\n\n\n\n<p>4. personer som trenger \u00e5 hjelpe til med rengj\u00f8ring etter behandling av munnsykdommer.<\/p>\n\n\n\n<h2 class=\"wp-block-heading\">Produksjonsprosess for biologisk nedbrytbar tanntr\u00e5d<\/h2>\n\n\n\n<p>Som en verdig produsent av biologisk nedbrytbare tanntr\u00e5dstifter, tar vi i bruk f\u00f8lgende spesielle produksjonsprosess: <\/p>\n\n\n\n<p>1. Kontroller r\u00e5varene til UHMWPE polyetylenfiber med ultrah\u00f8y molekylvekt n\u00f8ye for \u00e5 sikre renhet og kvalitet; <\/p>\n\n\n\n<p>2. Kontroller veveprosessen til flosstr\u00e5den n\u00f8yaktig for \u00e5 sikre at produktet ikke g\u00e5r i stykker og ikke faller fra hverandre; <\/p>\n\n\n\n<p>3. Bruk av PLA biologisk nedbrytbar maisstivelse for \u00e5 sikre at pinnene er milj\u00f8vennlige; <\/p>\n\n\n\n<p>4. Aseptisk fylling sikrer at produktene er trygge og hygieniske; <\/p>\n\n\n\n<p>Som en ledende produsent av biologisk nedbrytbare tanntr\u00e5dpinner sikrer hele kvalitetskontrollprosessen at hver enkelt biologisk nedbrytbar tanntr\u00e5dpinner oppfyller nasjonale standarder.<\/p>\n\n\n\n<p><\/p>","protected":false},"excerpt":{"rendered":"Biodegradable floss stick manufacturing common formulas The active ingredient in Biodegradable Floss Sticks, UHMWPE fiber, has high strength and high friction characteristics, which can penetrate deep into the crevices of the teeth, effectively removing food debris and plaque, while PLA degradable corn starch is made into the Stick, the handle is ergonomically designed to make [&hellip;]","protected":false},"featured_media":642,"menu_order":0,"template":"","meta":[],"product-tag":[],"products":[74],"class_list":["post-641","product","type-product","status-publish","has-post-thumbnail","hentry","products-floss-stick"],"acf":[],"_links":{"self":[{"href":"https:\/\/www.ruiqigo.com\/nb\/wp-json\/wp\/v2\/product\/641","targetHints":{"allow":["GET"]}}],"collection":[{"href":"https:\/\/www.ruiqigo.com\/nb\/wp-json\/wp\/v2\/product"}],"about":[{"href":"https:\/\/www.ruiqigo.com\/nb\/wp-json\/wp\/v2\/types\/product"}],"version-history":[{"count":0,"href":"https:\/\/www.ruiqigo.com\/nb\/wp-json\/wp\/v2\/product\/641\/revisions"}],"wp:featuredmedia":[{"embeddable":true,"href":"https:\/\/www.ruiqigo.com\/nb\/wp-json\/wp\/v2\/media\/642"}],"wp:attachment":[{"href":"https:\/\/www.ruiqigo.com\/nb\/wp-json\/wp\/v2\/media?parent=641"}],"wp:term":[{"taxonomy":"product-tag","embeddable":true,"href":"https:\/\/www.ruiqigo.com\/nb\/wp-json\/wp\/v2\/product-tag?post=641"},{"taxonomy":"products","embeddable":true,"href":"https:\/\/www.ruiqigo.com\/nb\/wp-json\/wp\/v2\/products?post=641"}],"curies":[{"name":"wp","href":"https:\/\/api.w.org\/{rel}","templated":true}]}}