{"id":646,"date":"2024-07-25T15:09:22","date_gmt":"2024-07-25T07:09:22","guid":{"rendered":"https:\/\/ruiqigo.com\/?post_type=product&#038;p=646"},"modified":"2024-11-01T14:14:29","modified_gmt":"2024-11-01T06:14:29","slug":"potassium-nitrate-toothpaste","status":"publish","type":"product","link":"https:\/\/www.ruiqigo.com\/nb\/product\/potassium-nitrate-toothpaste","title":{"rendered":"Kaliumnitrat tannkrem"},"content":{"rendered":"<h2 class=\"wp-block-heading\">Vanlige formler for produksjon av kaliumnitrat-tannkrem<\/h2>\n\n\n\n<p>Kjerneingrediensen i kaliumnitrat-tannkrem, kaliumnitrat, lindrer tannf\u00f8lsomhet. Kaliumnitrat kan effektivt redusere tennenes f\u00f8lsomhet for kulde, varme, s\u00f8te og andre stimuli, og har samtidig antibakterielle og betennelsesdempende effekter, noe som bidrar til \u00e5 forebygge munnsykdommer. I tillegg kan kaliumnitrat ogs\u00e5 bidra til \u00e5 forbedre munnmilj\u00f8et og redusere dannelsen av plakk, og dermed redusere forekomsten av tannr\u00e5te.<\/p>\n\n\n\n<h2 class=\"wp-block-heading\">Kaliumnitrat tannkrem \u2013 aktuelle scenarier<\/h2>\n\n\n\n<p>Kaliumnitrat-tannkrem er egnet for en rekke scenarier, spesielt for f\u00f8lgende anledninger: 1. personer med sensitive tenner, for effektivt \u00e5 redusere tannf\u00f8lsomhet; <\/p>\n\n\n\n<p>2. etter m\u00e5ltider, for effektivt \u00e5 rense matrester, for \u00e5 opprettholde frisk pust; <\/p>\n\n\n\n<p>3. etter \u00e5 ha v\u00e6rt oppe hele natten, etter r\u00f8yking, for \u00e5 redusere den d\u00e5rlige smaken i munnen, for \u00e5 ta vare p\u00e5 tennenes helse; <\/p>\n\n\n\n<p>4. spesielle anledninger, som bryllup, jobbintervjuer osv., for \u00e5 opprettholde frisk pust.<\/p>\n\n\n\n<h2 class=\"wp-block-heading\">Hvem er kaliumnitrat-tannkrem egnet for<\/h2>\n\n\n\n<p>Kaliumnitrat tannkrem passer for et bredt spekter av mennesker, spesielt anbefalt for f\u00f8lgende forbrukere: <\/p>\n\n\n\n<p>1. personer med sensitive tenner som trenger \u00e5 lindre tannf\u00f8lsomhet; <\/p>\n\n\n\n<p>2. personer som plages av lukt i munnen, som r\u00f8ykere, er ofte oppe hele natten; <\/p>\n\n\n\n<p>3. diabetespasienter som har h\u00f8y risiko for periodontal sykdom og trenger \u00e5 v\u00e6re spesielt oppmerksomme p\u00e5 munnhygiene; <\/p>\n\n\n\n<p>4. forbrukere som liker \u00e5 pr\u00f8ve nye munnpleieprodukter; <\/p>\n\n\n\n<p>5. forbrukere som liker \u00e5 nyte kaliumnitrat-tannkrem, og nyter fordelene med kaliumnitrat-tannkrem. <\/p>\n\n\n\n<h2 class=\"wp-block-heading\">Produksjonsprosess for kaliumnitrat-tannkrem<\/h2>\n\n\n\n<p>Som en profesjonell produsent av kaliumnitrat-tannkrem, tar vi i bruk f\u00f8lgende spesielle produksjonsprosess: <\/p>\n\n\n\n<p>1. Streng screening av kaliumnitratr\u00e5varer for \u00e5 sikre renhet og kvalitet; <\/p>\n\n\n\n<p>2. N\u00f8yaktig kontroll av mengden tilsatt kaliumnitrat for \u00e5 sikre at produktet er trygt og effektivt; <\/p>\n\n\n\n<p>3. Lavtemperaturfreseteknologi brukes for \u00e5 frigj\u00f8re kaliumnitratets aktivitet fullt ut; <\/p>\n\n\n\n<p>4. Aseptisk fylling sikrer at produktet er trygt og hygienisk; <\/p>\n\n\n\n<p>5. Full kvalitetskontroll for \u00e5 sikre at hver kaliumnitrat-tannkrem oppfyller den nasjonale standarden. Gjennom prosessen ovenfor, som en profesjonell produsent av kaliumnitrat-tannkrem, vil vi gi deg et munnpleieprodukt av h\u00f8y kvalitet og p\u00e5litelighet.<\/p>\n\n\n\n<p><\/p>","protected":false},"excerpt":{"rendered":"Potassium nitrate toothpaste manufacturing common formulas Potassium Nitrate Toothpaste&#8217;s core ingredient, Potassium Nitrate, has the effect of relieving tooth sensitivity. Potassium nitrate can effectively reduce the sensitivity of teeth to cold, hot, sweet and other stimuli, and at the same time has antibacterial and anti-inflammatory effects, which helps to prevent oral diseases. In addition, potassium [&hellip;]","protected":false},"featured_media":653,"menu_order":0,"template":"","meta":[],"product-tag":[],"products":[71],"class_list":["post-646","product","type-product","status-publish","has-post-thumbnail","hentry","products-toothpaste"],"acf":[],"_links":{"self":[{"href":"https:\/\/www.ruiqigo.com\/nb\/wp-json\/wp\/v2\/product\/646","targetHints":{"allow":["GET"]}}],"collection":[{"href":"https:\/\/www.ruiqigo.com\/nb\/wp-json\/wp\/v2\/product"}],"about":[{"href":"https:\/\/www.ruiqigo.com\/nb\/wp-json\/wp\/v2\/types\/product"}],"version-history":[{"count":0,"href":"https:\/\/www.ruiqigo.com\/nb\/wp-json\/wp\/v2\/product\/646\/revisions"}],"wp:featuredmedia":[{"embeddable":true,"href":"https:\/\/www.ruiqigo.com\/nb\/wp-json\/wp\/v2\/media\/653"}],"wp:attachment":[{"href":"https:\/\/www.ruiqigo.com\/nb\/wp-json\/wp\/v2\/media?parent=646"}],"wp:term":[{"taxonomy":"product-tag","embeddable":true,"href":"https:\/\/www.ruiqigo.com\/nb\/wp-json\/wp\/v2\/product-tag?post=646"},{"taxonomy":"products","embeddable":true,"href":"https:\/\/www.ruiqigo.com\/nb\/wp-json\/wp\/v2\/products?post=646"}],"curies":[{"name":"wp","href":"https:\/\/api.w.org\/{rel}","templated":true}]}}