{"id":652,"date":"2024-07-25T15:14:31","date_gmt":"2024-07-25T07:14:31","guid":{"rendered":"https:\/\/ruiqigo.com\/?post_type=product&#038;p=652"},"modified":"2024-11-01T14:14:59","modified_gmt":"2024-11-01T06:14:59","slug":"stannous-fluoride-toothpaste","status":"publish","type":"product","link":"https:\/\/www.ruiqigo.com\/nb\/product\/stannous-fluoride-toothpaste","title":{"rendered":"Tannkrem med tinnfluorid"},"content":{"rendered":"<h3 class=\"wp-block-heading\">Vanlige formler for produksjon av tannkrem med tinnfluorid<\/h3>\n\n\n\n<p>Kjerneingrediensen i tannkrem med tinnfluorid, tinnfluorid, er et fluorid som er mye brukt i munnpleieprodukter, og som effektivt kan forbedre emaljens evne til \u00e5 motst\u00e5 surhet og redusere forekomsten av tannr\u00e5te. Tannfluorid fremmer ogs\u00e5 remineralisering av tenner og restaurering av tidlige hull. I tillegg er tinnfluorid ufarlig for menneskekroppen og egnet for langvarig bruk.<\/p>\n\n\n\n<h3 class=\"wp-block-heading\">Gjeldende scenarier for tannkrem med tinnfluorid<\/h3>\n\n\n\n<p>Tannkrem med stannousfluorid er egnet for en rekke ulike situasjoner, spesielt for f\u00f8lgende anledninger: <\/p>\n\n\n\n<p>1. etter m\u00e5ltider, effektiv rengj\u00f8ring av matrester og beskyttelse av tenner; <\/p>\n\n\n\n<p>2. etter \u00e5 ha v\u00e6rt oppe hele natten og r\u00f8ykt, for \u00e5 lindre den vonde smaken i munnen og ta vare p\u00e5 tennenes helse; <\/p>\n\n\n\n<p>3. spesielle anledninger, som bryllup, intervjuer osv., for \u00e5 holde pusten frisk; <\/p>\n\n\n\n<p>4. etter behandling av munnsykdommer, for \u00e5 hjelpe til med \u00e5 rense munnhulen.<\/p>\n\n\n\n<h3 class=\"wp-block-heading\">Hvem er tinnfluoridtannkrem egnet for<\/h3>\n\n\n\n<p>Tannkrem med stannousfluorid passer for et bredt spekter av mennesker, spesielt anbefalt for f\u00f8lgende forbrukere:<\/p>\n\n\n\n<p>1. barn, ungdom og voksne, for \u00e5 forebygge hull i tennene og opprettholde munnhelsen; <\/p>\n\n\n\n<p>2. personer med sensitive tenner, som trenger \u00e5 forbedre emaljens hardhet; <\/p>\n\n\n\n<p>3. Diabetespasienter m\u00e5, p\u00e5 grunn av h\u00f8y risiko for periodontal sykdom, v\u00e6re spesielt oppmerksomme p\u00e5 munnhygiene; <\/p>\n\n\n\n<p>4. forbrukere som liker \u00e5 pr\u00f8ve nye munnpleieprodukter, liker tinnfluoridtannkrem og liker den gode smaken av tinnfluoridtannkrem. Forbrukere som liker \u00e5 pr\u00f8ve nye munnpleieprodukter og nyte munnhelsen som tinnfluoridtannkrem gir.<\/p>\n\n\n\n<h3 class=\"wp-block-heading\">Produksjonsprosess for tannkrem med tinnfluorid<\/h3>\n\n\n\n<p>Som en profesjonell produsent av tannkrem med tinnfluorid, bruker vi f\u00f8lgende spesielle produksjonsprosess: <\/p>\n\n\n\n<p>1) R\u00e5materialene til tinnfluorid skal screenes n\u00f8ye for \u00e5 sikre renhet og kvalitet; <\/p>\n\n\n\n<p>2) N\u00f8yaktig kontroll av mengden tilsatt tinnfluorid for \u00e5 sikre produktets sikkerhet og effektivitet; <\/p>\n\n\n\n<p>3) Bruk av lavtemperaturfreseteknologi for \u00e5 frigj\u00f8re aktiviteten til tinnfluorid i st\u00f8rst mulig grad; <\/p>\n\n\n\n<p>4) Aseptisk fylling for \u00e5 sikre produktsikkerhet og hygiene; <\/p>\n\n\n\n<p>5) Full kvalitetskontroll for \u00e5 sikre produktsikkerhet og hygiene. Som en ledende produsent av tannkrem med tinnfluorid, gjennomf\u00f8rer vi hele kvalitetskontrollprosessen for \u00e5 sikre at hver tannkrem med tinnfluorid oppfyller nasjonale standarder. Gjennom prosessen ovenfor gir vi deg et produkt for munnpleie av h\u00f8y kvalitet og p\u00e5litelighet.<\/p>","protected":false},"excerpt":{"rendered":"Stannous fluoride toothpaste manufacturing common formulas Stannous Fluoride Toothpaste&#8217;s core ingredient, Stannous Fluoride, is a fluoride widely used in oral care products, which can effectively enhance the enamel&#8217;s ability to resist acidity and reduce the incidence of tooth decay. Stannous fluoride also promotes remineralization of teeth and restoration of early cavities. In addition, stannous fluoride [&hellip;]","protected":false},"featured_media":657,"menu_order":0,"template":"","meta":[],"product-tag":[],"products":[71],"class_list":["post-652","product","type-product","status-publish","has-post-thumbnail","hentry","products-toothpaste"],"acf":[],"_links":{"self":[{"href":"https:\/\/www.ruiqigo.com\/nb\/wp-json\/wp\/v2\/product\/652","targetHints":{"allow":["GET"]}}],"collection":[{"href":"https:\/\/www.ruiqigo.com\/nb\/wp-json\/wp\/v2\/product"}],"about":[{"href":"https:\/\/www.ruiqigo.com\/nb\/wp-json\/wp\/v2\/types\/product"}],"version-history":[{"count":0,"href":"https:\/\/www.ruiqigo.com\/nb\/wp-json\/wp\/v2\/product\/652\/revisions"}],"wp:featuredmedia":[{"embeddable":true,"href":"https:\/\/www.ruiqigo.com\/nb\/wp-json\/wp\/v2\/media\/657"}],"wp:attachment":[{"href":"https:\/\/www.ruiqigo.com\/nb\/wp-json\/wp\/v2\/media?parent=652"}],"wp:term":[{"taxonomy":"product-tag","embeddable":true,"href":"https:\/\/www.ruiqigo.com\/nb\/wp-json\/wp\/v2\/product-tag?post=652"},{"taxonomy":"products","embeddable":true,"href":"https:\/\/www.ruiqigo.com\/nb\/wp-json\/wp\/v2\/products?post=652"}],"curies":[{"name":"wp","href":"https:\/\/api.w.org\/{rel}","templated":true}]}}