{"id":666,"date":"2024-07-25T15:56:03","date_gmt":"2024-07-25T07:56:03","guid":{"rendered":"https:\/\/ruiqigo.com\/?post_type=product&#038;p=666"},"modified":"2025-09-03T15:22:37","modified_gmt":"2025-09-03T07:22:37","slug":"chlorhexidine-gluconate-mouthwash","status":"publish","type":"product","link":"https:\/\/www.ruiqigo.com\/nb\/product\/chlorhexidine-gluconate-mouthwash","title":{"rendered":"Klorheksidin glukonat munnskyll"},"content":{"rendered":"<h2 class=\"wp-block-heading\">Vanlige formler<\/h2>\n\n\n\n<p>Hovedingrediensen i munnskyll med klorheksidinglukonat, <strong>Klorheksidinglukonat<\/strong>, er et bredspektret antimikrobielt middel som effektivt kan hemme bakterievekst i munnen og forebygge sykdommer i munnen. Klorheksidinglukonat er ufarlig og egnet for langvarig bruk. I tillegg har klorheksidinglukonat en mild desinfiserende effekt, som effektivt kan fjerne lukt i munnen og forbedre munnmilj\u00f8et.<\/p>\n\n\n\n<h2 class=\"wp-block-heading\">Gjeldende scenarier<\/h2>\n\n\n\n<p>Klorheksidinglukonat munnskyll er egnet for en rekke tilfeller, spesielt for f\u00f8lgende anledninger: <\/p>\n\n\n\n<p>1. Bruk etter m\u00e5ltider for effektivt \u00e5 rengj\u00f8re matrester og holde pusten frisk; <\/p>\n\n\n\n<p>2. Etter \u00e5 ha v\u00e6rt oppe sent og r\u00f8ykt, for \u00e5 redusere lukt i munnen og ta vare p\u00e5 tennenes helse; <\/p>\n\n\n\n<p>3. Ved spesielle anledninger, som bryllup, intervjuer osv., for \u00e5 holde pusten frisk; <\/p>\n\n\n\n<p>4. Etter behandling av munnsykdommer, for \u00e5 hjelpe til med \u00e5 rengj\u00f8re munnen. Rengj\u00f8r munnhulen.<\/p>\n\n\n\n<h2 class=\"wp-block-heading\">Hvem er klorheksidinglukonat munnskyll for<\/h2>\n\n\n\n<p>Klorheksidinglukonat munnskyll er egnet for et bredt spekter av mennesker, spesielt anbefalt for f\u00f8lgende forbrukere: <\/p>\n\n\n\n<p>1. personer som plages av lukt i munnen, som r\u00f8ykere og folk som ofte er oppe sent; <\/p>\n\n\n\n<p>2. personer med sensitive tenner, som trenger sk\u00e5nsom rengj\u00f8ring; <\/p>\n\n\n\n<p>3. Diabetespasienter, som har h\u00f8y risiko for periodontal sykdom, m\u00e5 v\u00e6re spesielt oppmerksomme p\u00e5 munnhygiene;<\/p>\n\n\n\n<p> 4. forbrukere som liker \u00e5 pr\u00f8ve nye munnpleieprodukter, liker klorheksidinglukonat munnskyll; <\/p>\n\n\n\n<p>5. forbrukere som liker \u00e5 pr\u00f8ve nye munnpleieprodukter. Forbrukere som liker \u00e5 pr\u00f8ve nye munnpleieprodukter og nyte munnhelsen som klorheksidinglukonatmunnskyll gir.<\/p>\n\n\n\n<h2 class=\"wp-block-heading\">Produksjonsprosess<\/h2>\n\n\n\n<p>For \u00e5 sikre kvaliteten p\u00e5 klorheksidinglukonat munnskyll, bruker vi f\u00f8lgende spesielle produksjonsprosess: <\/p>\n\n\n\n<p>1. Streng screening av r\u00e5varer av klorheksidinglukonat for \u00e5 sikre renhet og kvalitet; <\/p>\n\n\n\n<p>2. N\u00f8yaktig kontroll av mengden klorheksidinglukonat som tilsettes for \u00e5 sikre produktets sikkerhet og effektivitet; <\/p>\n\n\n\n<p>3. Bruk av lavtemperatur-blandingsteknologi for \u00e5 frigj\u00f8re aktiviteten til klorheksidinglukonat i sin helhet; <\/p>\n\n\n\n<p>4. Aseptisk fylling for \u00e5 sikre produktsikkerhet og hygiene; <\/p>\n\n\n\n<p>5. Full kvalitetskontroll for \u00e5 sikre at hver flaske med klorheksidinglukonatmunnskyll oppfyller den nasjonale standarden. <\/p>\n\n\n\n<p>Gjennom prosessen ovenfor gir vi deg et munnpleieprodukt av h\u00f8y kvalitet og med garanti.<\/p>","protected":false},"excerpt":{"rendered":"Common Formulas Chlorhexidine Gluconate Mouthwash&#8217;s core ingredient, Chlorhexidine Gluconate, is a broad-spectrum antimicrobial agent that can effectively inhibit the growth of bacteria in the mouth and prevent oral diseases. Chlorhexidine Gluconate is harmless and suitable for long-term use. In addition, chlorhexidine gluconate has a mild disinfecting effect, which can effectively remove oral odor and improve [&hellip;]","protected":false},"featured_media":673,"menu_order":0,"template":"","meta":[],"product-tag":[201,206,208,209,212,213,215],"products":[72],"class_list":["post-666","product","type-product","status-publish","has-post-thumbnail","hentry","product-tag-mouthwash-manufacturer","product-tag-mouthwash-companies","product-tag-mouthwash-suppliers","product-tag-chlorhexidine-gluconate-mouthwash-manufacturer","product-tag-mouthwash-contract-manufacturer","product-tag-antiseptic-mouthwashes-manufacturer","product-tag-chlorhexidine-mouthwash-manufacturer","products-mouthwash"],"acf":[],"_links":{"self":[{"href":"https:\/\/www.ruiqigo.com\/nb\/wp-json\/wp\/v2\/product\/666","targetHints":{"allow":["GET"]}}],"collection":[{"href":"https:\/\/www.ruiqigo.com\/nb\/wp-json\/wp\/v2\/product"}],"about":[{"href":"https:\/\/www.ruiqigo.com\/nb\/wp-json\/wp\/v2\/types\/product"}],"version-history":[{"count":0,"href":"https:\/\/www.ruiqigo.com\/nb\/wp-json\/wp\/v2\/product\/666\/revisions"}],"wp:featuredmedia":[{"embeddable":true,"href":"https:\/\/www.ruiqigo.com\/nb\/wp-json\/wp\/v2\/media\/673"}],"wp:attachment":[{"href":"https:\/\/www.ruiqigo.com\/nb\/wp-json\/wp\/v2\/media?parent=666"}],"wp:term":[{"taxonomy":"product-tag","embeddable":true,"href":"https:\/\/www.ruiqigo.com\/nb\/wp-json\/wp\/v2\/product-tag?post=666"},{"taxonomy":"products","embeddable":true,"href":"https:\/\/www.ruiqigo.com\/nb\/wp-json\/wp\/v2\/products?post=666"}],"curies":[{"name":"wp","href":"https:\/\/api.w.org\/{rel}","templated":true}]}}