{"id":682,"date":"2024-07-25T16:21:43","date_gmt":"2024-07-25T08:21:43","guid":{"rendered":"https:\/\/ruiqigo.com\/?post_type=product&#038;p=682"},"modified":"2025-09-03T15:22:15","modified_gmt":"2025-09-03T07:22:15","slug":"baking-soda-mouthwash","status":"publish","type":"product","link":"https:\/\/www.ruiqigo.com\/nb\/product\/baking-soda-mouthwash","title":{"rendered":"Munnskyll med natron"},"content":{"rendered":"<h2 class=\"wp-block-heading\">Vanlige formler<\/h2>\n\n\n\n<p><strong>Natriumbikarbonat<\/strong>, kjerneingrediensen i Natron-munnskyll, har en sk\u00e5nsom skrubbeeffekt som effektivt fjerner flekker og plakk fra tannoverflaten. Natriumbikarbonat kan ogs\u00e5 bidra til \u00e5 n\u00f8ytralisere munnsyrer og forbedre munnmilj\u00f8et, noe som bidrar til \u00e5 forhindre tannr\u00e5te og periodontal sykdom. I tillegg er natriumbikarbonat ufarlig for menneskekroppen og egnet for langvarig bruk.<\/p>\n\n\n\n<h2 class=\"wp-block-heading\">Gjeldende scenario<\/h2>\n\n\n\n<p>Munnskyll med natron er egnet for en rekke ulike tilfeller, spesielt for f\u00f8lgende anledninger: <\/p>\n\n\n\n<p>1. etter m\u00e5ltider, for effektivt \u00e5 rengj\u00f8re matrester og beskytte tennene; <\/p>\n\n\n\n<p>2. etter \u00e5 ha v\u00e6rt oppe hele natten og r\u00f8ykt, for \u00e5 redusere den d\u00e5rlige smaken i munnen og ta vare p\u00e5 tennenes helse; <\/p>\n\n\n\n<p>3. ved spesielle anledninger, som bryllup, intervjuer osv., for \u00e5 holde pusten frisk; <\/p>\n\n\n\n<p>4. etter behandling av munnsykdommer, for \u00e5 hjelpe til med \u00e5 rense munnhulen.<\/p>\n\n\n\n<h2 class=\"wp-block-heading\">Gjeldende populasjon<\/h2>\n\n\n\n<p>Natronmunnskyll er egnet for et bredt spekter av mennesker, spesielt anbefalt for f\u00f8lgende forbrukere: <\/p>\n\n\n\n<p>1. Personer med flekker p\u00e5 overflaten av tennene m\u00e5 v\u00e6re forsiktige for \u00e5 fjerne flekkene; <\/p>\n\n\n\n<p>2. personer med h\u00f8y surhetsgrad i munnen trenger \u00e5 forbedre det orale milj\u00f8et; <\/p>\n\n\n\n<p>3. Eldre mennesker m\u00e5 v\u00e6re forsiktige med \u00e5 rengj\u00f8re tennene for \u00e5 forhindre periodontal sykdom; <\/p>\n\n\n\n<p>4. barn og ten\u00e5ringer, for \u00e5 utvikle gode vaner for munnhygiene.<\/p>\n\n\n\n<h2 class=\"wp-block-heading\">Produksjonsprosess<\/h2>\n\n\n\n<p>For \u00e5 sikre kvaliteten p\u00e5 munnskyll med natron, bruker vi f\u00f8lgende spesielle produksjonsprosess: <\/p>\n\n\n\n<p>1. Streng screening av natriumbikarbonatr\u00e5varer for \u00e5 sikre renhet og kvalitet; <\/p>\n\n\n\n<p>2. presis kontroll av mengden natriumbikarbonat som tilsettes for \u00e5 sikre at produktet er sk\u00e5nsomt og dekontaminerende effekt; <\/p>\n\n\n\n<p>3. Bruk av lavtemperaturblandingsteknologi, full frigj\u00f8ring av natriumbikarbonatets aktivitet; <\/p>\n\n\n\n<p>4. aseptisk fylling for \u00e5 sikre at produktet er trygt og hygienisk; <\/p>\n\n\n\n<p>5. hele spekteret av kvalitetskontroll for \u00e5 sikre at hver flaske med munnskyll med natron er trygg og hygienisk. Kvalitetskontroll for \u00e5 sikre at hver flaske med munnskyll med natron oppfyller den nasjonale standarden. <\/p>\n\n\n\n<p>Gjennom prosessen ovenfor gir vi deg et munnpleieprodukt av h\u00f8y kvalitet og med god p\u00e5litelighet.<\/p>","protected":false},"excerpt":{"rendered":"Common Formulas Sodium bicarbonate, the core ingredient of Baking Soda Mouthwash, has a gentle scrubbing action that effectively removes stains and plaque from the surface of teeth. Sodium bicarbonate can also help neutralize oral acids and improve the oral environment, which helps prevent tooth decay and periodontal disease. In addition, sodium bicarbonate is harmless to [&hellip;]","protected":false},"featured_media":688,"menu_order":0,"template":"","meta":[],"product-tag":[201,206,207,208,211,212,216],"products":[72],"class_list":["post-682","product","type-product","status-publish","has-post-thumbnail","hentry","product-tag-mouthwash-manufacturer","product-tag-mouthwash-companies","product-tag-mouthwash-factory","product-tag-mouthwash-suppliers","product-tag-alkaline-mouthwash-manufacturer","product-tag-mouthwash-contract-manufacturer","product-tag-private-label-mouthwash-manufacturers","products-mouthwash"],"acf":[],"_links":{"self":[{"href":"https:\/\/www.ruiqigo.com\/nb\/wp-json\/wp\/v2\/product\/682","targetHints":{"allow":["GET"]}}],"collection":[{"href":"https:\/\/www.ruiqigo.com\/nb\/wp-json\/wp\/v2\/product"}],"about":[{"href":"https:\/\/www.ruiqigo.com\/nb\/wp-json\/wp\/v2\/types\/product"}],"version-history":[{"count":0,"href":"https:\/\/www.ruiqigo.com\/nb\/wp-json\/wp\/v2\/product\/682\/revisions"}],"wp:featuredmedia":[{"embeddable":true,"href":"https:\/\/www.ruiqigo.com\/nb\/wp-json\/wp\/v2\/media\/688"}],"wp:attachment":[{"href":"https:\/\/www.ruiqigo.com\/nb\/wp-json\/wp\/v2\/media?parent=682"}],"wp:term":[{"taxonomy":"product-tag","embeddable":true,"href":"https:\/\/www.ruiqigo.com\/nb\/wp-json\/wp\/v2\/product-tag?post=682"},{"taxonomy":"products","embeddable":true,"href":"https:\/\/www.ruiqigo.com\/nb\/wp-json\/wp\/v2\/products?post=682"}],"curies":[{"name":"wp","href":"https:\/\/api.w.org\/{rel}","templated":true}]}}