{"id":683,"date":"2024-07-25T16:08:00","date_gmt":"2024-07-25T08:08:00","guid":{"rendered":"https:\/\/ruiqigo.com\/?post_type=product&#038;p=683"},"modified":"2025-09-03T15:22:21","modified_gmt":"2025-09-03T07:22:21","slug":"antibiotic-mouthwash","status":"publish","type":"product","link":"https:\/\/www.ruiqigo.com\/nb\/product\/antibiotic-mouthwash","title":{"rendered":"Antibiotisk munnskyll"},"content":{"rendered":"<h2 class=\"wp-block-heading\">Vanlige formler<\/h2>\n\n\n\n<p>Kjerneingrediensene i antibiotisk munnskyll, <strong>PEG-40 hydrogenert ricinusolje<\/strong>, <strong>Peppermynteolje<\/strong> og <strong>Didecyldimetylammoniumklorid<\/strong>, er bredspektrede antimikrobielle midler som effektivt kan hemme bakterieveksten i munnhulen og forebygge sykdommer i munnen. PEG-40 hydrogenert ricinusolje og peppermynteolje har en mild desinfiserende effekt, som effektivt kan fjerne vond lukt og forbedre milj\u00f8et i munnhulen. Didecyldimetylammoniumklorid er ufarlig for menneskekroppen og egnet for langvarig bruk.<\/p>\n\n\n\n<h2 class=\"wp-block-heading\">Gjeldende scenarier<\/h2>\n\n\n\n<p>Antibiotisk munnskyll er egnet for en rekke tilfeller, spesielt for f\u00f8lgende anledninger: <\/p>\n\n\n\n<p>1. Bruk etter m\u00e5ltider for effektivt \u00e5 rengj\u00f8re matrester og holde pusten frisk; <\/p>\n\n\n\n<p>2. etter \u00e5 ha v\u00e6rt oppe hele natten og r\u00f8ykt, for \u00e5 redusere den d\u00e5rlige smaken i munnen og ta vare p\u00e5 tennenes helse; <\/p>\n\n\n\n<p>3. ved spesielle anledninger, som bryllup, intervjuer osv., for \u00e5 holde pusten frisk; <\/p>\n\n\n\n<p>4. etter behandling av munnsykdommer, for \u00e5 hjelpe til med \u00e5 rense munnhulen.<\/p>\n\n\n\n<h2 class=\"wp-block-heading\">Hvem er antibiotikamunnskyll for?<\/h2>\n\n\n\n<p>Antibiotisk munnskyll er egnet for et bredt spekter av mennesker, spesielt anbefalt for f\u00f8lgende forbrukere: <\/p>\n\n\n\n<p>1. Folk som er plaget av lukt i munnen, som r\u00f8ykere, er ofte oppe sent i forsamlingen; <\/p>\n\n\n\n<p>2. personer med sensitive tenner, behovet for en sk\u00e5nsom rengj\u00f8ring av mengden; <\/p>\n\n\n\n<p>3. Diabetespasienter m\u00e5, p\u00e5 grunn av h\u00f8y risiko for periodontal sykdom, v\u00e6re spesielt oppmerksomme p\u00e5 munnhelsetjenesten; <\/p>\n\n\n\n<p>4. liker \u00e5 pr\u00f8ve en ny type munnhelseprodukter som forbrukerne kan nyte! Antibiotisk munnskyll gir munnhelse.<\/p>\n\n\n\n<h2 class=\"wp-block-heading\">Produksjonsprosess<\/h2>\n\n\n\n<p>For \u00e5 sikre kvaliteten p\u00e5 antibiotisk munnskyll, bruker vi f\u00f8lgende spesielle produksjonsprosess: <\/p>\n\n\n\n<p>1. R\u00e5materialene til PEG-40 hydrogenert ricinusolje, peppermynteolje og didecyldimetylammoniumklorid skal screenes n\u00f8ye for \u00e5 sikre renhet og kvalitet; <\/p>\n\n\n\n<p>2. N\u00f8yaktig kontroll av mengden tilsatte r\u00e5varer for \u00e5 sikre at produktet er trygt og effektivt; <\/p>\n\n\n\n<p>3. Bruk av lavtemperatur-blandingsteknologi for \u00e5 frigj\u00f8re r\u00e5materialenes aktivitet fullt ut; <\/p>\n\n\n\n<p>4. Aseptisk fylling, for \u00e5 sikre at produktet er trygt og hygienisk;<\/p>\n\n\n\n<p>5. Full kvalitetskontroll for \u00e5 sikre at hver flaske med antibiotisk munnskyll oppfyller nasjonale standarder. Gjennom prosessen ovenfor gir vi deg et munnpleieprodukt av h\u00f8y kvalitet og som er p\u00e5litelig.<\/p>","protected":false},"excerpt":{"rendered":"Common Formulas The core ingredients of Antibiotic Mouthwash, PEG-40 Hydrogenated Castor Oil, Peppermint Oil and Didecyldimethylammonium Chloride, are broad-spectrum antimicrobial agents that can effectively inhibit the growth of bacteria in the oral cavity and prevent oral diseases. PEG-40 Hydrogenated Castor Oil and Peppermint Oil have a mild disinfectant effect, which can effectively remove bad odors [&hellip;]","protected":false},"featured_media":684,"menu_order":0,"template":"","meta":[],"product-tag":[201,206,207,208,212,213,214],"products":[72],"class_list":["post-683","product","type-product","status-publish","has-post-thumbnail","hentry","product-tag-mouthwash-manufacturer","product-tag-mouthwash-companies","product-tag-mouthwash-factory","product-tag-mouthwash-suppliers","product-tag-mouthwash-contract-manufacturer","product-tag-antiseptic-mouthwashes-manufacturer","product-tag-mouthwash-manufacturers-usa","products-mouthwash"],"acf":[],"_links":{"self":[{"href":"https:\/\/www.ruiqigo.com\/nb\/wp-json\/wp\/v2\/product\/683","targetHints":{"allow":["GET"]}}],"collection":[{"href":"https:\/\/www.ruiqigo.com\/nb\/wp-json\/wp\/v2\/product"}],"about":[{"href":"https:\/\/www.ruiqigo.com\/nb\/wp-json\/wp\/v2\/types\/product"}],"version-history":[{"count":0,"href":"https:\/\/www.ruiqigo.com\/nb\/wp-json\/wp\/v2\/product\/683\/revisions"}],"wp:featuredmedia":[{"embeddable":true,"href":"https:\/\/www.ruiqigo.com\/nb\/wp-json\/wp\/v2\/media\/684"}],"wp:attachment":[{"href":"https:\/\/www.ruiqigo.com\/nb\/wp-json\/wp\/v2\/media?parent=683"}],"wp:term":[{"taxonomy":"product-tag","embeddable":true,"href":"https:\/\/www.ruiqigo.com\/nb\/wp-json\/wp\/v2\/product-tag?post=683"},{"taxonomy":"products","embeddable":true,"href":"https:\/\/www.ruiqigo.com\/nb\/wp-json\/wp\/v2\/products?post=683"}],"curies":[{"name":"wp","href":"https:\/\/api.w.org\/{rel}","templated":true}]}}