{"id":693,"date":"2024-07-25T17:01:57","date_gmt":"2024-07-25T09:01:57","guid":{"rendered":"https:\/\/ruiqigo.com\/?post_type=product&#038;p=693"},"modified":"2024-11-01T14:20:14","modified_gmt":"2024-11-01T06:20:14","slug":"cinnamon-breath-spray","status":"publish","type":"product","link":"https:\/\/www.ruiqigo.com\/nb\/product\/cinnamon-breath-spray","title":{"rendered":"Kanelpustespray"},"content":{"rendered":"<h2 class=\"wp-block-heading\">Vanlige formler for produksjon av kanelpustespray<\/h2>\n\n\n\n<p>Kjerneingrediensene i Cinnamon Breath Spray, inkludert Melaleuca alternifolia-bladolje, tebladekstrakt, myrraolje og kanelolje, har en unik og forfriskende aroma. Disse ingrediensene kan effektivt hemme bakterieveksten i munnen og forebygge sykdommer i munnen. Tebladekstrakt, som er rikt p\u00e5 antioksidanter, kan effektivt fjerne lukt i munnen, mens myrraolje og kanelolje har sterke antibakterielle effekter som bidrar til \u00e5 forbedre det orale milj\u00f8et.<\/p>\n\n\n\n<h2 class=\"wp-block-heading\">Kanelpustespray aktuelle scenarier<\/h2>\n\n\n\n<p>Kanelpustespray kan brukes i en rekke tilfeller, spesielt i f\u00f8lgende tilfeller: <\/p>\n\n\n\n<p>1. etter m\u00e5ltider, for effektivt \u00e5 rengj\u00f8re matrester og holde pusten frisk; <\/p>\n\n\n\n<p>2. etter \u00e5 ha v\u00e6rt oppe hele natten og r\u00f8ykt, for \u00e5 redusere lukten i munnen og ta vare p\u00e5 tennenes helse; <\/p>\n\n\n\n<p>3. ved spesielle anledninger som bryllup, intervjuer osv., for \u00e5 holde pusten frisk; <\/p>\n\n\n\n<p>4. etter behandling av munnsykdommer, for \u00e5 hjelpe til med \u00e5 rense munnhulen.<\/p>\n\n\n\n<h2 class=\"wp-block-heading\">Hvem er Cinnamon Breath Spray egnet for<\/h2>\n\n\n\n<p>Kanelpustespray passer for et bredt spekter av mennesker, spesielt anbefalt for f\u00f8lgende forbrukere: <\/p>\n\n\n\n<p>1. personer som plages av lukt i munnen, som r\u00f8ykere og folk som ofte er oppe sent p\u00e5 kvelden; <\/p>\n\n\n\n<p>2. personer som har sensitive tenner og trenger en sk\u00e5nsom rengj\u00f8ring; <\/p>\n\n\n\n<p>3. diabetespasienter som har h\u00f8y risiko for periodontal sykdom og trenger \u00e5 v\u00e6re spesielt oppmerksomme p\u00e5 munnhygiene; <\/p>\n\n\n\n<p>4. forbrukere som liker \u00e5 pr\u00f8ve nye munnpleieprodukter og nyte fordelene med Cinnamon Breath Spray. Cinnamon Breath Spray gir munnhelse.<\/p>\n\n\n\n<h2 class=\"wp-block-heading\">Produksjonsprosess for kanelpustespray<\/h2>\n\n\n\n<p>Som en profesjonell produsent av kanelpustespray bruker vi f\u00f8lgende spesielle produksjonsprosess: <\/p>\n\n\n\n<p>1. R\u00e5materialene til Melaleuca alternifolia-bladolje, tebladekstrakt, myrraolje og kanelolje skal kontrolleres n\u00f8ye for \u00e5 sikre renhet og kvalitet; <\/p>\n\n\n\n<p>2. Kontroller mengden tilsatte r\u00e5varer n\u00f8yaktig for \u00e5 sikre at produktet er trygt og effektivt; <\/p>\n\n\n\n<p>3. Bruk av lavtemperaturblandingsteknologi for \u00e5 frigj\u00f8re r\u00e5materialenes aktivitet fullt ut; <\/p>\n\n\n\n<p>4. Aseptisk fylling for \u00e5 sikre at produktet er trygt og hygienisk;  <\/p>\n\n\n\n<p>5. Full kvalitetskontroll for \u00e5 sikre at hver flaske med kanelpustespray oppfyller nasjonale standarder. <\/p>\n\n\n\n<p>Gjennom prosessen ovenfor, som en verdig produsent av Cinnamon Breath spray, gir vi deg et produkt av h\u00f8y kvalitet og p\u00e5litelig munnpleie.<\/p>","protected":false},"excerpt":{"rendered":"Cinnamon Breath spray manufacturing common formulas The core ingredients of Cinnamon Breath Spray, including Melaleuca alternifolia leaf oil, tea leaf extract, myrrh oil and cinnamon oil, have a unique and refreshing aroma. These ingredients can effectively inhibit the growth of bacteria in the mouth and prevent oral diseases. Tea leaf extract, which is rich in [&hellip;]","protected":false},"featured_media":694,"menu_order":0,"template":"","meta":[],"product-tag":[],"products":[73],"class_list":["post-693","product","type-product","status-publish","has-post-thumbnail","hentry","products-breath-spray"],"acf":[],"_links":{"self":[{"href":"https:\/\/www.ruiqigo.com\/nb\/wp-json\/wp\/v2\/product\/693","targetHints":{"allow":["GET"]}}],"collection":[{"href":"https:\/\/www.ruiqigo.com\/nb\/wp-json\/wp\/v2\/product"}],"about":[{"href":"https:\/\/www.ruiqigo.com\/nb\/wp-json\/wp\/v2\/types\/product"}],"version-history":[{"count":0,"href":"https:\/\/www.ruiqigo.com\/nb\/wp-json\/wp\/v2\/product\/693\/revisions"}],"wp:featuredmedia":[{"embeddable":true,"href":"https:\/\/www.ruiqigo.com\/nb\/wp-json\/wp\/v2\/media\/694"}],"wp:attachment":[{"href":"https:\/\/www.ruiqigo.com\/nb\/wp-json\/wp\/v2\/media?parent=693"}],"wp:term":[{"taxonomy":"product-tag","embeddable":true,"href":"https:\/\/www.ruiqigo.com\/nb\/wp-json\/wp\/v2\/product-tag?post=693"},{"taxonomy":"products","embeddable":true,"href":"https:\/\/www.ruiqigo.com\/nb\/wp-json\/wp\/v2\/products?post=693"}],"curies":[{"name":"wp","href":"https:\/\/api.w.org\/{rel}","templated":true}]}}