{"id":702,"date":"2024-07-25T20:34:12","date_gmt":"2024-07-25T12:34:12","guid":{"rendered":"https:\/\/ruiqigo.com\/?post_type=product&#038;p=702"},"modified":"2025-09-03T15:21:59","modified_gmt":"2025-09-03T07:21:59","slug":"biotin-mouthwash","status":"publish","type":"product","link":"https:\/\/www.ruiqigo.com\/nb\/product\/biotin-mouthwash","title":{"rendered":"Biotin munnskyll"},"content":{"rendered":"<h2 class=\"wp-block-heading\">Vanlige formler<\/h2>\n\n\n\n<p>Biotin munnskylls kjerneingrediens, PEG-40 hydrogenert ricinusolje, har en mild desinfiserende effekt som effektivt kan fjerne lukt i munnen og forbedre munnmilj\u00f8et. <\/p>\n\n\n\n<p>Biotin er et vitamin B-kompleks som kan fremme reparasjon av munnslimhinnen, forbedre immunforsvaret og forebygge sykdommer i munnen. <\/p>\n\n\n\n<p>I tillegg kan jordb\u00e6r, appelsin, kanel, gr\u00f8nn te, mynte og andre smaker gi en frisk smak og bidra til \u00e5 lindre ubehag i munnen.<\/p>\n\n\n\n<h2 class=\"wp-block-heading\">Gjeldende scenarier<\/h2>\n\n\n\n<p>Biotin munnskyll kan brukes i en rekke tilfeller, spesielt i f\u00f8lgende tilfeller: <\/p>\n\n\n\n<p>1. etter m\u00e5ltider, for effektivt \u00e5 rengj\u00f8re matrester og holde pusten frisk; <\/p>\n\n\n\n<p>2. etter \u00e5 ha v\u00e6rt oppe hele natten og r\u00f8ykt, for \u00e5 lindre den vonde smaken i munnen og ta vare p\u00e5 tennenes helse; <\/p>\n\n\n\n<p>3. ved spesielle anledninger som bryllup, intervjuer osv., for \u00e5 holde pusten frisk; <\/p>\n\n\n\n<p>4. etter behandling av munnsykdommer, for \u00e5 hjelpe til med \u00e5 rense munnhulen.<\/p>\n\n\n\n<h2 class=\"wp-block-heading\">Hvem er Biotin Munnskyll for<\/h2>\n\n\n\n<p>Biotin munnskyll passer for et bredt spekter av mennesker, spesielt anbefalt for f\u00f8lgende forbrukere: <\/p>\n\n\n\n<p>1. personer som plages av lukt i munnen, som r\u00f8ykere og folk som ofte er oppe sent; <\/p>\n\n\n\n<p>2. personer som har sensitive tenner og trenger \u00e5 rengj\u00f8re dem sk\u00e5nsomt; <\/p>\n\n\n\n<p>3. personer med diabetes, som har h\u00f8y risiko for periodontal sykdom og trenger \u00e5 v\u00e6re spesielt oppmerksomme p\u00e5 munnhygiene; <\/p>\n\n\n\n<p>4. forbrukere som liker \u00e5 pr\u00f8ve nye munnpleieprodukter for \u00e5 nyte fordelene med munnhelse som Biotin Munnskyll gir; <\/p>\n\n\n\n<p>5. Forbrukere som liker \u00e5 pr\u00f8ve nye munnpleieprodukter for \u00e5 nyte fordelene med munnhelse som Biotin munnskyll gir. Munnskyll gir munnhelse.<\/p>\n\n\n\n<h2 class=\"wp-block-heading\">Produksjonsprosess<\/h2>\n\n\n\n<p>For \u00e5 sikre kvaliteten p\u00e5 Biotin munnskyll, bruker vi f\u00f8lgende spesielle produksjonsprosess: <\/p>\n\n\n\n<p>1. R\u00e5materialene til PEG-40 hydrogenert ricinusolje og biotin skal unders\u00f8kes n\u00f8ye for \u00e5 sikre renhet og kvalitet; <\/p>\n\n\n\n<p>2. Kontroller mengden tilsatte r\u00e5varer n\u00f8yaktig for \u00e5 sikre at produktet er trygt og effektivt; <\/p>\n\n\n\n<p>3. Ta i bruk lavtemperaturblandingsteknologi for \u00e5 frigj\u00f8re r\u00e5materialenes aktivitet fullt ut; <\/p>\n\n\n\n<p>4. Aseptisk fylling, for \u00e5 sikre at produktet er trygt og hygienisk; <\/p>\n\n\n\n<p>5. Full kvalitetskontroll for \u00e5 sikre at hver flaske med Biotin munnskyll oppfyller nasjonale standarder. Gjennom prosessen ovenfor gir vi deg et munnpleieprodukt av h\u00f8y kvalitet og et p\u00e5litelig produkt.<\/p>","protected":false},"excerpt":{"rendered":"Common Formulas Biotin Mouthwash&#8217;s core ingredient, PEG-40 Hydrogenated Castor Oil, has a mild disinfecting effect, which can effectively remove oral odor and improve the oral environment. Biotin is a vitamin B complex, which can promote the repair of oral mucosa, improve oral immunity and prevent oral diseases. In addition, strawberry, orange, cinnamon, green tea, mint [&hellip;]","protected":false},"featured_media":703,"menu_order":0,"template":"","meta":[],"product-tag":[201,206,208,211,212,216],"products":[72],"class_list":["post-702","product","type-product","status-publish","has-post-thumbnail","hentry","product-tag-mouthwash-manufacturer","product-tag-mouthwash-companies","product-tag-mouthwash-suppliers","product-tag-alkaline-mouthwash-manufacturer","product-tag-mouthwash-contract-manufacturer","product-tag-private-label-mouthwash-manufacturers","products-mouthwash"],"acf":[],"_links":{"self":[{"href":"https:\/\/www.ruiqigo.com\/nb\/wp-json\/wp\/v2\/product\/702","targetHints":{"allow":["GET"]}}],"collection":[{"href":"https:\/\/www.ruiqigo.com\/nb\/wp-json\/wp\/v2\/product"}],"about":[{"href":"https:\/\/www.ruiqigo.com\/nb\/wp-json\/wp\/v2\/types\/product"}],"version-history":[{"count":0,"href":"https:\/\/www.ruiqigo.com\/nb\/wp-json\/wp\/v2\/product\/702\/revisions"}],"wp:featuredmedia":[{"embeddable":true,"href":"https:\/\/www.ruiqigo.com\/nb\/wp-json\/wp\/v2\/media\/703"}],"wp:attachment":[{"href":"https:\/\/www.ruiqigo.com\/nb\/wp-json\/wp\/v2\/media?parent=702"}],"wp:term":[{"taxonomy":"product-tag","embeddable":true,"href":"https:\/\/www.ruiqigo.com\/nb\/wp-json\/wp\/v2\/product-tag?post=702"},{"taxonomy":"products","embeddable":true,"href":"https:\/\/www.ruiqigo.com\/nb\/wp-json\/wp\/v2\/products?post=702"}],"curies":[{"name":"wp","href":"https:\/\/api.w.org\/{rel}","templated":true}]}}