{"id":708,"date":"2024-07-25T20:42:48","date_gmt":"2024-07-25T12:42:48","guid":{"rendered":"https:\/\/ruiqigo.com\/?post_type=product&#038;p=708"},"modified":"2024-11-01T14:19:30","modified_gmt":"2024-11-01T06:19:30","slug":"xylitol-breath-spray","status":"publish","type":"product","link":"https:\/\/www.ruiqigo.com\/nb\/product\/xylitol-breath-spray","title":{"rendered":"Xylitol pustespray"},"content":{"rendered":"<h2 class=\"wp-block-heading\">Vanlige formler for produksjon av xylitol-pustespray<\/h2>\n\n\n\n<p>Kjerneingrediensen i Xylitol Breath Spray, xylitol, er et naturlig s\u00f8tningsmiddel med hullhemmende egenskaper. Xylitol hemmer veksten av kariesfremkallende bakterier i munnen og reduserer dannelsen av plakk, og reduserer dermed forekomsten av tannr\u00e5te. I tillegg kan xylitol gi en frisk smak, forbedre munnmilj\u00f8et og ta vare p\u00e5 tannhelsen.<\/p>\n\n\n\n<h2 class=\"wp-block-heading\">Gjeldende scenarier for Xylitol pustespray<\/h2>\n\n\n\n<p>Xylitol pustespray kan brukes i en rekke tilfeller, spesielt i f\u00f8lgende tilfeller: <\/p>\n\n\n\n<p>1. Rengj\u00f8r effektivt matrester etter m\u00e5ltider, hold pusten frisk; <\/p>\n\n\n\n<p>2. etter \u00e5 ha v\u00e6rt oppe sent, r\u00f8ykt, reduser den d\u00e5rlige smaken i munnen, ta vare p\u00e5 tennenes helse; <\/p>\n\n\n\n<p>3. spesielle anledninger, som bryllup, jobbintervjuer osv., for \u00e5 holde pusten frisk; <\/p>\n\n\n\n<p>4. etter behandling av munnsykdommer, for \u00e5 hjelpe til med \u00e5 rense munnhulen.<\/p>\n\n\n\n<h2 class=\"wp-block-heading\">Hvem er Xylitol \u00e5ndespray egnet for<\/h2>\n\n\n\n<p>Xylitol pustespray passer for et bredt spekter av mennesker, spesielt anbefalt for f\u00f8lgende forbrukere: <\/p>\n\n\n\n<p>1. personer som plages av lukt i munnen, som r\u00f8ykere og folk som ofte er oppe sent p\u00e5 kvelden; <\/p>\n\n\n\n<p>2. personer som har sensitive tenner og trenger en sk\u00e5nsom rengj\u00f8ring; <\/p>\n\n\n\n<p>3. diabetespasienter som har h\u00f8y risiko for periodontal sykdom og trenger \u00e5 v\u00e6re spesielt oppmerksomme p\u00e5 munnhygiene; <\/p>\n\n\n\n<p>4. Forbrukere som liker \u00e5 pr\u00f8ve nye munnpleieprodukter for \u00e5 nyte fordelene med produktet. Xylitol Breath Spray gir munnhelse.<\/p>\n\n\n\n<h2 class=\"wp-block-heading\">Produksjonsprosess for xylitol-pustespray<\/h2>\n\n\n\n<p>Som en verdig produsent av Xylitol-pustespray, bruker vi f\u00f8lgende spesielle produksjonsprosess: <\/p>\n\n\n\n<p>1. Streng screening av xylitolr\u00e5varer for \u00e5 sikre renhet og kvalitet; <\/p>\n\n\n\n<p>2. presis kontroll av mengden tilsatt xylitol for \u00e5 sikre produktets sikkerhet og effektivitet;<\/p>\n\n\n\n<p>3. bruk av lavtemperaturblandingsteknologi, full frigj\u00f8ring av xylitolaktiviteten; <\/p>\n\n\n\n<p>4. aseptisk fylling, for \u00e5 sikre at produktet er trygt og hygienisk; <\/p>\n\n\n\n<p>5. hele kvalitetskontrollprosessen. S\u00f8rg for at hver flaske med Xylitol pustespray oppfyller den nasjonale standarden.<\/p>\n\n\n\n<p>Gjennom prosessen ovenfor, som en profesjonell produsent av Xylitol-pustespray, gir vi deg et munnpleieprodukt av h\u00f8y kvalitet og p\u00e5litelighet.<\/p>","protected":false},"excerpt":{"rendered":"Xylitol breath spray manufacturing common formulas Xylitol Breath Spray&#8217;s core ingredient, xylitol, is a natural sweetener with anti-cavity properties. Xylitol inhibits the growth of caries-causing bacteria in the mouth and reduces the formation of plaque, thus reducing the incidence of tooth decay. In addition, xylitol can provide a fresh taste, improve the oral environment and [&hellip;]","protected":false},"featured_media":713,"menu_order":0,"template":"","meta":[],"product-tag":[],"products":[73],"class_list":["post-708","product","type-product","status-publish","has-post-thumbnail","hentry","products-breath-spray"],"acf":[],"_links":{"self":[{"href":"https:\/\/www.ruiqigo.com\/nb\/wp-json\/wp\/v2\/product\/708","targetHints":{"allow":["GET"]}}],"collection":[{"href":"https:\/\/www.ruiqigo.com\/nb\/wp-json\/wp\/v2\/product"}],"about":[{"href":"https:\/\/www.ruiqigo.com\/nb\/wp-json\/wp\/v2\/types\/product"}],"version-history":[{"count":0,"href":"https:\/\/www.ruiqigo.com\/nb\/wp-json\/wp\/v2\/product\/708\/revisions"}],"wp:featuredmedia":[{"embeddable":true,"href":"https:\/\/www.ruiqigo.com\/nb\/wp-json\/wp\/v2\/media\/713"}],"wp:attachment":[{"href":"https:\/\/www.ruiqigo.com\/nb\/wp-json\/wp\/v2\/media?parent=708"}],"wp:term":[{"taxonomy":"product-tag","embeddable":true,"href":"https:\/\/www.ruiqigo.com\/nb\/wp-json\/wp\/v2\/product-tag?post=708"},{"taxonomy":"products","embeddable":true,"href":"https:\/\/www.ruiqigo.com\/nb\/wp-json\/wp\/v2\/products?post=708"}],"curies":[{"name":"wp","href":"https:\/\/api.w.org\/{rel}","templated":true}]}}