{"id":10,"date":"2024-04-24T15:45:14","date_gmt":"2024-04-24T07:45:14","guid":{"rendered":"https:\/\/ruiqigo.com\/?page_id=10"},"modified":"2024-12-24T09:57:03","modified_gmt":"2024-12-24T01:57:03","slug":"service","status":"publish","type":"page","link":"https:\/\/www.ruiqigo.com\/pt\/service","title":{"rendered":"Servi\u00e7o"},"content":{"rendered":"<div class=\"wp-block-columns are-vertically-aligned-center mb-60 is-layout-flex wp-container-core-columns-is-layout-9d6595d7 wp-block-columns-is-layout-flex\">\n<div class=\"wp-block-column is-vertically-aligned-center is-layout-flow wp-block-column-is-layout-flow\" style=\"flex-basis:40%\">\n<figure class=\"wp-block-image size-full pr-40\"><img fetchpriority=\"high\" decoding=\"async\" width=\"1000\" height=\"667\" src=\"https:\/\/www.ruiqigo.com\/wp-content\/uploads\/2024\/07\/P4-2-S2-.jpg\" alt=\"servi\u00e7o\" class=\"wp-image-785\" srcset=\"https:\/\/www.ruiqigo.com\/wp-content\/uploads\/2024\/07\/P4-2-S2-.jpg 1000w, https:\/\/www.ruiqigo.com\/wp-content\/uploads\/2024\/07\/P4-2-S2--768x512.jpg 768w\" sizes=\"(max-width: 1000px) 100vw, 1000px\" \/><\/figure>\n<\/div>\n\n\n\n<div class=\"wp-block-column is-vertically-aligned-center is-layout-flow wp-block-column-is-layout-flow\" style=\"flex-basis:60%\">\n<h2 class=\"wp-block-heading\">Solu\u00e7\u00e3o completa, expectativa superada<\/h2>\n\n\n\n<div class=\"wp-block-columns mb-40 is-layout-flex wp-container-core-columns-is-layout-9d6595d7 wp-block-columns-is-layout-flex\">\n<div class=\"wp-block-column is-layout-flow wp-block-column-is-layout-flow\">\n<h3 class=\"wp-block-heading\">Unidade de Design<\/h3>\n\n\n\n<p>Equipe de especialistas em design<\/p>\n<\/div>\n\n\n\n<div class=\"wp-block-column is-layout-flow wp-block-column-is-layout-flow\">\n<h3 class=\"wp-block-heading\">V\u00e1rios materiais de embalagem<\/h3>\n\n\n\n<p>Mais de 6 tipos de op\u00e7\u00f5es<\/p>\n<\/div>\n<\/div>\n\n\n\n<div class=\"wp-block-columns mb-40 is-layout-flex wp-container-core-columns-is-layout-9d6595d7 wp-block-columns-is-layout-flex\">\n<div class=\"wp-block-column is-layout-flow wp-block-column-is-layout-flow\">\n<h3 class=\"wp-block-heading\">Molduras variadas<\/h3>\n\n\n\n<p>Ficar por dentro das tend\u00eancias<\/p>\n<\/div>\n\n\n\n<div class=\"wp-block-column is-layout-flow wp-block-column-is-layout-flow\">\n<h3 class=\"wp-block-heading\">Comunica\u00e7\u00e3o eficaz<\/h3>\n\n\n\n<p>Uma cadeia de suprimentos cooperativa<\/p>\n<\/div>\n<\/div>\n\n\n\n<div class=\"wp-block-columns is-layout-flex wp-container-core-columns-is-layout-9d6595d7 wp-block-columns-is-layout-flex\">\n<div class=\"wp-block-column is-layout-flow wp-block-column-is-layout-flow\">\n<h3 class=\"wp-block-heading\">Garantia de Qualidade<\/h3>\n\n\n\n<p>Equipamento especializado de controle de qualidade<\/p>\n<\/div>\n\n\n\n<div class=\"wp-block-column is-layout-flow wp-block-column-is-layout-flow\">\n<h3 class=\"wp-block-heading\">Servi\u00e7o de vendas satisfat\u00f3rio<\/h3>\n\n\n\n<p>Resposta em 8 horas<\/p>\n<\/div>\n<\/div>\n<\/div>\n<\/div>\n\n\n\n<h2 class=\"wp-block-heading\">Solu\u00e7\u00f5es adaptadas \u00e0s necessidades individuais<\/h2>\n\n\n\n<p>N\u00f3s ouvimos, analisamos e ajudamos nossos clientes a desenvolver um mercado mais amplo com qualidade de produto superior.<\/p>\n\n\n\n<div class=\"wp-block-columns mb-60 is-layout-flex wp-container-core-columns-is-layout-9d6595d7 wp-block-columns-is-layout-flex\">\n<div class=\"wp-block-column is-layout-flow wp-block-column-is-layout-flow\">\n<div class=\"wp-block-group pl-40 pr-40 pt-40 pb-40 has-white-color has-text-color has-background has-link-color wp-elements-89fe601cef7688092ae9c6d48f43f356\" style=\"background-color:#007f44\"><div class=\"wp-block-group__inner-container is-layout-constrained wp-block-group-is-layout-constrained\">\n<h3 class=\"wp-block-heading\">Adicionamos distin\u00e7\u00e3o \u00e0 sua marca<\/h3>\n\n\n\n<p>Em nossa f\u00e1brica de alta qualidade, aplicamos diversas cores, impress\u00e3o de superf\u00edcie e outras op\u00e7\u00f5es personalizadas para tornar seu logotipo e embalagem mais reconhec\u00edveis para cosm\u00e9ticos e cuidados com a pele de qualidade.<\/p>\n<\/div><\/div>\n<\/div>\n\n\n\n<div class=\"wp-block-column is-layout-flow wp-block-column-is-layout-flow\">\n<div class=\"wp-block-group pl-40 pr-40 pt-40 pb-40 has-background\" style=\"background-color:#007f44\"><div class=\"wp-block-group__inner-container is-layout-constrained wp-block-group-is-layout-constrained\">\n<h3 class=\"wp-block-heading has-white-color has-text-color has-link-color wp-elements-79e67b2ce6c99588385d2c8c46194a6b\">Prometemos qualidade para sua distribui\u00e7\u00e3o<\/h3>\n\n\n\n<p class=\"has-white-color has-text-color has-link-color wp-elements-b964fd86f34e6f5a1022559ebd826640\">Nossos equipamentos de produ\u00e7\u00e3o di\u00e1ria de produtos qu\u00edmicos altamente eficientes e automatizados nos permitem acompanhar as tend\u00eancias do mercado e garantir que grandes pedidos possam ser entregues em tempo h\u00e1bil.<\/p>\n<\/div><\/div>\n<\/div>\n<\/div>\n\n\n\n<h2 class=\"wp-block-heading\">Servi\u00e7o atencioso para economizar seu precioso tempo<\/h2>\n\n\n\n<p>Somos especialistas em fazer o seu neg\u00f3cio prosperar, elaborando estrat\u00e9gias de solu\u00e7\u00f5es e oferecendo consultoria especializada. Embalagens cosm\u00e9ticas de qualidade podem economizar consider\u00e1veis custos iniciais de investimento, enquanto um servi\u00e7o pontual e atencioso pode economizar tempo e dinheiro ap\u00f3s a venda.<\/p>\n\n\n\n<div class=\"wp-block-columns mb-40 is-layout-flex wp-container-core-columns-is-layout-9d6595d7 wp-block-columns-is-layout-flex\">\n<div class=\"wp-block-column is-layout-flow wp-block-column-is-layout-flow\">\n<h2 class=\"wp-block-heading\">No.1<\/h2>\n\n\n\n<h4 class=\"wp-block-heading\">Consulta e Comunica\u00e7\u00e3o<\/h4>\n\n\n\n<p>Equipe de especialistas para resposta<\/p>\n<\/div>\n\n\n\n<div class=\"wp-block-column is-layout-flow wp-block-column-is-layout-flow\">\n<h2 class=\"wp-block-heading\">No.2<\/h2>\n\n\n\n<h4 class=\"wp-block-heading\">Fabrica\u00e7\u00e3o e Amostragem<\/h4>\n\n\n\n<p>Tecnologia moderna<\/p>\n<\/div>\n<\/div>\n\n\n\n<div class=\"wp-block-columns is-layout-flex wp-container-core-columns-is-layout-9d6595d7 wp-block-columns-is-layout-flex\">\n<div class=\"wp-block-column is-layout-flow wp-block-column-is-layout-flow\">\n<h2 class=\"wp-block-heading\">No.3<\/h2>\n\n\n\n<h4 class=\"wp-block-heading\">Produ\u00e7\u00e3o e Armazenamento<\/h4>\n\n\n\n<p>Excel\u00eancia em controle de qualidade<\/p>\n<\/div>\n\n\n\n<div class=\"wp-block-column is-layout-flow wp-block-column-is-layout-flow\">\n<h2 class=\"wp-block-heading\">No.4<\/h2>\n\n\n\n<h4 class=\"wp-block-heading\">Inspe\u00e7\u00e3o e Envio<\/h4>\n\n\n\n<p>Gest\u00e3o simplificada<\/p>\n<\/div>\n<\/div>","protected":false},"excerpt":{"rendered":"Solution Packed, Expectation Exceeded Design Unity Team of design experts Various Packing Materials Over 6 types of options Assorted Molding Staying on top of trends Effective Communication A cooperative supply chain Quality Assurance Specialized QC equipment Satisfactory Sales Service Response in 8 hours Solutions Tailored to Individual Needs We listen, analyze, and help our customers [&hellip;]","protected":false},"author":9,"featured_media":784,"parent":0,"menu_order":0,"comment_status":"closed","ping_status":"closed","template":"","meta":{"footnotes":""},"class_list":["post-10","page","type-page","status-publish","has-post-thumbnail","hentry"],"acf":[],"_links":{"self":[{"href":"https:\/\/www.ruiqigo.com\/pt\/wp-json\/wp\/v2\/pages\/10","targetHints":{"allow":["GET"]}}],"collection":[{"href":"https:\/\/www.ruiqigo.com\/pt\/wp-json\/wp\/v2\/pages"}],"about":[{"href":"https:\/\/www.ruiqigo.com\/pt\/wp-json\/wp\/v2\/types\/page"}],"author":[{"embeddable":true,"href":"https:\/\/www.ruiqigo.com\/pt\/wp-json\/wp\/v2\/users\/9"}],"replies":[{"embeddable":true,"href":"https:\/\/www.ruiqigo.com\/pt\/wp-json\/wp\/v2\/comments?post=10"}],"version-history":[{"count":0,"href":"https:\/\/www.ruiqigo.com\/pt\/wp-json\/wp\/v2\/pages\/10\/revisions"}],"wp:featuredmedia":[{"embeddable":true,"href":"https:\/\/www.ruiqigo.com\/pt\/wp-json\/wp\/v2\/media\/784"}],"wp:attachment":[{"href":"https:\/\/www.ruiqigo.com\/pt\/wp-json\/wp\/v2\/media?parent=10"}],"curies":[{"name":"wp","href":"https:\/\/api.w.org\/{rel}","templated":true}]}}