{"id":63,"date":"2024-04-26T00:53:00","date_gmt":"2024-04-25T16:53:00","guid":{"rendered":"https:\/\/ruiqigo.com\/?page_id=63"},"modified":"2026-04-21T15:33:54","modified_gmt":"2026-04-21T07:33:54","slug":"terms-conditions","status":"publish","type":"page","link":"https:\/\/www.ruiqigo.com\/pt\/terms-conditions","title":{"rendered":"Termos e Condi\u00e7\u00f5es"},"content":{"rendered":"<p>Estes Termos e Condi\u00e7\u00f5es de Uso (doravante \u201cTermos de Uso\u201d) aplicam-se aos websites \u2014 www.ruiqigo.com \u2014 (coletivamente, o \u201cWebsite RuiqiGO\u201d), que s\u00e3o propriedade e operados pela 3TOP, Inc. (doravante \u201cRuiqiGO\u201d). Estes Termos de Uso, juntamente com nossa Pol\u00edtica de Privacidade e Pol\u00edtica de Cookies, formam um acordo (doravante \u201cAcordo\u201d) entre voc\u00ea, o usu\u00e1rio final, e a RuiqiGO.<\/p>\n\n\n\n<p>O uso do site RuiqiGO est\u00e1 condicionado \u00e0 sua aceita\u00e7\u00e3o, sem modifica\u00e7\u00f5es, dos termos, condi\u00e7\u00f5es e avisos contidos neste Contrato. Ao acessar, usar, baixar, visualizar e\/ou instalar qualquer Conte\u00fado do Site ou Servi\u00e7os oferecidos no site RuiqiGO, voc\u00ea reconhece que leu este Contrato na \u00edntegra, que o compreende e que concorda com os Termos de Uso, a Pol\u00edtica de Privacidade e a Pol\u00edtica de Cookies contidos neste Contrato.<\/p>\n\n\n\n<p>Voc\u00ea tamb\u00e9m concorda que nenhuma declara\u00e7\u00e3o escrita ou oral feita pela RuiqiGO e seus distribuidores, agentes ou funcion\u00e1rios aumentar\u00e1 o escopo das se\u00e7\u00f5es de Garantia Limitada e Limita\u00e7\u00f5es de Responsabilidade estabelecidas abaixo neste Contrato.<\/p>\n\n\n\n<p>Ao utilizar o site da RuiqiGO, voc\u00ea concorda com os termos e condi\u00e7\u00f5es deste Contrato. Caso n\u00e3o concorde com os termos e condi\u00e7\u00f5es deste Contrato, n\u00e3o acesse o site da RuiqiGO nem utilize, baixe, salve, visualize ou instale qualquer Conte\u00fado ou Servi\u00e7o do Site.<\/p>\n\n\n\n<p>I. Defini\u00e7\u00f5es<br>\u201cInforma\u00e7\u00e3o Digital\u201d significa quaisquer dados acess\u00edveis a partir do site da RuiqiGO, incluindo, entre outros, textos, tabelas, planilhas, gr\u00e1ficos, documentos, imagens ou fotos, ou software contidos em arquivos digitais.<\/p>\n\n\n\n<p>\u201cConte\u00fado do Site\u201d significa informa\u00e7\u00f5es digitais que podem ser obtidas por meio de download, salvamento ou c\u00f3pia do site da RuiqiGO e que s\u00e3o posteriormente armazenadas, instaladas, executadas, utilizadas, visualizadas, editadas ou manipuladas por voc\u00ea, o usu\u00e1rio final. Tal Conte\u00fado do Site pode incluir termos e condi\u00e7\u00f5es adicionais, conforme estabelecido em um contrato separado que acompanha essas partes.<\/p>\n\n\n\n<p>\u201cServi\u00e7os do Site\u201d significa informa\u00e7\u00f5es digitais disponibilizadas a voc\u00ea, o usu\u00e1rio final, para baixar, salvar ou copiar do site da RuiqiGO.<\/p>\n\n\n\n<p>II. Modifica\u00e7\u00e3o<br>A RuiqiGO reserva-se o direito de alterar e modificar estes Termos de Uso a qualquer momento, com ou sem aviso pr\u00e9vio. Seu acesso ou uso cont\u00ednuo do Conte\u00fado do Site ou dos Servi\u00e7os do Site significa sua aceita\u00e7\u00e3o de quaisquer novos termos e condi\u00e7\u00f5es. Caso voc\u00ea discorde de qualquer novo termo ou condi\u00e7\u00e3o: (a) interrompa o acesso e o uso do Site da RuiqiGO e de todo o Conte\u00fado do Site e Servi\u00e7os do Site; e (b) devolva todo o Conte\u00fado do Site \u00e0 RuiqiGO ou destrua todo o Conte\u00fado do Site que estiver em sua posse ou sob seu controle.<\/p>\n\n\n\n<p>A RuiqiGO poder\u00e1 efetuar altera\u00e7\u00f5es a qualquer momento no Conte\u00fado do Site, no Servi\u00e7o do Site ou em quaisquer itens nele mencionados, sem aviso pr\u00e9vio, e n\u00e3o tem a obriga\u00e7\u00e3o de prestar suporte ou atualizar o Conte\u00fado do Site ou os Servi\u00e7os do Site.<\/p>\n\n\n\n<p>III. Conduta Proibida<br>O acesso e uso do site da RuiqiGO e do seu conte\u00fado s\u00e3o concedidos como uma licen\u00e7a, n\u00e3o como uma transfer\u00eancia de propriedade, e est\u00e3o estritamente limitados a fins informativos, n\u00e3o podendo ser utilizados para outros fins. Todos os direitos n\u00e3o expressamente concedidos neste documento s\u00e3o expressamente reservados \u00e0 RuiqiGO, e nenhum outro direito ser\u00e1 inferido. Sem preju\u00edzo do disposto acima, e salvo acordo em contr\u00e1rio por escrito com a RuiqiGO, voc\u00ea reconhece as seguintes restri\u00e7\u00f5es espec\u00edficas ao seu uso do site da RuiqiGO e do seu conte\u00fado:<\/p>\n\n\n\n<p>Voc\u00ea n\u00e3o pode copiar, modificar, alterar, adaptar, alugar, vender, distribuir, exibir publicamente, executar ou transferir qualquer parte do Conte\u00fado do Site ou das Informa\u00e7\u00f5es Digitais, criar quaisquer trabalhos derivados com base em qualquer parte do Conte\u00fado do Site ou das Informa\u00e7\u00f5es Digitais, ou usar qualquer parte do Conte\u00fado do Site ou das Informa\u00e7\u00f5es Digitais para qualquer finalidade comercial, exceto conforme disposto acima;<br>Voc\u00ea n\u00e3o poder\u00e1 obter ou tentar obter quaisquer materiais ou informa\u00e7\u00f5es por quaisquer meios que n\u00e3o sejam intencionalmente disponibilizados ou fornecidos atrav\u00e9s do site da RuiqiGO;<br>Voc\u00ea n\u00e3o poder\u00e1 tentar fazer engenharia reversa, descompilar ou desmontar qualquer Conte\u00fado do Site, Informa\u00e7\u00e3o Digital ou parte do Site RuiqiGO, nem introduzir quaisquer dispositivos ou materiais que sejam maliciosos ou tecnologicamente prejudiciais ao Site RuiqiGO, ao Conte\u00fado do Site ou \u00e0 Informa\u00e7\u00e3o Digital, tais como, mas n\u00e3o se limitando a, v\u00edrus, cavalos de Troia, worms e bombas l\u00f3gicas;<br>Voc\u00ea n\u00e3o pode incorporar nenhum Conte\u00fado do Site, Informa\u00e7\u00e3o Digital ou parte dele em quaisquer outros materiais, produtos ou servi\u00e7os, ou usar o Conte\u00fado do Site ou Informa\u00e7\u00e3o Digital para fins de produ\u00e7\u00e3o;<br>Voc\u00ea n\u00e3o pode remover, alterar ou ocultar qualquer legenda de propriedade, patente, marca registrada ou aviso de direitos autorais contido no site da RuiqiGO, no conte\u00fado do site ou nas informa\u00e7\u00f5es digitais;<br>Voc\u00ea n\u00e3o poder\u00e1 usar o site da RuiqiGO de nenhuma maneira que possa danificar, desativar, sobrecarregar ou prejudicar o site da RuiqiGO ou interferir no uso e aproveitamento do site da RuiqiGO por terceiros;<br>Voc\u00ea n\u00e3o poder\u00e1 tentar obter acesso n\u00e3o autorizado, interferir, danificar ou interromper qualquer parte do site RuiqiGO, os servidores nos quais o site RuiqiGO est\u00e1 armazenado ou qualquer servidor, computador ou banco de dados conectado ao site RuiqiGO, ou de qualquer outra forma tentar interferir no funcionamento adequado do site RuiqiGO;<br>Voc\u00ea n\u00e3o poder\u00e1 usar o site da RuiqiGO, o conte\u00fado do site ou as informa\u00e7\u00f5es digitais para qualquer finalidade que viole, de alguma forma, qualquer lei ou regulamento federal, estadual, local ou internacional aplic\u00e1vel (incluindo, sem limita\u00e7\u00e3o, quaisquer leis relativas \u00e0 exporta\u00e7\u00e3o de dados ou software de e para os EUA ou outros pa\u00edses), ou que seja proibida por este Contrato.<br>Voc\u00ea tamb\u00e9m concorda em envidar esfor\u00e7os razo\u00e1veis para impedir o uso, reprodu\u00e7\u00e3o, distribui\u00e7\u00e3o ou publica\u00e7\u00e3o n\u00e3o autorizados de qualquer Conte\u00fado do Site ou Informa\u00e7\u00e3o Digital. Qualquer uso, reprodu\u00e7\u00e3o, distribui\u00e7\u00e3o ou publica\u00e7\u00e3o n\u00e3o autorizados de Conte\u00fado do Site ou Informa\u00e7\u00e3o Digital \u00e9 proibido e constitui uma viola\u00e7\u00e3o deste Contrato.<\/p>\n\n\n\n<p>IV. Materiais fornecidos \u00e0 RuiqiGO<br>A RuiqiGO n\u00e3o reivindica a propriedade dos materiais que voc\u00ea fornece \u00e0 RuiqiGO (incluindo feedback e sugest\u00f5es) ou que voc\u00ea publica, carrega, insere ou envia para qualquer site da RuiqiGO ou seus servi\u00e7os associados (coletivamente, &quot;Contribui\u00e7\u00f5es&quot;). No entanto, ao publicar, carregar, inserir, fornecer ou enviar sua Contribui\u00e7\u00e3o, voc\u00ea concede \u00e0 RuiqiGO, suas empresas afiliadas e sublicenciadas necess\u00e1rias, permiss\u00e3o para usar sua Contribui\u00e7\u00e3o em conex\u00e3o com a opera\u00e7\u00e3o de seus neg\u00f3cios na Internet, incluindo, sem limita\u00e7\u00e3o, os direitos de: copiar, distribuir, transmitir, exibir publicamente, executar publicamente, reproduzir, editar, traduzir e reformatar sua Contribui\u00e7\u00e3o; e publicar seu nome em conex\u00e3o com sua Contribui\u00e7\u00e3o.<\/p>\n\n\n\n<p>Nenhuma compensa\u00e7\u00e3o ser\u00e1 paga em rela\u00e7\u00e3o ao uso do seu Conte\u00fado, conforme previsto neste documento. A RuiqiGO n\u00e3o tem obriga\u00e7\u00e3o de publicar ou usar qualquer Conte\u00fado que voc\u00ea possa fornecer e pode remover qualquer Conte\u00fado a qualquer momento, a seu exclusivo crit\u00e9rio.<\/p>\n\n\n\n<p>Ao publicar, carregar, inserir, fornecer ou enviar seu Envio, voc\u00ea garante e declara que possui ou controla todos os direitos sobre seu Envio, conforme descrito nesta se\u00e7\u00e3o, incluindo, sem limita\u00e7\u00e3o, direitos autorais e todos os direitos necess\u00e1rios para que voc\u00ea forne\u00e7a, publique, carregue, insira ou envie os Envios.<\/p>\n\n\n\n<p>V. Propriedade Intelectual e Propriedade<br>Voc\u00ea n\u00e3o possui direitos de propriedade sobre o site da RuiqiGO, qualquer Conte\u00fado do Site ou Informa\u00e7\u00e3o Digital. Voc\u00ea pode usar o Conte\u00fado do Site e a Informa\u00e7\u00e3o Digital desde que concorde e cumpra os termos deste Contrato. A RuiqiGO reserva-se todos os direitos, t\u00edtulos e interesses relativos ao Conte\u00fado do Site e \u00e0 Informa\u00e7\u00e3o Digital, incluindo todos os direitos de propriedade intelectual. Salvo disposi\u00e7\u00e3o expressa em contr\u00e1rio, a RuiqiGO n\u00e3o concede nenhum direito expresso ou impl\u00edcito sob quaisquer patentes, direitos autorais, marcas registradas ou outros direitos de propriedade intelectual da RuiqiGO por meio deste Contrato. Todos os direitos n\u00e3o expressamente concedidos por este Contrato s\u00e3o reservados \u00e0 RuiqiGO para seu uso e propriedade exclusivos.<\/p>\n\n\n\n<p>Todo o Conte\u00fado do Site e as Informa\u00e7\u00f5es Digitais est\u00e3o sujeitos \u00e0 prote\u00e7\u00e3o de direitos autorais pelas leis dos Estados Unidos e de outros pa\u00edses, al\u00e9m de disposi\u00e7\u00f5es de tratados internacionais. Baixar, copiar e modificar material protegido por direitos autorais sem a devida autoriza\u00e7\u00e3o pode ser uma viola\u00e7\u00e3o da lei de direitos autorais.<\/p>\n\n\n\n<p>RuiqiGO\u00ae e diversos nomes de produtos, marcas comerciais, nomes de servi\u00e7os, slogans e logotipos que aparecem no site da RuiqiGO s\u00e3o marcas registradas da RuiqiGO, sejam elas registradas ou n\u00e3o. As marcas e a identidade visual da RuiqiGO n\u00e3o podem ser usadas em conex\u00e3o com qualquer produto ou servi\u00e7o que n\u00e3o esteja relacionado \u00e0 RuiqiGO, de qualquer maneira que possa causar confus\u00e3o entre os clientes ou de qualquer maneira que deprecie ou desacredite a RuiqiGO. Voc\u00ea n\u00e3o deve usar essas marcas sem a pr\u00e9via autoriza\u00e7\u00e3o por escrito da RuiqiGO, a qual poder\u00e1 ser negada a crit\u00e9rio exclusivo da RuiqiGO.<\/p>\n\n\n\n<p>VI. Indeniza\u00e7\u00e3o<br>VOC\u00ca CONCORDA EM INDENIZAR, DEFENDER E ISENTAR A RuiqiGO, INCLUINDO SEUS DIRETORES, FUNCION\u00c1RIOS, AFILIADOS, LICENCIADORES, FORNECEDORES, PROVEDORES DE INFORMA\u00c7\u00d5ES E AGENTES, DE TODAS AS PERDAS, REIVINDICA\u00c7\u00d5ES, CONTRA-REIVINDICA\u00c7\u00d5ES, A\u00c7\u00d5ES JUDICIAIS, LIT\u00cdGIOS, RESPONSABILIDADES, DANOS, SENTEN\u00c7AS, PERDAS, DESPESAS, CUSTOS E TAXAS, INCLUINDO, SEM LIMITA\u00c7\u00c3O, HONOR\u00c1RIOS ADVOCAT\u00cdCIOS RAZO\u00c1VEIS E DESPESAS CORRESPONDENTES, RELACIONADOS A OU DECORRENTES DE: SEU USO OU INCAPACIDADE DE USAR O SITE DA RuiqiGO, O CONTE\u00daDO DO SITE E AS INFORMA\u00c7\u00d5ES DIGITAIS; QUALQUER ENVIO FEITO POR VOC\u00ca; QUALQUER VIOLA\u00c7\u00c3O DOS TERMOS DESTE CONTRATO OU DOS DIREITOS DE TERCEIROS POR VOC\u00ca; OU VIOLA\u00c7\u00c3O DE QUAISQUER LEIS, NORMAS OU REGULAMENTOS APLIC\u00c1VEIS POR VOC\u00ca, INCLUINDO CONDUTA NEGLIGENTE OU IL\u00cdCITA.<\/p>\n\n\n\n<p>VII. Isen\u00e7\u00e3o de responsabilidade e garantia limitada<br>AVISO LEGAL RELATIVO AO CONTE\u00daDO DO SITE, INFORMA\u00c7\u00d5ES DIGITAIS E SERVI\u00c7OS DO SITE: EXCETO CONFORME PREVISTO NESTE CONTRATO, EM NENHUMA HIP\u00d3TESE A RuiqiGO SER\u00c1 RESPONS\u00c1VEL POR QUALQUER REIVINDICA\u00c7\u00c3O DE QUALQUER NATUREZA, SOB QUALQUER TEORIA JUR\u00cdDICA, SEJA DIRETA OU INDIRETA, DECORRENTE DE OU RELACIONADA A:<\/p>\n\n\n\n<p>CONTE\u00daDO DO SITE, INFORMA\u00c7\u00d5ES DIGITAIS OU SERVI\u00c7OS DO SITE DISPONIBILIZADOS NO OU ATRAV\u00c9S DO SITE DA RuiqiGO, INCLUINDO ERROS OU OMISS\u00d5ES EM TAL CONTE\u00daDO DO SITE, INFORMA\u00c7\u00d5ES DIGITAIS OU SERVI\u00c7OS DO SITE; OU<br>PERDA OU DANO INCORRIDO COMO RESULTADO DO ACESSO, USO DO CONTE\u00daDO DO SITE, INFORMA\u00c7\u00d5ES DIGITAIS OU SERVI\u00c7OS DO SITE.<br>Na medida permitida pela legisla\u00e7\u00e3o aplic\u00e1vel, o conte\u00fado do site, as informa\u00e7\u00f5es digitais e os servi\u00e7os do site s\u00e3o fornecidos &quot;no estado em que se encontram&quot; e a RuiqiGO expressamente se isenta de todas as garantias de qualquer tipo, sejam expressas ou impl\u00edcitas, incluindo garantias impl\u00edcitas de comercializa\u00e7\u00e3o, qualidade satisfat\u00f3ria, adequa\u00e7\u00e3o a uma finalidade espec\u00edfica, titularidade e n\u00e3o viola\u00e7\u00e3o. A t\u00edtulo de exemplo e n\u00e3o de limita\u00e7\u00e3o, a RuiqiGO n\u00e3o garante que:<\/p>\n\n\n\n<p>O CONTE\u00daDO DO SITE, AS INFORMA\u00c7\u00d5ES DIGITAIS OU OS SERVI\u00c7OS DO SITE S\u00c3O OU SER\u00c3O FORNECIDOS DE FORMA ININTERRUPTA, OPORTUNA, SEGURA OU LIVRE DE ERROS;<br>O CONTE\u00daDO DO SITE, AS INFORMA\u00c7\u00d5ES DIGITAIS OU OS SERVI\u00c7OS DO SITE S\u00c3O OU SER\u00c3O COMPLETOS, PRECISOS, SEGUROS OU CONFI\u00c1VEIS;<br>O CONTE\u00daDO DO SITE, AS INFORMA\u00c7\u00d5ES DIGITAIS OU OS SERVI\u00c7OS DO SITE EST\u00c3O OU ESTAR\u00c3O LIVRES DE V\u00cdRUS OU OUTROS COMPONENTES NOCIVOS; OU<br>O CONTE\u00daDO DO SITE, AS INFORMA\u00c7\u00d5ES DIGITAIS OU OS SERVI\u00c7OS DO SITE ATENDER\u00c3O A QUALQUER UM DOS SEUS REQUISITOS.<br>ESTA ISEN\u00c7\u00c3O DE RESPONSABILIDADE \u00c9 PRETENDIDA PELAS PARTES PARA TER PRECED\u00caNCIA SOBRE QUALQUER DISPOSI\u00c7\u00c3O DE GARANTIA ESTADUAL, UCC OU QUALQUER DISPOSI\u00c7\u00c3O DE GARANTIA IMPL\u00cdCITA SIMILAR.<\/p>\n\n\n\n<p>VIII. Limita\u00e7\u00f5es de Responsabilidade<br>Na m\u00e1xima extens\u00e3o permitida por lei, a 3TOP n\u00e3o ter\u00e1 qualquer obriga\u00e7\u00e3o ou responsabilidade perante voc\u00ea pelo site RuiqiGO, conte\u00fado do site, informa\u00e7\u00f5es digitais ou servi\u00e7os do site (seja decorrente de contrato, garantia, ato il\u00edcito, incluindo neglig\u00eancia, responsabilidade pelo produto, viola\u00e7\u00e3o de direitos autorais ou outra a\u00e7\u00e3o sob a lei ou equidade) por quaisquer danos ou responsabilidades diretos, incidentais, indiretos, especiais, consequenciais ou punitivos (incluindo, sem limita\u00e7\u00e3o, perda de dados, perda de receita, perda de lucro, perda de neg\u00f3cios ou economias previstas, perda de uso, perda de reputa\u00e7\u00e3o ou outros) decorrentes ou relacionados ao seu uso ou ACESSO (OU INCAPACIDADE DE USAR OU ACESSAR) O SITE DA RuiqiGO, O CONTE\u00daDO DO SITE, AS INFORMA\u00c7\u00d5ES DIGITAIS OU OS SERVI\u00c7OS DO SITE. ESTA LIMITA\u00c7\u00c3O APLICA-SE A DANOS DECORRENTES DE, SEM LIMITA\u00c7\u00c3O:<\/p>\n\n\n\n<p>USO OU INCAPACIDADE DE ACESSAR OU USAR O CONTE\u00daDO DO SITE, INFORMA\u00c7\u00d5ES DIGITAIS OU SERVI\u00c7OS DO SITE;<br>CUSTO DE AQUISI\u00c7\u00c3O DE BENS E SERVI\u00c7OS SUBSTITUTOS;<br>ACESSO N\u00c3O AUTORIZADO OU ALTERA\u00c7\u00c3O DE SUAS TRANSMISS\u00d5ES POR TERCEIROS;<br>CONTE\u00daDO DE TERCEIROS DISPONIBILIZADO A VOC\u00ca ATRAV\u00c9S DO SITE DA RuiqiGO; OU<br>QUALQUER OUTRO ASSUNTO RELACIONADO AO CONTE\u00daDO DO SITE, INFORMA\u00c7\u00d5ES DIGITAIS OU SERVI\u00c7OS DO SITE.<br>ALGUNS ESTADOS N\u00c3O PERMITEM A EXCLUS\u00c3O OU LIMITA\u00c7\u00c3O DE DANOS INCIDENTAIS OU CONSEQUENCIAIS, PORTANTO, A LIMITA\u00c7\u00c3O OU EXCLUS\u00c3O ACIMA PODE N\u00c3O SE APLICAR A VOC\u00ca. ESTA GARANTIA LHE CONFERE DIREITOS LEGAIS ESPEC\u00cdFICOS, E VOC\u00ca PODE TER OUTROS DIREITOS QUE VARIAM DE ESTADO PARA ESTADO.<\/p>\n\n\n\n<p>IX. Rescis\u00e3o<br>A RuiqiGO poder\u00e1, a seu exclusivo crit\u00e9rio, encerrar seu uso ou acesso ao Conte\u00fado do Site, \u00e0s Informa\u00e7\u00f5es Digitais ou aos Servi\u00e7os do Site, e remover e descartar qualquer Conte\u00fado do Site, Informa\u00e7\u00e3o Digital ou Servi\u00e7os do Site a qualquer momento, sem aviso pr\u00e9vio, por qualquer motivo, incluindo, entre outros, condutas que violem estes Termos de Uso ou outras pol\u00edticas ou diretrizes estabelecidas pela RuiqiGO em outras partes dos Servi\u00e7os do Site, Informa\u00e7\u00f5es Digitais ou Conte\u00fado do Site. Em nenhuma hip\u00f3tese a RuiqiGO ser\u00e1 responsabilizada perante voc\u00ea ou qualquer terceiro pelo encerramento do seu uso ou acesso ao Conte\u00fado do Site, \u00e0s Informa\u00e7\u00f5es Digitais ou aos Servi\u00e7os do Site.<\/p>\n\n\n\n<p>X. Escolha da Lei<br>Qualquer disputa decorrente ou relacionada a este contrato ser\u00e1 regida pela lei da Comunidade da Pensilv\u00e2nia, excluindo suas regras de conflito de leis. Os tribunais estaduais e federais da Pensilv\u00e2nia s\u00e3o o foro exclusivo para resolver quaisquer disputas decorrentes ou relacionadas a estes Termos de Uso ou a este Contrato. Seu consentimento para a jurisdi\u00e7\u00e3o pessoal e o foro dos tribunais estaduais e federais da Pensilv\u00e2nia \u00e9 fornecido pelo seu uso ou acesso ao Conte\u00fado do Site, \u00e0s Informa\u00e7\u00f5es Digitais ou aos Servi\u00e7os do Site.<\/p>\n\n\n\n<p>XI. Divisibilidade<br>Se qualquer disposi\u00e7\u00e3o deste Contrato for considerada nula, inexequ\u00edvel ou ilegal, essa disposi\u00e7\u00e3o ser\u00e1 considerada substitu\u00edda por uma disposi\u00e7\u00e3o v\u00e1lida e exequ\u00edvel que mais se aproxime da inten\u00e7\u00e3o da disposi\u00e7\u00e3o original e n\u00e3o afetar\u00e1 de forma alguma a validade ou exequibilidade das disposi\u00e7\u00f5es restantes.<\/p>","protected":false},"excerpt":{"rendered":"These Terms and Conditions of Use (hereinafter \u201cTerms of Use\u201d) apply to the websites \u2014 www.ruiqigo.com \u2014 (collectively, the \u201cRuiqiGO Website\u201d), which are owned and operated by 3TOP, Inc. (hereinafter \u201cRuiqiGO \u201d). These Terms of Use, together with our Privacy Policy and Cookie Policy, collectively form an agreement (hereinafter \u201cAgreement\u201d) between you, the end user, [&hellip;]","protected":false},"author":9,"featured_media":0,"parent":0,"menu_order":0,"comment_status":"closed","ping_status":"closed","template":"","meta":{"footnotes":""},"class_list":["post-63","page","type-page","status-publish","hentry"],"acf":[],"_links":{"self":[{"href":"https:\/\/www.ruiqigo.com\/pt\/wp-json\/wp\/v2\/pages\/63","targetHints":{"allow":["GET"]}}],"collection":[{"href":"https:\/\/www.ruiqigo.com\/pt\/wp-json\/wp\/v2\/pages"}],"about":[{"href":"https:\/\/www.ruiqigo.com\/pt\/wp-json\/wp\/v2\/types\/page"}],"author":[{"embeddable":true,"href":"https:\/\/www.ruiqigo.com\/pt\/wp-json\/wp\/v2\/users\/9"}],"replies":[{"embeddable":true,"href":"https:\/\/www.ruiqigo.com\/pt\/wp-json\/wp\/v2\/comments?post=63"}],"version-history":[{"count":0,"href":"https:\/\/www.ruiqigo.com\/pt\/wp-json\/wp\/v2\/pages\/63\/revisions"}],"wp:attachment":[{"href":"https:\/\/www.ruiqigo.com\/pt\/wp-json\/wp\/v2\/media?parent=63"}],"curies":[{"name":"wp","href":"https:\/\/api.w.org\/{rel}","templated":true}]}}