{"id":8,"date":"2024-04-24T15:41:08","date_gmt":"2024-04-24T07:41:08","guid":{"rendered":"https:\/\/ruiqigo.com\/?page_id=8"},"modified":"2026-04-21T15:36:12","modified_gmt":"2026-04-21T07:36:12","slug":"sustainability","status":"publish","type":"page","link":"https:\/\/www.ruiqigo.com\/pt\/sustainability","title":{"rendered":"Sustentabilidade"},"content":{"rendered":"<p>As ind\u00fastrias chinesas est\u00e3o focando na meta de &quot;carbono duplo&quot;, que visa reduzir as emiss\u00f5es de carbono e a polui\u00e7\u00e3o. Isso \u00e9 importante para tornar a economia e a sociedade mais sustent\u00e1veis e amigas do ambiente. A ind\u00fastria de cuidados di\u00e1rios com a pele tamb\u00e9m est\u00e1 trabalhando para alcan\u00e7ar esse objetivo. A RuiqiGO apoia a ideia de desenvolvimento sustent\u00e1vel e tem se destacado na economia de energia, na redu\u00e7\u00e3o de carbono e na prote\u00e7\u00e3o do meio ambiente. A RuiqiGO demonstra seu compromisso com a sustentabilidade de tr\u00eas maneiras principais: como cultiva suas mat\u00e9rias-primas, como opera suas f\u00e1bricas e as embalagens que utiliza. A abordagem da empresa inclui fornecimento sustent\u00e1vel, fabrica\u00e7\u00e3o ecologicamente correta e materiais de embalagem sustent\u00e1veis.<\/p>\n\n\n\n<h2 class=\"wp-block-heading has-text-align-center\"><strong>1. Base de produ\u00e7\u00e3o de mat\u00e9ria-prima<\/strong><\/h2>\n\n\n\n<h3 class=\"wp-block-heading\"><strong>Sele\u00e7\u00e3o de mat\u00e9rias-primas sustent\u00e1veis<\/strong><\/h3>\n\n\n\n<div class=\"wp-block-columns are-vertically-aligned-center mb-60 is-layout-flex wp-container-core-columns-is-layout-9d6595d7 wp-block-columns-is-layout-flex\">\n<div class=\"wp-block-column is-vertically-aligned-center is-layout-flow wp-block-column-is-layout-flow\">\n<figure class=\"wp-block-image size-full\"><img fetchpriority=\"high\" decoding=\"async\" width=\"800\" height=\"450\" src=\"https:\/\/www.ruiqigo.com\/wp-content\/uploads\/2024\/07\/7.jpg\" alt=\"\" class=\"wp-image-719\" srcset=\"https:\/\/www.ruiqigo.com\/wp-content\/uploads\/2024\/07\/7.jpg 800w, https:\/\/www.ruiqigo.com\/wp-content\/uploads\/2024\/07\/7-768x432.jpg 768w\" sizes=\"(max-width: 800px) 100vw, 800px\" \/><\/figure>\n<\/div>\n\n\n\n<div class=\"wp-block-column is-vertically-aligned-center is-layout-flow wp-block-column-is-layout-flow\">\n<p>A RuiqiGO prioriza mat\u00e9rias-primas certificadas e sustent\u00e1veis, como extratos vegetais org\u00e2nicos e ingredientes naturais, para reduzir o impacto negativo no meio ambiente. Um dos ingredientes representativos \u00e9 o \u00f3leo de ch\u00e1, que n\u00e3o \u00e9 apenas um \u00f3leo comest\u00edvel, mas tamb\u00e9m possui uma longa hist\u00f3ria no cuidado com a pele. O \u00f3leo de ch\u00e1 tem a capacidade de nutrir os cabelos e proteger o couro cabeludo. Rico em nutrientes, ele nutre os fios da raiz \u00e0s pontas, proporcionando um cuidado completo. Para muitas pessoas, o \u00f3leo de ch\u00e1 \u00e9 um produto natural para o cuidado capilar que vale a pena experimentar. H\u00e1 tamb\u00e9m o Extrato de Saponina do Ch\u00e1, um extrato vegetal natural derivado da torta de ch\u00e1 ap\u00f3s a extra\u00e7\u00e3o do \u00f3leo, que possui diversas propriedades antioxidantes e anti-inflamat\u00f3rias, tornando-o um \u00f3timo produto para tratamentos naturais.<\/p>\n<\/div>\n<\/div>\n\n\n\n<div class=\"wp-block-columns are-vertically-aligned-center mb-60 is-layout-flex wp-container-core-columns-is-layout-9d6595d7 wp-block-columns-is-layout-flex\">\n<div class=\"wp-block-column is-vertically-aligned-center is-layout-flow wp-block-column-is-layout-flow\">\n<p>A RuiqiGO utiliza saponina de ch\u00e1 em seus produtos, proveniente de sua pr\u00f3pria planta\u00e7\u00e3o. Essa planta\u00e7\u00e3o abrange 10.000 acres no condado de Yong Tai, pr\u00f3ximo a Fuzhou, capital da prov\u00edncia de Fujian. A RuiqiGO gerencia cuidadosamente a qualidade da planta de ch\u00e1 desde a origem e ajusta o processamento para uso na ind\u00fastria de cuidados com a pele. A grande planta\u00e7\u00e3o de ch\u00e1 da empresa \u00e9 bem administrada para garantir que as mat\u00e9rias-primas sejam puras e seguras. Com essa abordagem, a RuiqiGO consegue manter a qualidade das mat\u00e9rias-primas consistente e confi\u00e1vel.<\/p>\n<\/div>\n\n\n\n<div class=\"wp-block-column is-vertically-aligned-center is-layout-flow wp-block-column-is-layout-flow\">\n<figure class=\"wp-block-image size-full\"><img decoding=\"async\" width=\"800\" height=\"450\" src=\"https:\/\/www.ruiqigo.com\/wp-content\/uploads\/2024\/07\/5.jpg\" alt=\"\" class=\"wp-image-721\" srcset=\"https:\/\/www.ruiqigo.com\/wp-content\/uploads\/2024\/07\/5.jpg 800w, https:\/\/www.ruiqigo.com\/wp-content\/uploads\/2024\/07\/5-768x432.jpg 768w\" sizes=\"(max-width: 800px) 100vw, 800px\" \/><\/figure>\n<\/div>\n<\/div>\n\n\n\n<h3 class=\"wp-block-heading\"><strong>O modelo de plantio org\u00e2nico e ecologicamente correto<\/strong><\/h3>\n\n\n\n<div class=\"wp-block-columns are-vertically-aligned-center mb-60 is-layout-flex wp-container-core-columns-is-layout-9d6595d7 wp-block-columns-is-layout-flex\">\n<div class=\"wp-block-column is-vertically-aligned-center is-layout-flow wp-block-column-is-layout-flow\">\n<figure class=\"wp-block-image size-full\"><img decoding=\"async\" width=\"800\" height=\"450\" src=\"https:\/\/www.ruiqigo.com\/wp-content\/uploads\/2024\/07\/10.jpg\" alt=\"\" class=\"wp-image-723\" srcset=\"https:\/\/www.ruiqigo.com\/wp-content\/uploads\/2024\/07\/10.jpg 800w, https:\/\/www.ruiqigo.com\/wp-content\/uploads\/2024\/07\/10-768x432.jpg 768w\" sizes=\"(max-width: 800px) 100vw, 800px\" \/><\/figure>\n<\/div>\n\n\n\n<div class=\"wp-block-column is-vertically-aligned-center is-layout-flow wp-block-column-is-layout-flow\">\n<p>Na base da RuiqiGO, adotamos m\u00e9todos de cultivo org\u00e2nico e recusamos o uso de pesticidas e fertilizantes qu\u00edmicos. Deixamos as plantas crescerem sob a umidade natural da chuva, em harmonia com o solo e os microrganismos, garantindo a pureza e a seguran\u00e7a da mat\u00e9ria-prima. Ao mesmo tempo, a RuiqiGO se concentra na preserva\u00e7\u00e3o da biodiversidade e na prote\u00e7\u00e3o dos habitats onde todos os tipos de criaturas prosperam. Al\u00e9m da agricultura org\u00e2nica, a RuiqiGO tamb\u00e9m implementa ativamente sistemas avan\u00e7ados de irriga\u00e7\u00e3o com economia de \u00e1gua para minimizar o desperd\u00edcio, controlando com precis\u00e3o a quantidade de \u00e1gua e o tempo de irriga\u00e7\u00e3o. Tamb\u00e9m priorizamos o tratamento e a reciclagem de \u00e1guas residuais para garantir que cada gota de \u00e1gua seja utilizada em seu m\u00e1ximo potencial.<\/p>\n<\/div>\n<\/div>\n\n\n\n<h2 class=\"wp-block-heading has-text-align-center\"><strong>2. Planta de produ\u00e7\u00e3o<\/strong><\/h2>\n\n\n\n<div class=\"wp-block-columns are-vertically-aligned-center mb-60 is-layout-flex wp-container-core-columns-is-layout-9d6595d7 wp-block-columns-is-layout-flex\">\n<div class=\"wp-block-column is-vertically-aligned-center is-layout-flow wp-block-column-is-layout-flow\">\n<h3 class=\"wp-block-heading\"><strong>Economia de energia e melhoria da efici\u00eancia<\/strong><\/h3>\n\n\n\n<p>A RuiqiGO adota uma abordagem de produ\u00e7\u00e3o &quot;verde e respons\u00e1vel&quot;. Constru\u00edram uma grande f\u00e1brica ecologicamente correta com 40.000 metros quadrados, em um terreno industrial de 24 hectares, al\u00e9m de uma oficina limpa de alto padr\u00e3o. A empresa segue uma pol\u00edtica de &quot;economia de energia, sustentabilidade e prote\u00e7\u00e3o ambiental&quot;. A RuiqiGO utiliza equipamentos e linhas de produ\u00e7\u00e3o de \u00faltima gera\u00e7\u00e3o que atendem aos padr\u00f5es GMP, os mesmos usados na fabrica\u00e7\u00e3o de medicamentos. Em sua f\u00e1brica, onde produzem xampu e outros produtos, a emiss\u00e3o de gases \u00e9 muito menor do que a exigida pelos padr\u00f5es nacionais da China. Isso permite economizar mais de 600 metros c\u00fabicos de g\u00e1s natural por dia e mais de 600.000 RMB em custos de g\u00e1s anualmente.<\/p>\n<\/div>\n\n\n\n<div class=\"wp-block-column is-vertically-aligned-center is-layout-flow wp-block-column-is-layout-flow\">\n<figure class=\"wp-block-image size-full\"><img loading=\"lazy\" decoding=\"async\" width=\"800\" height=\"450\" src=\"https:\/\/www.ruiqigo.com\/wp-content\/uploads\/2024\/07\/11.jpg\" alt=\"\" class=\"wp-image-726\" srcset=\"https:\/\/www.ruiqigo.com\/wp-content\/uploads\/2024\/07\/11.jpg 800w, https:\/\/www.ruiqigo.com\/wp-content\/uploads\/2024\/07\/11-768x432.jpg 768w\" sizes=\"(max-width: 800px) 100vw, 800px\" \/><\/figure>\n<\/div>\n<\/div>\n\n\n\n<div class=\"wp-block-columns are-vertically-aligned-center mb-60 is-layout-flex wp-container-core-columns-is-layout-9d6595d7 wp-block-columns-is-layout-flex\">\n<div class=\"wp-block-column is-vertically-aligned-center is-layout-flow wp-block-column-is-layout-flow\">\n<figure class=\"wp-block-image size-full\"><img loading=\"lazy\" decoding=\"async\" width=\"800\" height=\"450\" src=\"https:\/\/www.ruiqigo.com\/wp-content\/uploads\/2024\/07\/3.jpg\" alt=\"\" class=\"wp-image-728\" srcset=\"https:\/\/www.ruiqigo.com\/wp-content\/uploads\/2024\/07\/3.jpg 800w, https:\/\/www.ruiqigo.com\/wp-content\/uploads\/2024\/07\/3-768x432.jpg 768w\" sizes=\"(max-width: 800px) 100vw, 800px\" \/><\/figure>\n<\/div>\n\n\n\n<div class=\"wp-block-column is-vertically-aligned-center is-layout-flow wp-block-column-is-layout-flow\">\n<h3 class=\"wp-block-heading\"><strong>Uso de energia limpa<\/strong><strong><\/strong><\/h3>\n\n\n\n<p>Ao instalar dois conjuntos de sistemas de gera\u00e7\u00e3o de energia fotovoltaica, a RuiqiGO utiliza energia limpa e reduz o consumo de eletricidade, alcan\u00e7ando assim alta efici\u00eancia e economia de energia na produ\u00e7\u00e3o. A gera\u00e7\u00e3o de eletricidade com energia fotovoltaica n\u00e3o s\u00f3 reduz significativamente a depend\u00eancia de fontes de energia tradicionais, como tamb\u00e9m diminui consideravelmente as emiss\u00f5es de carbono, contribuindo para a prote\u00e7\u00e3o ambiental do planeta.<\/p>\n<\/div>\n<\/div>\n\n\n\n<div class=\"wp-block-columns are-vertically-aligned-center mb-60 is-layout-flex wp-container-core-columns-is-layout-9d6595d7 wp-block-columns-is-layout-flex\">\n<div class=\"wp-block-column is-vertically-aligned-center is-layout-flow wp-block-column-is-layout-flow\">\n<h3 class=\"wp-block-heading\"><strong>Processo Verde<\/strong><strong><\/strong><\/h3>\n\n\n\n<p>A RuiqiGO est\u00e1 constantemente explorando processos de produ\u00e7\u00e3o sustent\u00e1veis para alcan\u00e7ar metas ambientais espec\u00edficas. Por exemplo, rejeitando microesferas de pl\u00e1stico. Produtos de higiene pessoal de uso di\u00e1rio frequentemente cont\u00eam grandes quantidades de microesferas de pl\u00e1stico, que s\u00e3o part\u00edculas pl\u00e1sticas menores que 2 mil\u00edmetros. Por serem min\u00fasculas, quando usamos produtos de higiene pessoal com microesferas de pl\u00e1stico, essas part\u00edculas v\u00e3o pelo ralo, passam pelas esta\u00e7\u00f5es de tratamento de \u00e1gua e acabam no oceano. Peixes e crust\u00e1ceos as ingerem, e ent\u00e3o elas se tornam parte da nossa alimenta\u00e7\u00e3o e at\u00e9 mesmo do nosso organismo. Em 2015, um grupo europeu que trabalha com cosm\u00e9ticos e produtos de higiene pessoal afirmou que as empresas deveriam parar de usar microesferas de pl\u00e1stico em seus produtos por iniciativa pr\u00f3pria.<\/p>\n<\/div>\n\n\n\n<div class=\"wp-block-column is-vertically-aligned-center is-layout-flow wp-block-column-is-layout-flow\">\n<figure class=\"wp-block-image size-full\"><img loading=\"lazy\" decoding=\"async\" width=\"800\" height=\"450\" src=\"https:\/\/www.ruiqigo.com\/wp-content\/uploads\/2024\/07\/6.jpg\" alt=\"\" class=\"wp-image-741\" srcset=\"https:\/\/www.ruiqigo.com\/wp-content\/uploads\/2024\/07\/6.jpg 800w, https:\/\/www.ruiqigo.com\/wp-content\/uploads\/2024\/07\/6-768x432.jpg 768w\" sizes=\"(max-width: 800px) 100vw, 800px\" \/><\/figure>\n<\/div>\n<\/div>\n\n\n\n<p>H\u00e1 algum tempo, a RuiqiGO fabrica produtos para cuidados com a pele e sabonetes l\u00edquidos com ingredientes naturais em vez de microesferas de pl\u00e1stico. Eles utilizam ingredientes como nozes, am\u00eandoas e caro\u00e7os de azeitona, pois s\u00e3o ideais para a produ\u00e7\u00e3o de cosm\u00e9ticos e limpam suavemente sem agredir a pele. A RuiqiGO transforma esses ingredientes em esfoliantes naturais para substituir as microesferas de pl\u00e1stico. Al\u00e9m disso, os ingredientes naturais podem, \u00e0s vezes, deixar os produtos com uma apar\u00eancia mais escura, mas a RuiqiGO resolve isso adicionando corantes claros, como o di\u00f3xido de tit\u00e2nio. Essa solu\u00e7\u00e3o \u00e9 segura e n\u00e3o irrita a pele. A RuiqiGO tamb\u00e9m utiliza um tipo especial de amido de milho, um pouco mais \u00e1spero. Ele limpa bem, n\u00e3o arranha e se decomp\u00f5e facilmente, o que \u00e9 bom para o meio ambiente.<\/p>\n\n\n\n<div class=\"wp-block-columns are-vertically-aligned-center mb-60 is-layout-flex wp-container-core-columns-is-layout-9d6595d7 wp-block-columns-is-layout-flex\">\n<div class=\"wp-block-column is-vertically-aligned-center is-layout-flow wp-block-column-is-layout-flow\">\n<figure class=\"wp-block-image size-full\"><img loading=\"lazy\" decoding=\"async\" width=\"800\" height=\"450\" src=\"https:\/\/www.ruiqigo.com\/wp-content\/uploads\/2024\/07\/12.jpg\" alt=\"\" class=\"wp-image-733\" srcset=\"https:\/\/www.ruiqigo.com\/wp-content\/uploads\/2024\/07\/12.jpg 800w, https:\/\/www.ruiqigo.com\/wp-content\/uploads\/2024\/07\/12-768x432.jpg 768w\" sizes=\"(max-width: 800px) 100vw, 800px\" \/><\/figure>\n<\/div>\n\n\n\n<div class=\"wp-block-column is-vertically-aligned-center is-layout-flow wp-block-column-is-layout-flow\">\n<h3 class=\"wp-block-heading\"><strong>Reciclagem de \u00e1guas residuais e g\u00e1s<\/strong><strong><\/strong><\/h3>\n\n\n\n<p>A RuiqiGO segue a ideia de &quot;miss\u00e3o verde, futuro limpo&quot; no tratamento de \u00e1guas residuais e gases. Implementaram sistemas para reciclar \u00e1guas residuais e purificar gases residuais em sua f\u00e1brica. O sistema de \u00e1guas residuais utiliza filtros de alta qualidade e processos especiais de purifica\u00e7\u00e3o para transformar a \u00e1gua contaminada, proveniente da produ\u00e7\u00e3o de diversos produtos, em \u00e1gua reutiliz\u00e1vel, o que \u00e9 melhor para o meio ambiente. Simultaneamente, o sistema de gases residuais utiliza m\u00e9todos sofisticados para purificar gases nocivos e torn\u00e1-los seguros. O sistema de \u00e1guas residuais consegue purificar 100 toneladas de \u00e1gua por dia, e o sistema de gases residuais reduz a emiss\u00e3o de gases qu\u00edmicos em 701 TP3T e a emiss\u00e3o de CO2 em outras 301 TP3T para cada produto fabricado. Al\u00e9m disso, a RuiqiGO se preocupa com a forma como utiliza e descarta mat\u00e9rias-primas e produtos qu\u00edmicos. Possuem um sistema para armazen\u00e1-los e separ\u00e1-los, e trabalham em parceria com outra empresa para a reciclagem em tempo h\u00e1bil.<\/p>\n<\/div>\n<\/div>\n\n\n\n<h2 class=\"wp-block-heading has-text-align-center\"><strong>3. Materiais de embalagem ecol\u00f3gicos<\/strong><\/h2>\n\n\n\n<div class=\"wp-block-columns are-vertically-aligned-center mb-60 is-layout-flex wp-container-core-columns-is-layout-9d6595d7 wp-block-columns-is-layout-flex\">\n<div class=\"wp-block-column is-vertically-aligned-center is-layout-flow wp-block-column-is-layout-flow\">\n<h3 class=\"wp-block-heading\"><strong>Uso de materiais ecol\u00f3gicos premium:<\/strong><strong><\/strong><\/h3>\n\n\n\n<p>A RuiqiGO sabe que embalagens antigas podem prejudicar o meio ambiente, por isso utiliza materiais ecol\u00f3gicos. Eles usam pl\u00e1sticos biodegrad\u00e1veis para as embalagens de seus produtos. Esses pl\u00e1sticos se decomp\u00f5em facilmente na natureza e n\u00e3o prejudicam o meio ambiente nem as plantas. Os pl\u00e1sticos biodegrad\u00e1veis s\u00e3o uma escolha popular e comprovada para embalagens. Eles se decomp\u00f5em rapidamente com a ajuda de subst\u00e2ncias especiais que aceleram o processo. Voc\u00ea pode encontrar embalagens biodegrad\u00e1veis em sacolas, canudos e canetas. Desde 2020, a RuiqiGO trabalha em embalagens que podem ser recicladas ou se decomp\u00f5em na natureza. Eles criaram pequenos sach\u00eas de 10 a 12 ml, ideais para viagens, que fizeram muito sucesso na Europa e nos Estados Unidos.<\/p>\n<\/div>\n\n\n\n<div class=\"wp-block-column is-vertically-aligned-center is-layout-flow wp-block-column-is-layout-flow\">\n<figure class=\"wp-block-image size-full\"><img loading=\"lazy\" decoding=\"async\" width=\"800\" height=\"450\" src=\"https:\/\/www.ruiqigo.com\/wp-content\/uploads\/2024\/07\/9.jpg\" alt=\"\" class=\"wp-image-730\" srcset=\"https:\/\/www.ruiqigo.com\/wp-content\/uploads\/2024\/07\/9.jpg 800w, https:\/\/www.ruiqigo.com\/wp-content\/uploads\/2024\/07\/9-768x432.jpg 768w\" sizes=\"(max-width: 800px) 100vw, 800px\" \/><\/figure>\n<\/div>\n<\/div>\n\n\n\n<div class=\"wp-block-columns are-vertically-aligned-center mb-60 is-layout-flex wp-container-core-columns-is-layout-9d6595d7 wp-block-columns-is-layout-flex\">\n<div class=\"wp-block-column is-vertically-aligned-center is-layout-flow wp-block-column-is-layout-flow\">\n<figure class=\"wp-block-image size-full\"><img loading=\"lazy\" decoding=\"async\" width=\"800\" height=\"450\" src=\"https:\/\/www.ruiqigo.com\/wp-content\/uploads\/2024\/07\/8.jpg\" alt=\"\" class=\"wp-image-736\" srcset=\"https:\/\/www.ruiqigo.com\/wp-content\/uploads\/2024\/07\/8.jpg 800w, https:\/\/www.ruiqigo.com\/wp-content\/uploads\/2024\/07\/8-768x432.jpg 768w\" sizes=\"(max-width: 800px) 100vw, 800px\" \/><\/figure>\n<\/div>\n\n\n\n<div class=\"wp-block-column is-vertically-aligned-center is-layout-flow wp-block-column-is-layout-flow\">\n<h3 class=\"wp-block-heading\"><strong>Otimizar o design da embalagem<\/strong><strong><\/strong><\/h3>\n\n\n\n<p>A RuiqiGO tamb\u00e9m est\u00e1 trabalhando para melhorar as embalagens e reduzir o uso de materiais. Eles calculam exatamente quanto espa\u00e7o e peso seus produtos precisam para criar caixas menores e mais leves. Isso ajuda a manter os produtos seguros durante o transporte e tamb\u00e9m reduz o desperd\u00edcio. Por exemplo, a RuiqiGO criou uma nova caixa para uma marca de xampu. Ela tem um design atraente e economiza tinta, papel\u00e3o, enchimento e espa\u00e7o ocupado no transporte. Com as caixas antigas, era poss\u00edvel acomodar quatro unidades em uma caixa grande com uma imagem. A nova caixa possui um fundo especial que os funcion\u00e1rios da loja podem remover para manusear o xampu e exibi-lo na loja. O novo design utiliza muito menos material. Possui uma simples &quot;tampa de papel&quot; que se solta facilmente para proteger o xampu durante o transporte e n\u00e3o requer nenhuma impress\u00e3o. Essa embalagem aprimorada ajuda a economizar 67 toneladas de papel, significa que s\u00e3o necess\u00e1rios 52 caminh\u00f5es a menos para transportar o xampu e reduz o consumo de tinta em at\u00e9 80 toneladas por ano.<\/p>\n<\/div>\n<\/div>\n\n\n\n<p>Al\u00e9m disso, a RuiqiGO continua a aprimorar o novo design de bomba-prensa para outros produtos engarrafados e enlatados, economizando 8 toneladas de pl\u00e1stico por ano e 40 toneladas de caixas de papel\u00e3o externas por ano, otimizando o processo de embalagem. Os novos shampoos lan\u00e7ados economizaram cerca de 131.300 toneladas de materiais de embalagem por frasco, gra\u00e7as \u00e0 melhoria no design da tampa e do frasco.<\/p>\n\n\n\n<div class=\"wp-block-columns are-vertically-aligned-center mb-60 is-layout-flex wp-container-core-columns-is-layout-9d6595d7 wp-block-columns-is-layout-flex\">\n<div class=\"wp-block-column is-vertically-aligned-center is-layout-flow wp-block-column-is-layout-flow\">\n<h3 class=\"wp-block-heading\"><strong>Lan\u00e7ou uma estrat\u00e9gia de reciclagem de embalagens<\/strong><strong><\/strong><\/h3>\n\n\n\n<p>Pesquisas da Associa\u00e7\u00e3o Americana para o Avan\u00e7o da Ci\u00eancia (AAAS) mostram que cerca de 401.000 toneladas das mais de 400 milh\u00f5es de toneladas de pl\u00e1stico produzidas anualmente prov\u00eam de embalagens, e que essas embalagens pl\u00e1sticas geralmente s\u00e3o usadas apenas uma vez antes de serem descartadas. Em resposta, a RuiqiGO lan\u00e7ou um programa de reciclagem de embalagens para incentivar os consumidores a participarem de iniciativas ambientais. Os clientes podem levar frascos de cosm\u00e9ticos vazios a lojas participantes para reciclagem. Em troca, recebem uma amostra gr\u00e1tis de cosm\u00e9ticos. Isso ajuda as pessoas a coletarem e reciclarem mais frascos, reduzindo o lixo. Os frascos coletados ser\u00e3o transformados em novos produtos ou utilizados para gera\u00e7\u00e3o de energia.<\/p>\n<\/div>\n\n\n\n<div class=\"wp-block-column is-vertically-aligned-center is-layout-flow wp-block-column-is-layout-flow\">\n<figure class=\"wp-block-image size-full\"><img loading=\"lazy\" decoding=\"async\" width=\"800\" height=\"450\" src=\"https:\/\/www.ruiqigo.com\/wp-content\/uploads\/2024\/07\/2.jpg\" alt=\"\" class=\"wp-image-739\" srcset=\"https:\/\/www.ruiqigo.com\/wp-content\/uploads\/2024\/07\/2.jpg 800w, https:\/\/www.ruiqigo.com\/wp-content\/uploads\/2024\/07\/2-768x432.jpg 768w\" sizes=\"(max-width: 800px) 100vw, 800px\" \/><\/figure>\n<\/div>\n<\/div>\n\n\n\n<h2 class=\"wp-block-heading has-text-align-center\"><strong>Conclus\u00e3o<\/strong><strong><\/strong><\/h2>\n\n\n\n<p>A RuiqiGO entende que o desenvolvimento sustent\u00e1vel n\u00e3o \u00e9 apenas um slogan, mas tamb\u00e9m uma a\u00e7\u00e3o. Portanto, a RuiqiGO participa ativamente de diversas atividades de bem-estar p\u00fablico ambiental, defende o conceito de consumo verde e promove o desenvolvimento da ind\u00fastria em uma dire\u00e7\u00e3o mais ecol\u00f3gica e sustent\u00e1vel. Esperamos que, por meio de nossos esfor\u00e7os, mais pessoas compreendam e prestem aten\u00e7\u00e3o ao desenvolvimento sustent\u00e1vel e, juntas, contribuam para o futuro da Terra. Escolher nossos produtos qu\u00edmicos di\u00e1rios \u00e9 escolher cuidar da Terra e das futuras gera\u00e7\u00f5es. Vamos testemunhar um futuro mais verde e melhor!<\/p>","protected":false},"excerpt":{"rendered":"China&#8217;s industries are focusing on the &#8216;dual-carbon&#8217; goal, which aims to reduce carbon emissions and pollution. This is important for making the economy and society more environmentally friendly and sustainable. The daily skincare industry is also working towards this goal. RuiqiGO supports the idea of sustainable development and has done well in saving energy, reducing [&hellip;]","protected":false},"author":9,"featured_media":717,"parent":0,"menu_order":0,"comment_status":"closed","ping_status":"closed","template":"","meta":{"footnotes":""},"class_list":["post-8","page","type-page","status-publish","has-post-thumbnail","hentry"],"acf":[],"_links":{"self":[{"href":"https:\/\/www.ruiqigo.com\/pt\/wp-json\/wp\/v2\/pages\/8","targetHints":{"allow":["GET"]}}],"collection":[{"href":"https:\/\/www.ruiqigo.com\/pt\/wp-json\/wp\/v2\/pages"}],"about":[{"href":"https:\/\/www.ruiqigo.com\/pt\/wp-json\/wp\/v2\/types\/page"}],"author":[{"embeddable":true,"href":"https:\/\/www.ruiqigo.com\/pt\/wp-json\/wp\/v2\/users\/9"}],"replies":[{"embeddable":true,"href":"https:\/\/www.ruiqigo.com\/pt\/wp-json\/wp\/v2\/comments?post=8"}],"version-history":[{"count":0,"href":"https:\/\/www.ruiqigo.com\/pt\/wp-json\/wp\/v2\/pages\/8\/revisions"}],"wp:featuredmedia":[{"embeddable":true,"href":"https:\/\/www.ruiqigo.com\/pt\/wp-json\/wp\/v2\/media\/717"}],"wp:attachment":[{"href":"https:\/\/www.ruiqigo.com\/pt\/wp-json\/wp\/v2\/media?parent=8"}],"curies":[{"name":"wp","href":"https:\/\/api.w.org\/{rel}","templated":true}]}}