{"id":1034,"date":"2024-09-04T15:51:06","date_gmt":"2024-09-04T07:51:06","guid":{"rendered":"https:\/\/ruiqigo.com\/?post_type=product&#038;p=1034"},"modified":"2025-09-03T15:21:47","modified_gmt":"2025-09-03T07:21:47","slug":"alkaline-mouthwash","status":"publish","type":"product","link":"https:\/\/www.ruiqigo.com\/pt\/product\/alkaline-mouthwash","title":{"rendered":"Enxaguante bucal alcalino"},"content":{"rendered":"<h2 class=\"wp-block-heading\">Os 5 principais benef\u00edcios do enxaguante bucal alcalino<\/h2>\n\n\n\n<p>O enxaguante bucal alcalino nos ajuda a limpar \u00e1reas que nossas escovas de dente e fio dental n\u00e3o alcan\u00e7am, por isso tamb\u00e9m \u00e9 importante para manter suas gengivas saud\u00e1veis. Aqui est\u00e3o 5 benef\u00edcios principais do nosso enxaguante bucal alcalino:<\/p>\n\n\n\n<h3 class=\"wp-block-heading\">TOP 1: Manter o equil\u00edbrio \u00e1cido-base na boca<\/h3>\n\n\n\n<p>O interior da boca humana geralmente \u00e9 um ambiente \u00e1cido, e o ambiente \u00e1cido tamb\u00e9m \u00e9 uma das causas do crescimento bacteriano e da forma\u00e7\u00e3o de placa bacteriana.<\/p>\n\n\n\n<p>As marcas de enxaguantes bucais mais comuns no mercado s\u00e3o os \u00e1cidos. Estes possuem forte poder bactericida, mas s\u00e3o mais estimulantes quando usados, n\u00e3o sendo adequados para a maioria das pessoas. O uso frequente e prolongado pode destruir o equil\u00edbrio \u00e1cido-base na boca, agravando a eros\u00e3o do esmalte dent\u00e1rio e causando doen\u00e7as bucais. Comparado aos enxaguantes bucais tradicionais, o enxaguante bucal alcalino que desenvolvemos \u00e9 mais focado no equil\u00edbrio do pH oral, suave e n\u00e3o irritante, sendo mais adequado para a maioria dos grupos, visando a prote\u00e7\u00e3o da sa\u00fade bucal.<\/p>\n\n\n\n<h3 class=\"wp-block-heading\">TOP 2: Alivia a sensibilidade oral<\/h3>\n\n\n\n<p>O fl\u00faor \u00e9 uma subst\u00e2ncia eficaz na preven\u00e7\u00e3o da c\u00e1rie dent\u00e1ria. Ele penetra na superf\u00edcie do dente e se combina com os minerais presentes, formando uma pel\u00edcula protetora que aumenta a capacidade antic\u00e1rie do dente. Essa pel\u00edcula protetora previne irrita\u00e7\u00f5es externas, aliviando os sintomas de sensibilidade dent\u00e1ria e melhorando ainda mais a dor e a fragilidade dos dentes. Al\u00e9m disso, o enxaguante bucal alcalino tamb\u00e9m pode inibir o crescimento de bact\u00e9rias nocivas, reduzir a forma\u00e7\u00e3o de placa bacteriana e proporcionar preven\u00e7\u00e3o e tratamento auxiliar eficazes.<\/p>\n\n\n\n<h3 class=\"wp-block-heading\">TOP 3: H\u00e1lito fresco<\/h3>\n\n\n\n<p>Nossa equipe adicionou menta e outros ingredientes refrescantes para o h\u00e1lito, melhorando o mau h\u00e1lito. Esses ingredientes removem rapidamente os odores da boca, deixando uma sensa\u00e7\u00e3o de frescor. Al\u00e9m disso, os ingredientes hidratantes do nosso enxaguante bucal alcalino tamb\u00e9m hidratam a mucosa oral e aliviam os sintomas de boca seca, reduzindo assim a ocorr\u00eancia de mau h\u00e1lito. Comparado aos enxaguantes bucais comuns, o ambiente alcalino tem um efeito bacteriost\u00e1tico sobre muitas bact\u00e9rias, equilibra a flora bacteriana e limpa a boca, proporcionando um efeito refrescante mais duradouro, ajudando a manter a boca fresca e confort\u00e1vel por muito tempo.<\/p>\n\n\n\n<p>Como parte dos cuidados bucais di\u00e1rios, o enxaguante bucal alcalino cobre melhor as gengivas do que escovas de dente e fio dental para remover res\u00edduos de alimentos e bact\u00e9rias, e nossa embalagem foi projetada para ser f\u00e1cil de transportar, ent\u00e3o acredito que nosso enxaguante bucal alcalino \u00e9 uma escolha confi\u00e1vel para voc\u00ea, especialmente para aqueles que sofrem de mau h\u00e1lito.<\/p>\n\n\n\n<h3 class=\"wp-block-heading\">TOP 4: Promove repara\u00e7\u00e3o e cura oral<\/h3>\n\n\n\n<p>O bicarbonato de s\u00f3dio, como um dos ingredientes do enxaguante bucal alcalino, pode neutralizar as subst\u00e2ncias \u00e1cidas na superf\u00edcie das \u00falceras, reduzindo assim a irrita\u00e7\u00e3o da mucosa oral, alcan\u00e7ando efeitos antibacterianos e anti-inflamat\u00f3rios, que podem aliviar a dor e promover a cicatriza\u00e7\u00e3o. Al\u00e9m disso, o enxaguante bucal pode penetrar em todos os cantos e recantos da boca e pode limpar profundamente pequenas sujeiras, como restos de comida, para manter um ambiente oral saud\u00e1vel e limpo, o que tamb\u00e9m ajuda a reduzir o crescimento bacteriano e a criar um bom ambiente para a cicatriza\u00e7\u00e3o de \u00falceras orais. Tamb\u00e9m adicionamos alguns ingredientes que promovem a repara\u00e7\u00e3o da mucosa oral, o que n\u00e3o s\u00f3 promove a cicatriza\u00e7\u00e3o da superf\u00edcie da \u00falcera, mas tamb\u00e9m melhora a fun\u00e7\u00e3o de barreira e reduz o risco de \u00falceras orais. No entanto, ao us\u00e1-lo, \u00e9 recomend\u00e1vel us\u00e1-lo corretamente de acordo com as instru\u00e7\u00f5es e evitar tomar em excesso ou com muita frequ\u00eancia, para uma recupera\u00e7\u00e3o mais eficaz.<\/p>\n\n\n\n<h3 class=\"wp-block-heading\">TOP 5: Promova a sa\u00fade bucal<\/h3>\n\n\n\n<p>No cuidado di\u00e1rio, geralmente usamos escovas de dente e fio dental para limpar a boca ap\u00f3s as refei\u00e7\u00f5es. A limpeza auxiliar com enxaguante bucal pode penetrar profundamente nas \u00e1reas que n\u00e3o podem ser limpas, garantindo uma limpeza completa da boca. O enxaguante bucal alcalino pode matar e inibir bact\u00e9rias com efic\u00e1cia, formando uma pel\u00edcula protetora na boca, fortalecendo a barreira, reduzindo o crescimento bacteriano e prevenindo doen\u00e7as bucais. Al\u00e9m disso, adicionamos o fator menta, que tamb\u00e9m refresca o h\u00e1lito. Para encontros no escrit\u00f3rio e outras ocasi\u00f5es, desenvolvemos um enxaguante bucal alcalino f\u00e1cil de transportar e pr\u00e1tico. Espero que voc\u00ea desenvolva bons h\u00e1bitos de higiene bucal e promova sua sa\u00fade bucal.<\/p>\n\n\n\n<h2 class=\"wp-block-heading\">Algumas sugest\u00f5es de uso<\/h2>\n\n\n\n<p>O uso adequado do enxaguante bucal \u00e9 muito importante para a nossa sa\u00fade bucal. Aqui est\u00e3o algumas orienta\u00e7\u00f5es de uso:<\/p>\n\n\n\n<p>1. Use enxaguante bucal alcalino ap\u00f3s a lavagem da manh\u00e3 e da noite para ajudar a limpar os dentes; tamb\u00e9m pode ser usado ap\u00f3s as refei\u00e7\u00f5es para neutralizar as subst\u00e2ncias \u00e1cidas trazidas pelos res\u00edduos de alimentos e manter o equil\u00edbrio \u00e1cido-base na boca.<\/p>\n\n\n\n<p>2. Pegue a quantidade adequada de enxaguante bucal e despeje na boca de acordo com as instru\u00e7\u00f5es. Alguns produtos podem precisar ser dilu\u00eddos.<\/p>\n\n\n\n<p>3. Gargareje suavemente 5 vezes de cada lado, da esquerda para a direita, prestando aten\u00e7\u00e3o nos dentes superiores e inferiores, no lado da l\u00edngua e no lado dos l\u00e1bios e, finalmente, retorne \u00e0 l\u00edngua para gargarejar para frente e para tr\u00e1s e cuspa o enxaguante bucal ap\u00f3s gargarejar. Todo o processo leva cerca de 30 segundos a 1 minuto, para garantir que o enxaguante bucal toque totalmente a boca inteira.<\/p>\n\n\n\n<p>4. N\u00e3o beba nem coma por meia hora ap\u00f3s o gargarejo para manter o efeito do enxaguante bucal.<\/p>\n\n\n\n<p>5. A frequ\u00eancia do uso do enxaguante bucal depende da condi\u00e7\u00e3o bucal de cada pessoa. Se sentir desconforto durante o gargarejo, interrompa o uso imediatamente e consulte um m\u00e9dico.<\/p>\n\n\n\n<h2 class=\"wp-block-heading\">Conclus\u00e3o<\/h2>\n\n\n\n<p>O enxaguante bucal alcalino desempenha um papel importante no cuidado da sa\u00fade bucal, e o uso correto pode proteger eficazmente a sa\u00fade bucal. No entanto, preste aten\u00e7\u00e3o \u00e0s instru\u00e7\u00f5es do produto e \u00e0s recomenda\u00e7\u00f5es m\u00e9dicas ao us\u00e1-lo, fa\u00e7a exames bucais regularmente quando necess\u00e1rio e mantenha uma dieta saud\u00e1vel e um bom descanso di\u00e1rio para melhor prevenir doen\u00e7as bucais.<\/p>\n\n\n\n<p><\/p>","protected":false},"excerpt":{"rendered":"TOP 5 benefits of Alkaline Mouthwash Alkaline mouthwash helps us clean areas that our toothbrushes and floss fail to reach, so it&#8217;s also an important part of keeping your gums healthy. Here are 5 key benefits of our alkaline mouthwash: TOP 1: Maintain acid-base balance in the mouth The inside of the human mouth is [&hellip;]","protected":false},"featured_media":1035,"menu_order":0,"template":"","meta":[],"product-tag":[201,206,207,208,211,212,216],"products":[72],"class_list":["post-1034","product","type-product","status-publish","has-post-thumbnail","hentry","product-tag-mouthwash-manufacturer","product-tag-mouthwash-companies","product-tag-mouthwash-factory","product-tag-mouthwash-suppliers","product-tag-alkaline-mouthwash-manufacturer","product-tag-mouthwash-contract-manufacturer","product-tag-private-label-mouthwash-manufacturers","products-mouthwash"],"acf":[],"_links":{"self":[{"href":"https:\/\/www.ruiqigo.com\/pt\/wp-json\/wp\/v2\/product\/1034","targetHints":{"allow":["GET"]}}],"collection":[{"href":"https:\/\/www.ruiqigo.com\/pt\/wp-json\/wp\/v2\/product"}],"about":[{"href":"https:\/\/www.ruiqigo.com\/pt\/wp-json\/wp\/v2\/types\/product"}],"version-history":[{"count":0,"href":"https:\/\/www.ruiqigo.com\/pt\/wp-json\/wp\/v2\/product\/1034\/revisions"}],"wp:featuredmedia":[{"embeddable":true,"href":"https:\/\/www.ruiqigo.com\/pt\/wp-json\/wp\/v2\/media\/1035"}],"wp:attachment":[{"href":"https:\/\/www.ruiqigo.com\/pt\/wp-json\/wp\/v2\/media?parent=1034"}],"wp:term":[{"taxonomy":"product-tag","embeddable":true,"href":"https:\/\/www.ruiqigo.com\/pt\/wp-json\/wp\/v2\/product-tag?post=1034"},{"taxonomy":"products","embeddable":true,"href":"https:\/\/www.ruiqigo.com\/pt\/wp-json\/wp\/v2\/products?post=1034"}],"curies":[{"name":"wp","href":"https:\/\/api.w.org\/{rel}","templated":true}]}}