{"id":1042,"date":"2024-09-06T14:56:39","date_gmt":"2024-09-06T06:56:39","guid":{"rendered":"https:\/\/ruiqigo.com\/?post_type=product&#038;p=1042"},"modified":"2025-09-03T15:21:38","modified_gmt":"2025-09-03T07:21:38","slug":"propolis-mouthwash","status":"publish","type":"product","link":"https:\/\/www.ruiqigo.com\/pt\/product\/propolis-mouthwash","title":{"rendered":"Enxaguante bucal de pr\u00f3polis"},"content":{"rendered":"<h2 class=\"wp-block-heading\">Receita de enxaguante bucal com pr\u00f3polis<\/h2>\n\n\n\n<p><strong>1. Pr\u00f3polis: <\/strong>Como ingrediente importante no enxaguat\u00f3rio bucal de pr\u00f3polis, o pr\u00f3polis \u00e9 um extrato natural com efeitos antibacterianos e antiinflamat\u00f3rios, que pode promover a regenera\u00e7\u00e3o dos tecidos e a sa\u00fade bucal<\/p>\n\n\n\n<p><strong>2. Xilitol: <\/strong>Pode promover a secre\u00e7\u00e3o de saliva e reduzir subst\u00e2ncias \u00e1cidas, reduzindo assim a eros\u00e3o dent\u00e1ria<\/p>\n\n\n\n<p><strong>3. Hortel\u00e3: <\/strong>Possui um aroma fresco e doce, que pode melhorar o sabor do enxaguat\u00f3rio bucal e obter o efeito de h\u00e1lito fresco<\/p>\n\n\n\n<p><strong>4. Glicerina:<\/strong> Ajuda a manter a boca \u00famida e a aliviar a situa\u00e7\u00e3o de boca seca<\/p>\n\n\n\n<h2 class=\"wp-block-heading\">Caracter\u00edsticas do enxaguante bucal de pr\u00f3polis<\/h2>\n\n\n\n<h3 class=\"wp-block-heading\">1. Ingredientes naturais<\/h3>\n\n\n\n<p>O ingrediente principal \u00e9 o pr\u00f3polis, e o pr\u00f3polis \u00e9 uma subst\u00e2ncia natural com uma variedade de ingredientes ativos<\/p>\n\n\n\n<h3 class=\"wp-block-heading\">2. Antibacteriano e anti-inflamat\u00f3rio<\/h3>\n\n\n\n<p>Os ingredientes ativos do pr\u00f3polis podem inibir e eliminar bact\u00e9rias nocivas na boca e reduzir a inflama\u00e7\u00e3o oral<\/p>\n\n\n\n<h3 class=\"wp-block-heading\">3. Suave e n\u00e3o irritante<\/h3>\n\n\n\n<p>Nosso enxaguante bucal n\u00e3o adiciona \u00e1lcool e outros ingredientes irritantes e \u00e9 mais suave e confort\u00e1vel, adequado para a maioria das pessoas<\/p>\n\n\n\n<h3 class=\"wp-block-heading\">4. Conveniente e port\u00e1til<\/h3>\n\n\n\n<p>O enxaguat\u00f3rio bucal \u00e9 simples de operar, n\u00e3o \u00e9 preciso escolher a ocasi\u00e3o, e nosso design de embalagem pode ser facilmente transportado e usado a qualquer momento<\/p>\n\n\n\n<h2 class=\"wp-block-heading\">Algumas Efic\u00e1cias&nbsp;<\/h2>\n\n\n\n<h3 class=\"wp-block-heading\">1. Anti-inflamat\u00f3rio e analg\u00e9sico<\/h3>\n\n\n\n<p>Os ingredientes ativos do enxaguante bucal de pr\u00f3polis possuem forte poder antibacteriano, o que pode inibir o crescimento de bact\u00e9rias e reduzir os danos causados por elas \u00e0 mucosa oral, reduzindo assim a inflama\u00e7\u00e3o. O pr\u00f3polis tem um efeito analg\u00e9sico natural, atuando na parte interna da boca, aliviando aftas e sintomas de gengiva inchada.<\/p>\n\n\n\n<h3 class=\"wp-block-heading\">2. Preven\u00e7\u00e3o de doen\u00e7as bucais<\/h3>\n\n\n\n<p>O ambiente bucal do corpo humano \u00e9 normalmente \u00e1cido, e as bact\u00e9rias continuar\u00e3o a crescer e se multiplicar nesse ambiente, resultando em inflama\u00e7\u00f5es cr\u00f4nicas, como a doen\u00e7a periodontal, que representam uma s\u00e9ria amea\u00e7a \u00e0 sa\u00fade dos nossos dentes e gengivas. Nosso enxaguante bucal de pr\u00f3polis pode neutralizar o pH da boca, inibir o crescimento de bact\u00e9rias dentro da boca e criar um ambiente bucal relativamente saud\u00e1vel. O uso a longo prazo pode prevenir doen\u00e7as periodontais, c\u00e1ries e outras doen\u00e7as bucais.<\/p>\n\n\n\n<h3 class=\"wp-block-heading\">3. Aumentar a imunidade oral<\/h3>\n\n\n\n<p>O enxaguante bucal de pr\u00f3polis previne a deteriora\u00e7\u00e3o da inflama\u00e7\u00e3o por meio de efeitos anti-inflamat\u00f3rios, reduz o risco de infec\u00e7\u00e3o oral e regula a resposta imunol\u00f3gica dentro da boca, protegendo assim a sa\u00fade bucal. Em segundo lugar, as subst\u00e2ncias ativas no enxaguante bucal de pr\u00f3polis podem aumentar a imunidade do corpo e agir indiretamente no interior da boca para aumentar a resist\u00eancia oral a pat\u00f3genos. Al\u00e9m disso, os ingredientes antioxidantes que adicionamos podem limpar os radicais livres na boca, reduzir os danos dos radicais livres \u00e0 mucosa oral e ajudar a aumentar a imunidade.<\/p>\n\n\n\n<h3 class=\"wp-block-heading\">4. H\u00e1lito fresco<\/h3>\n\n\n\n<p>As causas da halitose s\u00e3o divididas em fisiol\u00f3gicas e patol\u00f3gicas. Patol\u00f3gica refere-se a doen\u00e7as bucais, como gengivite, periodontite, etc., que produzem odores desagrad\u00e1veis, ou seja, halitose. Enquanto fisiol\u00f3gica se refere ao mau h\u00e1lito causado por restos de comida e alguns h\u00e1bitos alimentares inadequados, fisiol\u00f3gica \u00e9 mais curto do que patol\u00f3gica. \u00c9 por isso que nosso enxaguante bucal de pr\u00f3polis \u00e9 infundido com ingredientes como menta, que remove odores da boca, mant\u00e9m o h\u00e1lito fresco e tem um aroma duradouro, evitando constrangimentos sociais ap\u00f3s as refei\u00e7\u00f5es. O uso prolongado tamb\u00e9m pode auxiliar no tratamento da halitose patol\u00f3gica.<\/p>\n\n\n\n<h3 class=\"wp-block-heading\">5. Promover a cicatriza\u00e7\u00e3o dos tecidos<\/h3>\n\n\n\n<p>O pr\u00f3polis possui efeitos anti-inflamat\u00f3rios e analg\u00e9sicos, o que tamb\u00e9m ajuda a reduzir os danos causados pela inflama\u00e7\u00e3o e a acelerar o reparo tecidual. Al\u00e9m disso, os ingredientes ativos adicionados ao enxaguante bucal de pr\u00f3polis podem penetrar nos tecidos danificados, estimular a prolifera\u00e7\u00e3o e a diferencia\u00e7\u00e3o celular e promover o reparo da mucosa oral. Ao mesmo tempo, o pr\u00f3polis tamb\u00e9m possui um efeito adstringente, que pode reduzir a forma\u00e7\u00e3o de feridas e mant\u00ea-las secas e limpas, proporcionando um ambiente prop\u00edcio para acelerar o reparo tecidual. Este \u00e9, sem d\u00favida, um importante auxiliar de limpeza para pacientes com inflama\u00e7\u00e3o oral, como aftas.<\/p>\n\n\n\n<h2 class=\"wp-block-heading\">Instru\u00e7\u00f5es de uso<\/h2>\n\n\n\n<p>Nossos produtos v\u00eam com instru\u00e7\u00f5es anexadas. Recomenda-se us\u00e1-los de acordo com as instru\u00e7\u00f5es. Agite bem antes de usar para que o material interno fique uniformemente misturado.&nbsp;<\/p>\n\n\n\n<h3 class=\"wp-block-heading\">Passo 1: <\/h3>\n\n\n\n<p>Voc\u00ea precisa tomar uma quantidade adequada de enxaguante bucal, nossa tampa de garrafa tem uma rosca na parte interna, que pode ser usada como uma ferramenta de medi\u00e7\u00e3o, cerca de 10-15 ml;\u00a0<\/p>\n\n\n\n<h3 class=\"wp-block-heading\">Passo 2:<\/h3>\n\n\n\n<p>Em seguida, coloque o enxaguante bucal na boca e da esquerda para a direita e depois para a frente da boca para gargarejar v\u00e1rias vezes e, por fim, deixe o enxaguante bucal na l\u00edngua, certificando-se de que o enxaguante bucal cubra todos os cantos e fendas dentro da boca. O tempo de gargarejo \u00e9 geralmente de 30 segundos a 1 minuto;<\/p>\n\n\n\n<h3 class=\"wp-block-heading\">Etapa 3:<\/h3>\n\n\n\n<p>Por fim, cuspa o enxaguante bucal e tome cuidado para n\u00e3o engoli-lo. Recomendamos que voc\u00ea n\u00e3o beba \u00e1gua nem coma nada at\u00e9 meia hora ap\u00f3s o gargarejo, para melhor formar uma pel\u00edcula protetora e manter o h\u00e1lito fresco.\u00a0<\/p>\n\n\n\n<p>A frequ\u00eancia de uso do enxaguante bucal varia de pessoa para pessoa. Geralmente, ele pode ser usado ap\u00f3s a escova\u00e7\u00e3o ou ap\u00f3s as refei\u00e7\u00f5es. Se sentir algum desconforto durante o uso, interrompa o uso imediatamente e consulte seu m\u00e9dico. Nosso enxaguante bucal \u00e9 f\u00e1cil de transportar e pode ser levado para casa ou para qualquer lugar, mas deve ser mantido em local fresco e seco.<\/p>\n\n\n\n<h2 class=\"wp-block-heading\">Popula\u00e7\u00e3o aplic\u00e1vel<\/h2>\n\n\n\n<p>Nosso enxaguante bucal com pr\u00f3polis \u00e9 seguro, suave e n\u00e3o irritante, sendo um aux\u00edlio essencial para a maioria das pessoas, especialmente aquelas que sofrem de inflama\u00e7\u00e3o bucal, mau h\u00e1lito devido ao tabagismo, \u00e0 falta de higiene bucal por muito tempo e a maus h\u00e1bitos alimentares. Al\u00e9m disso, o design da nossa embalagem tamb\u00e9m \u00e9 adequado para ser transportado a qualquer momento, ideal para viagens de neg\u00f3cios, encontros e outras ocasi\u00f5es sociais, proporcionando h\u00e1lito fresco e r\u00e1pido, al\u00e9m de aumentar a confian\u00e7a. No entanto, gestantes, pessoas al\u00e9rgicas \u00e0 pr\u00f3polis, crian\u00e7as, lactantes e outros grupos especiais ainda precisam us\u00e1-lo sob orienta\u00e7\u00e3o m\u00e9dica.<\/p>\n\n\n\n<h2 class=\"wp-block-heading\">Conclus\u00e3o<\/h2>\n\n\n\n<p>A higiene bucal \u00e9 um processo de longo prazo. Devemos combinar uma variedade de m\u00e9todos de limpeza bucal, como escovas de dente, fio dental, enxaguantes bucais, etc., para cuidar da nossa sa\u00fade bucal. Como uma das ferramentas auxiliares de higiene bucal, nosso enxaguante bucal de pr\u00f3polis adiciona pr\u00f3polis natural pura e outros ingredientes baseados em enxaguantes bucais comuns, al\u00e9m de ter um bom efeito antibacteriano e anti-inflamat\u00f3rio, proporcionando uma limpeza profunda e suave, sem irrita\u00e7\u00e3o, prevenindo ativamente doen\u00e7as bucais, fortalecendo a imunidade oral e refrescando o h\u00e1lito. Al\u00e9m de apresentar uma variedade de benef\u00edcios, ele funciona para a maioria das pessoas e \u00e9 uma escolha confi\u00e1vel.<\/p>\n\n\n\n<p><\/p>","protected":false},"excerpt":{"rendered":"Recipe for Propolis Mouthwash 1. Propolis: As an important ingredient in propolis mouthwash, propolis is a natural extract with antibacterial and anti-inflammatory effects, which can promote tissue regeneration and oral health 2. Xylitol: It can promote saliva secretion, and reduce acidic substances, thereby reducing tooth erosion 3. Mint: It has a fresh and sweet aroma, [&hellip;]","protected":false},"featured_media":1043,"menu_order":0,"template":"","meta":[],"product-tag":[201,206,207,208,212,213,216],"products":[72],"class_list":["post-1042","product","type-product","status-publish","has-post-thumbnail","hentry","product-tag-mouthwash-manufacturer","product-tag-mouthwash-companies","product-tag-mouthwash-factory","product-tag-mouthwash-suppliers","product-tag-mouthwash-contract-manufacturer","product-tag-antiseptic-mouthwashes-manufacturer","product-tag-private-label-mouthwash-manufacturers","products-mouthwash"],"acf":[],"_links":{"self":[{"href":"https:\/\/www.ruiqigo.com\/pt\/wp-json\/wp\/v2\/product\/1042","targetHints":{"allow":["GET"]}}],"collection":[{"href":"https:\/\/www.ruiqigo.com\/pt\/wp-json\/wp\/v2\/product"}],"about":[{"href":"https:\/\/www.ruiqigo.com\/pt\/wp-json\/wp\/v2\/types\/product"}],"version-history":[{"count":0,"href":"https:\/\/www.ruiqigo.com\/pt\/wp-json\/wp\/v2\/product\/1042\/revisions"}],"wp:featuredmedia":[{"embeddable":true,"href":"https:\/\/www.ruiqigo.com\/pt\/wp-json\/wp\/v2\/media\/1043"}],"wp:attachment":[{"href":"https:\/\/www.ruiqigo.com\/pt\/wp-json\/wp\/v2\/media?parent=1042"}],"wp:term":[{"taxonomy":"product-tag","embeddable":true,"href":"https:\/\/www.ruiqigo.com\/pt\/wp-json\/wp\/v2\/product-tag?post=1042"},{"taxonomy":"products","embeddable":true,"href":"https:\/\/www.ruiqigo.com\/pt\/wp-json\/wp\/v2\/products?post=1042"}],"curies":[{"name":"wp","href":"https:\/\/api.w.org\/{rel}","templated":true}]}}