{"id":1074,"date":"2024-09-14T16:01:50","date_gmt":"2024-09-14T08:01:50","guid":{"rendered":"https:\/\/ruiqigo.com\/?post_type=product&#038;p=1074"},"modified":"2024-11-14T17:28:10","modified_gmt":"2024-11-14T09:28:10","slug":"rosemary-essential-oil","status":"publish","type":"product","link":"https:\/\/www.ruiqigo.com\/pt\/product\/rosemary-essential-oil","title":{"rendered":"\u00d3leo Essencial de Alecrim"},"content":{"rendered":"<h2 class=\"wp-block-heading\">F\u00f3rmulas comuns para a fabrica\u00e7\u00e3o de \u00f3leo essencial de alecrim<\/h2>\n\n\n\n<p>No processo de produ\u00e7\u00e3o do \u00f3leo essencial de alecrim, controlamos rigorosamente cada etapa para garantir a concentra\u00e7\u00e3o dos ingredientes ativos e da fragr\u00e2ncia, e contamos com perfumistas profissionais para orientar a f\u00f3rmula, entre os quais h\u00e1 tr\u00eas ingredientes principais, cada um desempenhando um papel importante na prote\u00e7\u00e3o da sa\u00fade do cabelo:<\/p>\n\n\n\n<p>1. Alecrim: O alecrim \u00e9 rico em antioxidantes, que penetram nas camadas capilares, reparando os fios danificados e deixando-os mais saud\u00e1veis e brilhantes. Al\u00e9m disso, as subst\u00e2ncias ativas do alecrim tamb\u00e9m estimulam a circula\u00e7\u00e3o sangu\u00ednea do couro cabeludo e fornecem nutrientes suficientes para os fol\u00edculos capilares, promovendo assim o crescimento capilar. Al\u00e9m disso, o alecrim possui certos efeitos antibacterianos, que podem reduzir a caspa e a inflama\u00e7\u00e3o do couro cabeludo.<\/p>\n\n\n\n<p>2. Hortel\u00e3-pimenta: A hortel\u00e3-pimenta tem um forte efeito calmante e penetra rapidamente no couro cabeludo, proporcionando uma sensa\u00e7\u00e3o calmante e relaxante, ajudando a reduzir a coceira e mantendo a sensa\u00e7\u00e3o de frescor. Ao mesmo tempo, seu aroma refrescante tamb\u00e9m pode refrescar a mente, permitindo um relaxamento r\u00e1pido. Al\u00e9m disso, o \u00f3leo essencial de hortel\u00e3-pimenta tamb\u00e9m limpa profundamente o couro cabeludo, removendo o excesso de oleosidade e sujeira, e regulando o equil\u00edbrio da oleosidade.<\/p>\n\n\n\n<p>3. Lavanda: A lavanda tem um efeito calmante, que ajuda a aliviar a tens\u00e3o, melhorar a qualidade do sono e cuidar da sa\u00fade capilar. Ao mesmo tempo, tamb\u00e9m tem um certo efeito reparador, que pode reparar cabelos danificados, alis\u00e1-los e torn\u00e1-los mais lisos e brilhantes.<\/p>\n\n\n\n<h2 class=\"wp-block-heading\">Caracter\u00edsticas<\/h2>\n\n\n\n<p>1. Ingredientes naturais, puros e naturais: O \u00f3leo essencial de alecrim \u00e9 um produto de alta pureza extra\u00eddo por tecnologia de destila\u00e7\u00e3o, e uma variedade de ingredientes naturais s\u00e3o cuidadosamente utilizados para reter os nutrientes internos, sem impurezas, voc\u00ea pode ficar tranquilo ao usar.<\/p>\n\n\n\n<p>2. M\u00faltiplos efeitos, cuidado abrangente: Cada um desses ingredientes naturais desempenha um efeito diferente em todos os aspectos do cuidado com a sa\u00fade do cabelo, promovendo o crescimento natural do cabelo e deixando-o mais forte e brilhante.<\/p>\n\n\n\n<p>3. F\u00e1cil de absorver, n\u00e3o oleoso: Nossos \u00f3leos essenciais cuidadosamente selecionados podem penetrar rapidamente no couro cabeludo, absorver e agir, sem deixar uma sensa\u00e7\u00e3o oleosa.<\/p>\n\n\n\n<p>4. Aroma fresco, calmante e relaxante: o frescor da menta e o aroma \u00fanico do alecrim podem ajudar a acalmar o humor, relaxar o corpo e a mente e aliviar o estresse.<\/p>\n\n\n\n<h2 class=\"wp-block-heading\">Os benef\u00edcios do \u00f3leo essencial de alecrim<\/h2>\n\n\n\n<p>1. Nutre o cabelo: O \u00f3leo essencial de alecrim penetra nas camadas capilares, proporcionando a hidrata\u00e7\u00e3o e a nutri\u00e7\u00e3o necess\u00e1rias e nutrindo o couro cabeludo. O uso prolongado pode deixar o cabelo mais flex\u00edvel, forte e brilhante.<\/p>\n\n\n\n<p>2. Anticaspa e anticoceira: Nossos \u00f3leos essenciais t\u00eam um forte efeito antibacteriano e anti-inflamat\u00f3rio, que pode reduzir a coceira no couro cabeludo e a caspa, combatendo bact\u00e9rias e inflama\u00e7\u00f5es. Ao mesmo tempo, o \u00f3leo essencial de alecrim pode acalmar o couro cabeludo, tornando-o mais confort\u00e1vel e com crescimento saud\u00e1vel.<\/p>\n\n\n\n<p>3. Remo\u00e7\u00e3o e controle de oleosidade: o ingrediente de hortel\u00e3-pimenta no \u00f3leo essencial pode limpar o couro cabeludo, remover oleosidade e sujeira, manter o cabelo fresco e insistir em us\u00e1-lo para obter o efeito de remo\u00e7\u00e3o e controle de oleosidade.<\/p>\n\n\n\n<p>4. Promove o crescimento: O \u00f3leo essencial de alecrim \u00e9 rico em antioxidantes, que podem combater os radicais livres para promover o crescimento saud\u00e1vel do cabelo, al\u00e9m de estimular a circula\u00e7\u00e3o sangu\u00ednea no couro cabeludo e fornecer mais oxig\u00eanio e nutrientes para os fol\u00edculos capilares, o que \u00e9 prop\u00edcio para promover o crescimento do cabelo.<\/p>\n\n\n\n<p>5. Alivia a ansiedade: Os ingredientes da lavanda ajudam a acalmar e t\u00eam efeito antidepressivo, podem aliviar a ansiedade, eliminar distra\u00e7\u00f5es, relaxar e acalmar rapidamente e s\u00e3o prop\u00edcios \u00e0 melhora do mal-estar mental. Ao mesmo tempo, o aroma \u00fanico do alecrim pode refrescar a mente e ajudar a melhorar a mem\u00f3ria e a concentra\u00e7\u00e3o.<\/p>\n\n\n\n<p>6. Al\u00edvio da dor: As propriedades anti-inflamat\u00f3rias do alecrim podem reduzir a ocorr\u00eancia de inflama\u00e7\u00e3o nos tecidos, o que pode aliviar a dor e o incha\u00e7o causados por artrite, eczema e outras doen\u00e7as. Portanto, o \u00f3leo essencial de alecrim pode ajudar a tratar esse tipo de doen\u00e7a.<\/p>\n\n\n\n<p>7. Boa digest\u00e3o: O alecrim pode promover a produ\u00e7\u00e3o de bile, o que, por sua vez, melhora o sistema digestivo e estimula o apetite. Portanto, usar \u00f3leo essencial de alecrim pode ajudar a aliviar sintomas como dor de est\u00f4mago e indigest\u00e3o.<\/p>\n\n\n\n<h2 class=\"wp-block-heading\">Como usar \u00f3leo essencial de alecrim no cabelo?<\/h2>\n\n\n\n<p>Como fabricante profissional de \u00f3leo essencial de alecrim, a alta concentra\u00e7\u00e3o de \u00f3leo essencial de alecrim em uso torna recomend\u00e1vel mistur\u00e1-lo com outros \u00f3leos base para dilu\u00ed-lo, evitando irritar o couro cabeludo. Voc\u00ea pode escolher um \u00f3leo base de sua prefer\u00eancia e mistur\u00e1-lo na propor\u00e7\u00e3o de 1:100, garantindo que a concentra\u00e7\u00e3o n\u00e3o exceda 3%. Como fabricante inovador de \u00f3leo essencial de alecrim, durante o processo de produ\u00e7\u00e3o, indicamos o uso e as instru\u00e7\u00f5es de uso relevantes na embalagem do produto. Leia atentamente antes de usar.<\/p>\n\n\n\n<p>1. Antes da lavagem: Antes de lavar, penteie o cabelo. Voc\u00ea pode despejar o \u00f3leo essencial preparado na palma da m\u00e3o para esfregar e aquecer, massageando suavemente o couro cabeludo e o abd\u00f4men por cerca de 5 minutos. Deixe agir por 30 minutos ap\u00f3s a massagem e lave o cabelo. Esse processo ajuda a melhorar a circula\u00e7\u00e3o sangu\u00ednea, relaxar o couro cabeludo e promover o crescimento capilar.<\/p>\n\n\n\n<p>2. Shampoo: Voc\u00ea pode adicionar algumas gotas de \u00f3leo essencial de alecrim ao shampoo, misturar bem e lavar o cabelo seguindo os passos normais de lavagem. Se o cabelo for oleoso ou longo, voc\u00ea pode lav\u00e1-lo v\u00e1rias vezes. Isso garante a limpeza, mas tamb\u00e9m ajuda a manter o cabelo fresco, controlar o equil\u00edbrio da oleosidade e estimular o crescimento capilar.<\/p>\n\n\n\n<p>3. Ap\u00f3s a lavagem: Ap\u00f3s a lavagem, misture o \u00f3leo essencial de alecrim e o condicionador na propor\u00e7\u00e3o correta e aplique uniformemente nas pontas do cabelo, especialmente onde \u00e9 f\u00e1cil secar e apresentar pontas duplas. Massageie suavemente at\u00e9 que seja absorvido e, em seguida, enx\u00e1gue com \u00e1gua morna. Este processo deixar\u00e1 o cabelo mais sedoso e brilhante. O uso prolongado contribui para a nutri\u00e7\u00e3o do cabelo, para que ele tenha hidrata\u00e7\u00e3o suficiente, n\u00e3o fique mais ressecado e se torne mais forte e saud\u00e1vel.<\/p>\n\n\n\n<h2 class=\"wp-block-heading\">Cuidado<\/h2>\n\n\n\n<p>1. Ao diluir, certifique-se de que o \u00f3leo base selecionado seja puro e adequado ao seu tipo de pele.<\/p>\n\n\n\n<p>2. Recomenda-se um teste de alergia antes de usar \u00f3leo essencial de alecrim.<\/p>\n\n\n\n<p>3. Se ocorrer desconforto durante o uso, ele deve ser interrompido imediatamente e limpo com \u00e1gua.<\/p>\n\n\n\n<p>4. Mulheres gr\u00e1vidas e crian\u00e7as s\u00e3o mais sens\u00edveis aos \u00f3leos essenciais e devem ser usados com cautela.<\/p>\n\n\n\n<p>5. O \u00f3leo essencial de alecrim deve ser armazenado em local fresco e seco, longe da luz solar direta.<\/p>\n\n\n\n<p>6. O uso excessivo pode causar efeitos colaterais, portanto, a aplica\u00e7\u00e3o excessiva e o uso frequente devem ser evitados durante o uso.<\/p>\n\n\n\n<h2 class=\"wp-block-heading\">Conclus\u00e3o<\/h2>\n\n\n\n<p>O \u00f3leo essencial de alecrim, com suas propriedades nutritivas para os cabelos, promotoras do crescimento e aliviadoras da dor e da ansiedade, \u00e9 amplamente utilizado por pessoas com diversas condi\u00e7\u00f5es capilares e do couro cabeludo. No entanto, gestantes, crian\u00e7as e pessoas com pele sens\u00edvel devem consultar um m\u00e9dico. Como fabricantes profissionais de \u00f3leo essencial de alecrim, nosso \u00f3leo essencial de alecrim \u00e9 produzido em estrita conformidade com o processo de produ\u00e7\u00e3o, passando por diversos testes de qualidade para garantir a seguran\u00e7a e a estabilidade do produto, e possui certifica\u00e7\u00f5es internacionais de seguran\u00e7a, sendo um produto confi\u00e1vel.<\/p>\n\n\n\n<p><\/p>","protected":false},"excerpt":{"rendered":"Rosemary Essential Oil Manufacturing Common Formulas In the production process of rosemary essential oil, we strictly control every step to ensure the concentration of active ingredients and fragrance, and have professional perfumers to guide the formula, among which there are three main ingredients each plays an important role in protecting the health of hair: 1. [&hellip;]","protected":false},"featured_media":1075,"menu_order":0,"template":"","meta":[],"product-tag":[],"products":[49,53],"class_list":["post-1074","product","type-product","status-publish","has-post-thumbnail","hentry","products-hair-care","products-essential-oil"],"acf":[],"_links":{"self":[{"href":"https:\/\/www.ruiqigo.com\/pt\/wp-json\/wp\/v2\/product\/1074","targetHints":{"allow":["GET"]}}],"collection":[{"href":"https:\/\/www.ruiqigo.com\/pt\/wp-json\/wp\/v2\/product"}],"about":[{"href":"https:\/\/www.ruiqigo.com\/pt\/wp-json\/wp\/v2\/types\/product"}],"version-history":[{"count":0,"href":"https:\/\/www.ruiqigo.com\/pt\/wp-json\/wp\/v2\/product\/1074\/revisions"}],"wp:featuredmedia":[{"embeddable":true,"href":"https:\/\/www.ruiqigo.com\/pt\/wp-json\/wp\/v2\/media\/1075"}],"wp:attachment":[{"href":"https:\/\/www.ruiqigo.com\/pt\/wp-json\/wp\/v2\/media?parent=1074"}],"wp:term":[{"taxonomy":"product-tag","embeddable":true,"href":"https:\/\/www.ruiqigo.com\/pt\/wp-json\/wp\/v2\/product-tag?post=1074"},{"taxonomy":"products","embeddable":true,"href":"https:\/\/www.ruiqigo.com\/pt\/wp-json\/wp\/v2\/products?post=1074"}],"curies":[{"name":"wp","href":"https:\/\/api.w.org\/{rel}","templated":true}]}}