{"id":1101,"date":"2024-09-20T13:55:29","date_gmt":"2024-09-20T05:55:29","guid":{"rendered":"https:\/\/ruiqigo.com\/?post_type=product&#038;p=1101"},"modified":"2024-09-20T13:55:29","modified_gmt":"2024-09-20T05:55:29","slug":"minoxidil-hair-growth-solution","status":"publish","type":"product","link":"https:\/\/www.ruiqigo.com\/pt\/product\/minoxidil-hair-growth-solution","title":{"rendered":"Solu\u00e7\u00e3o para crescimento capilar com minoxidil"},"content":{"rendered":"<h2 class=\"wp-block-heading\">F\u00f3rmulas comuns de fabrica\u00e7\u00e3o de solu\u00e7\u00f5es para crescimento capilar com minoxidil<\/h2>\n\n\n\n<p>Nosso processo de produ\u00e7\u00e3o inclui principalmente a prepara\u00e7\u00e3o da mat\u00e9ria-prima, a s\u00edntese por rea\u00e7\u00e3o, a purifica\u00e7\u00e3o, a prepara\u00e7\u00e3o e o envase. A inspe\u00e7\u00e3o de qualidade abrange todo o processo para garantir que a qualidade do produto atenda aos padr\u00f5es e requisitos relevantes. As principais f\u00f3rmulas s\u00e3o:<\/p>\n\n\n\n<p>1. Minoxidil: O ingrediente ativo principal pode dilatar os vasos sangu\u00edneos, promover a circula\u00e7\u00e3o sangu\u00ednea, fornecer ao cabelo mais oxig\u00eanio e nutrientes e estimular o crescimento capilar.<\/p>\n\n\n\n<p>2. Propilenoglicol: como solvente, desempenha principalmente um papel na dissolu\u00e7\u00e3o e anticorros\u00e3o, al\u00e9m de ter efeito hidratante na pele.<\/p>\n\n\n\n<p>3. Etanol: A\u00e7\u00e3o auxiliar, ajudando o minoxidil a se dissolver e permanecer est\u00e1vel.<\/p>\n\n\n\n<p>4. Glicerina: como hidratante, pode aumentar o conforto do produto.<\/p>\n\n\n\n<p>5. \u00c1gua pura: dilui\u00e7\u00e3o<\/p>\n\n\n\n<h2 class=\"wp-block-heading\">Os benef\u00edcios da solu\u00e7\u00e3o para crescimento capilar com minoxidil<\/h2>\n\n\n\n<p>1. Promove o crescimento capilar: A solu\u00e7\u00e3o de Minoxidil para o crescimento capilar pode estimular a prolifera\u00e7\u00e3o e a diferencia\u00e7\u00e3o das c\u00e9lulas do fol\u00edculo capilar, promovendo assim o crescimento capilar e ajudando a restaurar a fun\u00e7\u00e3o dos fol\u00edculos capilares danificados.<\/p>\n\n\n\n<p>2. Melhora o ambiente do couro cabeludo: A solu\u00e7\u00e3o de crescimento capilar com minoxidil promove a circula\u00e7\u00e3o sangu\u00ednea dilatando os vasos sangu\u00edneos, levando mais oxig\u00eanio e nutrientes aos fol\u00edculos capilares. O uso prolongado pode melhorar o ambiente do couro cabeludo.<\/p>\n\n\n\n<p>3. Melhora a queda de cabelo: A solu\u00e7\u00e3o para crescimento capilar com minoxidil pode reduzir a queda de cabelo, especialmente em pessoas com alopecia androgen\u00e9tica e alopecia seborreica.<\/p>\n\n\n\n<p>4. Aumenta a espessura e a densidade do cabelo: O uso prolongado de nossos produtos n\u00e3o s\u00f3 pode reduzir a queda de cabelo e promover o crescimento capilar, mas tamb\u00e9m o cabelo absorve constantemente nutrientes, o que o deixar\u00e1 mais saud\u00e1vel e espesso.<\/p>\n\n\n\n<p>5. Prolongue o ciclo do fol\u00edculo capilar adormecido: a solu\u00e7\u00e3o de crescimento capilar com minoxidil pode regular o ciclo de crescimento dos fol\u00edculos capilares, de modo que os fol\u00edculos capilares adormecidos entrem na fase de crescimento com anteced\u00eancia, prolongando assim o ciclo de vida do cabelo.<\/p>\n\n\n\n<p>6. Repara a fun\u00e7\u00e3o de barreira do couro cabeludo: O minoxidil tamb\u00e9m tem efeitos anti-inflamat\u00f3rios e a inflama\u00e7\u00e3o do couro cabeludo geralmente causa danos \u00e0 fun\u00e7\u00e3o de barreira, portanto, o uso a longo prazo pode ajudar a reduzir esses danos e promover o reparo da barreira do couro cabeludo.<\/p>\n\n\n\n<h2 class=\"wp-block-heading\">Como usar a solu\u00e7\u00e3o de Minoxidil para crescimento capilar?<\/h2>\n\n\n\n<p>1. Limpe o couro cabeludo: antes de usar a solu\u00e7\u00e3o de minoxidil para crescimento capilar, certifique-se de que o couro cabeludo esteja limpo e seco para garantir que o medicamento seja melhor absorvido.<\/p>\n\n\n\n<p>2. Aplique ou borrife: o cabelo pode ser dividido em quatro partes e, em seguida, aplique uniformemente a solu\u00e7\u00e3o de crescimento na \u00e1rea de perda de cabelo ou borrife o bico contra o couro cabeludo para garantir que o l\u00edquido possa ser coberto uniformemente no couro cabeludo e, em seguida, massageie suavemente com a barriga do dedo por 3 a 5 minutos at\u00e9 que seja completamente absorvido.<\/p>\n\n\n\n<p>3. Lave as m\u00e3os imediatamente ap\u00f3s a massagem, para evitar que o l\u00edquido entre em contato com outras partes do corpo. Ao mesmo tempo, n\u00e3o lave o cabelo imediatamente ap\u00f3s a aplica\u00e7\u00e3o. Recomenda-se esperar mais de 1 hora e usar uma vez pela manh\u00e3 e \u00e0 noite.<\/p>\n\n\n\n<h2 class=\"wp-block-heading\">Cuidado<\/h2>\n\n\n\n<p>1. Evite misturar com outros medicamentos. Ao usar este produto, consulte seu m\u00e9dico sobre a possibilidade de misturar outros medicamentos com a solu\u00e7\u00e3o para crescimento capilar Minoxidil.<\/p>\n\n\n\n<p>2. Mulheres gr\u00e1vidas, crian\u00e7as, mulheres que amamentam e pacientes com doen\u00e7as card\u00edacas ou hist\u00f3rico de doen\u00e7as card\u00edacas devem usar com cautela e sob orienta\u00e7\u00e3o m\u00e9dica.<\/p>\n\n\n\n<p>3. Recomenda-se um teste al\u00e9rgico antes de usar a solu\u00e7\u00e3o de minoxidil para crescimento capilar.<\/p>\n\n\n\n<p>4. O ciclo de uso deste produto geralmente \u00e9 de 4 meses. Se voc\u00ea interromper o uso durante esse per\u00edodo, a queda de cabelo pode recome\u00e7ar e acelerar o processo.<\/p>\n\n\n\n<p>5. Este produto \u00e9 adequado para a maioria das pessoas, sendo que o melhor efeito do tratamento \u00e9 entre 18 e 40 anos.<\/p>\n\n\n\n<p>6. Este produto \u00e9 adequado para os est\u00e1gios iniciais e intermedi\u00e1rios da queda de cabelo, \u00e1reas claras de perda de cabelo e outros cen\u00e1rios, mas certifique-se de seguir as orienta\u00e7\u00f5es do m\u00e9dico antes de usar.<\/p>\n\n\n\n<p>7. Ap\u00f3s usar este produto, a pele fica mais sens\u00edvel ao sol, por isso preste aten\u00e7\u00e3o \u00e0 prote\u00e7\u00e3o solar.<\/p>\n\n\n\n<p>7. Se ocorrer algum desconforto durante o uso, pare de usar imediatamente e limpe com \u00e1gua.<\/p>\n\n\n\n<p>8. A solu\u00e7\u00e3o capilar de minoxidil deve ser armazenada em local fresco e seco, longe da luz solar direta.<\/p>\n\n\n\n<h2 class=\"wp-block-heading\">Conclus\u00e3o<\/h2>\n\n\n\n<p>A solu\u00e7\u00e3o para crescimento capilar com Minoxidil \u00e9 a preferida de pessoas com queda de cabelo e alopecia androgen\u00e9tica, especialmente por suas propriedades de melhorar a queda capilar, expandir os fol\u00edculos capilares, promover o crescimento e reparar as barreiras capilares. Nossa f\u00e1brica, por meio de rigoroso controle de qualidade e inova\u00e7\u00e3o em pesquisa e desenvolvimento de pessoal t\u00e9cnico, aprimora a f\u00f3rmula existente e aprimora constantemente a facilidade de uso dos produtos. Ao mesmo tempo, garantimos que a qualidade e a seguran\u00e7a dos produtos atendam aos mais altos padr\u00f5es e \u00e0s suas necessidades. Al\u00e9m disso, indicamos detalhadamente as instru\u00e7\u00f5es de uso na embalagem do produto. Esperamos que voc\u00ea leia atentamente as instru\u00e7\u00f5es antes de usar e as ajuste de acordo com o seu tipo de pele para obter os melhores resultados.<\/p>\n\n\n\n<p><\/p>","protected":false},"excerpt":{"rendered":"Minoxidil Hair Growth Solution Manufacturing Common Formulas Our production process mainly includes raw material preparation, reaction synthesis, purification, preparation, and filling. The quality inspection runs through the whole process to ensure that the product quality meets the relevant standards and requirements. The main formulas are: 1. Minoxidil: The core active ingredient can dilate blood vessels, [&hellip;]","protected":false},"featured_media":1102,"menu_order":0,"template":"","meta":[],"product-tag":[],"products":[49],"class_list":["post-1101","product","type-product","status-publish","has-post-thumbnail","hentry","products-hair-care"],"acf":[],"_links":{"self":[{"href":"https:\/\/www.ruiqigo.com\/pt\/wp-json\/wp\/v2\/product\/1101","targetHints":{"allow":["GET"]}}],"collection":[{"href":"https:\/\/www.ruiqigo.com\/pt\/wp-json\/wp\/v2\/product"}],"about":[{"href":"https:\/\/www.ruiqigo.com\/pt\/wp-json\/wp\/v2\/types\/product"}],"version-history":[{"count":0,"href":"https:\/\/www.ruiqigo.com\/pt\/wp-json\/wp\/v2\/product\/1101\/revisions"}],"wp:featuredmedia":[{"embeddable":true,"href":"https:\/\/www.ruiqigo.com\/pt\/wp-json\/wp\/v2\/media\/1102"}],"wp:attachment":[{"href":"https:\/\/www.ruiqigo.com\/pt\/wp-json\/wp\/v2\/media?parent=1101"}],"wp:term":[{"taxonomy":"product-tag","embeddable":true,"href":"https:\/\/www.ruiqigo.com\/pt\/wp-json\/wp\/v2\/product-tag?post=1101"},{"taxonomy":"products","embeddable":true,"href":"https:\/\/www.ruiqigo.com\/pt\/wp-json\/wp\/v2\/products?post=1101"}],"curies":[{"name":"wp","href":"https:\/\/api.w.org\/{rel}","templated":true}]}}