{"id":1121,"date":"2024-09-20T17:27:59","date_gmt":"2024-09-20T09:27:59","guid":{"rendered":"https:\/\/ruiqigo.com\/?post_type=product&#038;p=1121"},"modified":"2024-11-14T17:27:54","modified_gmt":"2024-11-14T09:27:54","slug":"pumpkin-seed-oil","status":"publish","type":"product","link":"https:\/\/www.ruiqigo.com\/pt\/product\/pumpkin-seed-oil","title":{"rendered":"\u00d3leo de semente de ab\u00f3bora\u00a0\u00a0"},"content":{"rendered":"<h2 class=\"wp-block-heading\">F\u00f3rmulas comuns para fabrica\u00e7\u00e3o de \u00f3leo de semente de ab\u00f3bora<\/h2>\n\n\n\n<p>Damos grande import\u00e2ncia \u00e0 qualidade do \u00f3leo de semente de ab\u00f3bora, por isso cada processo de produ\u00e7\u00e3o \u00e9 rigorosamente controlado. Em primeiro lugar, selecionamos sementes de ab\u00f3bora de alta qualidade e livres de contamina\u00e7\u00e3o como mat\u00e9ria-prima e utilizamos a tecnologia de prensagem a frio para extra\u00ed-las, o que garante a integridade e a atividade dos nutrientes. Como um fabricante confi\u00e1vel de \u00f3leo de semente de ab\u00f3bora, na f\u00f3rmula do nosso \u00f3leo, a semente de ab\u00f3bora \u00e9 o ingrediente principal e \u00e9 misturada em propor\u00e7\u00e3o adequada com outros antioxidantes. A seguir, apresentamos as principais formula\u00e7\u00f5es dos nossos produtos:<\/p>\n\n\n\n<p>1. Sementes de ab\u00f3bora: Os diversos \u00e1cidos graxos presentes nas sementes de ab\u00f3bora possuem propriedades anti-inflamat\u00f3rias, que podem melhorar os cabelos danificados. Os nutrientes nelas contidos tamb\u00e9m podem promover a sa\u00fade e o crescimento capilar.<\/p>\n\n\n\n<p>2. Vitamina E: A vitamina E \u00e9 um poderoso antioxidante que combate os radicais livres no couro cabeludo, retardando assim o envelhecimento e protegendo as c\u00e9lulas contra danos.<\/p>\n\n\n\n<h2 class=\"wp-block-heading\">Os benef\u00edcios do \u00f3leo de semente de ab\u00f3bora<\/h2>\n\n\n\n<p>1. Nutre o cabelo: O \u00f3leo de semente de ab\u00f3bora proporciona nutri\u00e7\u00e3o intensa aos cabelos e melhora o ressecamento, o amarelamento e outros problemas capilares.<\/p>\n\n\n\n<p>2. Repara\u00e7\u00e3o de danos: A vitamina E e outros antioxidantes presentes no \u00f3leo de semente de ab\u00f3bora combatem os radicais livres, podendo tamb\u00e9m combater sintomas relacionados \u00e0 caspa e infec\u00e7\u00f5es do couro cabeludo, promovendo repara\u00e7\u00e3o profunda e melhorando a qualidade do cabelo.<\/p>\n\n\n\n<p>3. Reten\u00e7\u00e3o de umidade: Nosso produto \u00e9 um \u00f3leo de qualidade m\u00e9dia, adequado para aplica\u00e7\u00e3o no couro cabeludo, que ret\u00e9m a umidade e melhora problemas como pontas duplas e quebradi\u00e7as.<\/p>\n\n\n\n<p>4. Melhora a queda de cabelo: Quando o DHT (diidrotestosterona) do corpo est\u00e1 em excesso, isso leva a problemas de queda de cabelo, e o \u00f3leo de semente de ab\u00f3bora pode reduzir a produ\u00e7\u00e3o de DHT, protegendo assim a sa\u00fade dos fol\u00edculos capilares e reduzindo a queda de cabelo.<\/p>\n\n\n\n<p>5. Promove o crescimento: Alguns componentes do \u00f3leo de semente de ab\u00f3bora podem promover a circula\u00e7\u00e3o sangu\u00ednea, fornecer mais nutrientes e oxig\u00eanio aos fol\u00edculos capilares e ajudar o cabelo a crescer naturalmente.<\/p>\n\n\n\n<p>6. Melhora a pele: O \u00f3leo de semente de ab\u00f3bora n\u00e3o s\u00f3 tem um efeito not\u00e1vel no cuidado capilar, como tamb\u00e9m \u00e9 um produto natural para a pele, com propriedades antioxidantes, antienvelhecimento, nutritivas e hidratantes, podendo melhorar a qualidade da pele e torn\u00e1-la mais saud\u00e1vel com o uso prolongado.<\/p>\n\n\n\n<h2 class=\"wp-block-heading\">Como usar \u00f3leo de semente de ab\u00f3bora para o crescimento capilar?<\/h2>\n\n\n\n<p>Como fabricante confi\u00e1vel de \u00f3leo de semente de ab\u00f3bora, selecionamos cuidadosamente sementes de ab\u00f3bora de alta qualidade e cada processo de produ\u00e7\u00e3o \u00e9 verificado por t\u00e9cnicos profissionais para garantir sua pureza e seguran\u00e7a. Existem muitas maneiras de usar o \u00f3leo de semente de ab\u00f3bora nos cuidados com os cabelos; voc\u00ea pode escolher a mais adequada de acordo com suas necessidades. Com o uso cont\u00ednuo, acreditamos que seus cabelos ficar\u00e3o mais saud\u00e1veis, espessos e brilhantes. A seguir, apresentamos alguns m\u00e9todos de uso:<\/p>\n\n\n\n<p>1. Antes de lavar o cabelo: Antes de lavar o cabelo com shampoo, penteie-o e aplique o produto na palma da m\u00e3o para aquec\u00ea-lo. Em seguida, aplique uniformemente no couro cabeludo e nos fios, massageando suavemente com a ponta dos dedos por 3 a 5 minutos e aguardando 10 minutos para promover a absor\u00e7\u00e3o. Lave o cabelo por \u00faltimo e certifique-se de sec\u00e1-lo completamente.<\/p>\n\n\n\n<p>2. Shampoo: Durante a lavagem, adicione duas gotas de \u00f3leo de semente de ab\u00f3bora ao shampoo ou condicionador. Massageie o couro cabeludo e o abd\u00f4men com os dedos para estimular a circula\u00e7\u00e3o sangu\u00ednea e a absor\u00e7\u00e3o do \u00f3leo essencial. Enx\u00e1gue com \u00e1gua morna para remover completamente os res\u00edduos.<\/p>\n\n\n\n<p>3. Ap\u00f3s lavar o cabelo: Depois de lavar o cabelo, seque-o com uma toalha, deixando-o semi-seco. Em seguida, aplique uma pequena quantidade de \u00f3leo de semente de ab\u00f3bora, aque\u00e7a e espalhe uniformemente das pontas aos fios, especialmente nas \u00e1reas secas e danificadas. Evite o contato com o couro cabeludo para n\u00e3o deixar o cabelo oleoso. Ap\u00f3s a aplica\u00e7\u00e3o, seque com um secador em temperatura baixa ou deixe secar naturalmente.<\/p>\n\n\n\n<h2 class=\"wp-block-heading\">Cuidado<\/h2>\n\n\n\n<p>1. Recomenda-se realizar um teste de alergia na primeira utiliza\u00e7\u00e3o para garantir que n\u00e3o haja rea\u00e7\u00e3o al\u00e9rgica antes do uso.<\/p>\n\n\n\n<p>2. Pacientes com \u00falceras eritematosas ou ra\u00edzes capilares muito oleosas devem usar o produto sob orienta\u00e7\u00e3o m\u00e9dica.<\/p>\n\n\n\n<p>3. O \u00f3leo de semente de ab\u00f3bora \u00e9 adequado para a maioria das pessoas, especialmente aquelas com cabelos danificados, calv\u00edcie, cabelos secos e assim por diante.<\/p>\n\n\n\n<p>4. Nosso produto \u00e9 adequado para qualquer situa\u00e7\u00e3o, seja para uso antes, durante ou ap\u00f3s a lavagem dos cabelos, ou para cuidados di\u00e1rios.<\/p>\n\n\n\n<p>5. Quando usado para controlar a quantidade, evite que o cabelo fique excessivamente oleoso e dif\u00edcil de limpar.<\/p>\n\n\n\n<p>6. Caso ocorra vermelhid\u00e3o na pele, coceira no couro cabeludo ou outros sintomas durante o uso, interrompa o uso imediatamente e lave com \u00e1gua.<\/p>\n\n\n\n<p>7. Este produto deve ser armazenado em local fresco e seco, longe da luz solar direta.<\/p>\n\n\n\n<h2 class=\"wp-block-heading\">Conclus\u00e3o<\/h2>\n\n\n\n<p>Se voc\u00ea busca um \u00f3leo essencial totalmente natural e n\u00e3o prejudicial para o cuidado capilar, nosso \u00f3leo de semente de ab\u00f3bora \u00e9 a melhor escolha. Priorizamos a qualidade e a seguran\u00e7a do produto em todo o processo de produ\u00e7\u00e3o. Em todas as etapas, o controle de qualidade, a prote\u00e7\u00e3o ambiental e a economia de energia s\u00e3o nossas prioridades. Desde a sele\u00e7\u00e3o da mat\u00e9ria-prima at\u00e9 o processamento e a embalagem, realizamos diversos testes de qualidade, incluindo indicadores sensoriais, indicadores funcionais, testes de irrita\u00e7\u00e3o cut\u00e2nea, etc., para garantir a estabilidade e a seguran\u00e7a do \u00f3leo essencial. Como um fabricante eficiente de \u00f3leo de semente de ab\u00f3bora, nossos produtos tamb\u00e9m s\u00e3o verificados por institui\u00e7\u00f5es de testes profissionais terceirizadas para atender aos padr\u00f5es relevantes. Esperamos que ele proporcione a voc\u00ea uma \u00f3tima experi\u00eancia de cuidado capilar e acreditamos que, com o uso cont\u00ednuo, seus cabelos certamente apresentar\u00e3o mudan\u00e7as significativas.<\/p>","protected":false},"excerpt":{"rendered":"Pumpkin Seed Oil Manufacturing Common Formulas We attach great importance to the quality of pumpkin seed oil, so every process of production is strictly controlled. First of all, we will select high-quality, pollution-free pumpkin seeds as raw materials, and use cold-pressing technology to extract them which can ensure the integrity and activity of nutrients. As [&hellip;]","protected":false},"featured_media":1122,"menu_order":0,"template":"","meta":[],"product-tag":[],"products":[53],"class_list":["post-1121","product","type-product","status-publish","has-post-thumbnail","hentry","products-essential-oil"],"acf":[],"_links":{"self":[{"href":"https:\/\/www.ruiqigo.com\/pt\/wp-json\/wp\/v2\/product\/1121","targetHints":{"allow":["GET"]}}],"collection":[{"href":"https:\/\/www.ruiqigo.com\/pt\/wp-json\/wp\/v2\/product"}],"about":[{"href":"https:\/\/www.ruiqigo.com\/pt\/wp-json\/wp\/v2\/types\/product"}],"version-history":[{"count":0,"href":"https:\/\/www.ruiqigo.com\/pt\/wp-json\/wp\/v2\/product\/1121\/revisions"}],"wp:featuredmedia":[{"embeddable":true,"href":"https:\/\/www.ruiqigo.com\/pt\/wp-json\/wp\/v2\/media\/1122"}],"wp:attachment":[{"href":"https:\/\/www.ruiqigo.com\/pt\/wp-json\/wp\/v2\/media?parent=1121"}],"wp:term":[{"taxonomy":"product-tag","embeddable":true,"href":"https:\/\/www.ruiqigo.com\/pt\/wp-json\/wp\/v2\/product-tag?post=1121"},{"taxonomy":"products","embeddable":true,"href":"https:\/\/www.ruiqigo.com\/pt\/wp-json\/wp\/v2\/products?post=1121"}],"curies":[{"name":"wp","href":"https:\/\/api.w.org\/{rel}","templated":true}]}}