{"id":1186,"date":"2024-09-29T15:38:44","date_gmt":"2024-09-29T07:38:44","guid":{"rendered":"https:\/\/ruiqigo.com\/?post_type=product&#038;p=1186"},"modified":"2024-10-28T15:43:09","modified_gmt":"2024-10-28T07:43:09","slug":"peppermint-body-wash","status":"publish","type":"product","link":"https:\/\/www.ruiqigo.com\/pt\/product\/peppermint-body-wash","title":{"rendered":"Sabonete L\u00edquido Corporal de Hortel\u00e3-Pimenta"},"content":{"rendered":"<h2 class=\"wp-block-heading\">F\u00f3rmulas comuns para fabrica\u00e7\u00e3o de \u00f3leo de semente de ab\u00f3bora<\/h2>\n\n\n\n<p>Damos grande import\u00e2ncia \u00e0 qualidade dos produtos de sabonete l\u00edquido com menta, n\u00e3o apenas selecionando criteriosamente as mat\u00e9rias-primas, mas tamb\u00e9m controlando rigorosamente cada processo. Uma variedade de extratos vegetais \u00e9 adicionada ao processamento do produto, sem conservantes. A f\u00f3rmula principal \u00e9:<\/p>\n\n\n\n<p>1. \u00d3leo essencial de hortel\u00e3-pimenta: O \u00f3leo essencial de hortel\u00e3-pimenta \u00e9 o ingrediente principal deste produto, que cont\u00e9m uma grande quantidade de mentol e cetona mentolada. Essas duas subst\u00e2ncias ativas podem ser aplicadas na pele para criar uma sensa\u00e7\u00e3o refrescante, o que ajuda a aliviar a coceira e a irrita\u00e7\u00e3o. S\u00e3o tamb\u00e9m conservantes naturais, com efeitos antibacterianos e anti-inflamat\u00f3rios, que podem reduzir a resposta inflamat\u00f3ria na superf\u00edcie da pele, prevenindo doen\u00e7as como dermatite e eczema. Al\u00e9m disso, o aroma da hortel\u00e3-pimenta pode estimular o sistema nervoso, o que contribui para aliviar a fadiga e melhorar a concentra\u00e7\u00e3o.<\/p>\n\n\n\n<p>2. Agente hidratante: Os agentes hidratantes comuns incluem glicerina, propilenoglicol e outros ingredientes, que podem formar uma pel\u00edcula protetora na superf\u00edcie da pele, retendo firmemente a \u00e1gua, para que a pele possa absorver melhor a \u00e1gua e se tornar mais lisa e transparente.<\/p>\n\n\n\n<p>3. Surfactantes: Esses ingredientes tamb\u00e9m s\u00e3o um dos principais ingredientes, capazes de limpar profundamente a sujeira e a oleosidade da superf\u00edcie da pele, deixando-a fresca e limpa. Ao mesmo tempo, eles tamb\u00e9m podem fazer com que o sabonete l\u00edquido produza uma espuma densa, reduzindo o atrito, sendo suave e f\u00e1cil de enxaguar, al\u00e9m de melhorar o conforto do banho.<\/p>\n\n\n\n<p>4. Outros extratos vegetais: Tamb\u00e9m adicionamos ch\u00e1 verde, algas marinhas e outros extratos ao gel de banho. Esses ingredientes naturais t\u00eam propriedades antioxidantes, anti-inflamat\u00f3rias e calmantes, que podem hidratar ainda mais a pele e melhorar sua condi\u00e7\u00e3o. Ao mesmo tempo, n\u00e3o irritam a pele, proporcionando uma experi\u00eancia de banho confort\u00e1vel.<\/p>\n\n\n\n<h2 class=\"wp-block-heading\">Os benef\u00edcios do \u00f3leo de semente de ab\u00f3bora<\/h2>\n\n\n\n<p>No processo de produ\u00e7\u00e3o do sabonete l\u00edquido de hortel\u00e3-pimenta, contamos com perfumistas profissionais cuidadosamente preparados para garantir que o produto tenha o m\u00e1ximo efeito em condi\u00e7\u00f5es amenas e confort\u00e1veis. Aqui est\u00e3o alguns dos principais benef\u00edcios:<\/p>\n\n\n\n<p>1. Refrescante e confort\u00e1vel: a hortel\u00e3-pimenta tem um efeito refrescante e refrescante, ent\u00e3o a pele ficar\u00e1 fresca ao usar o gel de banho de hortel\u00e3-pimenta e durar\u00e1 algum tempo.<\/p>\n\n\n\n<p>2. Alivia o estresse e a dor muscular: o frescor do mentol pode estimular as termina\u00e7\u00f5es nervosas e promover a circula\u00e7\u00e3o sangu\u00ednea, aliviando a tens\u00e3o muscular e relaxando o corpo e a mente, ao mesmo tempo que ajusta o humor e alivia o estresse.<\/p>\n\n\n\n<p>3. Dor e coceira: Os ingredientes ativos do sabonete l\u00edquido de hortel\u00e3-pimenta podem inibir o crescimento e a reprodu\u00e7\u00e3o de bact\u00e9rias, proporcionando efeitos antibacterianos e anti-inflamat\u00f3rios, reduzindo assim os sintomas de inflama\u00e7\u00e3o da pele causados por vermelhid\u00e3o, dor, coceira, entre outros, e promovendo a cicatriza\u00e7\u00e3o. Tamb\u00e9m previne a inflama\u00e7\u00e3o da pele e a acne.<\/p>\n\n\n\n<p>4. Equil\u00edbrio da oleosidade: O sabonete l\u00edquido corporal de hortel\u00e3-pimenta limpa profundamente os poros e remove a oleosidade e a sujeira da pele. Ao mesmo tempo, tamb\u00e9m purifica e desobstrui os poros, permitindo que a pele mantenha um estado de equil\u00edbrio h\u00eddrico e oleoso, alcan\u00e7ando o efeito de equil\u00edbrio da oleosidade.<\/p>\n\n\n\n<p>5. Firmeza da pele: A hortel\u00e3-pimenta possui propriedades antienvelhecimento, enquanto outros ingredientes do sabonete l\u00edquido, como a vitamina B3, podem promover a s\u00edntese de col\u00e1geno e o metabolismo celular, melhorando assim o estado de relaxamento da pele, retendo ainda mais \u00e1gua e deixando-a mais firme e suave. O uso prolongado de nossos produtos pode ajudar a firmar a pele e melhorar seu brilho e elasticidade.<\/p>\n\n\n\n<h2 class=\"wp-block-heading\">Como usar \u00f3leo de semente de ab\u00f3bora para o crescimento capilar?<\/h2>\n\n\n\n<p>O sabonete l\u00edquido de hortel\u00e3-pimenta preparado em nossa f\u00e1brica \u00e9 suave e n\u00e3o irritante, produzindo uma espuma rica, que limpa profundamente a pele e proporciona uma agrad\u00e1vel sensa\u00e7\u00e3o de banho. Tamb\u00e9m indicamos cuidadosamente o modo de uso do sabonete l\u00edquido na embalagem e esperamos que voc\u00ea leia atentamente antes de us\u00e1-lo.<\/p>\n\n\n\n<p>1. Primeiro molhe o corpo com \u00e1gua morna para melhor aproveitamento do efeito de limpeza do gel de banho;<\/p>\n\n\n\n<p>2. Pegue uma quantidade adequada de sabonete l\u00edquido de hortel\u00e3-pimenta com a palma da m\u00e3o ou com a bola de banho para criar espuma, depois aplique a espuma no corpo, especialmente nas partes que transpiram facilmente e sujam, e massageie suavemente;<\/p>\n\n\n\n<p>3. Enx\u00e1gue com \u00e1gua morna ap\u00f3s a massagem, certifique-se de que n\u00e3o haja mais espuma e seque o corpo com uma toalha de banho.<\/p>\n\n\n\n<h2 class=\"wp-block-heading\">Cuidado<\/h2>\n\n\n\n<p>1. Recomenda-se fazer um teste de alergia antes do primeiro uso. Interrompa o uso se sentir desconforto;<\/p>\n\n\n\n<p>2. Use uma quantidade adequada de sabonete l\u00edquido de acordo com o tipo de pele individual, sem excessos, caso contr\u00e1rio causar\u00e1 ressecamento;<\/p>\n\n\n\n<p>3. Evite tocar nos olhos, boca e outras partes sens\u00edveis. Em caso de contato, enx\u00e1gue imediatamente com \u00e1gua;<\/p>\n\n\n\n<p>4. Mulheres gr\u00e1vidas devem us\u00e1-lo sob orienta\u00e7\u00e3o m\u00e9dica para evitar efeitos colaterais;<\/p>\n\n\n\n<p>5. O sabonete l\u00edquido de menta deve ser colocado em local fresco e seco, evitando luz solar direta e ambientes de alta temperatura;<\/p>\n\n\n\n<p>6. Este produto \u00e9 adequado para a maioria das pessoas, especialmente aquelas que desejam um ambiente fresco e seco;<\/p>\n\n\n\n<p>7. Este produto \u00e9 adequado para qualquer cen\u00e1rio, especialmente no ver\u00e3o e ap\u00f3s esportes para relaxar o corpo e a mente;<\/p>\n\n\n\n<h2 class=\"wp-block-heading\">Conclus\u00e3o<\/h2>\n\n\n\n<p>Se voc\u00ea busca uma linha de produ\u00e7\u00e3o de sabonete l\u00edquido de menta diferenciada e de alta qualidade, nossa f\u00e1brica \u00e9 a sua melhor escolha. Nossa sele\u00e7\u00e3o de mat\u00e9rias-primas de alta qualidade, vindas de todo o mundo, garante a seguran\u00e7a dos nossos produtos, e a f\u00f3rmula exclusiva adicionada \u00e9 a escolha ideal para mais usu\u00e1rios que buscam uma experi\u00eancia refrescante. Ao mesmo tempo, nossa f\u00e1brica possui um sistema completo de cadeia de suprimentos e um processo de produ\u00e7\u00e3o eficiente, que pode atender a uma produ\u00e7\u00e3o de alta qualidade em grandes quantidades. Tamb\u00e9m oferecemos uma gama completa de servi\u00e7os personalizados para atender \u00e0s suas necessidades individuais. Se voc\u00ea ainda quiser saber mais sobre as informa\u00e7\u00f5es do produto sabonete l\u00edquido de menta, entre em contato conosco o mais breve poss\u00edvel.<\/p>","protected":false},"excerpt":{"rendered":"Pumpkin Seed Oil Manufacturing Common Formulas We attach great importance to the quality of mint shower gel products, not only carefully selecting raw materials but also strictly controlling each process. A variety of plant extracts are added to the product processing, without any preservatives, the main formula is: 1. Peppermint essential oil: Peppermint essential oil [&hellip;]","protected":false},"featured_media":1187,"menu_order":0,"template":"","meta":[],"product-tag":[],"products":[57],"class_list":["post-1186","product","type-product","status-publish","has-post-thumbnail","hentry","products-body-wash"],"acf":[],"_links":{"self":[{"href":"https:\/\/www.ruiqigo.com\/pt\/wp-json\/wp\/v2\/product\/1186","targetHints":{"allow":["GET"]}}],"collection":[{"href":"https:\/\/www.ruiqigo.com\/pt\/wp-json\/wp\/v2\/product"}],"about":[{"href":"https:\/\/www.ruiqigo.com\/pt\/wp-json\/wp\/v2\/types\/product"}],"version-history":[{"count":0,"href":"https:\/\/www.ruiqigo.com\/pt\/wp-json\/wp\/v2\/product\/1186\/revisions"}],"wp:featuredmedia":[{"embeddable":true,"href":"https:\/\/www.ruiqigo.com\/pt\/wp-json\/wp\/v2\/media\/1187"}],"wp:attachment":[{"href":"https:\/\/www.ruiqigo.com\/pt\/wp-json\/wp\/v2\/media?parent=1186"}],"wp:term":[{"taxonomy":"product-tag","embeddable":true,"href":"https:\/\/www.ruiqigo.com\/pt\/wp-json\/wp\/v2\/product-tag?post=1186"},{"taxonomy":"products","embeddable":true,"href":"https:\/\/www.ruiqigo.com\/pt\/wp-json\/wp\/v2\/products?post=1186"}],"curies":[{"name":"wp","href":"https:\/\/api.w.org\/{rel}","templated":true}]}}