{"id":1342,"date":"2024-10-24T18:01:05","date_gmt":"2024-10-24T10:01:05","guid":{"rendered":"https:\/\/ruiqigo.com\/?post_type=product&#038;p=1342"},"modified":"2024-10-28T15:45:52","modified_gmt":"2024-10-28T07:45:52","slug":"exfoliating-body-wash","status":"publish","type":"product","link":"https:\/\/www.ruiqigo.com\/pt\/product\/exfoliating-body-wash","title":{"rendered":"Sabonete Esfoliante Corporal"},"content":{"rendered":"<h2 class=\"wp-block-heading\">F\u00f3rmulas comuns de fabrica\u00e7\u00e3o de sabonetes esfoliantes corporais<\/h2>\n\n\n\n<p>No processo de fabrica\u00e7\u00e3o deste sabonete l\u00edquido esfoliante corporal, misturamos cientificamente uma variedade de ingredientes altamente eficazes e controlamos rigorosamente cada etapa da produ\u00e7\u00e3o para garantir a seguran\u00e7a e a efic\u00e1cia do produto. Aqui est\u00e3o os principais ingredientes:<\/p>\n\n\n\n<p>1. Part\u00edculas esfoliantes: Extra\u00edmos algumas part\u00edculas esfoliantes naturais de bambu jade e sais minerais e as ajustamos de acordo com uma certa propor\u00e7\u00e3o, o que pode remover suavemente a queratina envelhecida da pele, e os ingredientes naturais das plantas tamb\u00e9m podem nutrir a pele.<\/p>\n\n\n\n<p>2. \u00c1cido salic\u00edlico: Esta subst\u00e2ncia \u00e1cida penetra na pele e ajuda a dissolver e remover a queratina profunda sem irritar a pele. Ao mesmo tempo, promove a regenera\u00e7\u00e3o celular da pele e o uso cont\u00ednuo deixar\u00e1 a pele mais lisa.<\/p>\n\n\n\n<p>3. Niacinamida: a niacinamida pode ajudar a pele a reter \u00e1gua e melhorar sua capacidade de hidrata\u00e7\u00e3o; e tamb\u00e9m pode reduzir a deposi\u00e7\u00e3o de melanina, para alcan\u00e7ar um certo efeito clareador; Ao mesmo tempo, a nicotinamida tem efeito antioxidante e retarda o envelhecimento da pele.<\/p>\n\n\n\n<p>4. Surfactantes: Esses ingredientes t\u00eam boa capacidade de limpeza, podem remover sujeira e oleosidade da superf\u00edcie da pele e mant\u00ea-la fresca.<\/p>\n\n\n\n<p>5. Aromaterapia: pode adicionar um aroma agrad\u00e1vel ao gel de banho, melhorar a experi\u00eancia do banho e acalmar o corpo e a mente.<\/p>\n\n\n\n<h2 class=\"wp-block-heading\">As fun\u00e7\u00f5es do sabonete esfoliante corporal<\/h2>\n\n\n\n<p>Esfoliantes geralmente cont\u00eam part\u00edculas grandes, exigem uma massagem vigorosa na pele ao serem aplicados e n\u00e3o t\u00eam fun\u00e7\u00e3o de limpeza. Por isso, como fabricante focado em produtos de cuidados pessoais, desenvolvemos um sabonete l\u00edquido esfoliante corporal com base nessas desvantagens, que esfolia suavemente, limpa profundamente os poros e hidrata a pele. Os principais efeitos s\u00e3o os seguintes:<\/p>\n\n\n\n<p>1. Limpeza profunda: o sabonete l\u00edquido esfoliante pode limpar profundamente os poros, reduzir o ac\u00famulo de sujeira e oleosidade, ajudar a prevenir acne, deixar os poros mais desobstru\u00eddos e manter a pele fresca e limpa.<\/p>\n\n\n\n<p>2. Remove c\u00e9lulas mortas: Nossos produtos cont\u00eam part\u00edculas esfoliantes, que removem eficazmente c\u00e9lulas mortas e cut\u00edculas envelhecidas da superf\u00edcie da pele. O uso prolongado ajuda a melhorar o tom irregular da pele, tornando-a mais lisa e delicada.<\/p>\n\n\n\n<p>3. Suavizante e relaxante: Este sabonete corporal esfoliante cont\u00e9m extratos naturais de plantas que hidratam e acalmam a pele enquanto esfoliam, ajudando a relaxar o corpo e a mente e a aliviar a fadiga.<\/p>\n\n\n\n<p>4. Clareamento do tom da pele: O processo de esfolia\u00e7\u00e3o pode promover o metabolismo, reduzir linhas finas e melhorar a absor\u00e7\u00e3o de nutrientes pela pele. O uso cont\u00ednuo pode clarear o tom da pele, deixando-a mais firme e el\u00e1stica.<\/p>\n\n\n\n<h2 class=\"wp-block-heading\">Como usar sabonete esfoliante corporal para cuidados com o corpo?<\/h2>\n\n\n\n<p>O uso adequado de sabonete l\u00edquido esfoliante corporal pode ajudar a remover eficazmente a esfolia\u00e7\u00e3o da superf\u00edcie da pele e a limpar profundamente os poros. Selecionamos cuidadosamente mat\u00e9rias-primas de alta qualidade e as misturamos aquecendo-as na propor\u00e7\u00e3o adequada. Ao mesmo tempo, testamos os produtos acabados em termos de apar\u00eancia, aroma, pH, etc., para garantir sua qualidade e higiene.<\/p>\n\n\n\n<p>1. Fase de prepara\u00e7\u00e3o: Molhe o corpo com \u00e1gua morna, especialmente as \u00e1reas que precisam ser esfoliadas, como cotovelos, joelhos, etc.<\/p>\n\n\n\n<p>2. Massagem: Aplique uma quantidade adequada de sabonete l\u00edquido esfoliante corporal na palma da m\u00e3o ou na espuma, fa\u00e7a espuma e aplique uniformemente em todo o corpo, especialmente na \u00e1rea com cut\u00edculas espessas. Massageie suavemente com as m\u00e3os, evitando for\u00e7a excessiva. O tempo de massagem \u00e9 geralmente de 3 a 5 minutos. Para fortalecer as partes do estrato c\u00f3rneo espesso, a massagem pode limpar profundamente a pele e remover a queratina envelhecida.<\/p>\n\n\n\n<p>3. Enx\u00e1gue e hidrate: Enx\u00e1gue a espuma com \u00e1gua e seque com uma toalha para garantir que n\u00e3o haja mais res\u00edduos de sabonete l\u00edquido. Esfoliantes corporais podem ajudar a abrir melhor os poros, ent\u00e3o aplique uma lo\u00e7\u00e3o hidratante corporal imediatamente ap\u00f3s a lavagem para promover a absor\u00e7\u00e3o, reter a umidade e manter a pele hidratada e macia.<\/p>\n\n\n\n<h2 class=\"wp-block-heading\">Cuidado<\/h2>\n\n\n\n<p>1. Realize um teste de anafilaxia antes de usar. Se ocorrer alguma rea\u00e7\u00e3o al\u00e9rgica, interrompa o uso imediatamente e consulte um m\u00e9dico.<\/p>\n\n\n\n<p>2. A frequ\u00eancia de uso do gel de banho esfoliante \u00e9 recomendada de 1 a 2 vezes por semana, n\u00e3o devendo ser usado em excesso, caso contr\u00e1rio, a pele ficar\u00e1 seca e fr\u00e1gil;<\/p>\n\n\n\n<p>3. Evite usar em partes sens\u00edveis, como rosto, pesco\u00e7o e partes \u00edntimas, para evitar irrita\u00e7\u00f5es na pele;<\/p>\n\n\n\n<p>4. Ao usar, a temperatura da \u00e1gua deve ser controlada entre 35-40 graus para evitar temperatura excessiva da \u00e1gua que destruir\u00e1 a cut\u00edcula;<\/p>\n\n\n\n<p>5. O gel de banho esfoliante pode ser usado com lo\u00e7\u00e3o hidratante corporal, \u00e9 recomend\u00e1vel verificar os ingredientes antes de usar para evitar causar desconforto;<\/p>\n\n\n\n<p>6. Recomenda-se que nosso sabonete l\u00edquido seja armazenado em local seco e fresco, longe da luz solar direta e de altas temperaturas.<\/p>\n\n\n\n<h2 class=\"wp-block-heading\">Conclus\u00e3o<\/h2>\n\n\n\n<p>Estamos equipados com equipamentos e processos de produ\u00e7\u00e3o avan\u00e7ados, seja na sele\u00e7\u00e3o de mat\u00e9rias-primas ou no envase de produtos acabados, controlamos rigorosamente a qualidade do sabonete l\u00edquido esfoliante corporal, para garantir que todos os produtos estejam em conformidade com a certifica\u00e7\u00e3o do sistema de gest\u00e3o da qualidade ISO9001 e os testes das normas nacionais de seguran\u00e7a relevantes. Contamos, \u00e9 claro, com uma s\u00f3lida cadeia de suprimentos, que garante a conclus\u00e3o de pedidos em larga escala. Ao mesmo tempo, oferecemos uma gama completa de servi\u00e7os personalizados, criando um sabonete l\u00edquido esfoliante corporal especial para voc\u00ea, de acordo com suas necessidades. Seja em f\u00f3rmula ou embalagem, faremos o poss\u00edvel para alcan\u00e7ar o efeito desejado. Se desejar saber mais sobre nossa produ\u00e7\u00e3o, entre em contato conosco imediatamente.<\/p>","protected":false},"excerpt":{"rendered":"Exfoliating Body Wash Manufacturing Common Formulas In the process of making this exfoliating body wash, we scientifically mix a variety of highly effective ingredients and strictly control every step of production to ensure the safety and effectiveness of the product. Here are the main ingredients: 1. Exfoliating particles: We extract some natural exfoliating particles of [&hellip;]","protected":false},"featured_media":1343,"menu_order":0,"template":"","meta":[],"product-tag":[],"products":[57],"class_list":["post-1342","product","type-product","status-publish","has-post-thumbnail","hentry","products-body-wash"],"acf":[],"_links":{"self":[{"href":"https:\/\/www.ruiqigo.com\/pt\/wp-json\/wp\/v2\/product\/1342","targetHints":{"allow":["GET"]}}],"collection":[{"href":"https:\/\/www.ruiqigo.com\/pt\/wp-json\/wp\/v2\/product"}],"about":[{"href":"https:\/\/www.ruiqigo.com\/pt\/wp-json\/wp\/v2\/types\/product"}],"version-history":[{"count":0,"href":"https:\/\/www.ruiqigo.com\/pt\/wp-json\/wp\/v2\/product\/1342\/revisions"}],"wp:featuredmedia":[{"embeddable":true,"href":"https:\/\/www.ruiqigo.com\/pt\/wp-json\/wp\/v2\/media\/1343"}],"wp:attachment":[{"href":"https:\/\/www.ruiqigo.com\/pt\/wp-json\/wp\/v2\/media?parent=1342"}],"wp:term":[{"taxonomy":"product-tag","embeddable":true,"href":"https:\/\/www.ruiqigo.com\/pt\/wp-json\/wp\/v2\/product-tag?post=1342"},{"taxonomy":"products","embeddable":true,"href":"https:\/\/www.ruiqigo.com\/pt\/wp-json\/wp\/v2\/products?post=1342"}],"curies":[{"name":"wp","href":"https:\/\/api.w.org\/{rel}","templated":true}]}}