{"id":1909,"date":"2024-11-22T15:17:58","date_gmt":"2024-11-22T07:17:58","guid":{"rendered":"https:\/\/ruiqigo.com\/?post_type=product&#038;p=1909"},"modified":"2024-11-22T15:17:59","modified_gmt":"2024-11-22T07:17:59","slug":"hand-cream-for-dry-hands","status":"publish","type":"product","link":"https:\/\/www.ruiqigo.com\/pt\/product\/hand-cream-for-dry-hands","title":{"rendered":"Creme para as m\u00e3os secas"},"content":{"rendered":"<h2 class=\"wp-block-heading\">F\u00f3rmulas comuns de fabrica\u00e7\u00e3o de creme para m\u00e3os secas<\/h2>\n\n\n\n<p>Para m\u00e3os secas, nossa equipe de pesquisa e desenvolvimento utiliza uma f\u00f3rmula exclusiva com uma sele\u00e7\u00e3o de extratos naturais de plantas e ingredientes hidratantes, que s\u00e3o suaves para a pele e proporcionam excelentes efeitos hidratantes e reparadores nas m\u00e3os. Vamos dar uma olhada no papel principal desses ingredientes:<\/p>\n\n\n\n<p>1. \u00d3leo essencial de lavanda: O \u00f3leo essencial de lavanda possui efeitos antibacterianos e anti-inflamat\u00f3rios, que podem reduzir a inflama\u00e7\u00e3o e a vermelhid\u00e3o da pele das m\u00e3os e promover a repara\u00e7\u00e3o e a regenera\u00e7\u00e3o da pele danificada. Ao mesmo tempo, tamb\u00e9m possui um efeito calmante, prop\u00edcio ao relaxamento do corpo e da mente, aliviando o estresse e proporcionando uma experi\u00eancia agrad\u00e1vel.<\/p>\n\n\n\n<p>2. Glicerina: A glicerina possui um forte efeito hidratante e retentor de \u00e1gua, que pode formar uma pel\u00edcula protetora na pele, retendo \u00e1gua com efic\u00e1cia, prevenindo a evapora\u00e7\u00e3o e deixando as m\u00e3os mais hidratadas. Al\u00e9m disso, tamb\u00e9m pode regular a barreira cut\u00e2nea, reduzir danos externos e contribuir para a repara\u00e7\u00e3o da barreira cut\u00e2nea danificada.<\/p>\n\n\n\n<p>3. \u00c1cido hialur\u00f4nico: \u00c9 tamb\u00e9m um ingrediente hidratante altamente eficaz e fornece nutrientes que podem reparar eficazmente problemas causados por ressecamento e danos. Ao mesmo tempo, o \u00e1cido hialur\u00f4nico \u00e9 um componente importante para refor\u00e7ar a elasticidade da pele, ajudando a pele das m\u00e3os a restaurar a elasticidade, aliviar o envelhecimento e firmar.<\/p>\n\n\n\n<p>4. Manteiga de karit\u00e9: A manteiga de karit\u00e9 tem um efeito hidratante e nutritivo significativo, que pode hidratar e nutrir as c\u00e9lulas epid\u00e9rmicas por um longo tempo, aliviando ainda mais o problema da pele seca e \u00e1spera das m\u00e3os. Ela tamb\u00e9m possui propriedades anti-inflamat\u00f3rias e resistentes aos raios UV, que podem aliviar a inflama\u00e7\u00e3o e o desconforto e promover a repara\u00e7\u00e3o e a regenera\u00e7\u00e3o da pele, protegendo a pele das m\u00e3os dos danos causados pelos raios UV e deixando-a mais saud\u00e1vel e firme.<\/p>\n\n\n\n<p>5. Vitamina E: A vitamina E \u00e9 um poderoso antioxidante que pode resistir aos danos dos radicais livres na pele e prevenir o envelhecimento. Tamb\u00e9m possui um efeito clareador, o que contribui para reduzir a deposi\u00e7\u00e3o de pigmento subcut\u00e2neo e tornar a pele das m\u00e3os mais brilhante. Ao mesmo tempo, pode acelerar o reparo do estrato c\u00f3rneo, o que pode auxiliar na recupera\u00e7\u00e3o da pele danificada ou seca.<\/p>\n\n\n\n<h2 class=\"wp-block-heading\">As fun\u00e7\u00f5es do creme para m\u00e3os secas<\/h2>\n\n\n\n<p>Como fabricantes profissionais de cremes para as m\u00e3os, desenvolvemos a f\u00f3rmula correspondente de acordo com o estado da pele das m\u00e3os, buscando atender a diferentes prefer\u00eancias e necessidades. Cremes multifuncionais para as m\u00e3os tamb\u00e9m s\u00e3o uma de nossas vantagens competitivas. Nossos cremes para as m\u00e3os s\u00e3o adequados para a maioria das pessoas e podem hidratar profundamente, restaurar a elasticidade, reparar barreiras e fazer a pele das suas m\u00e3os brilhar novamente.<\/p>\n\n\n\n<p>1. Previne o ressecamento e a descama\u00e7\u00e3o: Nossos cremes para as m\u00e3os s\u00e3o ricos em fatores hidratantes e ingredientes nutritivos que penetram profundamente na pele, proporcionando hidrata\u00e7\u00e3o e nutrientes, al\u00e9m de reter a umidade para uma hidrata\u00e7\u00e3o duradoura. Ingredientes nutritivos reparam a pele danificada e promovem a cicatriza\u00e7\u00e3o e a regenera\u00e7\u00e3o. O uso prolongado deixar\u00e1 suas m\u00e3os secas, \u00e1speras e descamativas hidratadas e saud\u00e1veis.<\/p>\n\n\n\n<p>2. Previne o envelhecimento: O ingrediente antioxidante que adicionamos, o \u00e1cido hialur\u00f4nico, pode promover efetivamente a produ\u00e7\u00e3o de col\u00e1geno para que a pele das suas m\u00e3os fique mais firme e el\u00e1stica, e tamb\u00e9m para atingir o efeito antienvelhecimento.<\/p>\n\n\n\n<p>3. Estimula o crescimento das unhas: os cremes para as m\u00e3os promovem o crescimento das unhas hidratando a pele ao redor delas para reduzir o atrito e a resist\u00eancia que a unha pode encontrar durante o crescimento, al\u00e9m de amolecer ainda mais a cut\u00edcula, deixando a pele ao redor das unhas mais saud\u00e1vel.<\/p>\n\n\n\n<p>4. Calmante: A fragr\u00e2ncia do creme para as m\u00e3os tem um efeito calmante, que pode relaxar o corpo e a mente, aliviar o estresse e proporcionar uma experi\u00eancia agrad\u00e1vel.<\/p>\n\n\n\n<p>5. Melhora a cor da pele: Tamb\u00e9m adicionamos alguns ingredientes clareadores, que ajudam a melhorar a condi\u00e7\u00e3o opaca das m\u00e3os. O uso a longo prazo pode deixar a pele das m\u00e3os mais delicada e brilhante.<\/p>\n\n\n\n<p>6. Barreira protetora: Ao aplicar nosso creme para as m\u00e3os, ele formar\u00e1 uma pel\u00edcula protetora natural, que \u00e9 prop\u00edcia para bloquear os danos do ambiente externo, como luz ultravioleta, ambiente seco, etc., para que voc\u00ea possa trabalhar com seguran\u00e7a ao ar livre.<\/p>\n\n\n\n<h2 class=\"wp-block-heading\">Como usar creme para m\u00e3os secas?<\/h2>\n\n\n\n<p>Nosso creme especial para m\u00e3os secas pode ser usado em diversas situa\u00e7\u00f5es, como ap\u00f3s lavar as m\u00e3os, em esta\u00e7\u00f5es frias e secas, em atividades ao ar livre, etc. Sua embalagem foi projetada para ser f\u00e1cil de transportar e pode ser usada sob demanda. Para garantir a qualidade e a seguran\u00e7a de nossos produtos, utilizamos diferentes sistemas de gest\u00e3o da qualidade em todo o processo de produ\u00e7\u00e3o para testar a apar\u00eancia, o desempenho e outros aspectos do creme para as m\u00e3os. O modo de uso tamb\u00e9m est\u00e1 indicado na embalagem do produto.<\/p>\n\n\n\n<p>1. M\u00e3os limpas: lave as m\u00e3os primeiro para evitar que sujeira e outros res\u00edduos afetem o efeito de lavagem das m\u00e3os do creme para as m\u00e3os.<\/p>\n\n\n\n<p>2. Aplique uniformemente: Pegue uma quantidade adequada de creme para as m\u00e3os (cerca de 1,5 cm de di\u00e2metro) e aplique primeiro na palma da m\u00e3o e, em seguida, aplique na outra m\u00e3o com as duas m\u00e3os para garantir que todos os cantos sejam cobertos, especialmente a boca do tigre, a borda da unha, entre os dedos e outros locais facilmente esquecidos.<\/p>\n\n\n\n<p>3. Massagem adequada: massageie suavemente a pele das m\u00e3os com as duas m\u00e3os ap\u00f3s a aplica\u00e7\u00e3o para promover a circula\u00e7\u00e3o sangu\u00ednea e a absor\u00e7\u00e3o do creme para as m\u00e3os, especialmente nas pontas dos dedos e nas palmas das m\u00e3os.<\/p>\n\n\n\n<h2 class=\"wp-block-heading\">Cuidado<\/h2>\n\n\n\n<p>1. Realize um teste de alergia ao usar pela primeira vez. Se sentir desconforto, interrompa o uso imediatamente e consulte um m\u00e9dico.<\/p>\n\n\n\n<p>2. Escolha diferentes cremes para as m\u00e3os de acordo com a esta\u00e7\u00e3o e o seu tipo de pele.<\/p>\n\n\n\n<p>3. Evite lavar as m\u00e3os com frequ\u00eancia, pois isso pode ressec\u00e1-las.<\/p>\n\n\n\n<p>4. Evite aplicar creme para as m\u00e3os muito espesso. Um creme muito espesso deixar\u00e1 suas m\u00e3os oleosas e desconfort\u00e1veis.<\/p>\n\n\n\n<p>5. Recomenda-se armazenar em local fresco e seco, mantendo-o fechado, para evitar luz solar direta e ambientes de alta temperatura.<\/p>\n\n\n\n<h2 class=\"wp-block-heading\">Conclus\u00e3o<\/h2>\n\n\n\n<p>Como fabricante dedicado \u00e0 cria\u00e7\u00e3o de cremes para as m\u00e3os de alta qualidade para m\u00e3os secas, dispomos de equipamentos de produ\u00e7\u00e3o avan\u00e7ados e linhas de produ\u00e7\u00e3o automatizadas, um s\u00f3lido sistema de gest\u00e3o da qualidade, uma equipe profissional de P&amp;D e uma cadeia de suprimentos est\u00e1vel. Portanto, seja para pedidos grandes ou pequenos, podemos garantir a qualidade com efici\u00eancia. Al\u00e9m disso, oferecemos um servi\u00e7o de personaliza\u00e7\u00e3o exclusivo, adaptado \u00e0s suas necessidades, para personalizar a f\u00f3rmula do seu creme para as m\u00e3os. Entre em contato conosco se tiver interesse em nosso creme para as m\u00e3os.<\/p>\n\n\n\n<p><\/p>","protected":false},"excerpt":{"rendered":"Hand Cream For Dry Hands Manufacturing Common Formulas For dry hands, our research and development team uses a unique formula with a selection of natural plant extracts and moisturizing ingredients, which are gentle on the skin and give excellent moisturizing and repairing effects on the hands. Let&#8217;s take a look at the main role of [&hellip;]","protected":false},"featured_media":1910,"menu_order":0,"template":"","meta":[],"product-tag":[],"products":[58],"class_list":["post-1909","product","type-product","status-publish","has-post-thumbnail","hentry","products-hand-cream"],"acf":[],"_links":{"self":[{"href":"https:\/\/www.ruiqigo.com\/pt\/wp-json\/wp\/v2\/product\/1909","targetHints":{"allow":["GET"]}}],"collection":[{"href":"https:\/\/www.ruiqigo.com\/pt\/wp-json\/wp\/v2\/product"}],"about":[{"href":"https:\/\/www.ruiqigo.com\/pt\/wp-json\/wp\/v2\/types\/product"}],"version-history":[{"count":0,"href":"https:\/\/www.ruiqigo.com\/pt\/wp-json\/wp\/v2\/product\/1909\/revisions"}],"wp:featuredmedia":[{"embeddable":true,"href":"https:\/\/www.ruiqigo.com\/pt\/wp-json\/wp\/v2\/media\/1910"}],"wp:attachment":[{"href":"https:\/\/www.ruiqigo.com\/pt\/wp-json\/wp\/v2\/media?parent=1909"}],"wp:term":[{"taxonomy":"product-tag","embeddable":true,"href":"https:\/\/www.ruiqigo.com\/pt\/wp-json\/wp\/v2\/product-tag?post=1909"},{"taxonomy":"products","embeddable":true,"href":"https:\/\/www.ruiqigo.com\/pt\/wp-json\/wp\/v2\/products?post=1909"}],"curies":[{"name":"wp","href":"https:\/\/api.w.org\/{rel}","templated":true}]}}