{"id":2022,"date":"2024-11-27T14:41:54","date_gmt":"2024-11-27T06:41:54","guid":{"rendered":"https:\/\/ruiqigo.com\/?post_type=product&#038;p=2022"},"modified":"2024-11-27T14:41:54","modified_gmt":"2024-11-27T06:41:54","slug":"anti-aging-hand-cream","status":"publish","type":"product","link":"https:\/\/www.ruiqigo.com\/pt\/product\/anti-aging-hand-cream","title":{"rendered":"Creme Antienvelhecimento para as M\u00e3os"},"content":{"rendered":"<h2 class=\"wp-block-heading\">F\u00f3rmulas comuns de fabrica\u00e7\u00e3o de cremes antienvelhecimento para as m\u00e3os<\/h2>\n\n\n\n<p>Para linhas finas, manchas e outros problemas, nossa equipe de P&amp;D utiliza f\u00f3rmulas cient\u00edficas avan\u00e7adas, ingredientes naturais suaves e mat\u00e9rias-primas cuidadosamente selecionadas para garantir alta qualidade. As principais f\u00f3rmulas s\u00e3o:<\/p>\n\n\n\n<p>1. Retinol: O retinol \u00e9 o principal componente antienvelhecimento, promovendo a produ\u00e7\u00e3o de c\u00e9lulas epiteliais e col\u00e1geno. Aumenta a elasticidade da pele, fortalecendo o metabolismo e promovendo a remo\u00e7\u00e3o das cut\u00edculas envelhecidas, reduzindo manchas. Com o uso prolongado, nossas m\u00e3os ficar\u00e3o delicadas e macias.<\/p>\n\n\n\n<p>2. \u00c1cido hialur\u00f4nico: \u00c9 um ingrediente hidratante altamente eficaz que ret\u00e9m a \u00e1gua com firmeza e proporciona um efeito hidratante duradouro. Portanto, aderir \u00e0s m\u00e3os ajudar\u00e1 a pele a manter o equil\u00edbrio h\u00eddrico e evitar\u00e1 problemas de ressecamento e aspereza.<\/p>\n\n\n\n<p>3. Esqualano: O esqualano tem um efeito hidratante significativo, sendo suave e n\u00e3o irritante, al\u00e9m de formar uma pel\u00edcula protetora. Ele nutre a pele das m\u00e3os, prevenindo os danos causados por subst\u00e2ncias nocivas do mundo exterior, proporcionando dupla prote\u00e7\u00e3o e deixando as m\u00e3os mais macias e flex\u00edveis.<\/p>\n\n\n\n<p>4. Vitamina E: \u00c9 um bom antioxidante, capaz de resistir aos danos dos radicais livres, inibir a s\u00edntese de melanina e, ainda, alcan\u00e7ar o efeito de clareamento e repara\u00e7\u00e3o de sardas. O uso prolongado pode retardar o processo de envelhecimento da pele.<\/p>\n\n\n\n<p>5. Ess\u00eancia natural de plantas: adicionamos aloe vera, camomila e outras ess\u00eancias naturais de plantas, elas t\u00eam um efeito calmante e podem aliviar a tens\u00e3o e o desconforto causados pelas m\u00e3os secas.<\/p>\n\n\n\n<h2 class=\"wp-block-heading\">As fun\u00e7\u00f5es do creme antienvelhecimento para as m\u00e3os<\/h2>\n\n\n\n<p>Como fabricantes experientes de cremes antienvelhecimento para as m\u00e3os, desenvolvemos diferentes f\u00f3rmulas de acordo com seus diferentes tipos de pele e prefer\u00eancias. No processo de produ\u00e7\u00e3o, tamb\u00e9m damos grande import\u00e2ncia \u00e0 seguran\u00e7a dos produtos e implementamos um sistema de controle de qualidade multicanal para garantir a seguran\u00e7a e a efic\u00e1cia dos produtos. Sobre suas fun\u00e7\u00f5es, podemos aprender:<\/p>\n\n\n\n<p>1. Altamente hidratante e hidratante: O creme anti-idade para as m\u00e3os \u00e9 rico em fatores hidratantes e ingredientes nutritivos, que podem hidratar profundamente e repor a \u00e1gua. Ao mesmo tempo, a \u00e1gua ser\u00e1 firmemente retida, mantendo a umidade da pele das m\u00e3os, juntamente com um rico efeito nutritivo, que pode deixar suas m\u00e3os mais macias e suaves.<\/p>\n\n\n\n<p>2. Atenua linhas finas e rugas: sob a a\u00e7\u00e3o de antioxidantes como o retinol, as manchas na pele das m\u00e3os desaparecer\u00e3o gradualmente e estimular\u00e3o constantemente a regenera\u00e7\u00e3o das c\u00e9lulas da pele, repletas de col\u00e1geno, que podem melhorar a textura da pele, atenuar linhas finas e rugas e restaurar a elasticidade.<\/p>\n\n\n\n<p>3. Suavizante e relaxante: Se a m\u00e3o estiver gravemente desidratada, pode causar rachaduras \u00e1speras e secas, o que tornar\u00e1 as m\u00e3os mais doloridas. Nossos extratos naturais de plantas ajudam a acalmar e acalmar a pele sem irrit\u00e1-la, mesmo os m\u00fasculos sens\u00edveis.<\/p>\n\n\n\n<p>4. Barreira protetora: a pele das m\u00e3os formar\u00e1 uma pel\u00edcula protetora quando aplicada, que pode resistir aos danos do ambiente externo agressivo e proteger a pele das m\u00e3os para que elas fiquem constantemente nutridas e macias.<\/p>\n\n\n\n<p>5. Clareia a pele: Nosso creme anti-idade para as m\u00e3os n\u00e3o s\u00f3 reduz manchas e uniformiza o tom da pele, como tamb\u00e9m a clareia. O uso prolongado pode clarear a pele das m\u00e3os.<\/p>\n\n\n\n<h2 class=\"wp-block-heading\">Como usar creme antienvelhecimento para as m\u00e3os?<\/h2>\n\n\n\n<p>Ao escolher o creme antienvelhecimento para as m\u00e3os certo para o seu tipo de pele e necessidades, e segui-lo \u00e0 risca, voc\u00ea pode efetivamente melhorar o envelhecimento da pele das suas m\u00e3os. A f\u00f3rmula segura e outras informa\u00e7\u00f5es est\u00e3o indicadas na embalagem, para que voc\u00ea possa l\u00ea-la detalhadamente e us\u00e1-la com tranquilidade.<\/p>\n\n\n\n<p>1. Enx\u00e1gue com \u00e1gua morna e seque delicadamente com uma toalha antes de usar;<\/p>\n\n\n\n<p>2. Aplique uma quantidade apropriada de creme anti-envelhecimento para as m\u00e3os na palma da m\u00e3o e esfregue com as duas m\u00e3os, distribua uniformemente o creme para as m\u00e3os em ambas as m\u00e3os e certifique-se de que o dorso da m\u00e3o, a costura dos dedos e as pontas dos dedos tamb\u00e9m sejam aplicados;<\/p>\n\n\n\n<p>3. Massageie suavemente as m\u00e3os ap\u00f3s a aplica\u00e7\u00e3o para ajudar na melhor absor\u00e7\u00e3o do creme para as m\u00e3os;<\/p>\n\n\n\n<p>4. Reaplique o creme para as m\u00e3os sempre que suas m\u00e3os estiverem particularmente secas.<\/p>\n\n\n\n<h2 class=\"wp-block-heading\">Cuidado<\/h2>\n\n\n\n<p>1. Escolha o creme anti-envelhecimento para as m\u00e3os mais adequado de acordo com seu tipo de pele e necessidades;<\/p>\n\n\n\n<p>2. Antes do primeiro uso de um teste al\u00e9rgico avan\u00e7ado, se ocorrer desconforto, interrompa imediatamente o uso e consulte um m\u00e9dico;<\/p>\n\n\n\n<p>3. Evite o uso excessivo, caso contr\u00e1rio, causar\u00e1 pele oleosa e obstruir\u00e1 os poros;<\/p>\n\n\n\n<p>4. Preste aten\u00e7\u00e3o \u00e0 frequ\u00eancia de uso, recomenda-se usar ap\u00f3s lavar as m\u00e3os pela manh\u00e3 e \u00e0 noite, se o ambiente seco e frio puder aumentar adequadamente a frequ\u00eancia de uso;<\/p>\n\n\n\n<p>5. Recomenda-se armazenar em local fresco e seco, evitando altas temperaturas e ambientes \u00famidos.<\/p>\n\n\n\n<h2 class=\"wp-block-heading\">Conclus\u00e3o<\/h2>\n\n\n\n<p>Nosso creme antienvelhecimento para as m\u00e3os \u00e9 um produto competitivo, com ingredientes suaves, f\u00f3rmula exclusiva e efic\u00e1cia superior. Ao mesmo tempo, oferecemos um servi\u00e7o personalizado de alta qualidade, criando uma f\u00f3rmula especial para voc\u00ea, de acordo com suas necessidades. Enquanto isso, ajustamos constantemente com base no seu feedback para alcan\u00e7ar os melhores resultados. Se voc\u00ea tamb\u00e9m deseja experimentar seu charme \u00fanico, entre em contato conosco.<\/p>","protected":false},"excerpt":{"rendered":"Anti-Aging Hand Cream Manufacturing Common Formulas For fine lines, stains, and other problems, our R&amp;D team uses advanced scientific formulations, mild natural ingredients, and carefully selected raw materials to ensure high quality. The main formulas are: 1. Retinol: Retinol is the core component of anti-aging, which can promote the production of epithelial cells and collagen. [&hellip;]","protected":false},"featured_media":2023,"menu_order":0,"template":"","meta":[],"product-tag":[],"products":[58],"class_list":["post-2022","product","type-product","status-publish","has-post-thumbnail","hentry","products-hand-cream"],"acf":[],"_links":{"self":[{"href":"https:\/\/www.ruiqigo.com\/pt\/wp-json\/wp\/v2\/product\/2022","targetHints":{"allow":["GET"]}}],"collection":[{"href":"https:\/\/www.ruiqigo.com\/pt\/wp-json\/wp\/v2\/product"}],"about":[{"href":"https:\/\/www.ruiqigo.com\/pt\/wp-json\/wp\/v2\/types\/product"}],"version-history":[{"count":0,"href":"https:\/\/www.ruiqigo.com\/pt\/wp-json\/wp\/v2\/product\/2022\/revisions"}],"wp:featuredmedia":[{"embeddable":true,"href":"https:\/\/www.ruiqigo.com\/pt\/wp-json\/wp\/v2\/media\/2023"}],"wp:attachment":[{"href":"https:\/\/www.ruiqigo.com\/pt\/wp-json\/wp\/v2\/media?parent=2022"}],"wp:term":[{"taxonomy":"product-tag","embeddable":true,"href":"https:\/\/www.ruiqigo.com\/pt\/wp-json\/wp\/v2\/product-tag?post=2022"},{"taxonomy":"products","embeddable":true,"href":"https:\/\/www.ruiqigo.com\/pt\/wp-json\/wp\/v2\/products?post=2022"}],"curies":[{"name":"wp","href":"https:\/\/api.w.org\/{rel}","templated":true}]}}