{"id":2062,"date":"2024-11-29T15:24:06","date_gmt":"2024-11-29T07:24:06","guid":{"rendered":"https:\/\/ruiqigo.com\/?post_type=product&#038;p=2062"},"modified":"2024-11-29T15:27:04","modified_gmt":"2024-11-29T07:27:04","slug":"no-crack-hand-cream","status":"publish","type":"product","link":"https:\/\/www.ruiqigo.com\/pt\/product\/no-crack-hand-cream","title":{"rendered":"Creme para as m\u00e3os anti-rachaduras"},"content":{"rendered":"<h2 class=\"wp-block-heading\">F\u00f3rmulas comuns para fabrica\u00e7\u00e3o de cremes para as m\u00e3os sem rachaduras<\/h2>\n\n\n\n<p>Nossa equipe de pesquisa e desenvolvimento desenvolveu uma f\u00f3rmula de hidrata\u00e7\u00e3o profunda e repara\u00e7\u00e3o para o problema de m\u00e3os secas e rachadas, com o objetivo de solucionar os danos causados por ambientes agressivos. Esses ingredientes trabalham juntos para cuidar das suas m\u00e3os. Os principais ingredientes s\u00e3o:<\/p>\n\n\n\n<p>1. <strong>Glicerina:<\/strong> A glicerina \u00e9 um hidratante comum que absorve \u00e1gua e a mant\u00e9m no lugar. Esse efeito hidratante garante que a pele das m\u00e3os permane\u00e7a hidratada mesmo em ambientes secos. Ao mesmo tempo, a glicerina tamb\u00e9m pode formar uma pel\u00edcula protetora, hidratar a pele das m\u00e3os e melhorar o problema de m\u00e3os \u00e1speras e ressecadas.<\/p>\n\n\n\n<p>2. <strong>\u00c1cido hialur\u00f4nico:<\/strong> O \u00e1cido hialur\u00f4nico possui um excelente efeito hidratante, capaz de absorver bastante \u00e1gua e prevenir a perda de \u00e1gua. Ao mesmo tempo, tamb\u00e9m pode fortalecer a fun\u00e7\u00e3o de barreira da pele das m\u00e3os, reduzir os danos causados pelo ambiente externo agressivo e promover ainda mais o reparo e a regenera\u00e7\u00e3o das c\u00e9lulas cut\u00e2neas. O uso prolongado pode restaurar a sa\u00fade das m\u00e3os danificadas.<\/p>\n\n\n\n<p>3.<strong> Ceramida:<\/strong> A ceramida pode acelerar o processo de repara\u00e7\u00e3o da pele, aliviar a estimula\u00e7\u00e3o do ressecamento causada pelo ambiente externo e promover a regenera\u00e7\u00e3o celular. Al\u00e9m disso, tamb\u00e9m pode inibir a produ\u00e7\u00e3o de melanina, o que pode resultar em clareamento com o uso prolongado. Ao mesmo tempo, possui um certo poder antienvelhecimento, o que pode tornar a pele das m\u00e3os mais firme e el\u00e1stica.<\/p>\n\n\n\n<p>4. <strong>Aloe vera:<\/strong> Al\u00e9m de sua poderosa fun\u00e7\u00e3o hidratante, o extrato natural de aloe vera tamb\u00e9m possui um efeito calmante e antissens\u00edvel, que pode aliviar o desconforto causado pela irrita\u00e7\u00e3o da pele seca das m\u00e3os. Ao mesmo tempo, pode promover o reparo e a regenera\u00e7\u00e3o das c\u00e9lulas da pele, acelerar a cicatriza\u00e7\u00e3o de rachaduras secas e deixar suas m\u00e3os mais saud\u00e1veis e hidratadas.<\/p>\n\n\n\n<p>5. <strong>Guaxinim-ca\u00e7\u00e3o:<\/strong> Os guaxinins-ca\u00e7\u00e3o podem formar uma pel\u00edcula protetora na superf\u00edcie da pele das m\u00e3os, reduzindo os danos causados pelo ambiente externo e mantendo a pele hidratada. Tamb\u00e9m fornecem nutrientes e hidrata\u00e7\u00e3o profunda \u00e0 pele, acelerando o processo de repara\u00e7\u00e3o da pele danificada.<\/p>\n\n\n\n<h2 class=\"wp-block-heading\">As fun\u00e7\u00f5es do creme para as m\u00e3os anti-rachaduras<\/h2>\n\n\n\n<p>No momento da produ\u00e7\u00e3o, combinamos a maioria das condi\u00e7\u00f5es de m\u00e3os secas e descamadas para desenvolver este creme para as m\u00e3os sem rachaduras, que n\u00e3o s\u00f3 \u00e9 suave, como tamb\u00e9m possui m\u00faltiplos efeitos, em todos os aspectos da repara\u00e7\u00e3o da pele das m\u00e3os. Ao escolher um creme para as m\u00e3os, recomenda-se que voc\u00ea escolha um produto adequado para voc\u00ea, de acordo com a condi\u00e7\u00e3o da sua pele e suas prefer\u00eancias. Aqui est\u00e3o suas principais fun\u00e7\u00f5es:<\/p>\n\n\n\n<p>1. <strong>Hidrata\u00e7\u00e3o duradoura e n\u00e3o pegajosa:<\/strong> Utilizamos uma variedade de ingredientes com forte efeito hidratante, capazes de hidratar profundamente e reter a umidade. E nosso creme para as m\u00e3os n\u00e3o gruda, proporcionando uma \u00f3tima sensa\u00e7\u00e3o de uso.<\/p>\n\n\n\n<p>2. <strong>Repara\u00e7\u00e3o e regenera\u00e7\u00e3o: <\/strong>Nosso creme para as m\u00e3os fornece nutrientes suficientes, melhora a fun\u00e7\u00e3o de barreira da pele e promove ainda mais o reparo e a regenera\u00e7\u00e3o das c\u00e9lulas cut\u00e2neas. Ao mesmo tempo, tamb\u00e9m reduz os danos causados pelo ambiente externo \u00e0 pele, o que contribui para a melhora do problema da pele \u00e1spera e seca das m\u00e3os.<\/p>\n\n\n\n<p>3. <strong>Calmante e antissensibilidade<\/strong>: Adicionamos aloe vera e outros ingredientes com efeito antissens\u00edvel e calmante, o que contribui para aliviar a dor e o desconforto causados pela pele seca e al\u00e9rgica das m\u00e3os. Suaviza a pele danificada e deixa as m\u00e3os mais saud\u00e1veis.<\/p>\n\n\n\n<p>4. <strong>Leve e n\u00e3o estimulante: <\/strong>As mat\u00e9rias-primas utilizadas no processo de produ\u00e7\u00e3o s\u00e3o criteriosamente selecionadas e n\u00e3o cont\u00eam subst\u00e2ncias nocivas. Nossos ingredientes s\u00e3o naturais e suaves, adequados para a maioria dos tipos de pele, especialmente as sens\u00edveis. Tamb\u00e9m evitamos danos secund\u00e1rios \u00e0 pele das suas m\u00e3os causados por \u00e1lcool e outros irritantes.<\/p>\n\n\n\n<p>5. <strong>Prote\u00e7\u00e3o e isolamento:<\/strong> O \u00f3leo do nosso creme para as m\u00e3os forma uma pel\u00edcula protetora na superf\u00edcie da pele, isolando-a de ambientes externos, como a luz ultravioleta e danos causados pelo frio e ressecamento da pele. Use-o constantemente para deixar a pele das m\u00e3os mais macia e delicada.<\/p>\n\n\n\n<h2 class=\"wp-block-heading\">Como usar creme para m\u00e3os anti-rachaduras?<\/h2>\n\n\n\n<p>Como fabricantes profissionais de cremes para as m\u00e3os anti-rachaduras, damos grande import\u00e2ncia \u00e0 qualidade e seguran\u00e7a dos produtos, bem como \u00e0 experi\u00eancia de uso. Por isso, contamos com um rigoroso sistema de gest\u00e3o da qualidade para garantir a seguran\u00e7a dos nossos produtos. Ao mesmo tempo, tamb\u00e9m projetamos a embalagem correspondente de acordo com as suas necessidades. Marcaremos as especifica\u00e7\u00f5es do produto e o modo de uso na embalagem.<\/p>\n\n\n\n<p>1. <strong>M\u00e3os limpas:<\/strong> Antes de usar, lave as m\u00e3os com \u00e1gua morna e seque-as delicadamente. Isso facilita a absor\u00e7\u00e3o do creme para as m\u00e3os;<\/p>\n\n\n\n<p>2. <strong>Aplique uniformemente: <\/strong>Aplique uma quantidade adequada de creme para m\u00e3os antirrachaduras na palma da m\u00e3o e espalhe uniformemente em ambas as m\u00e3os, especialmente no dorso, nos dedos e em outros lugares f\u00e1ceis de ignorar.<\/p>\n\n\n\n<p>3. <strong>Absor\u00e7\u00e3o da massagem:<\/strong> Ap\u00f3s a aplica\u00e7\u00e3o uniforme, voc\u00ea pode massagear suavemente as m\u00e3os com os dedos, especialmente as articula\u00e7\u00f5es e outras bordas, para ajudar o creme para as m\u00e3os a penetrar melhor na pele.<\/p>\n\n\n\n<p>4. <strong>Reaplique imediatamente:<\/strong> Reaplique nosso creme para as m\u00e3os sempre que lavar as m\u00e3os ou quando elas estiverem secas para mant\u00ea-las hidratadas.<\/p>\n\n\n\n<h2 class=\"wp-block-heading\">Cuidado<\/h2>\n\n\n\n<p>1. Ao escolher o creme para as m\u00e3os, voc\u00ea deve escolher um produto adequado para voc\u00ea de acordo com seu tipo de pele e necessidades;<\/p>\n\n\n\n<p>2. Recomenda-se realizar um teste de alergia ao usar pela primeira vez. Se sentir desconforto, interrompa o uso imediatamente e enx\u00e1gue com \u00e1gua;<\/p>\n\n\n\n<p>3. Evite o uso excessivo, a quantidade certa de creme para as m\u00e3os pode hidratar as m\u00e3os, se for excessivo, pode causar oleosidade e dificuldade de absor\u00e7\u00e3o;<\/p>\n\n\n\n<p>4. Manter as m\u00e3os aquecidas pode reduzir o fen\u00f4meno de pele seca e rachada nas m\u00e3os, especialmente em ambientes frios e secos;<\/p>\n\n\n\n<p>5. Recomenda-se armazenar em local fresco e seco para evitar a deteriora\u00e7\u00e3o do creme para as m\u00e3os causada por alta temperatura e ambiente \u00famido.<\/p>\n\n\n\n<h2 class=\"wp-block-heading\">Conclus\u00e3o<\/h2>\n\n\n\n<p>Como fabricantes de cremes para as m\u00e3os anti-rachaduras, que prezam pela qualidade e pelo cuidado, dispomos de equipamentos de produ\u00e7\u00e3o avan\u00e7ados e de uma equipe profissional de pesquisa e desenvolvimento. Al\u00e9m disso, no processo de produ\u00e7\u00e3o do creme para as m\u00e3os, integramos extratos naturais de plantas e fatores hidratantes avan\u00e7ados, que podem aliviar eficazmente as m\u00e3os secas, rachadas e descamadas. Utilizamos a tecnologia de r\u00e1pida absor\u00e7\u00e3o, que permite que o creme para as m\u00e3os penetre rapidamente na pele, sem ficar pegajoso, proporcionando uma experi\u00eancia refrescante e confort\u00e1vel. Seja na formula\u00e7\u00e3o do produto ou na embalagem, criaremos uma marca \u00fanica de acordo com as suas necessidades. Se voc\u00ea estiver interessado em nosso creme para as m\u00e3os anti-rachaduras, entre em contato conosco imediatamente.<\/p>","protected":false},"excerpt":{"rendered":"No-Crack Hand Cream Manufacturing Common Formulas Our research and development team designed a deep moisturizing repair formula for the problem of dry and cracked hands during the design, aiming to solve the damage caused by harsh environments to hands. These ingredients work together to care for your hands. The main ingredients are: 1. Glycerin: Glycerin [&hellip;]","protected":false},"featured_media":2063,"menu_order":0,"template":"","meta":[],"product-tag":[],"products":[58],"class_list":["post-2062","product","type-product","status-publish","has-post-thumbnail","hentry","products-hand-cream"],"acf":[],"_links":{"self":[{"href":"https:\/\/www.ruiqigo.com\/pt\/wp-json\/wp\/v2\/product\/2062","targetHints":{"allow":["GET"]}}],"collection":[{"href":"https:\/\/www.ruiqigo.com\/pt\/wp-json\/wp\/v2\/product"}],"about":[{"href":"https:\/\/www.ruiqigo.com\/pt\/wp-json\/wp\/v2\/types\/product"}],"version-history":[{"count":0,"href":"https:\/\/www.ruiqigo.com\/pt\/wp-json\/wp\/v2\/product\/2062\/revisions"}],"wp:featuredmedia":[{"embeddable":true,"href":"https:\/\/www.ruiqigo.com\/pt\/wp-json\/wp\/v2\/media\/2063"}],"wp:attachment":[{"href":"https:\/\/www.ruiqigo.com\/pt\/wp-json\/wp\/v2\/media?parent=2062"}],"wp:term":[{"taxonomy":"product-tag","embeddable":true,"href":"https:\/\/www.ruiqigo.com\/pt\/wp-json\/wp\/v2\/product-tag?post=2062"},{"taxonomy":"products","embeddable":true,"href":"https:\/\/www.ruiqigo.com\/pt\/wp-json\/wp\/v2\/products?post=2062"}],"curies":[{"name":"wp","href":"https:\/\/api.w.org\/{rel}","templated":true}]}}