{"id":2135,"date":"2024-12-04T16:06:10","date_gmt":"2024-12-04T08:06:10","guid":{"rendered":"https:\/\/ruiqigo.com\/?post_type=product&#038;p=2135"},"modified":"2024-12-04T16:07:39","modified_gmt":"2024-12-04T08:07:39","slug":"natural-body-lotion","status":"publish","type":"product","link":"https:\/\/www.ruiqigo.com\/pt\/product\/natural-body-lotion","title":{"rendered":"Lo\u00e7\u00e3o Corporal Natural"},"content":{"rendered":"<h2 class=\"wp-block-heading\">F\u00f3rmulas comuns para fabrica\u00e7\u00e3o de lo\u00e7\u00f5es corporais naturais<\/h2>\n\n\n\n<p>Para garantir que os ingredientes sejam suaves e n\u00e3o causem irrita\u00e7\u00e3o na pele, nossa equipe de pesquisa e desenvolvimento selecionou uma variedade de ingredientes puros. Mat\u00e9rias-primas selecionadas s\u00e3o combinadas no processo de produ\u00e7\u00e3o para garantir a seguran\u00e7a e a efic\u00e1cia do nosso leite corporal natural.<\/p>\n\n\n\n<p>1. Glicerina: A glicerina \u00e9 um hidratante comumente usado que absorve a umidade do ar e forma uma pel\u00edcula na pele, ajudando-a a reter a umidade de forma eficaz. Ela proporciona efeitos hidratantes duradouros, al\u00e9m de hidratar a pele, mantendo-a macia e el\u00e1stica.<\/p>\n\n\n\n<p>2. Conservantes naturais: O uso de conservantes naturais pode prevenir o crescimento de micro-organismos sem prejudicar a pele. \u00c9 mais adequado para a maioria dos tipos de pele, especialmente as sens\u00edveis, do que os cremes corporais tradicionais.<\/p>\n\n\n\n<p>3. Emulsificante: Ajuda a \u00e1gua e o \u00f3leo a se misturarem sem se separarem, proporcionando emulsifica\u00e7\u00e3o, estabilidade e outros efeitos. Adicion\u00e1-lo a uma lo\u00e7\u00e3o corporal natural pode facilitar a absor\u00e7\u00e3o e evitar a delamina\u00e7\u00e3o ou precipita\u00e7\u00e3o.<\/p>\n\n\n\n<p>4. \u00d3leos naturais: S\u00e3o importantes ingredientes hidratantes e ricos em \u00e1cidos graxos insaturados e vitaminas. Portanto, possuem um efeito hidratante e hidratante, que pode hidratar profundamente a pele e melhorar a pele \u00e1spera e seca. Ao mesmo tempo, tamb\u00e9m ajudam a reparar as barreiras cut\u00e2neas danificadas e a fortalecer a resist\u00eancia da pele, prevenindo a perda de \u00e1gua e irrita\u00e7\u00f5es externas.<\/p>\n\n\n\n<p>5. \u00d3leo essencial de plantas naturais: O \u00f3leo essencial de plantas pode adicionar aroma \u00e0 lo\u00e7\u00e3o corporal e tem um efeito calmante, que pode relaxar o corpo e a mente e proporcionar uma experi\u00eancia de uso agrad\u00e1vel.<\/p>\n\n\n\n<h2 class=\"wp-block-heading\">As fun\u00e7\u00f5es da lo\u00e7\u00e3o corporal natural<\/h2>\n\n\n\n<p>Damos grande import\u00e2ncia ao processo de produ\u00e7\u00e3o do leite corporal natural. Cada gota \u00e9 rigorosamente dosada e processada para garantir sua textura delicada e um cuidado eficaz com a pele. Aqui est\u00e3o suas principais fun\u00e7\u00f5es:<\/p>\n\n\n\n<p>1. Suave e n\u00e3o irritante: Selecionamos cuidadosamente uma variedade de ingredientes naturais, sem produtos qu\u00edmicos nocivos. Portanto, n\u00e3o causa irrita\u00e7\u00e3o nem desconforto \u00e0 pele, sendo adequado para a maioria dos tipos de pele.<\/p>\n\n\n\n<p>2. Hidrata\u00e7\u00e3o duradoura: Nossa lo\u00e7\u00e3o corporal natural formar\u00e1 uma pel\u00edcula protetora na sua pele para reter firmemente a umidade e evitar que ela evapore, o que pode repor a umidade por um longo tempo e melhorar a pele \u00e1spera e seca.<\/p>\n\n\n\n<p>3. Hidrata\u00e7\u00e3o profunda: a lo\u00e7\u00e3o corporal natural pode penetrar profundamente na pele, suplementar os nutrientes necess\u00e1rios e o uso a longo prazo pode deixar a pele mais saud\u00e1vel e brilhante.<\/p>\n\n\n\n<p>4. Clareia a pele: Nossa lo\u00e7\u00e3o corporal cont\u00e9m antioxidantes que protegem contra os raios UV. Ela tamb\u00e9m estimula a produ\u00e7\u00e3o de col\u00e1geno, o que ajuda a reduzir rugas, linhas finas e calosidades. Al\u00e9m disso, alguns ingredientes clareadores podem inibir a produ\u00e7\u00e3o de melanina, reduzindo manchas escuras e opacas. Esses efeitos podem nos ajudar a melhorar a textura da pele, tornando-a mais branca e firme.<\/p>\n\n\n\n<p>5. Repara\u00e7\u00e3o calmante: Extratos naturais de plantas geralmente t\u00eam fun\u00e7\u00f5es calmantes, e alguns tamb\u00e9m t\u00eam efeitos reparadores. Portanto, quando usados, podem aliviar a dor e o desconforto da pele, reparar a pele danificada e tamb\u00e9m permitir que voc\u00ea relaxe.<\/p>\n\n\n\n<h2 class=\"wp-block-heading\">Como usar lo\u00e7\u00e3o corporal natural?<\/h2>\n\n\n\n<p>Como fabricantes profissionais de lo\u00e7\u00f5es corporais naturais, dedicamos aten\u00e7\u00e3o especial ao processo de produ\u00e7\u00e3o dos nossos produtos, especialmente em termos de qualidade e seguran\u00e7a. Por isso, contamos com um sistema de controle de qualidade multicanal e testamos a textura, efic\u00e1cia, viscosidade, etc. do produto final para garantir sua efic\u00e1cia. Esperamos tamb\u00e9m que voc\u00ea leia atentamente nossas instru\u00e7\u00f5es antes de us\u00e1-lo.<\/p>\n\n\n\n<p>1. Limpe a pele: antes de usar, precisamos limpar a pele primeiro, remover o \u00f3leo e a sujeira da superf\u00edcie, garantir que nossa pele esteja limpa e voc\u00ea pode sec\u00e1-la delicadamente com uma toalha ap\u00f3s a lavagem.<\/p>\n\n\n\n<p>2. Aplique a quantidade adequada: Pegue a quantidade adequada de lo\u00e7\u00e3o corporal natural e aplique uniformemente em todo o corpo. Tome cuidado para n\u00e3o aplicar muito durante esse processo, ou voc\u00ea pode se sentir oleoso.<\/p>\n\n\n\n<p>3. Massageie a absor\u00e7\u00e3o: Ap\u00f3s a aplica\u00e7\u00e3o, massageie suavemente a pele com as duas m\u00e3os para promover a absor\u00e7\u00e3o e a circula\u00e7\u00e3o sangu\u00ednea. Para \u00e1reas relativamente secas ou com estrato c\u00f3rneo espesso, aumente a quantidade de lo\u00e7\u00e3o corporal e massageie.<\/p>\n\n\n\n<p>4. Uso regular: Recomenda-se aplicar a lo\u00e7\u00e3o corporal uma vez ao dia pela manh\u00e3 e uma vez ao dia \u00e0 noite para ajudar a manter a pele hidratada e macia por muito tempo.<\/p>\n\n\n\n<h2 class=\"wp-block-heading\">Cuidado<\/h2>\n\n\n\n<p>1. Recomenda-se teste avan\u00e7ado de anafilaxia antes do primeiro uso; se ocorrer desconforto, o uso deve ser interrompido imediatamente;<\/p>\n\n\n\n<p>2. Preste aten\u00e7\u00e3o na quantidade certa ao aplicar, o uso excessivo pode deixar a pele oleosa e desconfort\u00e1vel;<\/p>\n\n\n\n<p>3. O leite corporal natural usa conservantes naturais, por isso o prazo de validade \u00e9 curto, \u00e9 recomend\u00e1vel prestar mais aten\u00e7\u00e3o ao prazo de validade do produto;<\/p>\n\n\n\n<p>4. Recomenda-se armazenar em local fresco e seco para evitar deteriora\u00e7\u00e3o causada por altas temperaturas e ambientes \u00famidos.<\/p>\n\n\n\n<h2 class=\"wp-block-heading\">Conclus\u00e3o<\/h2>\n\n\n\n<p>Entre os muitos cremes corporais com diferentes fun\u00e7\u00f5es, \u00e9 particularmente importante encontrar um cuidado corporal puro, inofensivo, eficiente e suave para a pele. Como fabricante dedicado \u00e0 cria\u00e7\u00e3o de lo\u00e7\u00f5es corporais naturais, selecionamos cuidadosamente ingredientes naturais de alta qualidade, cientificamente proporcionados, e utilizamos processos de produ\u00e7\u00e3o suaves para aprimorar sua experi\u00eancia. Nossos produtos n\u00e3o s\u00e3o apenas adequados para todos os tipos de pele, mas tamb\u00e9m podemos oferecer servi\u00e7os personalizados para ajustar a f\u00f3rmula ao seu tipo de pele e prefer\u00eancias, garantindo que cada lo\u00e7\u00e3o corporal natural atenda \u00e0s suas expectativas. Se voc\u00ea tamb\u00e9m estiver interessado, entre em contato conosco.<\/p>","protected":false},"excerpt":{"rendered":"Natural Body Lotion Manufacturing Common Formulas To ensure that the ingredients are mild and do not cause irritation to the skin, our research and development team has selected a variety of pure ingredients. Selected raw materials are blended in the production process to ensure the safety and effectiveness of our natural body milk. 1. Glycerin: [&hellip;]","protected":false},"featured_media":2136,"menu_order":0,"template":"","meta":[],"product-tag":[],"products":[56],"class_list":["post-2135","product","type-product","status-publish","has-post-thumbnail","hentry","products-body-lotion"],"acf":[],"_links":{"self":[{"href":"https:\/\/www.ruiqigo.com\/pt\/wp-json\/wp\/v2\/product\/2135","targetHints":{"allow":["GET"]}}],"collection":[{"href":"https:\/\/www.ruiqigo.com\/pt\/wp-json\/wp\/v2\/product"}],"about":[{"href":"https:\/\/www.ruiqigo.com\/pt\/wp-json\/wp\/v2\/types\/product"}],"version-history":[{"count":0,"href":"https:\/\/www.ruiqigo.com\/pt\/wp-json\/wp\/v2\/product\/2135\/revisions"}],"wp:featuredmedia":[{"embeddable":true,"href":"https:\/\/www.ruiqigo.com\/pt\/wp-json\/wp\/v2\/media\/2136"}],"wp:attachment":[{"href":"https:\/\/www.ruiqigo.com\/pt\/wp-json\/wp\/v2\/media?parent=2135"}],"wp:term":[{"taxonomy":"product-tag","embeddable":true,"href":"https:\/\/www.ruiqigo.com\/pt\/wp-json\/wp\/v2\/product-tag?post=2135"},{"taxonomy":"products","embeddable":true,"href":"https:\/\/www.ruiqigo.com\/pt\/wp-json\/wp\/v2\/products?post=2135"}],"curies":[{"name":"wp","href":"https:\/\/api.w.org\/{rel}","templated":true}]}}