{"id":2238,"date":"2024-12-10T16:11:57","date_gmt":"2024-12-10T08:11:57","guid":{"rendered":"https:\/\/ruiqigo.com\/?post_type=product&#038;p=2238"},"modified":"2024-12-10T16:13:07","modified_gmt":"2024-12-10T08:13:07","slug":"vanilla-essential-oil","status":"publish","type":"product","link":"https:\/\/www.ruiqigo.com\/pt\/product\/vanilla-essential-oil","title":{"rendered":"\u00d3leo Essencial de Baunilha"},"content":{"rendered":"<h2 class=\"wp-block-heading\">F\u00f3rmulas comuns para a fabrica\u00e7\u00e3o de \u00f3leo essencial de baunilha<\/h2>\n\n\n\n<p>Na produ\u00e7\u00e3o de \u00f3leo essencial de baunilha, projetamos uma variedade de formula\u00e7\u00f5es cient\u00edficas de acordo com diferentes tipos e prefer\u00eancias de cabelo, com o objetivo de oferecer a voc\u00ea um \u00f3leo essencial seguro e eficaz para o cuidado capilar.<\/p>\n\n\n\n<p>1. \u00d3leo essencial de baunilha: Desempenha um papel importante como ingrediente principal. Al\u00e9m de fornecer hidrata\u00e7\u00e3o e nutrientes adequados ao cabelo, penetra profundamente nos fios para reparar a textura danificada e restaurar a elasticidade. Ao mesmo tempo, tamb\u00e9m possui um efeito reparador, fortalecendo as ra\u00edzes capilares e prevenindo o ressecamento, a quebra e as pontas duplas.<\/p>\n\n\n\n<p>2. Vitaminas: O \u00f3leo essencial de baunilha \u00e9 rico em uma variedade de vitaminas, elas t\u00eam um certo efeito antioxidante e podem resistir aos danos dos radicais livres, para proteger o cabelo dos danos do ambiente externo.<\/p>\n\n\n\n<p>3. Vanilina: A principal fonte de sabor de baunilha, esse aroma rico pode ajudar voc\u00ea a relaxar, aliviar o estresse e proporcionar uma boa experi\u00eancia ao usu\u00e1rio.<\/p>\n\n\n\n<p>4. Eugenol: O \u00f3leo essencial de baunilha possui propriedades antibacterianas e anti-inflamat\u00f3rias, que reduzem a inflama\u00e7\u00e3o do couro cabeludo e reparam os fol\u00edculos capilares danificados. Tamb\u00e9m melhora a circula\u00e7\u00e3o sangu\u00ednea, o que promove o crescimento capilar.<\/p>\n\n\n\n<h2 class=\"wp-block-heading\">As fun\u00e7\u00f5es do \u00f3leo essencial de baunilha<\/h2>\n\n\n\n<p>Como fabricantes profissionais de \u00f3leo essencial de baunilha, temos o compromisso de criar produtos de alta qualidade e alto desempenho para voc\u00ea. N\u00e3o apenas utilizamos mat\u00e9rias-primas criteriosamente selecionadas, mas tamb\u00e9m utilizamos tecnologia avan\u00e7ada de extra\u00e7\u00e3o e aquecimento por prensagem para garantir a m\u00e1xima efici\u00eancia do produto.<\/p>\n\n\n\n<p>1. Hidratante e nutritivo: O \u00f3leo essencial de baunilha tem um efeito hidratante eficiente e \u00e9 rico em uma variedade de nutrientes, que n\u00e3o s\u00f3 suplementam a nutri\u00e7\u00e3o em profundidade no cabelo, como tamb\u00e9m formam uma pel\u00edcula protetora que ret\u00e9m a \u00e1gua, evitando o ressecamento e a quebra. O uso prolongado deixar\u00e1 seu cabelo macio e brilhante.<\/p>\n\n\n\n<p>2. Melhora a qualidade do cabelo: Aplicar \u00f3leo essencial para o cuidado capilar reparar\u00e1 os cabelos danificados e fortalecer\u00e1 sua fun\u00e7\u00e3o de barreira. Para cabelos secos, quebrados e com pontas duplas, seu cabelo ficar\u00e1 mais forte e saud\u00e1vel, desde que voc\u00ea insista em us\u00e1-lo.<\/p>\n\n\n\n<p>3. Fragr\u00e2ncia duradoura: O \u00f3leo essencial de baunilha possui um aroma \u00fanico e agrad\u00e1vel ao ser usado. Tamb\u00e9m pode relaxar o corpo e a mente, al\u00e9m de aliviar o estresse e a fadiga. Ao mesmo tempo, esse efeito arom\u00e1tico encantador \u00e9 duradouro e tamb\u00e9m melhora a imagem pessoal.<\/p>\n\n\n\n<p>4. Suavizante e anti-inflamat\u00f3rio: Nossos \u00f3leos essenciais cont\u00eam ingredientes anti-inflamat\u00f3rios e calmantes que acalmam o couro cabeludo, eliminam a inflama\u00e7\u00e3o, reduzem ainda mais a caspa e a coceira e deixam o cabelo mais saud\u00e1vel.<\/p>\n\n\n\n<p>5. Promove o crescimento: O \u00f3leo essencial de baunilha pode estimular a circula\u00e7\u00e3o sangu\u00ednea no couro cabeludo e fornecer mais nutrientes aos fol\u00edculos capilares, promovendo assim o crescimento do cabelo, tornando-o mais saud\u00e1vel e denso.<\/p>\n\n\n\n<h2 class=\"wp-block-heading\">Como usar o \u00f3leo essencial de baunilha?<\/h2>\n\n\n\n<p>Damos grande import\u00e2ncia \u00e0 qualidade dos produtos, por isso, no processo de produ\u00e7\u00e3o do \u00f3leo essencial de baunilha, utilizamos diferentes sistemas de testes de qualidade para garantir a qualidade e a seguran\u00e7a dos produtos. Tamb\u00e9m coletamos amostras do produto final para garantir que cada frasco tenha um desempenho est\u00e1vel. Ao mesmo tempo, tamb\u00e9m marcamos o uso da embalagem.<\/p>\n\n\n\n<p>1. Antes de lavar com xampu: Aplique uniformemente a quantidade adequada de \u00f3leo essencial de baunilha no cabelo e couro cabeludo e massageie suavemente a lateral do dedo. Depois, enrole o cabelo com uma toalha e deixe agir por 10 a 15 minutos antes de lavar com xampu.<\/p>\n\n\n\n<p>2. Ap\u00f3s a lavagem: Ap\u00f3s a lavagem, voc\u00ea pode aplicar o produto duas vezes. Na primeira vez, seque delicadamente o cabelo com uma toalha, pegue uma quantidade adequada de \u00f3leo essencial de baunilha, esfregue e aque\u00e7a, e aplique uniformemente do meio \u00e0s pontas do cabelo. Em seguida, massageie suavemente o cabelo e deixe secar naturalmente ou use um secador. Na segunda vez, repita a opera\u00e7\u00e3o depois que o cabelo estiver levemente seco e continue secando. Tenha cuidado para n\u00e3o aplic\u00e1-lo no couro cabeludo durante esse processo, pois pode obstruir os poros.<\/p>\n\n\n\n<p>3. Cuidados di\u00e1rios: Quando o cabelo estiver seco, voc\u00ea pode esfregar uma pequena quantidade de \u00f3leo essencial para cuidados com os cabelos, aplic\u00e1-lo na ponta do cabelo ap\u00f3s o aquecimento e massagear suavemente para absorv\u00ea-lo.<\/p>\n\n\n\n<h2 class=\"wp-block-heading\">Cuidado<\/h2>\n\n\n\n<p>1. Ao escolher os produtos, voc\u00ea deve escolher o \u00f3leo essencial para o cuidado do cabelo de acordo com a qualidade e as necessidades do seu cabelo;<\/p>\n\n\n\n<p>2. Testes de alergia devem ser realizados pela primeira vez. Se sentir algum desconforto, interrompa o uso imediatamente.<\/p>\n\n\n\n<p>3. Preste aten\u00e7\u00e3o ao princ\u00edpio da quantidade apropriada ao aplicar, para evitar que o excesso de \u00f3leo essencial para cuidados com os cabelos deixe os cabelos oleosos e obstrua os poros;<\/p>\n\n\n\n<p>4. Preste aten\u00e7\u00e3o \u00e0 frequ\u00eancia de uso, recomenda-se 2 a 3 vezes por semana, o uso frequente pode afetar o efeito do cuidado com os cabelos;<\/p>\n\n\n\n<p>5. Observar regularmente as mudan\u00e7as na qualidade do cabelo e fazer os ajustes correspondentes;<\/p>\n\n\n\n<p>6. Recomenda-se armazenar em local fresco e seco para evitar luz solar direta e ambientes de alta temperatura que levam \u00e0 deteriora\u00e7\u00e3o dos \u00f3leos essenciais<\/p>\n\n\n\n<h2 class=\"wp-block-heading\">Conclus\u00e3o<\/h2>\n\n\n\n<p>Como fabricantes, entendemos o seu desejo por cabelos saud\u00e1veis e macios. Por isso, combinamos \u00f3leo essencial natural de baunilha com ingredientes nutritivos altamente eficazes para conferir ao produto uma poderosa fun\u00e7\u00e3o curativa. Ao mesmo tempo, tamb\u00e9m nos preocupamos com a diversifica\u00e7\u00e3o e individualiza\u00e7\u00e3o dos produtos, criando uma linha de \u00f3leos essenciais de baunilha adequados para diversos tipos e prefer\u00eancias de cabelo, com a qual voc\u00ea pode ter certeza de que poder\u00e1 us\u00e1-los. Em termos de controle de qualidade, dedicamos ainda mais aten\u00e7\u00e3o a todo o processo de produ\u00e7\u00e3o, com diferentes controles de qualidade e testes de seguran\u00e7a para garantir a seguran\u00e7a e a efic\u00e1cia de cada frasco de \u00f3leo essencial de baunilha. Entre em contato conosco se tamb\u00e9m estiver interessado.<\/p>","protected":false},"excerpt":{"rendered":"Vanilla Essential Oil Manufacturing Common Formulas In the production of vanilla essential oil, we have designed a variety of scientific formulations according to different hair types and preferences, aiming to bring you safe and effective essential oil for hair care. 1. Vanilla essential oil: It plays an important role as a core ingredient. In addition [&hellip;]","protected":false},"featured_media":2239,"menu_order":0,"template":"","meta":[],"product-tag":[],"products":[53],"class_list":["post-2238","product","type-product","status-publish","has-post-thumbnail","hentry","products-essential-oil"],"acf":[],"_links":{"self":[{"href":"https:\/\/www.ruiqigo.com\/pt\/wp-json\/wp\/v2\/product\/2238","targetHints":{"allow":["GET"]}}],"collection":[{"href":"https:\/\/www.ruiqigo.com\/pt\/wp-json\/wp\/v2\/product"}],"about":[{"href":"https:\/\/www.ruiqigo.com\/pt\/wp-json\/wp\/v2\/types\/product"}],"version-history":[{"count":0,"href":"https:\/\/www.ruiqigo.com\/pt\/wp-json\/wp\/v2\/product\/2238\/revisions"}],"wp:featuredmedia":[{"embeddable":true,"href":"https:\/\/www.ruiqigo.com\/pt\/wp-json\/wp\/v2\/media\/2239"}],"wp:attachment":[{"href":"https:\/\/www.ruiqigo.com\/pt\/wp-json\/wp\/v2\/media?parent=2238"}],"wp:term":[{"taxonomy":"product-tag","embeddable":true,"href":"https:\/\/www.ruiqigo.com\/pt\/wp-json\/wp\/v2\/product-tag?post=2238"},{"taxonomy":"products","embeddable":true,"href":"https:\/\/www.ruiqigo.com\/pt\/wp-json\/wp\/v2\/products?post=2238"}],"curies":[{"name":"wp","href":"https:\/\/api.w.org\/{rel}","templated":true}]}}