{"id":2252,"date":"2024-12-13T16:30:51","date_gmt":"2024-12-13T08:30:51","guid":{"rendered":"https:\/\/ruiqigo.com\/?post_type=product&#038;p=2252"},"modified":"2024-12-13T16:32:03","modified_gmt":"2024-12-13T08:32:03","slug":"deep-conditioner","status":"publish","type":"product","link":"https:\/\/www.ruiqigo.com\/pt\/product\/deep-conditioner","title":{"rendered":"Condicionador profundo"},"content":{"rendered":"<h2 class=\"wp-block-heading\">F\u00f3rmulas comuns de fabrica\u00e7\u00e3o de condicionadores profundos<\/h2>\n\n\n\n<p>Como fabricantes profissionais de condicionadores profundos, usamos uma variedade de ingredientes naturais e eficazes, al\u00e9m de correspond\u00eancia cient\u00edfica, com o objetivo de criar um condicionador capilar nutritivo e de repara\u00e7\u00e3o profunda para voc\u00ea.<\/p>\n\n\n\n<p>1. Ess\u00eancia proteica: A prote\u00edna \u00e9 uma parte importante do cabelo, e a ess\u00eancia proteica consegue penetrar profundamente no cabelo, penetrando profundamente e repondo a prote\u00edna perdida, reparando os fios danificados. Tamb\u00e9m fortalece a queratina, deixando o cabelo mais forte e reduzindo a quebra.<\/p>\n\n\n\n<p>2. \u00d3leo de am\u00eandoa: O \u00f3leo de am\u00eandoa fornece hidrata\u00e7\u00e3o e nutri\u00e7\u00e3o suficientes para os cabelos, enquanto repara os fios danificados, deixando-os mais macios e resistentes \u00e0 quebra. Ao mesmo tempo, tamb\u00e9m estimula os fol\u00edculos capilares, o que promove o crescimento saud\u00e1vel dos fios.<\/p>\n\n\n\n<p>3. Manteiga de karit\u00e9: A manteiga de karit\u00e9 possui propriedades antibacterianas e anti-inflamat\u00f3rias, que podem reduzir a inflama\u00e7\u00e3o e o desconforto no couro cabeludo. Ela tamb\u00e9m fornece nutrientes e hidrata\u00e7\u00e3o ao couro cabeludo, dando ao cabelo um brilho mais intenso.<\/p>\n\n\n\n<p>4. Multivitam\u00ednicos: Os multivitam\u00ednicos n\u00e3o s\u00f3 regulam a secre\u00e7\u00e3o de \u00f3leo no couro cabeludo e mant\u00eam o cabelo fresco, como tamb\u00e9m fornecem nutri\u00e7\u00e3o completa, nutrem profundamente os fios e promovem o crescimento saud\u00e1vel dos fios. Ao mesmo tempo, a vitamina E tem efeito antioxidante, que pode reduzir os danos causados pelos radicais livres e aumentar a elasticidade e a resist\u00eancia dos cabelos.<\/p>\n\n\n\n<p>5. Extrato de algas: Os ingredientes ativos do extrato de algas podem reparar fios danificados, estimular a atividade dos fol\u00edculos capilares e melhorar o afinamento capilar. Ele tamb\u00e9m cria uma pel\u00edcula protetora na superf\u00edcie do cabelo, reduzindo a perda de \u00e1gua e deixando-o mais macio.<\/p>\n\n\n\n<h2 class=\"wp-block-heading\">As fun\u00e7\u00f5es do condicionador profundo<\/h2>\n\n\n\n<p>Desenvolvido para cabelos danificados severamente, este condicionador profundo possui m\u00faltiplas fun\u00e7\u00f5es para proteger a sa\u00fade dos seus fios. Controlamos rigorosamente a qualidade da produ\u00e7\u00e3o durante o processo de produ\u00e7\u00e3o, para que voc\u00ea tenha a tranquilidade de us\u00e1-lo. Aqui est\u00e3o suas principais fun\u00e7\u00f5es:<\/p>\n\n\n\n<p>1. Fortalece a queratina: O processo de chapinha e tingimento, al\u00e9m do ambiente externo agressivo, leva a uma grande perda de prote\u00edna no cabelo, resultando em cabelos secos e quebradi\u00e7os. Cont\u00e9m muita ess\u00eancia proteica, que o cabelo pode absorver rapidamente, revertendo os danos e deixando-o mais forte e macio.<\/p>\n\n\n\n<p>2. Hidrata\u00e7\u00e3o e hidrata\u00e7\u00e3o: O condicionador profundo penetra no n\u00facleo do cabelo e adiciona \u00e1gua e nutrientes, hidratando eficazmente e formando uma pel\u00edcula protetora para evitar a perda de \u00e1gua. O uso prolongado deixar\u00e1 seu cabelo macio e flex\u00edvel.<\/p>\n\n\n\n<p>3. Repara o cabelo: Ao usar nossos produtos, podemos reparar efetivamente a estrutura do cabelo e melhorar a elasticidade do cabelo, reduzindo assim pontas duplas e quebras, aliviando o frizz.<\/p>\n\n\n\n<p>4. Melhora a qualidade do cabelo: nutre continuamente os fios, amaciando-os e fortalecendo o estrato c\u00f3rneo. Com o uso consistente, seu cabelo se recuperar\u00e1 opaco e brilhante. Ao mesmo tempo, pode reduzir o fen\u00f4meno da eletricidade est\u00e1tica e dos n\u00f3s nos fios, deixando-os mais macios.<\/p>\n\n\n\n<p>5. Equil\u00edbrio da oleosidade: o condicionador profundo para cabelos tamb\u00e9m tem uma certa fun\u00e7\u00e3o de regular a secre\u00e7\u00e3o de oleosidade no couro cabeludo, o que pode reduzir a sensa\u00e7\u00e3o oleosa do couro cabeludo, acalm\u00e1-lo e torn\u00e1-lo mais refrescante.<\/p>\n\n\n\n<p>6. Cabelo f\u00e1cil de manusear: o cuidado regular pode ajudar a reduzir a quebra causada pelo processo de passar, mas tamb\u00e9m reduzir o fen\u00f4meno do frizz, n\u00f3s, carro mais conveniente, e modelagem.<\/p>\n\n\n\n<h2 class=\"wp-block-heading\">Como usar condicionador profundo?<\/h2>\n\n\n\n<p>Ao desenvolver a f\u00f3rmula, levamos em considera\u00e7\u00e3o as necessidades de diferentes tipos de cabelo, por isso desenvolvemos uma variedade de condicionadores profundos, como controle refrescante da oleosidade, hidrata\u00e7\u00e3o reparadora e nutrientes ricos em repara\u00e7\u00e3o. Ao usar um condicionador profundo, voc\u00ea pode escolher um produto e tratamento adequados para voc\u00ea, de acordo com a qualidade e as necessidades do seu cabelo. Tamb\u00e9m indicaremos as instru\u00e7\u00f5es na embalagem para sua refer\u00eancia:<\/p>\n\n\n\n<p>1. Ap\u00f3s o shampoo: lave o cabelo normalmente e seque-o delicadamente com uma toalha para absorver o excesso de \u00e1gua. Em seguida, aplique uma quantidade adequada de condicionador profundo uniformemente do meio \u00e0s pontas do cabelo, evitando o contato com o couro cabeludo. Massageie suavemente para promover a absor\u00e7\u00e3o e deixe agir por 3 a 5 minutos. Se o cabelo estiver muito danificado, voc\u00ea pode estender o tempo de a\u00e7\u00e3o conforme necess\u00e1rio. Enx\u00e1gue com \u00e1gua morna ap\u00f3s o tempo para garantir que n\u00e3o haja res\u00edduos.<\/p>\n\n\n\n<p>2. Intensifique o cuidado: Para cabelos particularmente secos e danificados, voc\u00ea pode intensificar o cuidado ap\u00f3s lav\u00e1-los. Ap\u00f3s aplicar o condicionador uniformemente, envolva o cabelo em uma toalha quente e coloque uma touca de banho. Aguarde de 20 a 30 minutos antes de enxaguar com \u00e1gua morna.<\/p>\n\n\n\n<p>3. Use antes de dormir: Para aproveitar ao m\u00e1ximo a fun\u00e7\u00e3o reparadora do condicionador profundo, voc\u00ea pode us\u00e1-lo antes de dormir. Primeiro, lave e enrole o cabelo normalmente, depois coloque uma touca de banho, espere at\u00e9 a manh\u00e3 seguinte ap\u00f3s acordar e enx\u00e1gue com \u00e1gua morna.<\/p>\n\n\n\n<h2 class=\"wp-block-heading\">Cuidado<\/h2>\n\n\n\n<p>1. Recomenda-se escolher um condicionador profundo adequado \u00e0 qualidade e \u00e0s necessidades do seu cabelo;<\/p>\n\n\n\n<p>2. Testes de alergia devem ser realizados pela primeira vez. Se ocorrer desconforto, interrompa o uso imediatamente;<\/p>\n\n\n\n<p>3. Preste aten\u00e7\u00e3o \u00e0 frequ\u00eancia de uso, recomenda-se 1 a 2 vezes por semana para evitar cabelos oleosos causados pelo uso excessivo;<\/p>\n\n\n\n<p>4. Preste aten\u00e7\u00e3o ao princ\u00edpio da quantidade adequada, muito condicionador tamb\u00e9m deixar\u00e1 os cabelos oleosos e obstruir\u00e1 os poros;<\/p>\n\n\n\n<p>5. Evite usar o mesmo condicionador de cabelo por muito tempo, caso contr\u00e1rio ele ficar\u00e1 dependente;<\/p>\n\n\n\n<p>6. Recomenda-se armazenar em local fresco e seco para evitar deteriora\u00e7\u00e3o causada pela luz solar direta e ambiente de alta temperatura.<\/p>\n\n\n\n<h2 class=\"wp-block-heading\">Conclus\u00e3o<\/h2>\n\n\n\n<p>Como fabricantes de condicionadores profundos com foco em produ\u00e7\u00e3o de alta qualidade, temos o compromisso de produzir produtos com ingredientes naturais, cuidados eficientes e embalagens exclusivas. Para garantir a m\u00e1xima reten\u00e7\u00e3o dos ingredientes ativos no processo de produ\u00e7\u00e3o, utilizamos tecnologia avan\u00e7ada de emulsifica\u00e7\u00e3o e processos de tratamento em baixa temperatura, al\u00e9m de realizar testes de seguran\u00e7a no produto final para garantir que cada frasco seja seguro para uso. Escolher nosso condicionador profundo n\u00e3o \u00e9 apenas para o cuidado dos cabelos, mas tamb\u00e9m para a busca pela qualidade de vida. Se voc\u00ea tiver mais interesse, entre em contato conosco.<\/p>","protected":false},"excerpt":{"rendered":"Deep Conditioner Manufacturing Common Formulas As a professional deep conditioner manufacturer, we use a variety of natural and effective ingredients and scientific matching, aiming to create a deep repair and nourishing hair conditioner for you. 1. Protein essence: Protein is an important part of the hair, and protein essence can penetrate deeply into the hair [&hellip;]","protected":false},"featured_media":2253,"menu_order":0,"template":"","meta":[],"product-tag":[],"products":[52],"class_list":["post-2252","product","type-product","status-publish","has-post-thumbnail","hentry","products-conditioner"],"acf":[],"_links":{"self":[{"href":"https:\/\/www.ruiqigo.com\/pt\/wp-json\/wp\/v2\/product\/2252","targetHints":{"allow":["GET"]}}],"collection":[{"href":"https:\/\/www.ruiqigo.com\/pt\/wp-json\/wp\/v2\/product"}],"about":[{"href":"https:\/\/www.ruiqigo.com\/pt\/wp-json\/wp\/v2\/types\/product"}],"version-history":[{"count":0,"href":"https:\/\/www.ruiqigo.com\/pt\/wp-json\/wp\/v2\/product\/2252\/revisions"}],"wp:featuredmedia":[{"embeddable":true,"href":"https:\/\/www.ruiqigo.com\/pt\/wp-json\/wp\/v2\/media\/2253"}],"wp:attachment":[{"href":"https:\/\/www.ruiqigo.com\/pt\/wp-json\/wp\/v2\/media?parent=2252"}],"wp:term":[{"taxonomy":"product-tag","embeddable":true,"href":"https:\/\/www.ruiqigo.com\/pt\/wp-json\/wp\/v2\/product-tag?post=2252"},{"taxonomy":"products","embeddable":true,"href":"https:\/\/www.ruiqigo.com\/pt\/wp-json\/wp\/v2\/products?post=2252"}],"curies":[{"name":"wp","href":"https:\/\/api.w.org\/{rel}","templated":true}]}}