{"id":226,"date":"2024-06-30T23:13:01","date_gmt":"2024-06-30T15:13:01","guid":{"rendered":"https:\/\/ruiqigo.com\/?post_type=product&#038;p=226"},"modified":"2024-09-25T15:10:51","modified_gmt":"2024-09-25T07:10:51","slug":"sulfate-free-shampoo","status":"publish","type":"product","link":"https:\/\/www.ruiqigo.com\/pt\/product\/sulfate-free-shampoo","title":{"rendered":"Shampoo sem sulfato"},"content":{"rendered":"<h3 class=\"wp-block-heading\">F\u00f3rmulas comuns para fabrica\u00e7\u00e3o de xampu sem sulfato<\/h3>\n\n\n\n<p>Sabemos que quem escolhe xampus sem sulfato costuma ter couro cabeludo sens\u00edvel. \u00c9 por isso que nossos produtos utilizam uma variedade de ingredientes suaves, por\u00e9m eficazes. Escolhemos o Lauroil Sarcosinato de S\u00f3dio como nosso principal agente de limpeza. \u00c9 um surfactante derivado de amino\u00e1cidos, suave e com excelente limpeza. Ele remove a sujeira do couro cabeludo e dos fios sem perturbar o equil\u00edbrio natural do couro cabeludo. Inclu\u00edmos Cocamidopropil Beta\u00edna e Lauril \u00c9ter Sulfossuccinato Diss\u00f3dico para limpar completamente o couro cabeludo e os fol\u00edculos capilares. Esses ingredientes tamb\u00e9m criam uma espuma rica e mant\u00eam o cabelo e o couro cabeludo hidratados durante o processo de limpeza profunda. Al\u00e9m disso, utilizamos Cocamida Metil MEA para potencializar a efic\u00e1cia dos outros ingredientes. Ele atua como emulsificante e estabilizante, al\u00e9m de adicionar uma camada extra de prote\u00e7\u00e3o ao seu cabelo contra danos ambientais.<\/p>\n\n\n\n<h3 class=\"wp-block-heading\">Cen\u00e1rios aplic\u00e1veis \u00e0 fabrica\u00e7\u00e3o de xampu sem sulfato<\/h3>\n\n\n\n<p>Shampoos sem sulfato funcionam bem em todos os tipos de clima, mas s\u00e3o especialmente \u00fateis em \u00e1reas secas e frias. Eles t\u00eam uma f\u00f3rmula suave que pode aliviar a irrita\u00e7\u00e3o no couro cabeludo causada por essas condi\u00e7\u00f5es. Al\u00e9m disso, esses shampoos s\u00e3o feitos de uma forma que respeita o meio ambiente e podem durar mais. Voc\u00ea tamb\u00e9m pode combin\u00e1-los com um <a href=\"https:\/\/www.ruiqigo.com\/pt\/product\/salt-free-water-conditioner\/\">condicionador de \u00e1gua sem sulfato<\/a> para resultados ainda melhores.<\/p>\n\n\n\n<h3 class=\"wp-block-heading\">Para quem s\u00e3o indicados os shampoos sem sulfato?<\/h3>\n\n\n\n<p>A f\u00f3rmula suave do Shampoo sem Sulfato o torna especialmente adequado para quem deseja evitar irrita\u00e7\u00f5es qu\u00edmicas. Para quem costuma tingir ou fazer permanente, o Shampoo sem Sulfato ajuda a proteger e prolongar a manuten\u00e7\u00e3o da cor. Al\u00e9m disso, pessoas com couro cabeludo sens\u00edvel podem se beneficiar de shampoos sem sulfato. Esses shampoos podem reduzir rea\u00e7\u00f5es al\u00e9rgicas e irrita\u00e7\u00f5es, proporcionando uma experi\u00eancia de lavagem e cuidado capilar suave e calmante. Saiba mais <a href=\"https:\/\/www.ruiqigo.com\/pt\/products\/shampoo\/\">xampus com ingredientes naturais<\/a> para voc\u00ea escolher entre 3TOP.<\/p>\n\n\n\n<h3 class=\"wp-block-heading\">Processo de produ\u00e7\u00e3o de shampoo sem sulfato<\/h3>\n\n\n\n<p>Os shampoos sem sulfato s\u00e3o mais suaves porque n\u00e3o utilizam sulfatos agressivos. N\u00f3s os substitu\u00edmos por surfactantes de amino\u00e1cidos, que s\u00e3o mais baratos e suaves. Eles saem facilmente, n\u00e3o deixam muitos res\u00edduos e n\u00e3o agridem as prote\u00ednas do cabelo e do couro cabeludo, mantendo-os saud\u00e1veis. Produzir esses shampoos tamb\u00e9m \u00e9 melhor para o meio ambiente, pois eles n\u00e3o cont\u00eam sulfatos, o que ajuda a tornar o processo mais ecol\u00f3gico.<\/p>","protected":false},"excerpt":{"rendered":"Sulfate free shampoo manufacturing Common Formulas We know that people who choose sulfate free shampoo often have sensitive scalps. That&#8217;s why our products use a variety of gentle yet effective ingredients. We&#8217;ve chosen Sodium Lauroyl Sarcosinate as our main cleaning agent. It&#8217;s a surfactant derived from amino acids, which is mild and cleans well. It [&hellip;]","protected":false},"featured_media":222,"menu_order":0,"template":"","meta":[],"product-tag":[],"products":[51],"class_list":["post-226","product","type-product","status-publish","has-post-thumbnail","hentry","products-shampoo"],"acf":[],"_links":{"self":[{"href":"https:\/\/www.ruiqigo.com\/pt\/wp-json\/wp\/v2\/product\/226","targetHints":{"allow":["GET"]}}],"collection":[{"href":"https:\/\/www.ruiqigo.com\/pt\/wp-json\/wp\/v2\/product"}],"about":[{"href":"https:\/\/www.ruiqigo.com\/pt\/wp-json\/wp\/v2\/types\/product"}],"version-history":[{"count":0,"href":"https:\/\/www.ruiqigo.com\/pt\/wp-json\/wp\/v2\/product\/226\/revisions"}],"wp:featuredmedia":[{"embeddable":true,"href":"https:\/\/www.ruiqigo.com\/pt\/wp-json\/wp\/v2\/media\/222"}],"wp:attachment":[{"href":"https:\/\/www.ruiqigo.com\/pt\/wp-json\/wp\/v2\/media?parent=226"}],"wp:term":[{"taxonomy":"product-tag","embeddable":true,"href":"https:\/\/www.ruiqigo.com\/pt\/wp-json\/wp\/v2\/product-tag?post=226"},{"taxonomy":"products","embeddable":true,"href":"https:\/\/www.ruiqigo.com\/pt\/wp-json\/wp\/v2\/products?post=226"}],"curies":[{"name":"wp","href":"https:\/\/api.w.org\/{rel}","templated":true}]}}