{"id":227,"date":"2024-06-30T23:19:42","date_gmt":"2024-06-30T15:19:42","guid":{"rendered":"https:\/\/ruiqigo.com\/?post_type=product&#038;p=227"},"modified":"2024-09-25T15:09:48","modified_gmt":"2024-09-25T07:09:48","slug":"moroccanoil-shampoo","status":"publish","type":"product","link":"https:\/\/www.ruiqigo.com\/pt\/product\/moroccanoil-shampoo","title":{"rendered":"Shampoo Moroccanoil"},"content":{"rendered":"<h3 class=\"wp-block-heading\">F\u00f3rmulas comuns de fabrica\u00e7\u00e3o de xampu Moroccanoil<\/h3>\n\n\n\n<p>Os shampoos Moroccanoil cont\u00eam uma variedade de ingredientes reparadores, come\u00e7ando pelo \u00f3leo de argan. O \u00f3leo de argan \u00e9 rico em vitamina E e antioxidantes, que s\u00e3o absorvidos de forma relativamente r\u00e1pida pelos cabelos, formando uma pel\u00edcula protetora que reduz os raios UV, repara as escamas e melhora a textura capilar. O shampoo Moroccanoil \u00e9 rico em nutrientes ben\u00e9ficos, como \u00e1cidos graxos, antioxidantes e vitamina E. Ele repara os cabelos danificados, deixando-os mais flex\u00edveis e brilhantes, al\u00e9m de proteg\u00ea-los das subst\u00e2ncias nocivas presentes no ar. A prote\u00edna hidrolisada do trigo presente no shampoo penetra profundamente nos fios, fornecendo os amino\u00e1cidos necess\u00e1rios para que eles sejam fortes e resistentes. Al\u00e9m disso, cont\u00e9m extrato de fungo prateado, rico em nutrientes ben\u00e9ficos, como polissacar\u00eddeos, prote\u00ednas e pequenos nutrientes. Ele nutre profundamente o couro cabeludo e os cabelos, deixando-os mais saud\u00e1veis.<\/p>\n\n\n\n<h3 class=\"wp-block-heading\">Shampoo Moroccanoil Cen\u00e1rios aplic\u00e1veis<\/h3>\n\n\n\n<p>Com seus ricos nutrientes e propriedades nutritivas, o Shampoo Moroccanoil \u00e9 adequado para todos os climas e ambientes, especialmente os secos. Em climas secos, o cabelo fica propenso a fric\u00e7\u00e3o e eletricidade est\u00e1tica, e a falta de hidrata\u00e7\u00e3o leva ao ressecamento. Ingredientes reparadores, como o \u00f3leo de argan, presentes no Shampoo Moroccanoil proporcionam hidrata\u00e7\u00e3o extra ao cabelo, ajudando a reduzir a quebra est\u00e1tica e o ressecamento. Voc\u00ea tamb\u00e9m pode combin\u00e1-lo com um <a href=\"https:\/\/www.ruiqigo.com\/pt\/products\/conditioner\/\">condicionador de ingredientes naturais<\/a> para resultados ainda melhores.<\/p>\n\n\n\n<h3 class=\"wp-block-heading\">Para quem \u00e9 indicado o shampoo moroccanoil?<\/h3>\n\n\n\n<p>Os shampoos Moroccanoil s\u00e3o uma excelente op\u00e7\u00e3o para quem sofre com cabelos danificados, secos ou quebradi\u00e7os. Este shampoo \u00e9 formulado com ingredientes ricos e nutritivos que agem para condicionar e revitalizar profundamente os cabelos, deixando-os macios, suaves e f\u00e1ceis de pentear. O ingrediente principal, o \u00f3leo marroquino, \u00e9 conhecido por seu alto teor de nutrientes, que penetra na haste capilar para reparar danos e restaurar a for\u00e7a e a elasticidade. Saiba mais<a href=\"https:\/\/www.ruiqigo.com\/pt\/products\/shampoo\/\">xampus com ingredientes naturais<\/a> para voc\u00ea escolher entre 3TOP.<\/p>\n\n\n\n<h3 class=\"wp-block-heading\">Processo de produ\u00e7\u00e3o do shampoo Moroccanoil<\/h3>\n\n\n\n<p>Os shampoos Moroccanoil s\u00e3o enriquecidos com nutrientes naturais cuidadosamente selecionados por sua capacidade de aumentar significativamente a for\u00e7a e a sa\u00fade do seu cabelo. O ingrediente principal, extra\u00eddo da \u00e1rvore de argan nativa do Marrocos, \u00e9 rico em \u00e1cidos graxos essenciais, antioxidantes e vitamina E. Esses componentes trabalham juntos para fortalecer cada fio, protegendo contra a quebra e promovendo a resili\u00eancia.<\/p>","protected":false},"excerpt":{"rendered":"Moroccanoil shampoo manufacturing common formulas Moroccanoil shampoos contain a range of repairing ingredients, starting with argan oil. Argan oil is rich in vitamin E and antioxidants, which are absorbed relatively quickly by the hair to form a protective film that reduces UV rays, repairs the scales, and improves hair texture. Moroccanoil Shampoo is packed with [&hellip;]","protected":false},"featured_media":228,"menu_order":0,"template":"","meta":[],"product-tag":[],"products":[51],"class_list":["post-227","product","type-product","status-publish","has-post-thumbnail","hentry","products-shampoo"],"acf":[],"_links":{"self":[{"href":"https:\/\/www.ruiqigo.com\/pt\/wp-json\/wp\/v2\/product\/227","targetHints":{"allow":["GET"]}}],"collection":[{"href":"https:\/\/www.ruiqigo.com\/pt\/wp-json\/wp\/v2\/product"}],"about":[{"href":"https:\/\/www.ruiqigo.com\/pt\/wp-json\/wp\/v2\/types\/product"}],"version-history":[{"count":0,"href":"https:\/\/www.ruiqigo.com\/pt\/wp-json\/wp\/v2\/product\/227\/revisions"}],"wp:featuredmedia":[{"embeddable":true,"href":"https:\/\/www.ruiqigo.com\/pt\/wp-json\/wp\/v2\/media\/228"}],"wp:attachment":[{"href":"https:\/\/www.ruiqigo.com\/pt\/wp-json\/wp\/v2\/media?parent=227"}],"wp:term":[{"taxonomy":"product-tag","embeddable":true,"href":"https:\/\/www.ruiqigo.com\/pt\/wp-json\/wp\/v2\/product-tag?post=227"},{"taxonomy":"products","embeddable":true,"href":"https:\/\/www.ruiqigo.com\/pt\/wp-json\/wp\/v2\/products?post=227"}],"curies":[{"name":"wp","href":"https:\/\/api.w.org\/{rel}","templated":true}]}}