{"id":2291,"date":"2024-12-17T16:20:43","date_gmt":"2024-12-17T08:20:43","guid":{"rendered":"https:\/\/ruiqigo.com\/?post_type=product&#038;p=2291"},"modified":"2024-12-17T16:22:39","modified_gmt":"2024-12-17T08:22:39","slug":"frankincense-essential-oil","status":"publish","type":"product","link":"https:\/\/www.ruiqigo.com\/pt\/product\/frankincense-essential-oil","title":{"rendered":"\u00d3leo Essencial de Ol\u00edbano"},"content":{"rendered":"<h2 class=\"wp-block-heading\">F\u00f3rmulas comuns para a fabrica\u00e7\u00e3o de \u00f3leo essencial de ol\u00edbano<\/h2>\n\n\n\n<p>No processo de produ\u00e7\u00e3o, desenvolvemos uma variedade de formula\u00e7\u00f5es de acordo com suas diferentes necessidades para garantir que elas possam exercer seus respectivos efeitos. Se a concentra\u00e7\u00e3o de \u00f3leo essencial de ol\u00edbano for maior, geralmente \u00e9 necess\u00e1rio diluir o \u00f3leo base para melhor cuidar da sua sa\u00fade.<\/p>\n\n\n\n<p>1. \u00d3leo essencial de ol\u00edbano: Desempenha um papel importante como ingrediente principal. Por exemplo, o \u00f3leo essencial de ol\u00edbano possui propriedades antibacterianas e anti-inflamat\u00f3rias, que podem inibir a reprodu\u00e7\u00e3o bacteriana, reduzir a ocorr\u00eancia de inflama\u00e7\u00f5es e, consequentemente, promover a cicatriza\u00e7\u00e3o de feridas, tratar doen\u00e7as bucais, infec\u00e7\u00f5es de pele, inflama\u00e7\u00e3o do couro cabeludo e outros problemas. Tamb\u00e9m estimula a circula\u00e7\u00e3o sangu\u00ednea, o que ajuda os fol\u00edculos capilares a absorver mais nutrientes, promovendo assim o crescimento capilar. Ao mesmo tempo, penetra no cabelo para fornecer hidrata\u00e7\u00e3o, reduzir o frizz, a quebra e as pontas duplas, e deixar o cabelo mais flex\u00edvel. Al\u00e9m disso, tamb\u00e9m pode promover a regenera\u00e7\u00e3o celular, reparar o tecido danificado do couro cabeludo e promover ainda mais a prote\u00e7\u00e3o da sa\u00fade do couro cabeludo.<\/p>\n\n\n\n<p>2. \u00d3leo de babajo: O \u00f3leo de babajo \u00e9 rico em vitamina E e \u00e1cidos graxos, que nutrem intensamente os cabelos e suplementam seus nutrientes. Tamb\u00e9m pode reparar cabelos danificados e suavizar o frizz. Ao mesmo tempo, como um \u00f3leo base leve e de f\u00e1cil absor\u00e7\u00e3o, n\u00e3o sobrecarrega os fios.<\/p>\n\n\n\n<p>3. \u00d3leo de coco: O \u00f3leo de coco tem um excelente efeito hidratante, penetrando profundamente no n\u00facleo do cabelo e trazendo hidrata\u00e7\u00e3o e nutrientes suficientes. Tamb\u00e9m remove eficazmente a eletricidade est\u00e1tica e o frizz dos fios.<\/p>\n\n\n\n<p>4. Rosin: O rosin \u00e9 o componente essencial do \u00f3leo essencial de ol\u00edbano, que exala um aroma amadeirado quente e um leve aroma frutado. Este aroma \u00fanico tamb\u00e9m alivia a ansiedade, modula o humor e ajuda a relaxar.<\/p>\n\n\n\n<h2 class=\"wp-block-heading\">As fun\u00e7\u00f5es do \u00f3leo essencial de ol\u00edbano<\/h2>\n\n\n\n<p>Como fabricantes profissionais de \u00f3leo essencial de ol\u00edbano, dedicamos especial aten\u00e7\u00e3o \u00e0 alta qualidade e \u00e0 excelente efic\u00e1cia dos nossos produtos. Por isso, selecionamos cuidadosamente as mat\u00e9rias-primas e controlamos rigorosamente todas as etapas da produ\u00e7\u00e3o para garantir a efic\u00e1cia e a seguran\u00e7a dos produtos. Aqui est\u00e3o os seus principais benef\u00edcios:<\/p>\n\n\n\n<p>1. Melhora a imunidade: O \u00f3leo essencial de ol\u00edbano pode fortalecer o sistema imunol\u00f3gico e aumentar a capacidade de resist\u00eancia a doen\u00e7as, prevenindo a ocorr\u00eancia de doen\u00e7as, como doen\u00e7as bucais. Al\u00e9m disso, possui potenciais efeitos anticancer\u00edgenos.<\/p>\n\n\n\n<p>2. Protege a pele: al\u00e9m de promover a regenera\u00e7\u00e3o celular e reparar tecidos danificados, acelera a cicatriza\u00e7\u00e3o de feridas. Tamb\u00e9m hidrata a pele, reduz rugas e cicatrizes, manchas doloridas e outros problemas, protege a pele e previne o envelhecimento.<\/p>\n\n\n\n<p>3. Cuidado capilar: Nossos \u00f3leos essenciais estimulam a circula\u00e7\u00e3o sangu\u00ednea no couro cabeludo, o que acelera o crescimento capilar. Eles tamb\u00e9m podem aliviar a coceira e o desconforto no couro cabeludo, reduzir a press\u00e3o sobre ele e deixar os cabelos mais saud\u00e1veis. Ao mesmo tempo, possuem um forte poder hidratante, nutrindo e deixando os cabelos mais macios.<\/p>\n\n\n\n<p>4. Alivia o estresse: O aroma \u00fanico do \u00f3leo essencial de ol\u00edbano n\u00e3o s\u00f3 promove o relaxamento, alivia o estresse, regula as emo\u00e7\u00f5es negativas e, assim, reduz a depress\u00e3o, como tamb\u00e9m estimula os nervos e melhora a mem\u00f3ria.<\/p>\n\n\n\n<p>5. Dor e incha\u00e7o: Quando usados, os componentes antibacterianos e anti-inflamat\u00f3rios do \u00f3leo essencial de ol\u00edbano podem efetivamente matar a reprodu\u00e7\u00e3o bacteriana e reduzir os sintomas inflamat\u00f3rios, como vermelhid\u00e3o e incha\u00e7o, e tamb\u00e9m podem aliviar a artrite, a dor muscular e ainda reduzir a dor e o incha\u00e7o.<\/p>\n\n\n\n<h2 class=\"wp-block-heading\">Como usar o \u00f3leo essencial de ol\u00edbano?<\/h2>\n\n\n\n<p>O \u00f3leo essencial de ol\u00edbano pode ser usado de diferentes maneiras, de acordo com diferentes cen\u00e1rios e necessidades. Tamb\u00e9m desenvolvemos uma variedade de f\u00f3rmulas e testamos a efic\u00e1cia dos produtos finais para garantir que voc\u00ea possa us\u00e1-los com confian\u00e7a. Veja como usar nos cuidados com os cabelos:<\/p>\n\n\n\n<p>1. Massagem no couro cabeludo: Primeiro, adicione 4 gotas de \u00f3leo essencial de ol\u00edbano a 1 colher de sopa de \u00f3leo de jojoba para diluir. Em seguida, aplique o \u00f3leo essencial dilu\u00eddo uniformemente no couro cabeludo e massageie suavemente. Em seguida, envolva a cabe\u00e7a em uma toalha quente e espere 30 minutos, o que permite que o \u00f3leo penetre. Ap\u00f3s o tempo, enx\u00e1gue com \u00e1gua morna para garantir que n\u00e3o haja res\u00edduos.<\/p>\n\n\n\n<p>2. Mistura: Ao lavar o cabelo, voc\u00ea pode adicionar 3 gotas do nosso \u00f3leo essencial ao xampu ou condicionador para misturar bem e, em seguida, lavar o cabelo normalmente. Massageie suavemente durante o processo, especialmente em cabelos muito danificados e secos, para promover a absor\u00e7\u00e3o.<\/p>\n\n\n\n<p>3. Terapia de fragr\u00e2ncias: pode ser inalada diretamente ou com a ajuda de difusores de fragr\u00e2ncias para aliviar o estresse, relaxar o corpo e a mente e reduzir indiretamente a queda de cabelo relacionada ao estresse.<\/p>\n\n\n\n<h2 class=\"wp-block-heading\">Cuidado<\/h2>\n\n\n\n<p>1. Escolha um \u00f3leo essencial de ol\u00edbano adequado de acordo com seu tipo de pele ou cabelo e necessidades;<\/p>\n\n\n\n<p>2. Testes de alergia devem ser realizados pela primeira vez. Se ocorrer desconforto, interrompa o uso imediatamente;<\/p>\n\n\n\n<p>3. Evite contato com os olhos e outras partes sens\u00edveis. Se houver contato, enx\u00e1gue com \u00f3leo base (n\u00e3o \u00e1gua) e observe. Se ainda houver desconforto, consulte um m\u00e9dico.<\/p>\n\n\n\n<p>4. Preste aten\u00e7\u00e3o \u00e0 frequ\u00eancia de uso, recomenda-se usar 1-2 vezes por semana, para evitar o uso excessivo causado pela sobrecarga do couro cabeludo;<\/p>\n\n\n\n<p>5. Preste aten\u00e7\u00e3o ao princ\u00edpio da quantidade adequada, o excesso de \u00f3leo essencial far\u00e1 com que o couro cabeludo fique oleoso e os poros obstru\u00eddos;<\/p>\n\n\n\n<p>6. Recomenda-se armazenar em local fresco e seco para evitar luz solar direta e ambientes de alta temperatura.<\/p>\n\n\n\n<h2 class=\"wp-block-heading\">Conclus\u00e3o<\/h2>\n\n\n\n<p>Como produtores experientes de \u00f3leos essenciais de ol\u00edbano, entendemos sua busca por qualidade e efic\u00e1cia. Por isso, cada um de nossos processos passou por rigoroso controle de qualidade e controle preciso de tempo e temperatura para garantir que cada frasco contenha ingredientes ricos e exer\u00e7a a m\u00e1xima efic\u00e1cia.<\/p>\n\n\n\n<p>Claro, tamb\u00e9m oferecemos excelentes servi\u00e7os de personaliza\u00e7\u00e3o para criar a sua marca de \u00f3leos essenciais de acordo com as suas necessidades e ajud\u00e1-lo a conquistar uma vantagem competitiva no mercado. Entre em contato conosco se tiver interesse.<\/p>","protected":false},"excerpt":{"rendered":"Frankincense Essential Oil Manufacturing Common Formulas In the production process, we have designed a variety of formulations according to your different needs to ensure that they can play their respective effects. If the concentration of frankincense essential oil is higher, you usually need to dilute the base oil, to better care for your health. 1. [&hellip;]","protected":false},"featured_media":2292,"menu_order":0,"template":"","meta":[],"product-tag":[],"products":[53],"class_list":["post-2291","product","type-product","status-publish","has-post-thumbnail","hentry","products-essential-oil"],"acf":[],"_links":{"self":[{"href":"https:\/\/www.ruiqigo.com\/pt\/wp-json\/wp\/v2\/product\/2291","targetHints":{"allow":["GET"]}}],"collection":[{"href":"https:\/\/www.ruiqigo.com\/pt\/wp-json\/wp\/v2\/product"}],"about":[{"href":"https:\/\/www.ruiqigo.com\/pt\/wp-json\/wp\/v2\/types\/product"}],"version-history":[{"count":0,"href":"https:\/\/www.ruiqigo.com\/pt\/wp-json\/wp\/v2\/product\/2291\/revisions"}],"wp:featuredmedia":[{"embeddable":true,"href":"https:\/\/www.ruiqigo.com\/pt\/wp-json\/wp\/v2\/media\/2292"}],"wp:attachment":[{"href":"https:\/\/www.ruiqigo.com\/pt\/wp-json\/wp\/v2\/media?parent=2291"}],"wp:term":[{"taxonomy":"product-tag","embeddable":true,"href":"https:\/\/www.ruiqigo.com\/pt\/wp-json\/wp\/v2\/product-tag?post=2291"},{"taxonomy":"products","embeddable":true,"href":"https:\/\/www.ruiqigo.com\/pt\/wp-json\/wp\/v2\/products?post=2291"}],"curies":[{"name":"wp","href":"https:\/\/api.w.org\/{rel}","templated":true}]}}