{"id":2328,"date":"2024-12-20T16:51:35","date_gmt":"2024-12-20T08:51:35","guid":{"rendered":"https:\/\/ruiqigo.com\/?post_type=product&#038;p=2328"},"modified":"2024-12-20T16:52:31","modified_gmt":"2024-12-20T08:52:31","slug":"color-depositing-conditioner","status":"publish","type":"product","link":"https:\/\/www.ruiqigo.com\/pt\/product\/color-depositing-conditioner","title":{"rendered":"Condicionador de dep\u00f3sito de cor"},"content":{"rendered":"<h2 class=\"wp-block-heading\">F\u00f3rmulas comuns de fabrica\u00e7\u00e3o de condicionadores de dep\u00f3sito de cor<\/h2>\n\n\n\n<p>Como fabricantes profissionais de condicionadores com dep\u00f3sito de cor, nos dedicamos a criar produtos de alta qualidade. Por isso, selecionamos mat\u00e9rias-primas de alta qualidade, como extratos naturais de plantas e ingredientes avan\u00e7ados para cuidados capilares, e utilizamos tecnologia de produ\u00e7\u00e3o avan\u00e7ada para preservar ao m\u00e1ximo seus ingredientes ativos.<\/p>\n\n\n\n<p>1. \u00d3leo de argan: O \u00f3leo de argan possui efeitos antioxidantes, que podem prevenir danos capilares causados pela oxida\u00e7\u00e3o e manter a cor dos cabelos ap\u00f3s a colora\u00e7\u00e3o. Ele tamb\u00e9m nutre profundamente os cabelos, ajuda a reparar os fios danificados e os deixa mais macios e suaves.<\/p>\n\n\n\n<p>2. \u00d3leo de am\u00eandoas: O \u00f3leo de am\u00eandoas n\u00e3o s\u00f3 hidrata o cabelo, como tamb\u00e9m o amacia e reduz o problema da eletricidade est\u00e1tica causada pelo frizz. Ao mesmo tempo, pode reparar cabelos danificados e aumentar a elasticidade e a resist\u00eancia dos fios. Al\u00e9m disso, tamb\u00e9m promove a circula\u00e7\u00e3o sangu\u00ednea no couro cabeludo e fornece nutrientes adequados aos fol\u00edculos capilares, promovendo ainda mais o crescimento saud\u00e1vel dos fios.<\/p>\n\n\n\n<p>3. Tintura: A tinta \u00e9 depositada na superf\u00edcie do cabelo ou penetra no cabelo para complementar a cor perdida, real\u00e7ando assim o efeito da cor ap\u00f3s a tintura.<\/p>\n\n\n\n<p>4. Surfactante: atua como um emulsificante para ajudar outros ingredientes do cuidado capilar a se dispersarem melhor e se dissolverem na \u00e1gua, al\u00e9m de serem distribu\u00eddos uniformemente no cabelo.<\/p>\n\n\n\n<p>5. Protetor solar: O protetor solar pode proteger o cabelo dos danos causados pelos raios UV, retardando assim o desbotamento da cor do cabelo.<\/p>\n\n\n\n<h2 class=\"wp-block-heading\">As fun\u00e7\u00f5es do condicionador depositador de cor<\/h2>\n\n\n\n<p>Durante o processo de produ\u00e7\u00e3o, consideramos que a colora\u00e7\u00e3o capilar normal \u00e9 muito prejudicial aos cabelos, por isso desenvolvemos esta combina\u00e7\u00e3o de fun\u00e7\u00f5es de colora\u00e7\u00e3o e cuidado capilar. Ela n\u00e3o s\u00f3 atende \u00e0s suas necessidades de colora\u00e7\u00e3o, como tamb\u00e9m protege seus fios, o que proporciona m\u00faltiplos efeitos.<\/p>\n\n\n\n<p>1. Complementa e real\u00e7a a cor: O condicionador de dep\u00f3sito de cor pode complementar ou adicionar a cor desejada ao cabelo, ele \u00e9 aplicado suavemente na superf\u00edcie do cabelo, n\u00e3o abre a cut\u00edcula, portanto n\u00e3o causa danos ao cabelo.<\/p>\n\n\n\n<p>2. Nutri\u00e7\u00e3o e repara\u00e7\u00e3o: Nosso condicionador de dep\u00f3sito de cor \u00e9 rico em uma variedade de ingredientes capilares altamente eficazes para reparar cabelos danificados. Ele tamb\u00e9m adiciona hidrata\u00e7\u00e3o e nutrientes profundamente ao n\u00facleo capilar para mant\u00ea-lo hidratado, brilhante e flex\u00edvel.<\/p>\n\n\n\n<p>3. Inibe o amarelamento: Um condicionador com dep\u00f3sito de cor pode remover a cor bronzeadora, fixar o brilho e o tom do cabelo e inibir o amarelamento e o ressecamento. Por exemplo, ap\u00f3s descolorir cabelos amarelados ap\u00f3s longa exposi\u00e7\u00e3o ao sol, voc\u00ea pode usar o condicionador roxo escuro para deixar a cor do cabelo mais brilhante e intensa.<\/p>\n\n\n\n<p>4. Cuidado do couro cabeludo: A f\u00f3rmula que usamos \u00e9 suave e n\u00e3o cont\u00e9m ingredientes irritantes como o silicone, por isso \u00e9 mais amig\u00e1vel ao couro cabeludo. Tamb\u00e9m nutre, amacia e protege o couro cabeludo durante a colora\u00e7\u00e3o dos cabelos.<\/p>\n\n\n\n<p>5. Tintura de cabelo da moda: criamos uma variedade de cores brilhantes e exclusivas para voc\u00ea escolher, para atender \u00e0 maioria das necessidades de colora\u00e7\u00e3o de cabelo das pessoas.<\/p>\n\n\n\n<h2 class=\"wp-block-heading\">Como usar o condicionador de dep\u00f3sito de cor?<\/h2>\n\n\n\n<p>O condicionador com dep\u00f3sito de cor \u00e9 mais f\u00e1cil de aplicar do que a colora\u00e7\u00e3o tradicional, e o processo \u00e9 mais r\u00e1pido. \u00c9 melhor para cores escuras ou para neutralizar tons acobreados e dar ao seu cabelo um tom quente. Veja como funciona:<\/p>\n\n\n\n<p>1. Lave o cabelo: primeiro, lave o cabelo normalmente e lave-o com xampu para remover a oleosidade e a sujeira. Seque o cabelo delicadamente com uma toalha ap\u00f3s a lavagem.<\/p>\n\n\n\n<p>2. Aplique uniformemente: divida o cabelo em duas partes. Se houver uma grande quantidade de cabelo, voc\u00ea pode dividi-lo em quatro partes e, em seguida, aplique uniformemente o condicionador de dep\u00f3sito de cor no cabelo, concentrando-se na \u00e1rea que precisa ser tingida e combinando-o com os dedos ou pente de cabe\u00e7a para garantir que todo o cabelo seja aplicado;<\/p>\n\n\n\n<p>3. Espere a colora\u00e7\u00e3o: deixe o condicionador depositador de cor agir no cabelo por 5 a 10 minutos, dependendo da intensidade da colora\u00e7\u00e3o que voc\u00ea deseja aplicar;<\/p>\n\n\n\n<p>4. Enx\u00e1gue: Ap\u00f3s o tempo, enx\u00e1gue o cabelo com \u00e1gua, certificando-se de que n\u00e3o haja mais condicionador e preste aten\u00e7\u00e3o para que a temperatura da \u00e1gua n\u00e3o seja muito alta. Ap\u00f3s o enx\u00e1gue, voc\u00ea pode usar um condicionador para manter a cor do cabelo.<\/p>\n\n\n\n<h2 class=\"wp-block-heading\">Cuidado<\/h2>\n\n\n\n<p>1. Fa\u00e7a um teste cut\u00e2neo atr\u00e1s da orelha antes de usar para garantir que n\u00e3o haja alergia;<\/p>\n\n\n\n<p>2. Utilize luvas para evitar manchas nas m\u00e3os;<\/p>\n\n\n\n<p>3. Evite contato com os olhos. Em caso de contato com os olhos, lave imediatamente com \u00e1gua limpa.<\/p>\n\n\n\n<p>4. Ap\u00f3s tingir o cabelo, tente evitar o uso de ferramentas de alta temperatura, como secadores de cabelo e luz solar direta por algum tempo para evitar a descolora\u00e7\u00e3o r\u00e1pida;<\/p>\n\n\n\n<p>5. Recomenda-se o uso regular de xampu e condicionador para colora\u00e7\u00e3o capilar, a fim de manter a cor e nutrir os cabelos;<\/p>\n\n\n\n<p>6. O condicionador de dep\u00f3sito de cor pode durar at\u00e9 6 meses e \u00e9 recomendado para ser usado a cada poucas semanas para manter a cor do cabelo;<\/p>\n\n\n\n<p>7. Cabelos mais claros e porosos ou levemente danificados duram mais com condicionador de dep\u00f3sito de cor<\/p>\n\n\n\n<h2 class=\"wp-block-heading\">Conclus\u00e3o<\/h2>\n\n\n\n<p>Nosso condicionador depositante de cor, cuidadosamente pesquisado, possui uma f\u00f3rmula suave que pode facilmente adicionar cor ao seu cabelo, enquanto nutre profundamente, repara os fios danificados e deixa seus cabelos mais sedosos e brilhantes. Al\u00e9m disso, nossos produtos s\u00e3o f\u00e1ceis de usar, sem necessidade de interven\u00e7\u00e3o profissional; basta seguir as instru\u00e7\u00f5es para deixar seus cabelos brilhantes. Tamb\u00e9m continuaremos a inovar para que voc\u00ea possa desenvolver solu\u00e7\u00f5es de cuidado capilar mais eficientes e de alta qualidade. Se tiver interesse, entre em contato conosco.<\/p>","protected":false},"excerpt":{"rendered":"Color Depositing Conditioner Manufacturing Common Formulas As a professional color depositing conditioner manufacturer, we are committed to creating high-quality products. Therefore, we select high-quality raw materials, such as natural plant extracts and advanced hair care ingredients, and use advanced production technology to retain their active ingredients to the maximum extent. 1. Argan oil: Argan oil [&hellip;]","protected":false},"featured_media":2329,"menu_order":0,"template":"","meta":[],"product-tag":[],"products":[52],"class_list":["post-2328","product","type-product","status-publish","has-post-thumbnail","hentry","products-conditioner"],"acf":[],"_links":{"self":[{"href":"https:\/\/www.ruiqigo.com\/pt\/wp-json\/wp\/v2\/product\/2328","targetHints":{"allow":["GET"]}}],"collection":[{"href":"https:\/\/www.ruiqigo.com\/pt\/wp-json\/wp\/v2\/product"}],"about":[{"href":"https:\/\/www.ruiqigo.com\/pt\/wp-json\/wp\/v2\/types\/product"}],"version-history":[{"count":0,"href":"https:\/\/www.ruiqigo.com\/pt\/wp-json\/wp\/v2\/product\/2328\/revisions"}],"wp:featuredmedia":[{"embeddable":true,"href":"https:\/\/www.ruiqigo.com\/pt\/wp-json\/wp\/v2\/media\/2329"}],"wp:attachment":[{"href":"https:\/\/www.ruiqigo.com\/pt\/wp-json\/wp\/v2\/media?parent=2328"}],"wp:term":[{"taxonomy":"product-tag","embeddable":true,"href":"https:\/\/www.ruiqigo.com\/pt\/wp-json\/wp\/v2\/product-tag?post=2328"},{"taxonomy":"products","embeddable":true,"href":"https:\/\/www.ruiqigo.com\/pt\/wp-json\/wp\/v2\/products?post=2328"}],"curies":[{"name":"wp","href":"https:\/\/api.w.org\/{rel}","templated":true}]}}