{"id":237,"date":"2024-06-30T23:30:38","date_gmt":"2024-06-30T15:30:38","guid":{"rendered":"https:\/\/ruiqigo.com\/?post_type=product&#038;p=237"},"modified":"2024-09-25T15:06:45","modified_gmt":"2024-09-25T07:06:45","slug":"keratin-shampoo","status":"publish","type":"product","link":"https:\/\/www.ruiqigo.com\/pt\/product\/keratin-shampoo","title":{"rendered":"Shampoo de queratina"},"content":{"rendered":"<h3 class=\"wp-block-heading\">F\u00f3rmulas comuns para fabrica\u00e7\u00e3o de xampu de queratina<\/h3>\n\n\n\n<p>Os shampoos de queratina s\u00e3o ricos em queratina, uma prote\u00edna semelhante \u00e0 estrutura natural do cabelo. A queratina forma uma pel\u00edcula protetora no cabelo, o que \u00e9 bom para proteg\u00ea-lo de danos causados pelo superaquecimento e poluentes. O shampoo tamb\u00e9m \u00e9 enriquecido com queratina hidrolisada, que \u00e9 uma forma de queratina processada qu\u00edmica ou enzimaticamente em mol\u00e9culas menores que podem penetrar mais facilmente no interior do cabelo para proporcionar repara\u00e7\u00e3o e nutri\u00e7\u00e3o profundas. Al\u00e9m disso, o shampoo incorpora um agente condicionador rico em amino\u00e1cidos. Os amino\u00e1cidos s\u00e3o os blocos de constru\u00e7\u00e3o b\u00e1sicos da queratina capilar e podem repor rapidamente os nutrientes de que o cabelo necessita.<\/p>\n\n\n\n<h3 class=\"wp-block-heading\">Shampoo de queratina Cen\u00e1rios aplic\u00e1veis<\/h3>\n\n\n\n<p>Shampoos de queratina funcionam bem em qualquer clima, pois s\u00e3o cheios de benef\u00edcios para o seu cabelo. S\u00e3o perfeitos para \u00e1reas secas, onde o cabelo fica ressecado, quebradi\u00e7o e opaco. A queratina e outros nutrientes do shampoo penetram profundamente no cabelo para fornecer a nutri\u00e7\u00e3o necess\u00e1ria, deixando-o saud\u00e1vel e com movimento novamente. Voc\u00ea tamb\u00e9m pode combin\u00e1-lo com um <a href=\"https:\/\/www.ruiqigo.com\/pt\/products\/conditioner\/\">condicionador de ingredientes naturais<\/a> para resultados ainda melhores.<\/p>\n\n\n\n<h3 class=\"wp-block-heading\">Para quem \u00e9 indicado o shampoo de queratina?<\/h3>\n\n\n\n<p>Os shampoos de queratina s\u00e3o indicados para quem precisa reparar os cabelos. Para danos capilares causados por tratamentos qu\u00edmicos, como permanentes e colora\u00e7\u00f5es, fatores ambientais di\u00e1rios ou atrito, o shampoo de queratina pode ajudar a reparar e fortalecer os fios. Al\u00e9m disso, para pessoas com cabelos crespos e dif\u00edceis de pentear e para aquelas que usam frequentemente ferramentas quentes para modelar, o shampoo de queratina pode ajudar a suavizar o frizz e deixar os cabelos mais f\u00e1ceis de pentear, al\u00e9m de proteger contra os danos causados pelo calor causado pelo uso frequente de secadores de ar quente, pranchas de permanente e muito mais. Saiba mais <a href=\"https:\/\/www.ruiqigo.com\/pt\/products\/shampoo\/\">xampus com ingredientes naturais<\/a> para voc\u00ea escolher entre 3TOP.<\/p>\n\n\n\n<h3 class=\"wp-block-heading\">Processo de produ\u00e7\u00e3o do shampoo de queratina<\/h3>\n\n\n\n<p>A produ\u00e7\u00e3o de xampus de queratina come\u00e7a com a produ\u00e7\u00e3o de queratina. Utilizamos um m\u00e9todo cient\u00edfico especial chamado tecnologia de DNA recombinante. Ele inclui etapas como prepara\u00e7\u00e3o para fermenta\u00e7\u00e3o, adi\u00e7\u00e3o dos ingredientes corretos, fermenta\u00e7\u00e3o, coleta de amostras, testes, quebra de bact\u00e9rias e limpeza. Al\u00e9m disso, podemos produzir queratina decomposta usando produtos qu\u00edmicos ou enzimas especiais. Isso resulta em pequenos peda\u00e7os de queratina perfeitos para produtos capilares e corporais.<\/p>","protected":false},"excerpt":{"rendered":"Keratin shampoo manufacturing Common Formulas Keratin shampoos are rich in keratin, a protein similar to the natural structure of hair Keratin forms a protective film on the hair, which is good for protecting the hair from overheating damage and pollutants. The shampoo is also enriched with hydrolyzed keratin, which is a chemically or enzymatically processed [&hellip;]","protected":false},"featured_media":238,"menu_order":0,"template":"","meta":[],"product-tag":[],"products":[51],"class_list":["post-237","product","type-product","status-publish","has-post-thumbnail","hentry","products-shampoo"],"acf":[],"_links":{"self":[{"href":"https:\/\/www.ruiqigo.com\/pt\/wp-json\/wp\/v2\/product\/237","targetHints":{"allow":["GET"]}}],"collection":[{"href":"https:\/\/www.ruiqigo.com\/pt\/wp-json\/wp\/v2\/product"}],"about":[{"href":"https:\/\/www.ruiqigo.com\/pt\/wp-json\/wp\/v2\/types\/product"}],"version-history":[{"count":0,"href":"https:\/\/www.ruiqigo.com\/pt\/wp-json\/wp\/v2\/product\/237\/revisions"}],"wp:featuredmedia":[{"embeddable":true,"href":"https:\/\/www.ruiqigo.com\/pt\/wp-json\/wp\/v2\/media\/238"}],"wp:attachment":[{"href":"https:\/\/www.ruiqigo.com\/pt\/wp-json\/wp\/v2\/media?parent=237"}],"wp:term":[{"taxonomy":"product-tag","embeddable":true,"href":"https:\/\/www.ruiqigo.com\/pt\/wp-json\/wp\/v2\/product-tag?post=237"},{"taxonomy":"products","embeddable":true,"href":"https:\/\/www.ruiqigo.com\/pt\/wp-json\/wp\/v2\/products?post=237"}],"curies":[{"name":"wp","href":"https:\/\/api.w.org\/{rel}","templated":true}]}}