{"id":2373,"date":"2024-12-27T16:46:51","date_gmt":"2024-12-27T08:46:51","guid":{"rendered":"https:\/\/ruiqigo.com\/?post_type=product&#038;p=2373"},"modified":"2024-12-27T16:48:31","modified_gmt":"2024-12-27T08:48:31","slug":"shampoo-and-conditioner-sulphate-free","status":"publish","type":"product","link":"https:\/\/www.ruiqigo.com\/pt\/product\/shampoo-and-conditioner-sulphate-free","title":{"rendered":"Shampoo e condicionador sem sulfato"},"content":{"rendered":"<h2 class=\"wp-block-heading\">F\u00f3rmulas comuns de fabrica\u00e7\u00e3o de xampu e condicionador sem sulfato<\/h2>\n\n\n\n<p>Na produ\u00e7\u00e3o de xampus e condicionadores sem sulfato, utilizamos uma variedade de ingredientes naturais para manter uma barreira hidratante natural no couro cabeludo. Esses ingredientes trabalham juntos para limpar, cuidar e hidratar.<\/p>\n\n\n\n<p>1. Aloe vera: Aloe vera rep\u00f5e rapidamente a umidade e os nutrientes necess\u00e1rios ao couro cabeludo e aos cabelos, retendo-os firmemente, mantendo-os hidratados e brilhantes. Al\u00e9m disso, ajuda a aliviar irrita\u00e7\u00f5es e inflama\u00e7\u00f5es, melhora problemas no couro cabeludo e controla a produ\u00e7\u00e3o de oleosidade, o que ajuda o cabelo a manter o equil\u00edbrio entre \u00f3leo e \u00e1gua. Limpa suavemente o couro cabeludo sem priv\u00e1-lo de sua hidrata\u00e7\u00e3o natural.<\/p>\n\n\n\n<p>2. \u00d3leo de coco: O \u00f3leo de coco \u00e9 um FPS natural que protege os cabelos dos danos UV. Tamb\u00e9m \u00e9 facilmente absorvido pela cut\u00edcula, proporcionando um efeito hidratante duradouro e reduzindo a perda de \u00e1gua. Al\u00e9m disso, pode ajudar a reparar cabelos danificados e a melhorar problemas como pontas duplas e quebras.<\/p>\n\n\n\n<p>3. Surfactantes: Usamos surfactantes suaves, que t\u00eam poder de limpeza suave e podem reduzir a irrita\u00e7\u00e3o do couro cabeludo, geralmente fazem menos espuma, mais adequados para pessoas sens\u00edveis a cabelos secos.<\/p>\n\n\n\n<p>4. Vitamina E: \u00e9 um antioxidante que protege o cabelo dos danos dos radicais livres.<\/p>\n\n\n\n<p>5. regulador de pH: pode ajustar o pH, para que o produto fique mais pr\u00f3ximo do pH do cabelo, reduzindo assim a irrita\u00e7\u00e3o.<\/p>\n\n\n\n<h2 class=\"wp-block-heading\">As fun\u00e7\u00f5es do shampoo e condicionador sem sulfato<\/h2>\n\n\n\n<p>Como fabricantes profissionais de xampus e condicionadores sem sulfato, combinamos o poder de limpeza dos xampus com o poder nutritivo dos condicionadores, evitando a irrita\u00e7\u00e3o dos sulfatos nos cabelos, para oferecer a voc\u00ea um produto completo, suave e n\u00e3o irritante. Aqui est\u00e3o suas principais fun\u00e7\u00f5es:<\/p>\n\n\n\n<p>1. Hidrata\u00e7\u00e3o e hidrata\u00e7\u00e3o: Nossos produtos n\u00e3o s\u00f3 rep\u00f5em a hidrata\u00e7\u00e3o profunda no n\u00facleo capilar, como tamb\u00e9m deixam os fios mais hidratados. Al\u00e9m disso, ret\u00eam a umidade natural do couro cabeludo e dos fios, o que \u00e9 ben\u00e9fico para a sa\u00fade geral dos fios e melhora os problemas de pontas duplas e quebras.<\/p>\n\n\n\n<p>2. Textura natural: xampus e condicionadores sem sulfato s\u00e3o mais suaves, ret\u00eam a parte natural do \u00f3leo, evitam que o cabelo resseque e fique frisado, deixam o cabelo mais macio e saud\u00e1vel, e nenhum cuidado especial \u00e9 necess\u00e1rio para cabelos cacheados.<\/p>\n\n\n\n<p>3. Limpeza suave: usamos uma variedade de ingredientes naturais de plantas e ingredientes suaves para o cuidado do cabelo para reduzir a irrita\u00e7\u00e3o do cabelo e do couro cabeludo, o que causa frizz e ressecamento, especialmente nos m\u00fasculos sens\u00edveis.<\/p>\n\n\n\n<p>4. Mant\u00e9m a cor do cabelo: n\u00e3o abre a cut\u00edcula durante o uso e tamb\u00e9m pode ajudar a manter a for\u00e7a do pigmento da tintura de cabelo, prolongando assim a vida \u00fatil da tintura.<\/p>\n\n\n\n<p>5. Repara e nutre: xampus e condicionadores sem sulfato podem reparar cabelos danificados e criar uma camada protetora na superf\u00edcie, reduzindo a perda de \u00e1gua e nutrindo ainda mais o cabelo.<\/p>\n\n\n\n<p>6. Ecol\u00f3gico e pr\u00e1tico: Em compara\u00e7\u00e3o com os ingredientes \u00e0 base de sulfato, nossos ingredientes s\u00e3o mais ecol\u00f3gicos e saud\u00e1veis, proporcionando n\u00e3o apenas uma limpeza profunda, mas tamb\u00e9m um tratamento profundo, deixando os cabelos mais saud\u00e1veis. O efeito duplo \u00e9 mais pr\u00e1tico e evita a sensa\u00e7\u00e3o de peso que pode ser causada pelo uso excessivo de v\u00e1rios produtos.<\/p>\n\n\n\n<h2 class=\"wp-block-heading\">Como usar xampu e condicionador sem sulfato?<\/h2>\n\n\n\n<p>Nosso xampu e condicionador sem sulfato combinam m\u00faltiplas fun\u00e7\u00f5es para torn\u00e1-los mais f\u00e1ceis de usar, f\u00e1ceis de operar e adequados para a maioria dos cen\u00e1rios.<\/p>\n\n\n\n<p>1. Cabelo molhado: primeiro molhe o cabelo com \u00e1gua morna para garantir que cada fio esteja \u00famido;<\/p>\n\n\n\n<p>2. Limpeza e cuidados: Para a primeira limpeza, aplique uma quantidade adequada de xampu e condicionador sem sulfato na palma da m\u00e3o, massageando as bolhas e, em seguida, aplique a espuma uniformemente no cabelo e couro cabeludo. Voc\u00ea pode massagear suavemente o couro cabeludo para promover a circula\u00e7\u00e3o sangu\u00ednea e enxaguar com \u00e1gua ap\u00f3s a massagem. A segunda limpeza \u00e9 igual \u00e0 primeira etapa, este processo pode ajudar a remover a sujeira e a oleosidade residuais do cabelo, proporcionando uma limpeza completa.<\/p>\n\n\n\n<p>3. Enx\u00e1gue: Enx\u00e1gue a espuma com \u00e1gua, certificando-se de que n\u00e3o haja mais espuma e seque delicadamente com uma toalha. Ap\u00f3s lavar o cabelo, voc\u00ea pode condicionar profundamente o cabelo com \u00f3leo essencial, de acordo com suas necessidades, e deixar secar naturalmente ou usar secador.<\/p>\n\n\n\n<h2 class=\"wp-block-heading\">Cuidado<\/h2>\n\n\n\n<p>1. Escolha produtos adequados para o seu cabelo de acordo com as suas necessidades;<\/p>\n\n\n\n<p>2. Deve ser realizado um teste al\u00e9rgico pela primeira vez, e suspender o uso se n\u00e3o houver adapta\u00e7\u00e3o;<\/p>\n\n\n\n<p>3. Evite o uso excessivo, use a quantidade adequada de acordo com o comprimento do seu cabelo e evite carga excessiva no cabelo;<\/p>\n\n\n\n<p>4. Evite o uso frequente, recomenda-se usar 1-2 vezes por semana, se o cabelo estiver ralo ou oleoso, voc\u00ea pode aumentar apropriadamente o n\u00famero de vezes;<\/p>\n\n\n\n<p>5. Recomenda-se armazenar em local fresco e seco, evitar luz solar direta e ambientes com altas temperaturas.<\/p>\n\n\n\n<h2 class=\"wp-block-heading\">Conclus\u00e3o<\/h2>\n\n\n\n<p>Nossos produtos utilizam uma variedade de ingredientes naturais de plantas e ingredientes altamente eficazes para o cuidado capilar, substituindo o sulfato. Al\u00e9m de atender aos requisitos de sa\u00fade, seguran\u00e7a e prote\u00e7\u00e3o ambiental do seu produto, xampus e produtos para o cuidado capilar buscam combinar as caracter\u00edsticas da sua marca para obter uma vantagem competitiva diferenciada. Tamb\u00e9m oferecemos uma gama completa de servi\u00e7os de personaliza\u00e7\u00e3o, seja para ajuste de f\u00f3rmula ou design de embalagem, e podemos criar uma marca \u00fanica de acordo com as suas necessidades. Se voc\u00ea tamb\u00e9m estiver interessado em nossos xampus e condicionadores sem sulfato, entre em contato conosco.<\/p>","protected":false},"excerpt":{"rendered":"Shampoo And Conditioner Sulphate Free Manufacturing Common Formulas In the production of shampoo and conditioner sulphate free, we use a variety of natural ingredients to maintain a natural moisturizing barrier for the scalp. These ingredients work together to cleanse, care, and moisturize. 1. Aloe vera: Aloe vera can quickly replenish the moisture and nutrients needed [&hellip;]","protected":false},"featured_media":2374,"menu_order":0,"template":"","meta":[],"product-tag":[],"products":[54],"class_list":["post-2373","product","type-product","status-publish","has-post-thumbnail","hentry","products-shampoo-and-conditioner"],"acf":[],"_links":{"self":[{"href":"https:\/\/www.ruiqigo.com\/pt\/wp-json\/wp\/v2\/product\/2373","targetHints":{"allow":["GET"]}}],"collection":[{"href":"https:\/\/www.ruiqigo.com\/pt\/wp-json\/wp\/v2\/product"}],"about":[{"href":"https:\/\/www.ruiqigo.com\/pt\/wp-json\/wp\/v2\/types\/product"}],"version-history":[{"count":0,"href":"https:\/\/www.ruiqigo.com\/pt\/wp-json\/wp\/v2\/product\/2373\/revisions"}],"wp:featuredmedia":[{"embeddable":true,"href":"https:\/\/www.ruiqigo.com\/pt\/wp-json\/wp\/v2\/media\/2374"}],"wp:attachment":[{"href":"https:\/\/www.ruiqigo.com\/pt\/wp-json\/wp\/v2\/media?parent=2373"}],"wp:term":[{"taxonomy":"product-tag","embeddable":true,"href":"https:\/\/www.ruiqigo.com\/pt\/wp-json\/wp\/v2\/product-tag?post=2373"},{"taxonomy":"products","embeddable":true,"href":"https:\/\/www.ruiqigo.com\/pt\/wp-json\/wp\/v2\/products?post=2373"}],"curies":[{"name":"wp","href":"https:\/\/api.w.org\/{rel}","templated":true}]}}