{"id":242,"date":"2024-06-30T23:36:11","date_gmt":"2024-06-30T15:36:11","guid":{"rendered":"https:\/\/ruiqigo.com\/?post_type=product&#038;p=242"},"modified":"2024-09-20T09:56:45","modified_gmt":"2024-09-20T01:56:45","slug":"herbal-essences-shampoo","status":"publish","type":"product","link":"https:\/\/www.ruiqigo.com\/pt\/product\/herbal-essences-shampoo","title":{"rendered":"Shampoo de ess\u00eancias de ervas"},"content":{"rendered":"<h3 class=\"wp-block-heading\">F\u00f3rmulas comuns para fabrica\u00e7\u00e3o de xampus de ess\u00eancias herbais<\/h3>\n\n\n\n<p>Em nosso Shampoo Herbal Essence, adicionamos uma grande variedade de extratos de ervas, incluindo Ang\u00e9lica, Lavanda, Ylang Ylang, Patchouli, Prote\u00edna de Trigo e outros extratos de ervas, al\u00e9m de \u00f3leos essenciais, Extrato de Channellus (Melaleuca alternifolia), Extrato de Raiz de Gengibre, Extrato de Folha de Sapindus, Extrato de Polygonatum odoratum e Extrato de Polygonum multiflorum. Entre eles, acredita-se que o extrato de Ang\u00e9lica aumenta a circula\u00e7\u00e3o sangu\u00ednea no couro cabeludo, o que auxilia no crescimento capilar e reduz a queda. O \u00f3leo de lavanda \u00e9 famoso por acalmar o couro cabeludo e matar germes, al\u00e9m de ter um aroma agrad\u00e1vel. Raiz de Gengibre, Folha da Sib\u00e9ria e Polygonum multiflorum s\u00e3o produtos naturais que ajudam o cabelo a se manter saud\u00e1vel e a crescer melhor.<\/p>\n\n\n\n<h3 class=\"wp-block-heading\">Cen\u00e1rios aplic\u00e1veis ao shampoo Herb Essences<\/h3>\n\n\n\n<p>O shampoo Herbal Essences \u00e9 bom para todos os tipos de clima, pois \u00e9 feito com ingredientes naturais e \u00e9 suave. Funciona muito bem tanto em locais secos quanto \u00famidos. Em climas secos, ingredientes como a prote\u00edna do trigo no shampoo evitam que o cabelo fique ressecado e com est\u00e1tica. Em climas \u00famidos, ervas como o \u00f3leo de ylang-ylang no shampoo ajudam a evitar que o couro cabeludo fique muito oleoso, evitando que o cabelo fique com aspecto oleoso ou sem vida. Voc\u00ea tamb\u00e9m pode combin\u00e1-lo com um <a href=\"https:\/\/www.ruiqigo.com\/pt\/products\/conditioner\/\">condicionador de ingredientes naturais <\/a>para resultados ainda melhores.<\/p>\n\n\n\n<h3 class=\"wp-block-heading\">Para quem \u00e9 indicado o shampoo herbal essences?<\/h3>\n\n\n\n<p>O Shampoo Herbal Essence \u00e9 perfeito para quem prefere produtos naturais e se preocupa com a origem dos ingredientes. Tamb\u00e9m \u00e9 \u00f3timo para pessoas com problemas no couro cabeludo, como caspa, couro cabeludo oleoso ou seco, ou couro cabeludo sens\u00edvel. Os ingredientes naturais do shampoo podem ajudar a aliviar esses problemas. Saiba mais <a href=\"https:\/\/www.ruiqigo.com\/pt\/products\/shampoo\/\">xampus com ingredientes naturais<\/a> para voc\u00ea escolher entre 3TOP.<\/p>\n\n\n\n<h3 class=\"wp-block-heading\">Processo de produ\u00e7\u00e3o de xampu Herb Essences<\/h3>\n\n\n\n<p>O Shampoo Herbal Essence utiliza diversos processos de produ\u00e7\u00e3o especiais. O Shampoo Herbal Essence \u00e9 produzido de duas maneiras diferentes. Primeiro, pela fervura manual, um m\u00e9todo antigo de fabrica\u00e7\u00e3o que utiliza ferramentas e t\u00e9cnicas tradicionais para misturar as partes das plantas. Segundo, pela destila\u00e7\u00e3o a vapor, que extrai as partes arom\u00e1ticas das plantas. Estas podem ser usadas como ingredientes ben\u00e9ficos do shampoo. Esses processos especiais de produ\u00e7\u00e3o garantem a qualidade natural dos nossos shampoos com extratos de ervas.<\/p>","protected":false},"excerpt":{"rendered":"Herbal essences shampoo manufacturing common formulas In our Herbal Essence Shampoo, we have added a very wide variety of herbal extracts, including Angelica, Lavender, Ylang Ylang, Patchouli, Wheat Protein and other herbal extracts, as well as essential oils, Channellus Extract (Melaleuca alternifolia), Ginger Root Extract, Sapindus Leaf Extract, Polygonatum odoratum Extract, and Polygonum multiflorum Extract. [&hellip;]","protected":false},"featured_media":243,"menu_order":0,"template":"","meta":[],"product-tag":[],"products":[51],"class_list":["post-242","product","type-product","status-publish","has-post-thumbnail","hentry","products-shampoo"],"acf":[],"_links":{"self":[{"href":"https:\/\/www.ruiqigo.com\/pt\/wp-json\/wp\/v2\/product\/242","targetHints":{"allow":["GET"]}}],"collection":[{"href":"https:\/\/www.ruiqigo.com\/pt\/wp-json\/wp\/v2\/product"}],"about":[{"href":"https:\/\/www.ruiqigo.com\/pt\/wp-json\/wp\/v2\/types\/product"}],"version-history":[{"count":0,"href":"https:\/\/www.ruiqigo.com\/pt\/wp-json\/wp\/v2\/product\/242\/revisions"}],"wp:featuredmedia":[{"embeddable":true,"href":"https:\/\/www.ruiqigo.com\/pt\/wp-json\/wp\/v2\/media\/243"}],"wp:attachment":[{"href":"https:\/\/www.ruiqigo.com\/pt\/wp-json\/wp\/v2\/media?parent=242"}],"wp:term":[{"taxonomy":"product-tag","embeddable":true,"href":"https:\/\/www.ruiqigo.com\/pt\/wp-json\/wp\/v2\/product-tag?post=242"},{"taxonomy":"products","embeddable":true,"href":"https:\/\/www.ruiqigo.com\/pt\/wp-json\/wp\/v2\/products?post=242"}],"curies":[{"name":"wp","href":"https:\/\/api.w.org\/{rel}","templated":true}]}}