{"id":2576,"date":"2025-01-07T13:52:35","date_gmt":"2025-01-07T05:52:35","guid":{"rendered":"https:\/\/ruiqigo.com\/?post_type=product&#038;p=2576"},"modified":"2025-01-07T13:52:38","modified_gmt":"2025-01-07T05:52:38","slug":"hydrating-facial-cleanser","status":"publish","type":"product","link":"https:\/\/www.ruiqigo.com\/pt\/product\/hydrating-facial-cleanser","title":{"rendered":"Limpador Facial Hidratante"},"content":{"rendered":"<h2 class=\"wp-block-heading\">F\u00f3rmulas comuns de fabrica\u00e7\u00e3o de limpadores faciais hidratantes<\/h2>\n\n\n\n<p>No processo de produ\u00e7\u00e3o, combinamos os problemas de v\u00e1rios tipos de pele e adotamos solu\u00e7\u00f5es relacionadas para desenvolver um limpador hidratante que m\u00fasculos sens\u00edveis podem usar com seguran\u00e7a. Aqui est\u00e3o seus principais ingredientes:<\/p>\n\n\n\n<p>1. \u00c1cido hialur\u00f4nico: o \u00e1cido hialur\u00f4nico possui um componente altamente hidratante, que pode fornecer \u00e1gua suficiente para a pele e reter firmemente a \u00e1gua para manter o equil\u00edbrio h\u00eddrico. Al\u00e9m disso, previne a pele \u00e1spera e seca, ajudando a restaurar a elasticidade e o brilho.<\/p>\n\n\n\n<p>2. Ceramida: A ceramida possui uma forte capacidade de reter \u00e1gua. Ela pode penetrar rapidamente no estrato c\u00f3rneo e formar uma estrutura de rede para reter \u00e1gua e prevenir a perda de \u00e1gua. Ao mesmo tempo, tamb\u00e9m pode reparar a barreira cut\u00e2nea danificada e aumentar a capacidade de defesa da pele, reduzindo os danos causados por est\u00edmulos externos.<\/p>\n\n\n\n<p>3. Surfactantes: Usamos surfactantes suaves que podem limpar suavemente a pele sem irrit\u00e1-la, mesmo em m\u00fasculos sens\u00edveis.<\/p>\n\n\n\n<p>4. Extrato de camomila: A camomila tem um efeito calmante e anti-inflamat\u00f3rio, que pode acalmar a pele, ajudar a aliviar sintomas como vermelhid\u00e3o, ressecamento e coceira, e restaurar a calma. Possui propriedades antibacterianas e anti-inflamat\u00f3rias naturais, podendo reduzir a inflama\u00e7\u00e3o da pele, promover a repara\u00e7\u00e3o e a cicatriza\u00e7\u00e3o da pele e reduzir ainda mais a ocorr\u00eancia de acne. O uso a longo prazo pode melhorar a condi\u00e7\u00e3o da pele.<\/p>\n\n\n\n<p>5. \u00c1cido salic\u00edlico: O \u00e1cido salic\u00edlico pode inibir a secre\u00e7\u00e3o de \u00f3leo no rosto, ajudando assim a regular o equil\u00edbrio da oleosidade e deixando a pele mais refrescante. Tamb\u00e9m possui propriedades antibacterianas, o que pode reduzir a ocorr\u00eancia de acne. Ao mesmo tempo, tamb\u00e9m pode suavizar o estrato c\u00f3rneo, remover suavemente as c\u00e9lulas mortas da pele, promover a renova\u00e7\u00e3o das c\u00e9lulas epid\u00e9rmicas e tornar a pele mais lisa e delicada.<\/p>\n\n\n\n<h2 class=\"wp-block-heading\">As fun\u00e7\u00f5es do limpador facial hidratante<\/h2>\n\n\n\n<p>Nosso limpador hidratante utiliza processos de fabrica\u00e7\u00e3o avan\u00e7ados e combina uma variedade de ingredientes hidratantes altamente eficazes para proporcionar uma experi\u00eancia de limpeza confort\u00e1vel e segura. Vamos dar uma olhada no que ele faz:<\/p>\n\n\n\n<p>1. Limpeza suave: O limpador hidratante usa uma f\u00f3rmula suave, que n\u00e3o s\u00f3 remove com efici\u00eancia sujeira, oleosidade e res\u00edduos de cosm\u00e9ticos na superf\u00edcie da pele, mas tamb\u00e9m n\u00e3o causa pele seca e esticada, o que pode reduzir a irrita\u00e7\u00e3o da pele e tamb\u00e9m se aplica a m\u00fasculos sens\u00edveis.<\/p>\n\n\n\n<p>2. Hidrata\u00e7\u00e3o profunda: Nosso limpador cont\u00e9m uma variedade de ingredientes hidratantes naturais que hidratam profundamente a pele durante a limpeza e ret\u00eam a umidade para evitar a perda de umidade. Para peles oleosas, tamb\u00e9m regula a secre\u00e7\u00e3o de \u00f3leo para manter o equil\u00edbrio de \u00e1gua e \u00f3leo na pele, deixando-a mais hidratada e el\u00e1stica.<\/p>\n\n\n\n<p>3. Repara\u00e7\u00e3o calmante: A camomila e outros ingredientes do limpador hidratante t\u00eam um efeito calmante e relaxante, que pode aliviar o desconforto causado por est\u00edmulos ambientais externos e reduzir a sensibilidade da pele. Ao mesmo tempo, tamb\u00e9m pode ajudar a reparar a barreira cut\u00e2nea danificada, aumentar a capacidade de defesa da pele e torn\u00e1-la mais saud\u00e1vel.<\/p>\n\n\n\n<p>5. Melhora a pele: Produtos de limpeza hidratantes n\u00e3o s\u00f3 reduzem a ocorr\u00eancia de acne, como tamb\u00e9m fortalecem a barreira cut\u00e2nea. O efeito hidratante duradouro torna a pele mais delicada, macia e el\u00e1stica. Ao mesmo tempo, esfoliam a pele, deixando-a mais uniforme e brilhante. Portanto, podem melhorar a condi\u00e7\u00e3o da pele e mant\u00ea-la saud\u00e1vel.<\/p>\n\n\n\n<h2 class=\"wp-block-heading\">Como usar um limpador facial hidratante?<\/h2>\n\n\n\n<p>Nossos produtos s\u00e3o f\u00e1ceis de usar e seguros, o que os torna uma \u00f3tima op\u00e7\u00e3o de limpeza. Enviamos nossos produtos para rigorosos testes dermatol\u00f3gicos para garantir que n\u00e3o contenham \u00e1lcool, aromatizantes, corantes ou outros ingredientes irritantes, cuidando delicadamente da sua pele.<\/p>\n\n\n\n<p>1. Molhe o rosto primeiro para promover a limpeza;<\/p>\n\n\n\n<p>2. Aplique a quantidade adequada de limpador facial hidratante na palma da m\u00e3o e adicione um pouco de \u00e1gua para fazer espuma;<\/p>\n\n\n\n<p>3. Aplique a espuma uniformemente no rosto e massageie suavemente;<\/p>\n\n\n\n<p>4. Enx\u00e1gue bem com \u00e1gua limpa para garantir que n\u00e3o haja mais espuma;<\/p>\n\n\n\n<p>5. Seque delicadamente com uma toalha e, em seguida, voc\u00ea pode combinar a mesma s\u00e9rie de produtos hidratantes para promover ainda mais a hidrata\u00e7\u00e3o.<\/p>\n\n\n\n<h2 class=\"wp-block-heading\">Cuidado<\/h2>\n\n\n\n<p>1. Escolha um limpador hidratante adequado ao seu tipo de pele;<\/p>\n\n\n\n<p>2. Deve ser realizado um teste al\u00e9rgico pela primeira vez, e interromper imediatamente o uso se n\u00e3o houver adapta\u00e7\u00e3o;<\/p>\n\n\n\n<p>3. Recomenda-se usar uma vez pela manh\u00e3 e uma vez \u00e0 noite para evitar danos \u00e0 barreira da pele causados pelo uso frequente;<\/p>\n\n\n\n<p>4. Preste aten\u00e7\u00e3o ao princ\u00edpio da quantidade adequada ao usar, para evitar espuma excessiva resultando em pele oleosa e grossa;<\/p>\n\n\n\n<p>5. Recomenda-se ajustar o uso de produtos de limpeza hidratantes de acordo com as mudan\u00e7as sazonais;<\/p>\n\n\n\n<p>6. Recomenda-se armazenar em local fresco e seco para evitar luz solar direta e ambientes de alta temperatura que afetam o efeito do produto.<\/p>\n\n\n\n<h2 class=\"wp-block-heading\">Conclus\u00e3o<\/h2>\n\n\n\n<p>Como fabricantes profissionais de produtos de limpeza facial hidratante, criamos um produto espec\u00edfico para cada tipo de pele, com base nas suas necessidades e condi\u00e7\u00f5es. Al\u00e9m do estudo de efic\u00e1cia, tamb\u00e9m dedicamos grande aten\u00e7\u00e3o \u00e0 qualidade do processo de produ\u00e7\u00e3o, desde a triagem da mat\u00e9ria-prima at\u00e9 a embalagem do produto final. Possu\u00edmos um rigoroso sistema de controle de qualidade para garantir que cada frasco de produto de limpeza facial hidratante seja seguro para uso. Ao mesmo tempo, oferecemos uma gama completa de servi\u00e7os personalizados, de acordo com as suas necessidades, para ajud\u00e1-lo a criar produtos exclusivos e de alta qualidade, garantindo uma vantagem competitiva. Se voc\u00ea tamb\u00e9m tiver interesse, entre em contato conosco.<\/p>\n\n\n\n<p><\/p>","protected":false},"excerpt":{"rendered":"Hydrating Facial Cleanser Manufacturing Common Formulas In the production process, we have combined the problems of multiple skin types and adopted relative solutions to develop a moisturizing cleanser that sensitive muscles can safely use. Here are its main ingredients: 1. Hyaluronic acid: hyaluronic acid has a highly moisturizing component, which can provide adequate water for [&hellip;]","protected":false},"featured_media":2577,"menu_order":0,"template":"","meta":[],"product-tag":[],"products":[65],"class_list":["post-2576","product","type-product","status-publish","has-post-thumbnail","hentry","products-facial-cleanser"],"acf":[],"_links":{"self":[{"href":"https:\/\/www.ruiqigo.com\/pt\/wp-json\/wp\/v2\/product\/2576","targetHints":{"allow":["GET"]}}],"collection":[{"href":"https:\/\/www.ruiqigo.com\/pt\/wp-json\/wp\/v2\/product"}],"about":[{"href":"https:\/\/www.ruiqigo.com\/pt\/wp-json\/wp\/v2\/types\/product"}],"version-history":[{"count":0,"href":"https:\/\/www.ruiqigo.com\/pt\/wp-json\/wp\/v2\/product\/2576\/revisions"}],"wp:featuredmedia":[{"embeddable":true,"href":"https:\/\/www.ruiqigo.com\/pt\/wp-json\/wp\/v2\/media\/2577"}],"wp:attachment":[{"href":"https:\/\/www.ruiqigo.com\/pt\/wp-json\/wp\/v2\/media?parent=2576"}],"wp:term":[{"taxonomy":"product-tag","embeddable":true,"href":"https:\/\/www.ruiqigo.com\/pt\/wp-json\/wp\/v2\/product-tag?post=2576"},{"taxonomy":"products","embeddable":true,"href":"https:\/\/www.ruiqigo.com\/pt\/wp-json\/wp\/v2\/products?post=2576"}],"curies":[{"name":"wp","href":"https:\/\/api.w.org\/{rel}","templated":true}]}}