{"id":2598,"date":"2025-01-10T15:23:06","date_gmt":"2025-01-10T07:23:06","guid":{"rendered":"https:\/\/ruiqigo.com\/?post_type=product&#038;p=2598"},"modified":"2025-01-10T15:23:54","modified_gmt":"2025-01-10T07:23:54","slug":"jasmine-essential-oil","status":"publish","type":"product","link":"https:\/\/www.ruiqigo.com\/pt\/product\/jasmine-essential-oil","title":{"rendered":"\u00d3leo Essencial de Jasmim"},"content":{"rendered":"<h2 class=\"wp-block-heading\">F\u00f3rmulas comuns para a fabrica\u00e7\u00e3o de \u00f3leo essencial de jasmim<\/h2>\n\n\n\n<p>Na produ\u00e7\u00e3o do \u00f3leo essencial de jasmim, utilizamos tecnologia avan\u00e7ada de extra\u00e7\u00e3o em baixa temperatura para maximizar a reten\u00e7\u00e3o de seus ingredientes ativos naturais. No entanto, a concentra\u00e7\u00e3o do \u00f3leo essencial \u00e9 muito alta e o \u00f3leo base geralmente \u00e9 adicionado para diluir o \u00f3leo durante a aplica\u00e7\u00e3o. Podemos ajud\u00e1-lo a combinar o \u00f3leo com as diferentes partes do tratamento.<\/p>\n\n\n\n<p>1. \u00d3leo essencial de jasmim: Como ingrediente principal, ele n\u00e3o s\u00f3 possui um forte poder hidratante, como tamb\u00e9m rep\u00f5e a umidade do couro cabeludo e da pele, proporcionando um efeito hidratante duradouro. Tamb\u00e9m \u00e9 rico em antioxidantes, que podem retardar o envelhecimento e promover o crescimento capilar. Al\u00e9m disso, possui propriedades antibacterianas, que podem reduzir a caspa, aliviar a coceira e a inflama\u00e7\u00e3o do couro cabeludo e manter o cabelo fresco.<\/p>\n\n\n\n<p>2. \u00d3leo de coco: O \u00f3leo de coco cont\u00e9m vitamina E e antioxidantes, que podem ajudar a reparar cabelos danificados, reduzir a quebra e as pontas duplas, al\u00e9m de torn\u00e1-los mais fortes e saud\u00e1veis. Ele tamb\u00e9m fornece nutrientes para os cabelos, promove o crescimento capilar e adiciona brilho.<\/p>\n\n\n\n<p>3. Aloe Vera: Aloe Vera \u00e9 rica em fatores hidratantes naturais, que podem hidratar profundamente a pele e prevenir o ressecamento. Tamb\u00e9m cont\u00e9m uma grande quantidade de vitaminas que ajudam a promover a regenera\u00e7\u00e3o e o reparo celular, reparando assim a pele danificada e proporcionando uma textura macia e sedosa.<\/p>\n\n\n\n<p>4. Azeite de oliva: O azeite de oliva pode controlar a oleosidade e aliviar os sintomas de oleosidade e coceira no couro cabeludo. Tamb\u00e9m ajuda a clarear o brilho do cabelo, prevenir pontas duplas e condicionar cabelos com pontas duplas. Al\u00e9m disso, o azeite de oliva \u00e9 rico em \u00e1cidos graxos, que podem hidratar a pele eficazmente e torn\u00e1-la mais lisa. Ele tamb\u00e9m tem um certo efeito antioxidante, que pode promover a produ\u00e7\u00e3o de col\u00e1geno, retardar o envelhecimento da pele e aumentar a elasticidade da pele.<\/p>\n\n\n\n<p>5. \u00d3leo essencial de noz-moscada: O \u00f3leo essencial de noz-moscada cont\u00e9m compostos anti-inflamat\u00f3rios, podendo aliviar coceira, irrita\u00e7\u00e3o e outros desconfortos na pele, al\u00e9m de uniformizar o tom da pele. Ao mesmo tempo, \u00e9 rico em vitaminas, que podem promover o metabolismo da pele, melhorando o ressecamento, a descama\u00e7\u00e3o e outros problemas.<\/p>\n\n\n\n<h2 class=\"wp-block-heading\">As fun\u00e7\u00f5es do \u00f3leo essencial de jasmim<\/h2>\n\n\n\n<p>Como fabricantes profissionais de \u00f3leo essencial de jasmim, nos dedicamos a criar produtos de alta qualidade. N\u00e3o apenas as mat\u00e9rias-primas s\u00e3o cuidadosamente selecionadas, mas tamb\u00e9m um rigoroso sistema de gest\u00e3o da qualidade \u00e9 implementado em cada etapa da produ\u00e7\u00e3o para garantir que cada gota de \u00f3leo essencial proporcione uma experi\u00eancia agrad\u00e1vel.<\/p>\n\n\n\n<p>1. Nutre o cabelo: O \u00f3leo essencial de jasmim fornece aos cabelos a hidrata\u00e7\u00e3o e a nutri\u00e7\u00e3o necess\u00e1rias para um brilho intenso. Tamb\u00e9m \u00e9 bom para reparar cabelos secos e danificados, suavizar o frizz e prevenir pontas duplas e quebra.<\/p>\n\n\n\n<p>2. Protege a sa\u00fade do couro cabeludo: As propriedades antibacterianas do jasmim podem aliviar a coceira no couro cabeludo e prevenir a caspa e a inflama\u00e7\u00e3o, mantendo-o fresco e saud\u00e1vel. Al\u00e9m disso, tamb\u00e9m tem um certo efeito no controle de piolhos.<\/p>\n\n\n\n<p>3. Cuidado hidratante da pele: O fator hidratante do \u00f3leo essencial de jasmim pode melhorar o estado seco da pele, proporcionar um efeito hidratante duradouro e deixar sua pele mais hidratada e macia.<\/p>\n\n\n\n<p>4. Reparar acne: Nosso \u00f3leo essencial tamb\u00e9m afeta a acne, suas propriedades antibacterianas e anti-inflamat\u00f3rias s\u00e3o prop\u00edcias para melhorar a superf\u00edcie da pele causada pela vermelhid\u00e3o, dor e outros desconfortos da acne, reparando a pele danificada, melhorando a barreira protetora da pele e tornando sua pele mais saud\u00e1vel.<\/p>\n\n\n\n<p>5. Alivia o estresse: O aroma \u00fanico do jasmim n\u00e3o s\u00f3 acalma os estados emocionais e a atividade neural, como tamb\u00e9m alivia o estresse e a depress\u00e3o, al\u00e9m de relaxar o corpo e a mente. Ao mesmo tempo, tamb\u00e9m pode aumentar o estado de alerta, o que contribui para melhorar a concentra\u00e7\u00e3o.<\/p>\n\n\n\n<h2 class=\"wp-block-heading\">Como usar o \u00f3leo essencial de jasmim?<\/h2>\n\n\n\n<p>O \u00f3leo essencial de jasmim \u00e9 amplamente utilizado, por isso \u00e9 utilizado de diversas maneiras. Marcaremos sua a\u00e7\u00e3o na embalagem para que voc\u00ea possa us\u00e1-lo com seguran\u00e7a.<\/p>\n\n\n\n<p>1. Uso na aromaterapia: Coloque de 1 a 2 gotas de \u00f3leo essencial de jasmim na l\u00e2mpada ou difusor de aromaterapia para perfumar todo o ambiente. A fragr\u00e2ncia resultante \u00e9 \u00f3tima para acalmar o corpo e a mente, reduzindo o estresse e a fadiga.<\/p>\n\n\n\n<p>2. Uso em massagem: Misture nosso \u00f3leo essencial com outros \u00f3leos b\u00e1sicos na propor\u00e7\u00e3o certa e aplique no corpo ou rosto. Al\u00e9m de promover a circula\u00e7\u00e3o sangu\u00ednea, ele tamb\u00e9m melhora a falta de \u00e1gua e o ressecamento da pele.<\/p>\n\n\n\n<p>3. Use com: No processo de lavagem do cabelo, o \u00f3leo essencial de jasmim pode ser misturado ao xampu ou condicionador na propor\u00e7\u00e3o do uso, o que pode fortalecer o efeito de cuidado do cabelo.<\/p>\n\n\n\n<h2 class=\"wp-block-heading\">Cuidado<\/h2>\n\n\n\n<p>1. Teste al\u00e9rgico avan\u00e7ado antes do uso, se houver uma rea\u00e7\u00e3o adversa deve interromper imediatamente o uso;<\/p>\n\n\n\n<p>2. A concentra\u00e7\u00e3o do \u00f3leo essencial de jasmim \u00e9 alta, por isso \u00e9 recomend\u00e1vel dilu\u00ed-lo com \u00f3leo base para evitar que a aplica\u00e7\u00e3o direta cause irrita\u00e7\u00e3o;<\/p>\n\n\n\n<p>3. Mulheres gr\u00e1vidas, crian\u00e7as e pessoas com doen\u00e7as mentais devem evitar o uso, se necess\u00e1rio, use sob orienta\u00e7\u00e3o m\u00e9dica;<\/p>\n\n\n\n<p>4. Preste aten\u00e7\u00e3o \u00e0 dosagem na hora de usar para evitar desconforto excessivo na pele;<\/p>\n\n\n\n<p>5. Recomenda-se armazenar em local fresco e seco, evitando luz solar direta e ambientes com altas temperaturas.<\/p>\n\n\n\n<h2 class=\"wp-block-heading\">Conclus\u00e3o<\/h2>\n\n\n\n<p>No competitivo mercado de \u00f3leos essenciais de jasmim, nossos produtos proporcionam aos clientes a melhor experi\u00eancia de cuidado com seus efeitos \u00fanicos, tornando-nos parceiros de diversas marcas de cuidados com a pele e centros de SPA. Como fabricantes de produtos de alta qualidade, n\u00e3o apenas selecionamos flores de jasmim de alta qualidade, como tamb\u00e9m integramos processos de purifica\u00e7\u00e3o com tecnologia moderna para garantir que cada frasco proporcione um cuidado eficaz. Al\u00e9m disso, oferecemos servi\u00e7os personalizados para criar sua marca de \u00f3leo essencial de jasmim de acordo com suas necessidades. Se voc\u00ea tamb\u00e9m tiver interesse, entre em contato conosco.<\/p>","protected":false},"excerpt":{"rendered":"Jasmine Essential Oil Manufacturing Common Formulas In the production of jasmine essential oil, we use advanced low-temperature extraction technology to maximize the retention of its natural active ingredients. At the same time, the concentration of essential oil is too high, and the base oil is usually added to dilute when applied. And we can help [&hellip;]","protected":false},"featured_media":2599,"menu_order":0,"template":"","meta":[],"product-tag":[],"products":[53],"class_list":["post-2598","product","type-product","status-publish","has-post-thumbnail","hentry","products-essential-oil"],"acf":[],"_links":{"self":[{"href":"https:\/\/www.ruiqigo.com\/pt\/wp-json\/wp\/v2\/product\/2598","targetHints":{"allow":["GET"]}}],"collection":[{"href":"https:\/\/www.ruiqigo.com\/pt\/wp-json\/wp\/v2\/product"}],"about":[{"href":"https:\/\/www.ruiqigo.com\/pt\/wp-json\/wp\/v2\/types\/product"}],"version-history":[{"count":0,"href":"https:\/\/www.ruiqigo.com\/pt\/wp-json\/wp\/v2\/product\/2598\/revisions"}],"wp:featuredmedia":[{"embeddable":true,"href":"https:\/\/www.ruiqigo.com\/pt\/wp-json\/wp\/v2\/media\/2599"}],"wp:attachment":[{"href":"https:\/\/www.ruiqigo.com\/pt\/wp-json\/wp\/v2\/media?parent=2598"}],"wp:term":[{"taxonomy":"product-tag","embeddable":true,"href":"https:\/\/www.ruiqigo.com\/pt\/wp-json\/wp\/v2\/product-tag?post=2598"},{"taxonomy":"products","embeddable":true,"href":"https:\/\/www.ruiqigo.com\/pt\/wp-json\/wp\/v2\/products?post=2598"}],"curies":[{"name":"wp","href":"https:\/\/api.w.org\/{rel}","templated":true}]}}