{"id":269,"date":"2024-07-05T16:45:37","date_gmt":"2024-07-05T08:45:37","guid":{"rendered":"https:\/\/ruiqigo.com\/?post_type=product&#038;p=269"},"modified":"2024-11-15T16:39:48","modified_gmt":"2024-11-15T08:39:48","slug":"peppermint-essential-oil","status":"publish","type":"product","link":"https:\/\/www.ruiqigo.com\/pt\/product\/peppermint-essential-oil","title":{"rendered":"\u00d3leo essencial de hortel\u00e3-pimenta"},"content":{"rendered":"<h2 class=\"wp-block-heading\">F\u00f3rmulas comuns para fabrica\u00e7\u00e3o de \u00f3leo essencial de hortel\u00e3-pimenta<\/h2>\n\n\n\n<p>A produ\u00e7\u00e3o do \u00f3leo essencial de hortel\u00e3-pimenta envolve principalmente a colheita das folhas e caules da planta e a extra\u00e7\u00e3o da ess\u00eancia por destila\u00e7\u00e3o a vapor. Durante o processo de destila\u00e7\u00e3o, como fabricante de \u00f3leo essencial de hortel\u00e3-pimenta dur\u00e1vel, o material vegetal \u00e9 aquecido e o vapor liberado do \u00f3leo de hortel\u00e3-pimenta \u00e9 resfriado e condensado em um l\u00edquido, que \u00e9 ent\u00e3o separado da \u00e1gua para obter o \u00f3leo essencial de hortel\u00e3-pimenta puro. Esse processo exige um rigoroso controle de temperatura e tempo para garantir a pureza do \u00f3leo e a integridade dos ingredientes ativos.<\/p>\n\n\n\n<h2 class=\"wp-block-heading\">Cen\u00e1rios aplic\u00e1veis ao \u00f3leo essencial de hortel\u00e3-pimenta<\/h2>\n\n\n\n<p>O \u00f3leo essencial de hortel\u00e3-pimenta pode ser usado em diversas situa\u00e7\u00f5es: na aromaterapia para refrescar a mente e aliviar o estresse, topicamente para aliviar dores musculares e desconfortos na pele, como repelente natural contra mosquitos, adicionado a produtos para cuidados com a pele para condicionar a pele oleosa e usado como aromaterapia em ambientes internos para purificar o ar. Seus diversos efeitos o tornam adequado para cuidados di\u00e1rios de sa\u00fade e atendimentos de emerg\u00eancia.<\/p>\n\n\n\n<h2 class=\"wp-block-heading\">Para quem \u00e9 indicado o \u00f3leo essencial de hortel\u00e3-pimenta?<\/h2>\n\n\n\n<p>O \u00f3leo essencial de hortel\u00e3-pimenta \u00e9 indicado para trabalhadores de escrit\u00f3rio que precisam de um est\u00edmulo, esportistas que desejam aliviar dores musculares, pessoas que buscam beleza e querem melhorar a pele oleosa e aqueles que buscam rem\u00e9dios naturais para aliviar desconfortos digestivos. No entanto, deve ser usado com cautela por gestantes, crian\u00e7as ou pessoas com pele sens\u00edvel, sendo aconselh\u00e1vel consultar um profissional antes de usar.<\/p>\n\n\n\n<h2 class=\"wp-block-heading\">Processo de produ\u00e7\u00e3o de \u00f3leo essencial de hortel\u00e3-pimenta<\/h2>\n\n\n\n<p>O processo especial do \u00f3leo essencial de hortel\u00e3-pimenta reside no uso da destila\u00e7\u00e3o a vapor de baixa temperatura, um m\u00e9todo que extrai suavemente o \u00f3leo essencial das folhas de hortel\u00e3-pimenta, evitando a destrui\u00e7\u00e3o dos componentes que pode ser causada por altas temperaturas. Como um fabricante honesto de \u00f3leo essencial de hortel\u00e3-pimenta, o controle preciso do processo de destila\u00e7\u00e3o garante que a pureza do \u00f3leo, seus ingredientes ativos e seu aroma natural sejam mantidos intactos, garantindo assim seu alto desempenho e seguran\u00e7a na aromaterapia e no uso di\u00e1rio.<\/p>","protected":false},"excerpt":{"rendered":"Peppermint essential oil manufacturing common formulas Making peppermint essential oil mainly involves harvesting the leaves and stems of the peppermint plant and then extracting the essence through steam distillation. During the distillation process, as a durable Peppermint essential oil manufacturer, the plant material is heated and the released peppermint oil vapor is cooled and condensed [&hellip;]","protected":false},"featured_media":271,"menu_order":0,"template":"","meta":[],"product-tag":[],"products":[53],"class_list":["post-269","product","type-product","status-publish","has-post-thumbnail","hentry","products-essential-oil"],"acf":[],"_links":{"self":[{"href":"https:\/\/www.ruiqigo.com\/pt\/wp-json\/wp\/v2\/product\/269","targetHints":{"allow":["GET"]}}],"collection":[{"href":"https:\/\/www.ruiqigo.com\/pt\/wp-json\/wp\/v2\/product"}],"about":[{"href":"https:\/\/www.ruiqigo.com\/pt\/wp-json\/wp\/v2\/types\/product"}],"version-history":[{"count":0,"href":"https:\/\/www.ruiqigo.com\/pt\/wp-json\/wp\/v2\/product\/269\/revisions"}],"wp:featuredmedia":[{"embeddable":true,"href":"https:\/\/www.ruiqigo.com\/pt\/wp-json\/wp\/v2\/media\/271"}],"wp:attachment":[{"href":"https:\/\/www.ruiqigo.com\/pt\/wp-json\/wp\/v2\/media?parent=269"}],"wp:term":[{"taxonomy":"product-tag","embeddable":true,"href":"https:\/\/www.ruiqigo.com\/pt\/wp-json\/wp\/v2\/product-tag?post=269"},{"taxonomy":"products","embeddable":true,"href":"https:\/\/www.ruiqigo.com\/pt\/wp-json\/wp\/v2\/products?post=269"}],"curies":[{"name":"wp","href":"https:\/\/api.w.org\/{rel}","templated":true}]}}