{"id":275,"date":"2024-07-05T16:23:28","date_gmt":"2024-07-05T08:23:28","guid":{"rendered":"https:\/\/ruiqigo.com\/?post_type=product&#038;p=275"},"modified":"2024-11-15T16:43:01","modified_gmt":"2024-11-15T08:43:01","slug":"lavender-essential-oil","status":"publish","type":"product","link":"https:\/\/www.ruiqigo.com\/pt\/product\/lavender-essential-oil","title":{"rendered":"\u00d3leo essencial de lavanda"},"content":{"rendered":"<h2 class=\"wp-block-heading\">F\u00f3rmulas comuns de fabrica\u00e7\u00e3o de \u00f3leo essencial de lavanda<\/h2>\n\n\n\n<p>As mat\u00e9rias-primas de alta qualidade que utilizamos para produzir o \u00f3leo essencial de lavanda prov\u00eam de lavandas selecionadas, cultivadas em condi\u00e7\u00f5es clim\u00e1ticas e de solo adequadas, escolhidas em \u00e1reas ensolaradas e bem drenadas. O \u00f3leo essencial de lavanda premium requer que as flores sejam colhidas manualmente durante a plena flora\u00e7\u00e3o para reter o m\u00e1ximo aroma e os ingredientes ativos. Como fabricante l\u00edder de \u00f3leo essencial de lavanda, o frescor e a pureza da mat\u00e9ria-prima afetam diretamente a qualidade do \u00f3leo essencial, por isso controlamos cuidadosamente cada etapa do processo, do plantio e colheita \u00e0 extra\u00e7\u00e3o.<\/p>\n\n\n\n<h2 class=\"wp-block-heading\">Cen\u00e1rios aplic\u00e1veis ao \u00f3leo essencial de lavanda<\/h2>\n\n\n\n<p>O \u00f3leo essencial de lavanda \u00e9 adequado para uso em uma ampla variedade de climas, especialmente em esta\u00e7\u00f5es secas ou quentes, onde suas propriedades refrescantes e calmantes s\u00e3o eficazes no al\u00edvio de queimaduras solares e inflama\u00e7\u00f5es da pele. Em climas frios ou \u00famidos, ajuda a relaxar os m\u00fasculos e aliviar dores nas articula\u00e7\u00f5es. O \u00f3leo essencial de lavanda promove a regenera\u00e7\u00e3o celular e equilibra a produ\u00e7\u00e3o de sebo. Portanto, \u00e9 adequado para todos os tipos de pele. O \u00f3leo essencial de lavanda \u00e9 bem conhecido por sua efic\u00e1cia no tratamento de queimaduras e queimaduras solares. Tamb\u00e9m melhora bolhas, eczema, inibe o crescimento bacteriano e minimiza o incha\u00e7o e as cicatrizes.<\/p>\n\n\n\n<h2 class=\"wp-block-heading\">Para quem o \u00f3leo essencial de lavanda \u00e9 indicado?<\/h2>\n\n\n\n<p>O \u00f3leo essencial de lavanda \u00e9 adequado para pessoas que buscam rem\u00e9dios naturais para aliviar o estresse e melhorar o sono, incluindo trabalhadores de escrit\u00f3rio estressados, idosos que precisam de relaxamento e indiv\u00edduos com problemas leves de pele, como acne e eczema. Tamb\u00e9m \u00e9 ben\u00e9fico para pessoas com tend\u00eancias de ansiedade ou sintomas de ins\u00f4nia. No entanto, deve ser usado com cautela por gr\u00e1vidas, lactantes, crian\u00e7as ou pessoas com pele sens\u00edvel, e \u00e9 melhor procurar aconselhamento profissional antes de usar para evitar poss\u00edveis rea\u00e7\u00f5es al\u00e9rgicas. N\u00e3o use em altas concentra\u00e7\u00f5es; feridas vermelhas e inchadas devem ser usadas com compressas frias. N\u00e3o misture com \u00f3leo essencial de artem\u00edsia (da mesma cor). Pessoas com press\u00e3o arterial baixa com \u00f3leo essencial de lavanda podem facilmente desenvolver estagna\u00e7\u00e3o ap\u00f3s o uso.<\/p>\n\n\n\n<h2 class=\"wp-block-heading\">Processo de produ\u00e7\u00e3o de \u00f3leo essencial de lavanda<\/h2>\n\n\n\n<p>O que torna a produ\u00e7\u00e3o do \u00f3leo essencial de lavanda especial s\u00e3o os rigorosos requisitos quanto ao momento da colheita das flores e o controle rigoroso do processo de extra\u00e7\u00e3o. Como um fabricante honesto de \u00f3leo essencial de lavanda, as flores s\u00e3o geralmente colhidas manualmente quando est\u00e3o em plena flora\u00e7\u00e3o para garantir a mais alta concentra\u00e7\u00e3o de ingredientes ativos e aroma. Os \u00f3leos s\u00e3o extra\u00eddos em condi\u00e7\u00f5es suaves, utilizando a tradicional destila\u00e7\u00e3o a vapor, para manter a pureza e as propriedades terap\u00eauticas dos \u00f3leos essenciais. Como fabricante l\u00edder de \u00f3leo essencial de lavanda, o controle preciso da temperatura e do tempo desse processo garante a alta qualidade e os benef\u00edcios terap\u00eauticos \u00fanicos do \u00f3leo essencial de lavanda.<\/p>\n\n\n\n<p><\/p>","protected":false},"excerpt":{"rendered":"Lavender essential oil manufacturing common formulas The high quality raw materials we use to produce lavender essential oil come from selected lavenders that are grown in suitable climatic and soil conditions, chosen from sunny, well-drained areas. Premium lavender essential oil requires the flowers to be hand-picked during full bloom to retain the highest aroma and [&hellip;]","protected":false},"featured_media":276,"menu_order":0,"template":"","meta":[],"product-tag":[],"products":[53],"class_list":["post-275","product","type-product","status-publish","has-post-thumbnail","hentry","products-essential-oil"],"acf":[],"_links":{"self":[{"href":"https:\/\/www.ruiqigo.com\/pt\/wp-json\/wp\/v2\/product\/275","targetHints":{"allow":["GET"]}}],"collection":[{"href":"https:\/\/www.ruiqigo.com\/pt\/wp-json\/wp\/v2\/product"}],"about":[{"href":"https:\/\/www.ruiqigo.com\/pt\/wp-json\/wp\/v2\/types\/product"}],"version-history":[{"count":0,"href":"https:\/\/www.ruiqigo.com\/pt\/wp-json\/wp\/v2\/product\/275\/revisions"}],"wp:featuredmedia":[{"embeddable":true,"href":"https:\/\/www.ruiqigo.com\/pt\/wp-json\/wp\/v2\/media\/276"}],"wp:attachment":[{"href":"https:\/\/www.ruiqigo.com\/pt\/wp-json\/wp\/v2\/media?parent=275"}],"wp:term":[{"taxonomy":"product-tag","embeddable":true,"href":"https:\/\/www.ruiqigo.com\/pt\/wp-json\/wp\/v2\/product-tag?post=275"},{"taxonomy":"products","embeddable":true,"href":"https:\/\/www.ruiqigo.com\/pt\/wp-json\/wp\/v2\/products?post=275"}],"curies":[{"name":"wp","href":"https:\/\/api.w.org\/{rel}","templated":true}]}}