{"id":281,"date":"2024-07-05T16:29:32","date_gmt":"2024-07-05T08:29:32","guid":{"rendered":"https:\/\/ruiqigo.com\/?post_type=product&#038;p=281"},"modified":"2024-11-15T16:40:52","modified_gmt":"2024-11-15T08:40:52","slug":"lemongrass-essential-oil","status":"publish","type":"product","link":"https:\/\/www.ruiqigo.com\/pt\/product\/lemongrass-essential-oil","title":{"rendered":"\u00d3leo essencial de capim-lim\u00e3o"},"content":{"rendered":"<h2 class=\"wp-block-heading\">F\u00f3rmulas comuns na fabrica\u00e7\u00e3o de \u00f3leo essencial de capim-lim\u00e3o<\/h2>\n\n\n\n<p>O \u00f3leo essencial de capim-lim\u00e3o \u00e9 derivado da planta cuidadosamente cultivada de capim-lim\u00e3o, conhecida por seu alto teor de citral. Os melhores ingredientes v\u00eam do cultivo seletivo, garantindo que a planta cres\u00e7a em plena luz solar e no clima adequado para seu intenso aroma c\u00edtrico e ingredientes altamente terap\u00eauticos. Na colheita, apenas as folhas maduras s\u00e3o utilizadas para garantir a pureza e a atividade do \u00f3leo essencial. Como fabricante profissional de \u00f3leo essencial de capim-lim\u00e3o, essas mat\u00e9rias-primas cuidadosamente selecionadas s\u00e3o extra\u00eddas por destila\u00e7\u00e3o a vapor para garantir a alta e consistente qualidade do \u00f3leo essencial de capim-lim\u00e3o.<\/p>\n\n\n\n<h2 class=\"wp-block-heading\">Cen\u00e1rios aplic\u00e1veis ao \u00f3leo essencial de capim-lim\u00e3o<\/h2>\n\n\n\n<p>O \u00f3leo essencial de capim-lim\u00e3o \u00e9 adequado para uso em climas quentes a tropicais, onde seu aroma refrescante de lim\u00e3o e propriedades antimicrobianas s\u00e3o revigorantes e revigorantes durante a esta\u00e7\u00e3o quente. Tamb\u00e9m \u00e9 adequado para uso em ambientes \u00famidos para ajudar a repelir mosquitos e reduzir o desconforto. Al\u00e9m disso, quando usado em ambientes internos, o \u00f3leo essencial de capim-lim\u00e3o purifica o ar e traz uma atmosfera fresca aos ambientes em todos os climas.<\/p>\n\n\n\n<h2 class=\"wp-block-heading\">Para quem \u00e9 indicado o \u00f3leo essencial de capim-lim\u00e3o?<\/h2>\n\n\n\n<p>O \u00f3leo essencial de capim-lim\u00e3o \u00e9 indicado para pessoas que buscam al\u00edvio f\u00edsico e mental e eleva\u00e7\u00e3o do humor, especialmente pessoas modernas estressadas e ansiosas. Seu aroma refrescante eleva o esp\u00edrito e ajuda a aliviar a tens\u00e3o, tornando-o ideal para quem busca um estilo de vida saud\u00e1vel.<\/p>\n\n\n\n<h2 class=\"wp-block-heading\">Processo de produ\u00e7\u00e3o de \u00f3leo essencial de capim-lim\u00e3o<\/h2>\n\n\n\n<p>Como fabricantes eficientes de \u00f3leo essencial de capim-lim\u00e3o, sabemos que o que torna a produ\u00e7\u00e3o do \u00f3leo essencial de capim-lim\u00e3o especial \u00e9 o seu delicado processo de extra\u00e7\u00e3o e a rigorosa sele\u00e7\u00e3o de mat\u00e9rias-primas. Primeiramente, o \u00f3leo essencial \u00e9 extra\u00eddo de toda a planta de capim-lim\u00e3o por meio da tecnologia de destila\u00e7\u00e3o a vapor, garantindo a pureza e a atividade do extrato. Em segundo lugar, a sele\u00e7\u00e3o de mat\u00e9rias-primas segue padr\u00f5es rigorosos para garantir que sejam de alta qualidade e naturais. Como fabricantes eficientes de \u00f3leo essencial de capim-lim\u00e3o, essas caracter\u00edsticas especiais contribuem para a alta qualidade e os benef\u00edcios terap\u00eauticos \u00fanicos do \u00f3leo essencial de capim-lim\u00e3o.<\/p>\n\n\n\n<p><\/p>","protected":false},"excerpt":{"rendered":"Lemongrass essential oil manufacturing common formulas Lemongrass essential oil is derived from the carefully cultivated lemongrass plant, which is known for its high citral content. The best ingredients come from selective cultivation, ensuring that the plant grows in full sunlight and the right climate for its intense lemony aroma and highly therapeutic ingredients. When harvested, [&hellip;]","protected":false},"featured_media":375,"menu_order":0,"template":"","meta":[],"product-tag":[],"products":[53],"class_list":["post-281","product","type-product","status-publish","has-post-thumbnail","hentry","products-essential-oil"],"acf":[],"_links":{"self":[{"href":"https:\/\/www.ruiqigo.com\/pt\/wp-json\/wp\/v2\/product\/281","targetHints":{"allow":["GET"]}}],"collection":[{"href":"https:\/\/www.ruiqigo.com\/pt\/wp-json\/wp\/v2\/product"}],"about":[{"href":"https:\/\/www.ruiqigo.com\/pt\/wp-json\/wp\/v2\/types\/product"}],"version-history":[{"count":0,"href":"https:\/\/www.ruiqigo.com\/pt\/wp-json\/wp\/v2\/product\/281\/revisions"}],"wp:featuredmedia":[{"embeddable":true,"href":"https:\/\/www.ruiqigo.com\/pt\/wp-json\/wp\/v2\/media\/375"}],"wp:attachment":[{"href":"https:\/\/www.ruiqigo.com\/pt\/wp-json\/wp\/v2\/media?parent=281"}],"wp:term":[{"taxonomy":"product-tag","embeddable":true,"href":"https:\/\/www.ruiqigo.com\/pt\/wp-json\/wp\/v2\/product-tag?post=281"},{"taxonomy":"products","embeddable":true,"href":"https:\/\/www.ruiqigo.com\/pt\/wp-json\/wp\/v2\/products?post=281"}],"curies":[{"name":"wp","href":"https:\/\/api.w.org\/{rel}","templated":true}]}}