{"id":2838,"date":"2025-01-14T11:22:00","date_gmt":"2025-01-14T03:22:00","guid":{"rendered":"https:\/\/ruiqigo.com\/?post_type=product&#038;p=2838"},"modified":"2025-01-14T11:22:33","modified_gmt":"2025-01-14T03:22:33","slug":"vetiver-essential-oil","status":"publish","type":"product","link":"https:\/\/www.ruiqigo.com\/pt\/product\/vetiver-essential-oil","title":{"rendered":"\u00d3leo Essencial de Vetiver"},"content":{"rendered":"<h2 class=\"wp-block-heading\">F\u00f3rmulas comuns para a fabrica\u00e7\u00e3o de \u00f3leo essencial de vetiver<\/h2>\n\n\n\n<p>Como fabricantes profissionais de \u00f3leo essencial de vetiver, controlamos rigorosamente a qualidade da produ\u00e7\u00e3o, desde a aquisi\u00e7\u00e3o da mat\u00e9ria-prima at\u00e9 a inspe\u00e7\u00e3o do produto final, para garantir sua alta qualidade. Al\u00e9m disso, sua concentra\u00e7\u00e3o \u00e9 maior, por isso, adaptaremos a f\u00f3rmula correspondente \u00e0s diferentes partes do tratamento.<\/p>\n\n\n\n<p>1. \u00d3leo essencial de vetiver: Como ingrediente principal, possui m\u00faltiplos benef\u00edcios. Al\u00e9m de reduzir a inflama\u00e7\u00e3o e fortalecer o sistema imunol\u00f3gico, tamb\u00e9m melhora a circula\u00e7\u00e3o sangu\u00ednea e alivia sintomas como dores nas articula\u00e7\u00f5es. Ao mesmo tempo, pode reduzir a caspa, promover o crescimento saud\u00e1vel do cabelo e firmar a pele, hidratando profundamente. Al\u00e9m disso, seu aroma amadeirado e defumado \u00e9 ben\u00e9fico para aliviar o estresse e o mau humor, al\u00e9m de relaxar ainda mais o corpo e a mente.<\/p>\n\n\n\n<p>2. \u00d3leo essencial de lavanda: O \u00f3leo essencial de lavanda tem efeitos calmantes e anti-inflamat\u00f3rios. Quando usados em conjunto, podem aliviar a sensibilidade e reparar a pele. Seu aroma tamb\u00e9m ajuda a aliviar o estresse mental e a promover o sono.<\/p>\n\n\n\n<p>3. \u00d3leo da \u00e1rvore do ch\u00e1: a \u00e1rvore do ch\u00e1 tem propriedades antibacterianas e anti-inflamat\u00f3rias, que podem combater bact\u00e9rias e inflama\u00e7\u00f5es na pele e reduzir a produ\u00e7\u00e3o de acne e cravos.<\/p>\n\n\n\n<p>4. Azeite de oliva: O azeite de oliva tem boas propriedades hidratantes, pode fornecer umidade e nutri\u00e7\u00e3o aos cabelos por um longo tempo e reparar constantemente os cabelos danificados, melhorando assim a qualidade do cabelo.<\/p>\n\n\n\n<p>5. \u00d3leo essencial de rosas: O \u00f3leo essencial de rosas tem um efeito nutritivo e hidratante, pode melhorar a elasticidade e o brilho da pele e \u00e9 prop\u00edcio \u00e0 regula\u00e7\u00e3o end\u00f3crina.<\/p>\n\n\n\n<p>6. \u00d3leo essencial de laranja doce: O \u00f3leo essencial de laranja doce tem efeitos agrad\u00e1veis e edificantes, que podem melhorar o humor, aliviar a ansiedade e a depress\u00e3o e aumentar a felicidade.<\/p>\n\n\n\n<h2 class=\"wp-block-heading\">As fun\u00e7\u00f5es do \u00f3leo essencial de vetiver<\/h2>\n\n\n\n<p>O \u00f3leo essencial de vetiver \u00e9 t\u00e3o vers\u00e1til que nossa equipe de pesquisa e desenvolvimento o testou em diferentes cen\u00e1rios e resumiu seus m\u00faltiplos benef\u00edcios.<\/p>\n\n\n\n<p>1. Limpeza profunda: o \u00f3leo essencial de vetiver pode limpar profundamente os poros, remover oleosidade e sujeira da superf\u00edcie da pele, desobstruir os poros e reduzir a produ\u00e7\u00e3o de cravos pretos e brancos.<\/p>\n\n\n\n<p>2. Reduz a caspa: Nossos \u00f3leos essenciais cont\u00eam ingredientes antibacterianos e anti-inflamat\u00f3rios que reduzem o risco de inflama\u00e7\u00e3o e infec\u00e7\u00e3o do couro cabeludo, eliminando micro-organismos nocivos, reduzindo assim a caspa e a queda de cabelo. Al\u00e9m disso, melhora a circula\u00e7\u00e3o sangu\u00ednea nos fol\u00edculos capilares e promove a forma\u00e7\u00e3o de col\u00e1geno, promovendo ainda mais o crescimento capilar.<\/p>\n\n\n\n<p>3. Antienvelhecimento: Nossos produtos resistem aos danos dos radicais livres e reduzem o envelhecimento da pele. Ao mesmo tempo, acalmam e nutrem a pele seca, aumentam a capacidade da pele de reter \u00e1gua, firmam ainda mais a pele, fecham os poros e restauram a elasticidade da pele.<\/p>\n\n\n\n<p>4. Promove a cicatriza\u00e7\u00e3o: Propriedades antioxidantes e anti-inflamat\u00f3rias podem ajudar a tratar doen\u00e7as de pele como eczema, al\u00e9m de promover a cicatriza\u00e7\u00e3o de feridas cut\u00e2neas e reduzir a forma\u00e7\u00e3o de cicatrizes. Al\u00e9m disso, ajuda a tratar problemas como dores nas articula\u00e7\u00f5es e dores musculares.<\/p>\n\n\n\n<p>5. Suavizante e relaxante: O aroma do \u00f3leo essencial de vetiver tem um efeito calmante e relaxante, que pode aliviar a tens\u00e3o e a ansiedade, reduzir o estresse e promover o sono. Tamb\u00e9m \u00e9 bom para a concentra\u00e7\u00e3o.<\/p>\n\n\n\n<p>6. Repelente natural de insetos: Seu aroma \u00fanico tamb\u00e9m repele mosquitos e outras pragas.<\/p>\n\n\n\n<h2 class=\"wp-block-heading\">Como usar o \u00f3leo essencial de vetiver?<\/h2>\n\n\n\n<p>O \u00f3leo essencial de vetiver pode ser usado de diversas maneiras, voc\u00ea pode usar de acordo com suas necessidades, tamb\u00e9m marcaremos o uso da embalagem do produto.<\/p>\n\n\n\n<p>1. Aplica\u00e7\u00e3o direta: O \u00f3leo essencial de vetiver pode ser preparado proporcionalmente com outros \u00f3leos b\u00e1sicos e depois aplicado localmente na pele que precisa de cuidados.<\/p>\n\n\n\n<p>2. Uso de incenso: coloque \u00f3leo essencial de vetiver no difusor e permane\u00e7a na atmosfera da fragr\u00e2ncia, que \u00e9 prop\u00edcia ao relaxamento do corpo e da mente, al\u00e9m de promover o sono.<\/p>\n\n\n\n<p>3. Uso em combina\u00e7\u00e3o: voc\u00ea pode misturar nossos \u00f3leos essenciais com xampu, condicionador, creme facial, hidratante e outros ingredientes para cuidados com a pele para promover o cuidado da pele.<\/p>\n\n\n\n<p>4. Uso em massagem: frequentemente usado em tratamentos de SPA, pode ser combinado com outros \u00f3leos b\u00e1sicos para massagem, hidratando fortemente a pele e aliviando dores musculares.<\/p>\n\n\n\n<h2 class=\"wp-block-heading\">Cuidado<\/h2>\n\n\n\n<p>1. Antes de usar, escolha o \u00f3leo essencial de vetiver apropriado de acordo com suas necessidades e tipo de pele;<\/p>\n\n\n\n<p>2. Testes de alergia devem ser realizados pela primeira vez. Se ocorrer desconforto, interrompa o uso imediatamente;<\/p>\n\n\n\n<p>3. A concentra\u00e7\u00e3o de raiz de baunilha \u00e9 alta e precisa ser dilu\u00edda com \u00f3leo base;<\/p>\n\n\n\n<p>4. Como o \u00f3leo essencial de vetiver tem fun\u00e7\u00e3o menstrual, mulheres gr\u00e1vidas devem evitar seu uso;<\/p>\n\n\n\n<p>5. Crian\u00e7as e mulheres lactantes devem ser utilizadas sob orienta\u00e7\u00e3o m\u00e9dica;<\/p>\n\n\n\n<p>6. Recomenda-se armazenar em local fresco e seco, evitando luz solar direta e ambientes de alta temperatura;<\/p>\n\n\n\n<h2 class=\"wp-block-heading\">Conclus\u00e3o<\/h2>\n\n\n\n<p>Temos o compromisso de fornecer solu\u00e7\u00f5es de \u00f3leo essencial de vetiver de alta qualidade para atender \u00e0s suas necessidades de sa\u00fade e beleza. Utilizamos n\u00e3o apenas tecnologia avan\u00e7ada de destila\u00e7\u00e3o, mas tamb\u00e9m um rigoroso controle de qualidade para garantir a seguran\u00e7a e a efic\u00e1cia de cada gota de \u00f3leo essencial. Oferecemos tamb\u00e9m um servi\u00e7o completo de personaliza\u00e7\u00e3o, que pode atender aos seus diferentes cen\u00e1rios e necessidades de f\u00f3rmula, ajudando voc\u00ea a criar produtos exclusivos e a obter uma vantagem competitiva no mercado. Entre em contato conosco caso tenha interesse.<\/p>","protected":false},"excerpt":{"rendered":"Vetiver Essential Oil Manufacturing Common Formulas As a professional vetiver essential oil manufacturer, we strictly control the quality of production, from raw material procurement to finished product inspection to ensure its high quality. In addition, its concentration is higher, so we will match the corresponding formula according to the different parts of the care. 1. [&hellip;]","protected":false},"featured_media":2841,"menu_order":0,"template":"","meta":[],"product-tag":[],"products":[53],"class_list":["post-2838","product","type-product","status-publish","has-post-thumbnail","hentry","products-essential-oil"],"acf":[],"_links":{"self":[{"href":"https:\/\/www.ruiqigo.com\/pt\/wp-json\/wp\/v2\/product\/2838","targetHints":{"allow":["GET"]}}],"collection":[{"href":"https:\/\/www.ruiqigo.com\/pt\/wp-json\/wp\/v2\/product"}],"about":[{"href":"https:\/\/www.ruiqigo.com\/pt\/wp-json\/wp\/v2\/types\/product"}],"version-history":[{"count":0,"href":"https:\/\/www.ruiqigo.com\/pt\/wp-json\/wp\/v2\/product\/2838\/revisions"}],"wp:featuredmedia":[{"embeddable":true,"href":"https:\/\/www.ruiqigo.com\/pt\/wp-json\/wp\/v2\/media\/2841"}],"wp:attachment":[{"href":"https:\/\/www.ruiqigo.com\/pt\/wp-json\/wp\/v2\/media?parent=2838"}],"wp:term":[{"taxonomy":"product-tag","embeddable":true,"href":"https:\/\/www.ruiqigo.com\/pt\/wp-json\/wp\/v2\/product-tag?post=2838"},{"taxonomy":"products","embeddable":true,"href":"https:\/\/www.ruiqigo.com\/pt\/wp-json\/wp\/v2\/products?post=2838"}],"curies":[{"name":"wp","href":"https:\/\/api.w.org\/{rel}","templated":true}]}}